{"id":10927,"date":"2022-02-20T21:53:23","date_gmt":"2022-02-20T20:53:23","guid":{"rendered":"https:\/\/zeleni-prsten.hr\/portal\/?page_id=10927"},"modified":"2022-02-20T21:53:23","modified_gmt":"2022-02-20T20:53:23","slug":"kornjasi-zagrebacke-zupanije","status":"publish","type":"page","link":"https:\/\/zeleni-prsten.hr\/portal\/fotografije\/kornjasi-zagrebacke-zupanije\/","title":{"rendered":"Kornja\u0161i Zagreba\u010dke \u017eupanije"},"content":{"rendered":"\n<div class=\"ngg-galleryoverview ngg-template-caption\" id=\"ngg-gallery-c8bfea1546427dc9015cce104bf64a67-10927\">\n\n\n\t<!-- Thumbnails -->\n    \t\t\n\t<div id=\"ngg-image-76\" class=\"ngg-gallery-thumbnail-box\"  >\n\t\t<div class=\"ngg-gallery-thumbnail\" >\n\t\t\t<a href=\"https:\/\/zeleni-prsten.hr\/portal\/wp-content\/gallery\/kornjasi-zagrebacke-zupanije\/Jelenak-Davor-Krnjeta.jpg\"\n               title=\"Jelenak - Davor Krnjeta\"\n               class=\"ngg-simplelightbox\" rel=\"c8bfea1546427dc9015cce104bf64a67\" data-image-id=\"76\" data-src=\"https:\/\/zeleni-prsten.hr\/portal\/wp-content\/gallery\/kornjasi-zagrebacke-zupanije\/Jelenak-Davor-Krnjeta.jpg\" data-thumbnail=\"https:\/\/zeleni-prsten.hr\/portal\/wp-content\/gallery\/kornjasi-zagrebacke-zupanije\/cache\/Jelenak-Davor-Krnjeta.jpg-nggid0276-ngg0dyn-360x320x100-00f0w010c011r110f110r010t010.jpg\" data-title=\"Jelenak - Davor Krnjeta\" data-description=\"Jelenak - Davor Krnjeta\" >\n\t\t\t\t\t\t\t\t<img title=\"Jelenak - Davor Krnjeta\" alt=\"Jelenak - Davor Krnjeta\" src=\"https:\/\/zeleni-prsten.hr\/portal\/wp-content\/gallery\/kornjasi-zagrebacke-zupanije\/cache\/Jelenak-Davor-Krnjeta.jpg-nggid0276-ngg0dyn-360x320x100-00f0w010c011r110f110r010t010.jpg\" width='360' height='320' \/>\n\t\t\t\t\t\t\t<\/a>\n\t\t\t<span>Jelenak - Davor Krnjeta<\/span>\n\t\t<\/div>\n\t<\/div>\n\t\t \t\t\n\t<div id=\"ngg-image-77\" class=\"ngg-gallery-thumbnail-box\"  >\n\t\t<div class=\"ngg-gallery-thumbnail\" >\n\t\t\t<a href=\"https:\/\/zeleni-prsten.hr\/portal\/wp-content\/gallery\/kornjasi-zagrebacke-zupanije\/Kiselicin-vatreni-plavac-Tomica-Rubinic.jpg\"\n               title=\"Kiseli\u010din vatreni plavac - Tomica Rubini\u0107\"\n               class=\"ngg-simplelightbox\" rel=\"c8bfea1546427dc9015cce104bf64a67\" data-image-id=\"77\" data-src=\"https:\/\/zeleni-prsten.hr\/portal\/wp-content\/gallery\/kornjasi-zagrebacke-zupanije\/Kiselicin-vatreni-plavac-Tomica-Rubinic.jpg\" data-thumbnail=\"https:\/\/zeleni-prsten.hr\/portal\/wp-content\/gallery\/kornjasi-zagrebacke-zupanije\/cache\/Kiselicin-vatreni-plavac-Tomica-Rubinic.jpg-nggid0277-ngg0dyn-360x320x100-00f0w010c011r110f110r010t010.jpg\" data-title=\"Kiseli\u010din vatreni plavac - Tomica Rubini\u0107\" data-description=\"Kiseli\u010din vatreni plavac - Tomica Rubini\u0107\" >\n\t\t\t\t\t\t\t\t<img title=\"Kiseli\u010din vatreni plavac - Tomica Rubini\u0107\" alt=\"Kiseli\u010din vatreni plavac - Tomica Rubini\u0107\" src=\"https:\/\/zeleni-prsten.hr\/portal\/wp-content\/gallery\/kornjasi-zagrebacke-zupanije\/cache\/Kiselicin-vatreni-plavac-Tomica-Rubinic.jpg-nggid0277-ngg0dyn-360x320x100-00f0w010c011r110f110r010t010.jpg\" width='360' height='320' \/>\n\t\t\t\t\t\t\t<\/a>\n\t\t\t<span>Kiseli\u010din vatreni plavac - Tomica Rubini\u0107<\/span>\n\t\t<\/div>\n\t<\/div>\n\t\t \t\t\n\t<div id=\"ngg-image-78\" class=\"ngg-gallery-thumbnail-box\"  >\n\t\t<div class=\"ngg-gallery-thumbnail\" >\n\t\t\t<a href=\"https:\/\/zeleni-prsten.hr\/portal\/wp-content\/gallery\/kornjasi-zagrebacke-zupanije\/Kvocka-Tomica-Rubinic.JPG\"\n               title=\"Kvo\u010dka - Tomica Rubini\u0107\"\n               class=\"ngg-simplelightbox\" rel=\"c8bfea1546427dc9015cce104bf64a67\" data-image-id=\"78\" data-src=\"https:\/\/zeleni-prsten.hr\/portal\/wp-content\/gallery\/kornjasi-zagrebacke-zupanije\/Kvocka-Tomica-Rubinic.JPG\" data-thumbnail=\"https:\/\/zeleni-prsten.hr\/portal\/wp-content\/gallery\/kornjasi-zagrebacke-zupanije\/cache\/Kvocka-Tomica-Rubinic.JPG-nggid0278-ngg0dyn-360x320x100-00f0w010c011r110f110r010t010.JPG\" data-title=\"Kvo\u010dka - Tomica Rubini\u0107\" data-description=\"Kvo\u010dka - Tomica Rubini\u0107\" >\n\t\t\t\t\t\t\t\t<img title=\"Kvo\u010dka - Tomica Rubini\u0107\" alt=\"Kvo\u010dka - Tomica Rubini\u0107\" src=\"https:\/\/zeleni-prsten.hr\/portal\/wp-content\/gallery\/kornjasi-zagrebacke-zupanije\/cache\/Kvocka-Tomica-Rubinic.JPG-nggid0278-ngg0dyn-360x320x100-00f0w010c011r110f110r010t010.JPG\" width='360' height='320' \/>\n\t\t\t\t\t\t\t<\/a>\n\t\t\t<span>Kvo\u010dka - Tomica Rubini\u0107<\/span>\n\t\t<\/div>\n\t<\/div>\n\t\t \t\t\n\t<div id=\"ngg-image-79\" class=\"ngg-gallery-thumbnail-box\"  >\n\t\t<div class=\"ngg-gallery-thumbnail\" >\n\t\t\t<a href=\"https:\/\/zeleni-prsten.hr\/portal\/wp-content\/gallery\/kornjasi-zagrebacke-zupanije\/Lastin-rep-Tomica-Rubinic.jpg\"\n               title=\"Lastin rep - Tomica Rubini\u0107\"\n               class=\"ngg-simplelightbox\" rel=\"c8bfea1546427dc9015cce104bf64a67\" data-image-id=\"79\" data-src=\"https:\/\/zeleni-prsten.hr\/portal\/wp-content\/gallery\/kornjasi-zagrebacke-zupanije\/Lastin-rep-Tomica-Rubinic.jpg\" data-thumbnail=\"https:\/\/zeleni-prsten.hr\/portal\/wp-content\/gallery\/kornjasi-zagrebacke-zupanije\/cache\/Lastin-rep-Tomica-Rubinic.jpg-nggid0279-ngg0dyn-360x320x100-00f0w010c011r110f110r010t010.jpg\" data-title=\"Lastin rep - Tomica Rubini\u0107\" data-description=\"Lastin rep - Tomica Rubini\u0107\" >\n\t\t\t\t\t\t\t\t<img title=\"Lastin rep - Tomica Rubini\u0107\" alt=\"Lastin rep - Tomica Rubini\u0107\" src=\"https:\/\/zeleni-prsten.hr\/portal\/wp-content\/gallery\/kornjasi-zagrebacke-zupanije\/cache\/Lastin-rep-Tomica-Rubinic.jpg-nggid0279-ngg0dyn-360x320x100-00f0w010c011r110f110r010t010.jpg\" width='360' height='320' \/>\n\t\t\t\t\t\t\t<\/a>\n\t\t\t<span>Lastin rep - Tomica Rubini\u0107<\/span>\n\t\t<\/div>\n\t<\/div>\n\t\t \t\t\n\t<div id=\"ngg-image-80\" class=\"ngg-gallery-thumbnail-box\"  >\n\t\t<div class=\"ngg-gallery-thumbnail\" >\n\t\t\t<a href=\"https:\/\/zeleni-prsten.hr\/portal\/wp-content\/gallery\/kornjasi-zagrebacke-zupanije\/Livadni-okas-Davor-Krnjeta.jpg\"\n               title=\"Livadni oka\u0161- Davor Krnjeta\"\n               class=\"ngg-simplelightbox\" rel=\"c8bfea1546427dc9015cce104bf64a67\" data-image-id=\"80\" data-src=\"https:\/\/zeleni-prsten.hr\/portal\/wp-content\/gallery\/kornjasi-zagrebacke-zupanije\/Livadni-okas-Davor-Krnjeta.jpg\" data-thumbnail=\"https:\/\/zeleni-prsten.hr\/portal\/wp-content\/gallery\/kornjasi-zagrebacke-zupanije\/cache\/Livadni-okas-Davor-Krnjeta.jpg-nggid0280-ngg0dyn-360x320x100-00f0w010c011r110f110r010t010.jpg\" data-title=\"Livadni oka\u0161- Davor Krnjeta\" data-description=\"Livadni oka\u0161- Davor Krnjeta\" >\n\t\t\t\t\t\t\t\t<img title=\"Livadni oka\u0161- Davor Krnjeta\" alt=\"Livadni oka\u0161- Davor Krnjeta\" src=\"https:\/\/zeleni-prsten.hr\/portal\/wp-content\/gallery\/kornjasi-zagrebacke-zupanije\/cache\/Livadni-okas-Davor-Krnjeta.jpg-nggid0280-ngg0dyn-360x320x100-00f0w010c011r110f110r010t010.jpg\" width='360' height='320' \/>\n\t\t\t\t\t\t\t<\/a>\n\t\t\t<span>Livadni oka\u0161- Davor Krnjeta<\/span>\n\t\t<\/div>\n\t<\/div>\n\t\t \t\t\n\t<div id=\"ngg-image-81\" class=\"ngg-gallery-thumbnail-box\"  >\n\t\t<div class=\"ngg-gallery-thumbnail\" >\n\t\t\t<a href=\"https:\/\/zeleni-prsten.hr\/portal\/wp-content\/gallery\/kornjasi-zagrebacke-zupanije\/Hrastova-strizibuba-Boris-Laus.jpg\"\n               title=\"Hrastova strizibuba - Boris Lau\u0161\"\n               class=\"ngg-simplelightbox\" rel=\"c8bfea1546427dc9015cce104bf64a67\" data-image-id=\"81\" data-src=\"https:\/\/zeleni-prsten.hr\/portal\/wp-content\/gallery\/kornjasi-zagrebacke-zupanije\/Hrastova-strizibuba-Boris-Laus.jpg\" data-thumbnail=\"https:\/\/zeleni-prsten.hr\/portal\/wp-content\/gallery\/kornjasi-zagrebacke-zupanije\/cache\/Hrastova-strizibuba-Boris-Laus.jpg-nggid0281-ngg0dyn-360x320x100-00f0w010c011r110f110r010t010.jpg\" data-title=\"Hrastova strizibuba - Boris Lau\u0161\" data-description=\"Hrastova strizibuba - Boris Lau\u0161\" >\n\t\t\t\t\t\t\t\t<img title=\"Hrastova strizibuba - Boris Lau\u0161\" alt=\"Hrastova strizibuba - Boris Lau\u0161\" src=\"https:\/\/zeleni-prsten.hr\/portal\/wp-content\/gallery\/kornjasi-zagrebacke-zupanije\/cache\/Hrastova-strizibuba-Boris-Laus.jpg-nggid0281-ngg0dyn-360x320x100-00f0w010c011r110f110r010t010.jpg\" width='360' height='320' \/>\n\t\t\t\t\t\t\t<\/a>\n\t\t\t<span>Hrastova strizibuba - Boris Lau\u0161<\/span>\n\t\t<\/div>\n\t<\/div>\n\t\t \t\t\n\t<div id=\"ngg-image-82\" class=\"ngg-gallery-thumbnail-box\"  >\n\t\t<div class=\"ngg-gallery-thumbnail\" >\n\t\t\t<a href=\"https:\/\/zeleni-prsten.hr\/portal\/wp-content\/gallery\/kornjasi-zagrebacke-zupanije\/Stanislav-Gomboc-Alpska-strizibuba.jpg\"\n               title=\"Stanislav Gomboc -Alpska strizibuba\"\n               class=\"ngg-simplelightbox\" rel=\"c8bfea1546427dc9015cce104bf64a67\" data-image-id=\"82\" data-src=\"https:\/\/zeleni-prsten.hr\/portal\/wp-content\/gallery\/kornjasi-zagrebacke-zupanije\/Stanislav-Gomboc-Alpska-strizibuba.jpg\" data-thumbnail=\"https:\/\/zeleni-prsten.hr\/portal\/wp-content\/gallery\/kornjasi-zagrebacke-zupanije\/cache\/Stanislav-Gomboc-Alpska-strizibuba.jpg-nggid0282-ngg0dyn-360x320x100-00f0w010c011r110f110r010t010.jpg\" data-title=\"Stanislav Gomboc -Alpska strizibuba\" data-description=\"Stanislav Gomboc -Alpska strizibuba\" >\n\t\t\t\t\t\t\t\t<img title=\"Stanislav Gomboc -Alpska strizibuba\" alt=\"Stanislav Gomboc -Alpska strizibuba\" src=\"https:\/\/zeleni-prsten.hr\/portal\/wp-content\/gallery\/kornjasi-zagrebacke-zupanije\/cache\/Stanislav-Gomboc-Alpska-strizibuba.jpg-nggid0282-ngg0dyn-360x320x100-00f0w010c011r110f110r010t010.jpg\" width='360' height='320' \/>\n\t\t\t\t\t\t\t<\/a>\n\t\t\t<span>Stanislav Gomboc -Alpska strizibuba<\/span>\n\t\t<\/div>\n\t<\/div>\n\t\t \t\t\n\t<div id=\"ngg-image-83\" class=\"ngg-gallery-thumbnail-box\"  >\n\t\t<div class=\"ngg-gallery-thumbnail\" >\n\t\t\t<a href=\"https:\/\/zeleni-prsten.hr\/portal\/wp-content\/gallery\/kornjasi-zagrebacke-zupanije\/Uskrsnji-leptir-Davor-Krnjeta.jpg\"\n               title=\"Uskr\u0161nji leptir - Davor Krnjeta\"\n               class=\"ngg-simplelightbox\" rel=\"c8bfea1546427dc9015cce104bf64a67\" data-image-id=\"83\" data-src=\"https:\/\/zeleni-prsten.hr\/portal\/wp-content\/gallery\/kornjasi-zagrebacke-zupanije\/Uskrsnji-leptir-Davor-Krnjeta.jpg\" data-thumbnail=\"https:\/\/zeleni-prsten.hr\/portal\/wp-content\/gallery\/kornjasi-zagrebacke-zupanije\/cache\/Uskrsnji-leptir-Davor-Krnjeta.jpg-nggid0283-ngg0dyn-360x320x100-00f0w010c011r110f110r010t010.jpg\" data-title=\"Uskr\u0161nji leptir - Davor Krnjeta\" data-description=\"Uskr\u0161nji leptir - Davor Krnjeta\" >\n\t\t\t\t\t\t\t\t<img title=\"Uskr\u0161nji leptir - Davor Krnjeta\" alt=\"Uskr\u0161nji leptir - Davor Krnjeta\" src=\"https:\/\/zeleni-prsten.hr\/portal\/wp-content\/gallery\/kornjasi-zagrebacke-zupanije\/cache\/Uskrsnji-leptir-Davor-Krnjeta.jpg-nggid0283-ngg0dyn-360x320x100-00f0w010c011r110f110r010t010.jpg\" width='360' height='320' \/>\n\t\t\t\t\t\t\t<\/a>\n\t\t\t<span>Uskr\u0161nji leptir - Davor Krnjeta<\/span>\n\t\t<\/div>\n\t<\/div>\n\t\t \t\t\n\t<div id=\"ngg-image-84\" class=\"ngg-gallery-thumbnail-box\"  >\n\t\t<div class=\"ngg-gallery-thumbnail\" >\n\t\t\t<a href=\"https:\/\/zeleni-prsten.hr\/portal\/wp-content\/gallery\/kornjasi-zagrebacke-zupanije\/Veliki-ljiljak-vinove-loze-Tomica-Rubinic.JPG\"\n               title=\"Veliki ljiljak vinove loze - Tomica Rubini\u0107\"\n               class=\"ngg-simplelightbox\" rel=\"c8bfea1546427dc9015cce104bf64a67\" data-image-id=\"84\" data-src=\"https:\/\/zeleni-prsten.hr\/portal\/wp-content\/gallery\/kornjasi-zagrebacke-zupanije\/Veliki-ljiljak-vinove-loze-Tomica-Rubinic.JPG\" data-thumbnail=\"https:\/\/zeleni-prsten.hr\/portal\/wp-content\/gallery\/kornjasi-zagrebacke-zupanije\/cache\/Veliki-ljiljak-vinove-loze-Tomica-Rubinic.JPG-nggid0284-ngg0dyn-360x320x100-00f0w010c011r110f110r010t010.JPG\" data-title=\"Veliki ljiljak vinove loze - Tomica Rubini\u0107\" data-description=\"Veliki ljiljak vinove loze - Tomica Rubini\u0107\" >\n\t\t\t\t\t\t\t\t<img title=\"Veliki ljiljak vinove loze - Tomica Rubini\u0107\" alt=\"Veliki ljiljak vinove loze - Tomica Rubini\u0107\" src=\"https:\/\/zeleni-prsten.hr\/portal\/wp-content\/gallery\/kornjasi-zagrebacke-zupanije\/cache\/Veliki-ljiljak-vinove-loze-Tomica-Rubinic.JPG-nggid0284-ngg0dyn-360x320x100-00f0w010c011r110f110r010t010.JPG\" width='360' height='320' \/>\n\t\t\t\t\t\t\t<\/a>\n\t\t\t<span>Veliki ljiljak vinove loze - Tomica Rubini\u0107<\/span>\n\t\t<\/div>\n\t<\/div>\n\t\t \t\t\n\t<div id=\"ngg-image-85\" class=\"ngg-gallery-thumbnail-box\"  >\n\t\t<div class=\"ngg-gallery-thumbnail\" >\n\t\t\t<a href=\"https:\/\/zeleni-prsten.hr\/portal\/wp-content\/gallery\/kornjasi-zagrebacke-zupanije\/velika-cetveropjega-cvilidreta.jpg\"\n               title=\"Velika \u010detveropjega cvilidreta\"\n               class=\"ngg-simplelightbox\" rel=\"c8bfea1546427dc9015cce104bf64a67\" data-image-id=\"85\" data-src=\"https:\/\/zeleni-prsten.hr\/portal\/wp-content\/gallery\/kornjasi-zagrebacke-zupanije\/velika-cetveropjega-cvilidreta.jpg\" data-thumbnail=\"https:\/\/zeleni-prsten.hr\/portal\/wp-content\/gallery\/kornjasi-zagrebacke-zupanije\/cache\/velika-cetveropjega-cvilidreta.jpg-nggid0285-ngg0dyn-360x320x100-00f0w010c011r110f110r010t010.jpg\" data-title=\"Velika \u010detveropjega cvilidreta\" data-description=\"Velika \u010detveropjega cvilidreta\" >\n\t\t\t\t\t\t\t\t<img title=\"Velika \u010detveropjega cvilidreta\" alt=\"Velika \u010detveropjega cvilidreta\" src=\"https:\/\/zeleni-prsten.hr\/portal\/wp-content\/gallery\/kornjasi-zagrebacke-zupanije\/cache\/velika-cetveropjega-cvilidreta.jpg-nggid0285-ngg0dyn-360x320x100-00f0w010c011r110f110r010t010.jpg\" width='360' height='320' \/>\n\t\t\t\t\t\t\t<\/a>\n\t\t\t<span>Velika \u010detveropjega cvilidreta<\/span>\n\t\t<\/div>\n\t<\/div>\n\t\t \t\t\n\t<div id=\"ngg-image-86\" class=\"ngg-gallery-thumbnail-box\"  >\n\t\t<div class=\"ngg-gallery-thumbnail\" >\n\t\t\t<a href=\"https:\/\/zeleni-prsten.hr\/portal\/wp-content\/gallery\/kornjasi-zagrebacke-zupanije\/Grimizna-plosnatica-Boris-Laus.jpg\"\n               title=\"Grimizna plosnatica - Boris Lau\u0161\"\n               class=\"ngg-simplelightbox\" rel=\"c8bfea1546427dc9015cce104bf64a67\" data-image-id=\"86\" data-src=\"https:\/\/zeleni-prsten.hr\/portal\/wp-content\/gallery\/kornjasi-zagrebacke-zupanije\/Grimizna-plosnatica-Boris-Laus.jpg\" data-thumbnail=\"https:\/\/zeleni-prsten.hr\/portal\/wp-content\/gallery\/kornjasi-zagrebacke-zupanije\/cache\/Grimizna-plosnatica-Boris-Laus.jpg-nggid0286-ngg0dyn-360x320x100-00f0w010c011r110f110r010t010.jpg\" data-title=\"Grimizna plosnatica - Boris Lau\u0161\" data-description=\"Grimizna plosnatica - Boris Lau\u0161\" >\n\t\t\t\t\t\t\t\t<img title=\"Grimizna plosnatica - Boris Lau\u0161\" alt=\"Grimizna plosnatica - Boris Lau\u0161\" src=\"https:\/\/zeleni-prsten.hr\/portal\/wp-content\/gallery\/kornjasi-zagrebacke-zupanije\/cache\/Grimizna-plosnatica-Boris-Laus.jpg-nggid0286-ngg0dyn-360x320x100-00f0w010c011r110f110r010t010.jpg\" width='360' height='320' \/>\n\t\t\t\t\t\t\t<\/a>\n\t\t\t<span>Grimizna plosnatica - Boris Lau\u0161<\/span>\n\t\t<\/div>\n\t<\/div>\n\t\t \t\t\n\t<div id=\"ngg-image-87\" class=\"ngg-gallery-thumbnail-box\"  >\n\t\t<div class=\"ngg-gallery-thumbnail\" >\n\t\t\t<a href=\"https:\/\/zeleni-prsten.hr\/portal\/wp-content\/gallery\/kornjasi-zagrebacke-zupanije\/Glogov-bjelac-Tomica-Rubinic.jpg\"\n               title=\"Glogov bjelac - Tomica Rubini\u0107\"\n               class=\"ngg-simplelightbox\" rel=\"c8bfea1546427dc9015cce104bf64a67\" data-image-id=\"87\" data-src=\"https:\/\/zeleni-prsten.hr\/portal\/wp-content\/gallery\/kornjasi-zagrebacke-zupanije\/Glogov-bjelac-Tomica-Rubinic.jpg\" data-thumbnail=\"https:\/\/zeleni-prsten.hr\/portal\/wp-content\/gallery\/kornjasi-zagrebacke-zupanije\/cache\/Glogov-bjelac-Tomica-Rubinic.jpg-nggid0287-ngg0dyn-360x320x100-00f0w010c011r110f110r010t010.jpg\" data-title=\"Glogov bjelac - Tomica Rubini\u0107\" data-description=\"Glogov bjelac - Tomica Rubini\u0107\" >\n\t\t\t\t\t\t\t\t<img title=\"Glogov bjelac - Tomica Rubini\u0107\" alt=\"Glogov bjelac - Tomica Rubini\u0107\" src=\"https:\/\/zeleni-prsten.hr\/portal\/wp-content\/gallery\/kornjasi-zagrebacke-zupanije\/cache\/Glogov-bjelac-Tomica-Rubinic.jpg-nggid0287-ngg0dyn-360x320x100-00f0w010c011r110f110r010t010.jpg\" width='360' height='320' \/>\n\t\t\t\t\t\t\t<\/a>\n\t\t\t<span>Glogov bjelac - Tomica Rubini\u0107<\/span>\n\t\t<\/div>\n\t<\/div>\n\t\t \t \t\n\t<!-- Pagination -->\n \t<div class='ngg-clear'><\/div> \t\n<\/div>\n\n\n","protected":false},"excerpt":{"rendered":"Jelenak - Davor Krnjeta Kiseli\u010din vatreni plavac - Tomica Rubini\u0107 Kvo\u010dka - Tomica Rubini\u0107 Lastin rep - Tomica Rubini\u0107 Livadni oka\u0161- Davor Krnjeta Hrastova strizibuba - Boris Lau\u0161 Stanislav Gomboc -Alpska strizibuba Uskr\u0161nji leptir - Davor Krnjeta Veliki ljiljak vinove [...]","protected":false},"author":1,"featured_media":10928,"parent":2456,"menu_order":3,"comment_status":"closed","ping_status":"closed","template":"","meta":{"ngg_post_thumbnail":0},"yoast_head":"<!-- This site is optimized with the Yoast SEO plugin v18.4.1 - https:\/\/yoast.com\/wordpress\/plugins\/seo\/ -->\n<title>Kornja\u0161i Zagreba\u010dke \u017eupanije - JU Zeleni prsten Zagreba\u010dke \u017eupanije<\/title>\n<meta name=\"robots\" content=\"index, follow, max-snippet:-1, max-image-preview:large, max-video-preview:-1\" \/>\n<link rel=\"canonical\" href=\"https:\/\/zeleni-prsten.hr\/portal\/fotografije\/kornjasi-zagrebacke-zupanije\/\" \/>\n<meta property=\"og:locale\" content=\"hr_HR\" \/>\n<meta property=\"og:type\" content=\"article\" \/>\n<meta property=\"og:title\" content=\"Kornja\u0161i Zagreba\u010dke \u017eupanije - JU Zeleni prsten Zagreba\u010dke \u017eupanije\" \/>\n<meta property=\"og:url\" content=\"https:\/\/zeleni-prsten.hr\/portal\/fotografije\/kornjasi-zagrebacke-zupanije\/\" \/>\n<meta property=\"og:site_name\" content=\"JU Zeleni prsten Zagreba\u010dke \u017eupanije\" \/>\n<meta property=\"og:image\" content=\"https:\/\/zeleni-prsten.hr\/portal\/wp-content\/uploads\/2022\/02\/nggallery_import\/Kvocka-Tomica-Rubinic.JPG\" \/>\n\t<meta property=\"og:image:width\" content=\"1620\" \/>\n\t<meta property=\"og:image:height\" content=\"1080\" \/>\n\t<meta property=\"og:image:type\" content=\"image\/jpeg\" \/>\n<meta name=\"twitter:card\" content=\"summary_large_image\" \/>\n<script type=\"application\/ld+json\" class=\"yoast-schema-graph\">{\"@context\":\"https:\/\/schema.org\",\"@graph\":[{\"@type\":\"WebSite\",\"@id\":\"https:\/\/zeleni-prsten.hr\/portal\/#website\",\"url\":\"https:\/\/zeleni-prsten.hr\/portal\/\",\"name\":\"JU Zeleni prsten Zagreba\u010dke \u017eupanije\",\"description\":\"JU Zeleni prsten Zagreba\u010dke \u017eupanije\",\"potentialAction\":[{\"@type\":\"SearchAction\",\"target\":{\"@type\":\"EntryPoint\",\"urlTemplate\":\"https:\/\/zeleni-prsten.hr\/portal\/?s={search_term_string}\"},\"query-input\":\"required name=search_term_string\"}],\"inLanguage\":\"hr\"},{\"@type\":\"ImageObject\",\"@id\":\"https:\/\/zeleni-prsten.hr\/portal\/fotografije\/kornjasi-zagrebacke-zupanije\/#primaryimage\",\"inLanguage\":\"hr\",\"url\":\"https:\/\/zeleni-prsten.hr\/portal\/wp-content\/uploads\/2022\/02\/nggallery_import\/Kvocka-Tomica-Rubinic.JPG\",\"contentUrl\":\"https:\/\/zeleni-prsten.hr\/portal\/wp-content\/uploads\/2022\/02\/nggallery_import\/Kvocka-Tomica-Rubinic.JPG\",\"width\":1620,\"height\":1080},{\"@type\":\"WebPage\",\"@id\":\"https:\/\/zeleni-prsten.hr\/portal\/fotografije\/kornjasi-zagrebacke-zupanije\/#webpage\",\"url\":\"https:\/\/zeleni-prsten.hr\/portal\/fotografije\/kornjasi-zagrebacke-zupanije\/\",\"name\":\"Kornja\u0161i Zagreba\u010dke \u017eupanije - JU Zeleni prsten Zagreba\u010dke \u017eupanije\",\"isPartOf\":{\"@id\":\"https:\/\/zeleni-prsten.hr\/portal\/#website\"},\"primaryImageOfPage\":{\"@id\":\"https:\/\/zeleni-prsten.hr\/portal\/fotografije\/kornjasi-zagrebacke-zupanije\/#primaryimage\"},\"datePublished\":\"2022-02-20T20:53:23+00:00\",\"dateModified\":\"2022-02-20T20:53:23+00:00\",\"breadcrumb\":{\"@id\":\"https:\/\/zeleni-prsten.hr\/portal\/fotografije\/kornjasi-zagrebacke-zupanije\/#breadcrumb\"},\"inLanguage\":\"hr\",\"potentialAction\":[{\"@type\":\"ReadAction\",\"target\":[\"https:\/\/zeleni-prsten.hr\/portal\/fotografije\/kornjasi-zagrebacke-zupanije\/\"]}]},{\"@type\":\"BreadcrumbList\",\"@id\":\"https:\/\/zeleni-prsten.hr\/portal\/fotografije\/kornjasi-zagrebacke-zupanije\/#breadcrumb\",\"itemListElement\":[{\"@type\":\"ListItem\",\"position\":1,\"name\":\"Home\",\"item\":\"https:\/\/zeleni-prsten.hr\/portal\/\"},{\"@type\":\"ListItem\",\"position\":2,\"name\":\"Fotografije\",\"item\":\"https:\/\/zeleni-prsten.hr\/portal\/fotografije\/\"},{\"@type\":\"ListItem\",\"position\":3,\"name\":\"Kornja\u0161i Zagreba\u010dke \u017eupanije\"}]}]}<\/script>\n<!-- \/ Yoast SEO plugin. -->","yoast_head_json":{"title":"Kornja\u0161i Zagreba\u010dke \u017eupanije - JU Zeleni prsten Zagreba\u010dke \u017eupanije","robots":{"index":"index","follow":"follow","max-snippet":"max-snippet:-1","max-image-preview":"max-image-preview:large","max-video-preview":"max-video-preview:-1"},"canonical":"https:\/\/zeleni-prsten.hr\/portal\/fotografije\/kornjasi-zagrebacke-zupanije\/","og_locale":"hr_HR","og_type":"article","og_title":"Kornja\u0161i Zagreba\u010dke \u017eupanije - JU Zeleni prsten Zagreba\u010dke \u017eupanije","og_url":"https:\/\/zeleni-prsten.hr\/portal\/fotografije\/kornjasi-zagrebacke-zupanije\/","og_site_name":"JU Zeleni prsten Zagreba\u010dke \u017eupanije","og_image":[{"width":1620,"height":1080,"url":"https:\/\/zeleni-prsten.hr\/portal\/wp-content\/uploads\/2022\/02\/nggallery_import\/Kvocka-Tomica-Rubinic.JPG","type":"image\/jpeg"}],"twitter_card":"summary_large_image","schema":{"@context":"https:\/\/schema.org","@graph":[{"@type":"WebSite","@id":"https:\/\/zeleni-prsten.hr\/portal\/#website","url":"https:\/\/zeleni-prsten.hr\/portal\/","name":"JU Zeleni prsten Zagreba\u010dke \u017eupanije","description":"JU Zeleni prsten Zagreba\u010dke \u017eupanije","potentialAction":[{"@type":"SearchAction","target":{"@type":"EntryPoint","urlTemplate":"https:\/\/zeleni-prsten.hr\/portal\/?s={search_term_string}"},"query-input":"required name=search_term_string"}],"inLanguage":"hr"},{"@type":"ImageObject","@id":"https:\/\/zeleni-prsten.hr\/portal\/fotografije\/kornjasi-zagrebacke-zupanije\/#primaryimage","inLanguage":"hr","url":"https:\/\/zeleni-prsten.hr\/portal\/wp-content\/uploads\/2022\/02\/nggallery_import\/Kvocka-Tomica-Rubinic.JPG","contentUrl":"https:\/\/zeleni-prsten.hr\/portal\/wp-content\/uploads\/2022\/02\/nggallery_import\/Kvocka-Tomica-Rubinic.JPG","width":1620,"height":1080},{"@type":"WebPage","@id":"https:\/\/zeleni-prsten.hr\/portal\/fotografije\/kornjasi-zagrebacke-zupanije\/#webpage","url":"https:\/\/zeleni-prsten.hr\/portal\/fotografije\/kornjasi-zagrebacke-zupanije\/","name":"Kornja\u0161i Zagreba\u010dke \u017eupanije - JU Zeleni prsten Zagreba\u010dke \u017eupanije","isPartOf":{"@id":"https:\/\/zeleni-prsten.hr\/portal\/#website"},"primaryImageOfPage":{"@id":"https:\/\/zeleni-prsten.hr\/portal\/fotografije\/kornjasi-zagrebacke-zupanije\/#primaryimage"},"datePublished":"2022-02-20T20:53:23+00:00","dateModified":"2022-02-20T20:53:23+00:00","breadcrumb":{"@id":"https:\/\/zeleni-prsten.hr\/portal\/fotografije\/kornjasi-zagrebacke-zupanije\/#breadcrumb"},"inLanguage":"hr","potentialAction":[{"@type":"ReadAction","target":["https:\/\/zeleni-prsten.hr\/portal\/fotografije\/kornjasi-zagrebacke-zupanije\/"]}]},{"@type":"BreadcrumbList","@id":"https:\/\/zeleni-prsten.hr\/portal\/fotografije\/kornjasi-zagrebacke-zupanije\/#breadcrumb","itemListElement":[{"@type":"ListItem","position":1,"name":"Home","item":"https:\/\/zeleni-prsten.hr\/portal\/"},{"@type":"ListItem","position":2,"name":"Fotografije","item":"https:\/\/zeleni-prsten.hr\/portal\/fotografije\/"},{"@type":"ListItem","position":3,"name":"Kornja\u0161i Zagreba\u010dke \u017eupanije"}]}]}},"_links":{"self":[{"href":"https:\/\/zeleni-prsten.hr\/portal\/wp-json\/wp\/v2\/pages\/10927"}],"collection":[{"href":"https:\/\/zeleni-prsten.hr\/portal\/wp-json\/wp\/v2\/pages"}],"about":[{"href":"https:\/\/zeleni-prsten.hr\/portal\/wp-json\/wp\/v2\/types\/page"}],"author":[{"embeddable":true,"href":"https:\/\/zeleni-prsten.hr\/portal\/wp-json\/wp\/v2\/users\/1"}],"replies":[{"embeddable":true,"href":"https:\/\/zeleni-prsten.hr\/portal\/wp-json\/wp\/v2\/comments?post=10927"}],"version-history":[{"count":1,"href":"https:\/\/zeleni-prsten.hr\/portal\/wp-json\/wp\/v2\/pages\/10927\/revisions"}],"predecessor-version":[{"id":10929,"href":"https:\/\/zeleni-prsten.hr\/portal\/wp-json\/wp\/v2\/pages\/10927\/revisions\/10929"}],"up":[{"embeddable":true,"href":"https:\/\/zeleni-prsten.hr\/portal\/wp-json\/wp\/v2\/pages\/2456"}],"wp:featuredmedia":[{"embeddable":true,"href":"https:\/\/zeleni-prsten.hr\/portal\/wp-json\/wp\/v2\/media\/10928"}],"wp:attachment":[{"href":"https:\/\/zeleni-prsten.hr\/portal\/wp-json\/wp\/v2\/media?parent=10927"}],"curies":[{"name":"wp","href":"https:\/\/api.w.org\/{rel}","templated":true}]}}