{"id":10955,"date":"2022-02-20T22:05:23","date_gmt":"2022-02-20T21:05:23","guid":{"rendered":"https:\/\/zeleni-prsten.hr\/portal\/?page_id=10955"},"modified":"2022-02-20T22:05:23","modified_gmt":"2022-02-20T21:05:23","slug":"vodozemci-i-gmazovi-zagrebacke-zupanije","status":"publish","type":"page","link":"https:\/\/zeleni-prsten.hr\/portal\/fotografije\/vodozemci-i-gmazovi-zagrebacke-zupanije\/","title":{"rendered":"Vodozemci i gmazovi Zagreba\u010dke \u017eupanije"},"content":{"rendered":"\n<div class=\"ngg-galleryoverview ngg-template-caption\" id=\"ngg-gallery-10251274388ccf81b87a191e9e2577d1-10955\">\n\n\n\t<!-- Thumbnails -->\n    \t\t\n\t<div id=\"ngg-image-98\" class=\"ngg-gallery-thumbnail-box\"  >\n\t\t<div class=\"ngg-gallery-thumbnail\" >\n\t\t\t<a href=\"https:\/\/zeleni-prsten.hr\/portal\/wp-content\/gallery\/vodozemci-i-gmazovi-zagrebacke-zupanije\/Gatalinka-Goran-Safarek.jpg\"\n               title=\"Gatalinka - Goran \u0160afarek\"\n               class=\"ngg-simplelightbox\" rel=\"10251274388ccf81b87a191e9e2577d1\" data-image-id=\"98\" data-src=\"https:\/\/zeleni-prsten.hr\/portal\/wp-content\/gallery\/vodozemci-i-gmazovi-zagrebacke-zupanije\/Gatalinka-Goran-Safarek.jpg\" data-thumbnail=\"https:\/\/zeleni-prsten.hr\/portal\/wp-content\/gallery\/vodozemci-i-gmazovi-zagrebacke-zupanije\/cache\/Gatalinka-Goran-Safarek.jpg-nggid0298-ngg0dyn-360x320x100-00f0w010c011r110f110r010t010.jpg\" data-title=\"Gatalinka-Goran-Safarek\" data-description=\"Gatalinka - Goran \u0160afarek\" >\n\t\t\t\t\t\t\t\t<img title=\"Gatalinka-Goran-Safarek\" alt=\"Gatalinka-Goran-Safarek\" src=\"https:\/\/zeleni-prsten.hr\/portal\/wp-content\/gallery\/vodozemci-i-gmazovi-zagrebacke-zupanije\/cache\/Gatalinka-Goran-Safarek.jpg-nggid0298-ngg0dyn-360x320x100-00f0w010c011r110f110r010t010.jpg\" width='360' height='320' \/>\n\t\t\t\t\t\t\t<\/a>\n\t\t\t<span>Gatalinka - Goran \u0160afarek<\/span>\n\t\t<\/div>\n\t<\/div>\n\t\t \t\t\n\t<div id=\"ngg-image-99\" class=\"ngg-gallery-thumbnail-box\"  >\n\t\t<div class=\"ngg-gallery-thumbnail\" >\n\t\t\t<a href=\"https:\/\/zeleni-prsten.hr\/portal\/wp-content\/gallery\/vodozemci-i-gmazovi-zagrebacke-zupanije\/Mocvarna-smeda-zaba-Tomica-Rubinic.jpg\"\n               title=\"Mo\u010dvarna sme\u0111a \u017eaba - Tomica Rubinic\"\n               class=\"ngg-simplelightbox\" rel=\"10251274388ccf81b87a191e9e2577d1\" data-image-id=\"99\" data-src=\"https:\/\/zeleni-prsten.hr\/portal\/wp-content\/gallery\/vodozemci-i-gmazovi-zagrebacke-zupanije\/Mocvarna-smeda-zaba-Tomica-Rubinic.jpg\" data-thumbnail=\"https:\/\/zeleni-prsten.hr\/portal\/wp-content\/gallery\/vodozemci-i-gmazovi-zagrebacke-zupanije\/cache\/Mocvarna-smeda-zaba-Tomica-Rubinic.jpg-nggid0299-ngg0dyn-360x320x100-00f0w010c011r110f110r010t010.jpg\" data-title=\"Mocvarna-smeda-zaba-Tomica-Rubinic\" data-description=\"Mo\u010dvarna sme\u0111a \u017eaba - Tomica Rubinic\" >\n\t\t\t\t\t\t\t\t<img title=\"Mocvarna-smeda-zaba-Tomica-Rubinic\" alt=\"Mocvarna-smeda-zaba-Tomica-Rubinic\" src=\"https:\/\/zeleni-prsten.hr\/portal\/wp-content\/gallery\/vodozemci-i-gmazovi-zagrebacke-zupanije\/cache\/Mocvarna-smeda-zaba-Tomica-Rubinic.jpg-nggid0299-ngg0dyn-360x320x100-00f0w010c011r110f110r010t010.jpg\" width='360' height='320' \/>\n\t\t\t\t\t\t\t<\/a>\n\t\t\t<span>Mo\u010dvarna sme\u0111a \u017eaba - Tomica Rubinic<\/span>\n\t\t<\/div>\n\t<\/div>\n\t\t \t\t\n\t<div id=\"ngg-image-100\" class=\"ngg-gallery-thumbnail-box\"  >\n\t\t<div class=\"ngg-gallery-thumbnail\" >\n\t\t\t<a href=\"https:\/\/zeleni-prsten.hr\/portal\/wp-content\/gallery\/vodozemci-i-gmazovi-zagrebacke-zupanije\/Veliki-dunavski-vodenjak_Senka-Baskiera.JPG\"\n               title=\"Veliki dunavski vodenjak - Senka Ba\u0161kiera\"\n               class=\"ngg-simplelightbox\" rel=\"10251274388ccf81b87a191e9e2577d1\" data-image-id=\"100\" data-src=\"https:\/\/zeleni-prsten.hr\/portal\/wp-content\/gallery\/vodozemci-i-gmazovi-zagrebacke-zupanije\/Veliki-dunavski-vodenjak_Senka-Baskiera.JPG\" data-thumbnail=\"https:\/\/zeleni-prsten.hr\/portal\/wp-content\/gallery\/vodozemci-i-gmazovi-zagrebacke-zupanije\/cache\/Veliki-dunavski-vodenjak_Senka-Baskiera.JPG-nggid03100-ngg0dyn-360x320x100-00f0w010c011r110f110r010t010.JPG\" data-title=\"Veliki-dunavski-vodenjak_Senka-Baskiera\" data-description=\"Veliki dunavski vodenjak - Senka Ba\u0161kiera\" >\n\t\t\t\t\t\t\t\t<img title=\"Veliki-dunavski-vodenjak_Senka-Baskiera\" alt=\"Veliki-dunavski-vodenjak_Senka-Baskiera\" src=\"https:\/\/zeleni-prsten.hr\/portal\/wp-content\/gallery\/vodozemci-i-gmazovi-zagrebacke-zupanije\/cache\/Veliki-dunavski-vodenjak_Senka-Baskiera.JPG-nggid03100-ngg0dyn-360x320x100-00f0w010c011r110f110r010t010.JPG\" width='360' height='320' \/>\n\t\t\t\t\t\t\t<\/a>\n\t\t\t<span>Veliki dunavski vodenjak - Senka Ba\u0161kiera<\/span>\n\t\t<\/div>\n\t<\/div>\n\t\t \t\t\n\t<div id=\"ngg-image-102\" class=\"ngg-gallery-thumbnail-box\"  >\n\t\t<div class=\"ngg-gallery-thumbnail\" >\n\t\t\t<a href=\"https:\/\/zeleni-prsten.hr\/portal\/wp-content\/gallery\/vodozemci-i-gmazovi-zagrebacke-zupanije\/Ridovka.JPG\"\n               title=\"Ridovka - Boris Lau\u0161\"\n               class=\"ngg-simplelightbox\" rel=\"10251274388ccf81b87a191e9e2577d1\" data-image-id=\"102\" data-src=\"https:\/\/zeleni-prsten.hr\/portal\/wp-content\/gallery\/vodozemci-i-gmazovi-zagrebacke-zupanije\/Ridovka.JPG\" data-thumbnail=\"https:\/\/zeleni-prsten.hr\/portal\/wp-content\/gallery\/vodozemci-i-gmazovi-zagrebacke-zupanije\/cache\/Ridovka.JPG-nggid03102-ngg0dyn-360x320x100-00f0w010c011r110f110r010t010.JPG\" data-title=\"Ridovka\" data-description=\"Ridovka - Boris Lau\u0161\" >\n\t\t\t\t\t\t\t\t<img title=\"Ridovka\" alt=\"Ridovka\" src=\"https:\/\/zeleni-prsten.hr\/portal\/wp-content\/gallery\/vodozemci-i-gmazovi-zagrebacke-zupanije\/cache\/Ridovka.JPG-nggid03102-ngg0dyn-360x320x100-00f0w010c011r110f110r010t010.JPG\" width='360' height='320' \/>\n\t\t\t\t\t\t\t<\/a>\n\t\t\t<span>Ridovka - Boris Lau\u0161<\/span>\n\t\t<\/div>\n\t<\/div>\n\t\t \t\t\n\t<div id=\"ngg-image-104\" class=\"ngg-gallery-thumbnail-box\"  >\n\t\t<div class=\"ngg-gallery-thumbnail\" >\n\t\t\t<a href=\"https:\/\/zeleni-prsten.hr\/portal\/wp-content\/gallery\/vodozemci-i-gmazovi-zagrebacke-zupanije\/Barska-kornjaca-Tomica-Rubinic.jpg\"\n               title=\"Barska kornja\u010da - Tomica Rubinic\"\n               class=\"ngg-simplelightbox\" rel=\"10251274388ccf81b87a191e9e2577d1\" data-image-id=\"104\" data-src=\"https:\/\/zeleni-prsten.hr\/portal\/wp-content\/gallery\/vodozemci-i-gmazovi-zagrebacke-zupanije\/Barska-kornjaca-Tomica-Rubinic.jpg\" data-thumbnail=\"https:\/\/zeleni-prsten.hr\/portal\/wp-content\/gallery\/vodozemci-i-gmazovi-zagrebacke-zupanije\/cache\/Barska-kornjaca-Tomica-Rubinic.jpg-nggid03104-ngg0dyn-360x320x100-00f0w010c011r110f110r010t010.jpg\" data-title=\"Barska-kornjaca-Tomica-Rubinic\" data-description=\"Barska kornja\u010da - Tomica Rubinic\" >\n\t\t\t\t\t\t\t\t<img title=\"Barska-kornjaca-Tomica-Rubinic\" alt=\"Barska-kornjaca-Tomica-Rubinic\" src=\"https:\/\/zeleni-prsten.hr\/portal\/wp-content\/gallery\/vodozemci-i-gmazovi-zagrebacke-zupanije\/cache\/Barska-kornjaca-Tomica-Rubinic.jpg-nggid03104-ngg0dyn-360x320x100-00f0w010c011r110f110r010t010.jpg\" width='360' height='320' \/>\n\t\t\t\t\t\t\t<\/a>\n\t\t\t<span>Barska kornja\u010da - Tomica Rubinic<\/span>\n\t\t<\/div>\n\t<\/div>\n\t\t \t\t\n\t<div id=\"ngg-image-105\" class=\"ngg-gallery-thumbnail-box\"  >\n\t\t<div class=\"ngg-gallery-thumbnail\" >\n\t\t\t<a href=\"https:\/\/zeleni-prsten.hr\/portal\/wp-content\/gallery\/vodozemci-i-gmazovi-zagrebacke-zupanije\/Bjelouska-Goran-Safarek.jpg\"\n               title=\"Bjelou\u0161ka - Goran \u0160afarek\"\n               class=\"ngg-simplelightbox\" rel=\"10251274388ccf81b87a191e9e2577d1\" data-image-id=\"105\" data-src=\"https:\/\/zeleni-prsten.hr\/portal\/wp-content\/gallery\/vodozemci-i-gmazovi-zagrebacke-zupanije\/Bjelouska-Goran-Safarek.jpg\" data-thumbnail=\"https:\/\/zeleni-prsten.hr\/portal\/wp-content\/gallery\/vodozemci-i-gmazovi-zagrebacke-zupanije\/cache\/Bjelouska-Goran-Safarek.jpg-nggid03105-ngg0dyn-360x320x100-00f0w010c011r110f110r010t010.jpg\" data-title=\"Bjelouska-Goran-Safarek\" data-description=\"Bjelou\u0161ka - Goran \u0160afarek\" >\n\t\t\t\t\t\t\t\t<img title=\"Bjelouska-Goran-Safarek\" alt=\"Bjelouska-Goran-Safarek\" src=\"https:\/\/zeleni-prsten.hr\/portal\/wp-content\/gallery\/vodozemci-i-gmazovi-zagrebacke-zupanije\/cache\/Bjelouska-Goran-Safarek.jpg-nggid03105-ngg0dyn-360x320x100-00f0w010c011r110f110r010t010.jpg\" width='360' height='320' \/>\n\t\t\t\t\t\t\t<\/a>\n\t\t\t<span>Bjelou\u0161ka - Goran \u0160afarek<\/span>\n\t\t<\/div>\n\t<\/div>\n\t\t \t\t\n\t<div id=\"ngg-image-106\" class=\"ngg-gallery-thumbnail-box\"  >\n\t\t<div class=\"ngg-gallery-thumbnail\" >\n\t\t\t<a href=\"https:\/\/zeleni-prsten.hr\/portal\/wp-content\/gallery\/vodozemci-i-gmazovi-zagrebacke-zupanije\/Crveni-mukac-Goran-Safarek.jpg\"\n               title=\"Crveni muka\u010d - Goran \u0160afarek\"\n               class=\"ngg-simplelightbox\" rel=\"10251274388ccf81b87a191e9e2577d1\" data-image-id=\"106\" data-src=\"https:\/\/zeleni-prsten.hr\/portal\/wp-content\/gallery\/vodozemci-i-gmazovi-zagrebacke-zupanije\/Crveni-mukac-Goran-Safarek.jpg\" data-thumbnail=\"https:\/\/zeleni-prsten.hr\/portal\/wp-content\/gallery\/vodozemci-i-gmazovi-zagrebacke-zupanije\/cache\/Crveni-mukac-Goran-Safarek.jpg-nggid03106-ngg0dyn-360x320x100-00f0w010c011r110f110r010t010.jpg\" data-title=\"Crveni-mukac-Goran-Safarek\" data-description=\"Crveni muka\u010d - Goran \u0160afarek\" >\n\t\t\t\t\t\t\t\t<img title=\"Crveni-mukac-Goran-Safarek\" alt=\"Crveni-mukac-Goran-Safarek\" src=\"https:\/\/zeleni-prsten.hr\/portal\/wp-content\/gallery\/vodozemci-i-gmazovi-zagrebacke-zupanije\/cache\/Crveni-mukac-Goran-Safarek.jpg-nggid03106-ngg0dyn-360x320x100-00f0w010c011r110f110r010t010.jpg\" width='360' height='320' \/>\n\t\t\t\t\t\t\t<\/a>\n\t\t\t<span>Crveni muka\u010d - Goran \u0160afarek<\/span>\n\t\t<\/div>\n\t<\/div>\n\t\t \t\t\n\t<div id=\"ngg-image-116\" class=\"ngg-gallery-thumbnail-box\"  >\n\t\t<div class=\"ngg-gallery-thumbnail\" >\n\t\t\t<a href=\"https:\/\/zeleni-prsten.hr\/portal\/wp-content\/gallery\/vodozemci-i-gmazovi-zagrebacke-zupanije\/Pjegavi-dazdevnjak_Z.-Ozetski.jpg\"\n               title=\"Pjegavi da\u017edevnjak - Zoran O\u017eetski\"\n               class=\"ngg-simplelightbox\" rel=\"10251274388ccf81b87a191e9e2577d1\" data-image-id=\"116\" data-src=\"https:\/\/zeleni-prsten.hr\/portal\/wp-content\/gallery\/vodozemci-i-gmazovi-zagrebacke-zupanije\/Pjegavi-dazdevnjak_Z.-Ozetski.jpg\" data-thumbnail=\"https:\/\/zeleni-prsten.hr\/portal\/wp-content\/gallery\/vodozemci-i-gmazovi-zagrebacke-zupanije\/cache\/Pjegavi-dazdevnjak_Z.-Ozetski.jpg-nggid03116-ngg0dyn-360x320x100-00f0w010c011r110f110r010t010.jpg\" data-title=\"Pjegavi-dazdevnjak_Z.-Ozetski\" data-description=\"Pjegavi da\u017edevnjak - Zoran O\u017eetski\" >\n\t\t\t\t\t\t\t\t<img title=\"Pjegavi-dazdevnjak_Z.-Ozetski\" alt=\"Pjegavi-dazdevnjak_Z.-Ozetski\" src=\"https:\/\/zeleni-prsten.hr\/portal\/wp-content\/gallery\/vodozemci-i-gmazovi-zagrebacke-zupanije\/cache\/Pjegavi-dazdevnjak_Z.-Ozetski.jpg-nggid03116-ngg0dyn-360x320x100-00f0w010c011r110f110r010t010.jpg\" width='360' height='320' \/>\n\t\t\t\t\t\t\t<\/a>\n\t\t\t<span>Pjegavi da\u017edevnjak - Zoran O\u017eetski<\/span>\n\t\t<\/div>\n\t<\/div>\n\t\t \t\t\n\t<div id=\"ngg-image-117\" class=\"ngg-gallery-thumbnail-box\"  >\n\t\t<div class=\"ngg-gallery-thumbnail\" >\n\t\t\t<a href=\"https:\/\/zeleni-prsten.hr\/portal\/wp-content\/gallery\/vodozemci-i-gmazovi-zagrebacke-zupanije\/Zuti-mukac-Davor-Krnjeta-2.jpg\"\n               title=\"\u017duti muka\u010d - Davor Krnjeta\"\n               class=\"ngg-simplelightbox\" rel=\"10251274388ccf81b87a191e9e2577d1\" data-image-id=\"117\" data-src=\"https:\/\/zeleni-prsten.hr\/portal\/wp-content\/gallery\/vodozemci-i-gmazovi-zagrebacke-zupanije\/Zuti-mukac-Davor-Krnjeta-2.jpg\" data-thumbnail=\"https:\/\/zeleni-prsten.hr\/portal\/wp-content\/gallery\/vodozemci-i-gmazovi-zagrebacke-zupanije\/cache\/Zuti-mukac-Davor-Krnjeta-2.jpg-nggid03117-ngg0dyn-360x320x100-00f0w010c011r110f110r010t010.jpg\" data-title=\"Zuti-mukac-Davor-Krnjeta-2\" data-description=\"\u017duti muka\u010d - Davor Krnjeta\" >\n\t\t\t\t\t\t\t\t<img title=\"Zuti-mukac-Davor-Krnjeta-2\" alt=\"Zuti-mukac-Davor-Krnjeta-2\" src=\"https:\/\/zeleni-prsten.hr\/portal\/wp-content\/gallery\/vodozemci-i-gmazovi-zagrebacke-zupanije\/cache\/Zuti-mukac-Davor-Krnjeta-2.jpg-nggid03117-ngg0dyn-360x320x100-00f0w010c011r110f110r010t010.jpg\" width='360' height='320' \/>\n\t\t\t\t\t\t\t<\/a>\n\t\t\t<span>\u017duti muka\u010d - Davor Krnjeta<\/span>\n\t\t<\/div>\n\t<\/div>\n\t\t \t \t\n\t<!-- Pagination -->\n \t<div class='ngg-clear'><\/div> \t\n<\/div>\n\n\n","protected":false},"excerpt":{"rendered":"Gatalinka - Goran \u0160afarek Mo\u010dvarna sme\u0111a \u017eaba - Tomica Rubinic Veliki dunavski vodenjak - Senka Ba\u0161kiera Ridovka - Boris Lau\u0161 Barska kornja\u010da - Tomica Rubinic Bjelou\u0161ka - Goran \u0160afarek Crveni muka\u010d - Goran \u0160afarek Pjegavi da\u017edevnjak - Zoran O\u017eetski \u017duti [...]","protected":false},"author":1,"featured_media":10956,"parent":2456,"menu_order":5,"comment_status":"closed","ping_status":"closed","template":"","meta":{"ngg_post_thumbnail":0},"yoast_head":"<!-- This site is optimized with the Yoast SEO plugin v18.4.1 - https:\/\/yoast.com\/wordpress\/plugins\/seo\/ -->\n<title>Vodozemci i gmazovi Zagreba\u010dke \u017eupanije - JU Zeleni prsten Zagreba\u010dke \u017eupanije<\/title>\n<meta name=\"robots\" content=\"index, follow, max-snippet:-1, max-image-preview:large, max-video-preview:-1\" \/>\n<link rel=\"canonical\" href=\"https:\/\/zeleni-prsten.hr\/portal\/fotografije\/vodozemci-i-gmazovi-zagrebacke-zupanije\/\" \/>\n<meta property=\"og:locale\" content=\"hr_HR\" \/>\n<meta property=\"og:type\" content=\"article\" \/>\n<meta property=\"og:title\" content=\"Vodozemci i gmazovi Zagreba\u010dke \u017eupanije - JU Zeleni prsten Zagreba\u010dke \u017eupanije\" \/>\n<meta property=\"og:url\" content=\"https:\/\/zeleni-prsten.hr\/portal\/fotografije\/vodozemci-i-gmazovi-zagrebacke-zupanije\/\" \/>\n<meta property=\"og:site_name\" content=\"JU Zeleni prsten Zagreba\u010dke \u017eupanije\" \/>\n<meta property=\"og:image\" content=\"https:\/\/zeleni-prsten.hr\/portal\/wp-content\/uploads\/2022\/02\/nggallery_import\/Mocvarna-smeda-zaba-Tomica-Rubinic.jpg\" \/>\n\t<meta property=\"og:image:width\" content=\"1620\" \/>\n\t<meta property=\"og:image:height\" content=\"1080\" \/>\n\t<meta property=\"og:image:type\" content=\"image\/jpeg\" \/>\n<meta name=\"twitter:card\" content=\"summary_large_image\" \/>\n<script type=\"application\/ld+json\" class=\"yoast-schema-graph\">{\"@context\":\"https:\/\/schema.org\",\"@graph\":[{\"@type\":\"WebSite\",\"@id\":\"https:\/\/zeleni-prsten.hr\/portal\/#website\",\"url\":\"https:\/\/zeleni-prsten.hr\/portal\/\",\"name\":\"JU Zeleni prsten Zagreba\u010dke \u017eupanije\",\"description\":\"JU Zeleni prsten Zagreba\u010dke \u017eupanije\",\"potentialAction\":[{\"@type\":\"SearchAction\",\"target\":{\"@type\":\"EntryPoint\",\"urlTemplate\":\"https:\/\/zeleni-prsten.hr\/portal\/?s={search_term_string}\"},\"query-input\":\"required name=search_term_string\"}],\"inLanguage\":\"hr\"},{\"@type\":\"ImageObject\",\"@id\":\"https:\/\/zeleni-prsten.hr\/portal\/fotografije\/vodozemci-i-gmazovi-zagrebacke-zupanije\/#primaryimage\",\"inLanguage\":\"hr\",\"url\":\"https:\/\/zeleni-prsten.hr\/portal\/wp-content\/uploads\/2022\/02\/nggallery_import\/Mocvarna-smeda-zaba-Tomica-Rubinic.jpg\",\"contentUrl\":\"https:\/\/zeleni-prsten.hr\/portal\/wp-content\/uploads\/2022\/02\/nggallery_import\/Mocvarna-smeda-zaba-Tomica-Rubinic.jpg\",\"width\":1620,\"height\":1080},{\"@type\":\"WebPage\",\"@id\":\"https:\/\/zeleni-prsten.hr\/portal\/fotografije\/vodozemci-i-gmazovi-zagrebacke-zupanije\/#webpage\",\"url\":\"https:\/\/zeleni-prsten.hr\/portal\/fotografije\/vodozemci-i-gmazovi-zagrebacke-zupanije\/\",\"name\":\"Vodozemci i gmazovi Zagreba\u010dke \u017eupanije - JU Zeleni prsten Zagreba\u010dke \u017eupanije\",\"isPartOf\":{\"@id\":\"https:\/\/zeleni-prsten.hr\/portal\/#website\"},\"primaryImageOfPage\":{\"@id\":\"https:\/\/zeleni-prsten.hr\/portal\/fotografije\/vodozemci-i-gmazovi-zagrebacke-zupanije\/#primaryimage\"},\"datePublished\":\"2022-02-20T21:05:23+00:00\",\"dateModified\":\"2022-02-20T21:05:23+00:00\",\"breadcrumb\":{\"@id\":\"https:\/\/zeleni-prsten.hr\/portal\/fotografije\/vodozemci-i-gmazovi-zagrebacke-zupanije\/#breadcrumb\"},\"inLanguage\":\"hr\",\"potentialAction\":[{\"@type\":\"ReadAction\",\"target\":[\"https:\/\/zeleni-prsten.hr\/portal\/fotografije\/vodozemci-i-gmazovi-zagrebacke-zupanije\/\"]}]},{\"@type\":\"BreadcrumbList\",\"@id\":\"https:\/\/zeleni-prsten.hr\/portal\/fotografije\/vodozemci-i-gmazovi-zagrebacke-zupanije\/#breadcrumb\",\"itemListElement\":[{\"@type\":\"ListItem\",\"position\":1,\"name\":\"Home\",\"item\":\"https:\/\/zeleni-prsten.hr\/portal\/\"},{\"@type\":\"ListItem\",\"position\":2,\"name\":\"Fotografije\",\"item\":\"https:\/\/zeleni-prsten.hr\/portal\/fotografije\/\"},{\"@type\":\"ListItem\",\"position\":3,\"name\":\"Vodozemci i gmazovi Zagreba\u010dke \u017eupanije\"}]}]}<\/script>\n<!-- \/ Yoast SEO plugin. -->","yoast_head_json":{"title":"Vodozemci i gmazovi Zagreba\u010dke \u017eupanije - JU Zeleni prsten Zagreba\u010dke \u017eupanije","robots":{"index":"index","follow":"follow","max-snippet":"max-snippet:-1","max-image-preview":"max-image-preview:large","max-video-preview":"max-video-preview:-1"},"canonical":"https:\/\/zeleni-prsten.hr\/portal\/fotografije\/vodozemci-i-gmazovi-zagrebacke-zupanije\/","og_locale":"hr_HR","og_type":"article","og_title":"Vodozemci i gmazovi Zagreba\u010dke \u017eupanije - JU Zeleni prsten Zagreba\u010dke \u017eupanije","og_url":"https:\/\/zeleni-prsten.hr\/portal\/fotografije\/vodozemci-i-gmazovi-zagrebacke-zupanije\/","og_site_name":"JU Zeleni prsten Zagreba\u010dke \u017eupanije","og_image":[{"width":1620,"height":1080,"url":"https:\/\/zeleni-prsten.hr\/portal\/wp-content\/uploads\/2022\/02\/nggallery_import\/Mocvarna-smeda-zaba-Tomica-Rubinic.jpg","type":"image\/jpeg"}],"twitter_card":"summary_large_image","schema":{"@context":"https:\/\/schema.org","@graph":[{"@type":"WebSite","@id":"https:\/\/zeleni-prsten.hr\/portal\/#website","url":"https:\/\/zeleni-prsten.hr\/portal\/","name":"JU Zeleni prsten Zagreba\u010dke \u017eupanije","description":"JU Zeleni prsten Zagreba\u010dke \u017eupanije","potentialAction":[{"@type":"SearchAction","target":{"@type":"EntryPoint","urlTemplate":"https:\/\/zeleni-prsten.hr\/portal\/?s={search_term_string}"},"query-input":"required name=search_term_string"}],"inLanguage":"hr"},{"@type":"ImageObject","@id":"https:\/\/zeleni-prsten.hr\/portal\/fotografije\/vodozemci-i-gmazovi-zagrebacke-zupanije\/#primaryimage","inLanguage":"hr","url":"https:\/\/zeleni-prsten.hr\/portal\/wp-content\/uploads\/2022\/02\/nggallery_import\/Mocvarna-smeda-zaba-Tomica-Rubinic.jpg","contentUrl":"https:\/\/zeleni-prsten.hr\/portal\/wp-content\/uploads\/2022\/02\/nggallery_import\/Mocvarna-smeda-zaba-Tomica-Rubinic.jpg","width":1620,"height":1080},{"@type":"WebPage","@id":"https:\/\/zeleni-prsten.hr\/portal\/fotografije\/vodozemci-i-gmazovi-zagrebacke-zupanije\/#webpage","url":"https:\/\/zeleni-prsten.hr\/portal\/fotografije\/vodozemci-i-gmazovi-zagrebacke-zupanije\/","name":"Vodozemci i gmazovi Zagreba\u010dke \u017eupanije - JU Zeleni prsten Zagreba\u010dke \u017eupanije","isPartOf":{"@id":"https:\/\/zeleni-prsten.hr\/portal\/#website"},"primaryImageOfPage":{"@id":"https:\/\/zeleni-prsten.hr\/portal\/fotografije\/vodozemci-i-gmazovi-zagrebacke-zupanije\/#primaryimage"},"datePublished":"2022-02-20T21:05:23+00:00","dateModified":"2022-02-20T21:05:23+00:00","breadcrumb":{"@id":"https:\/\/zeleni-prsten.hr\/portal\/fotografije\/vodozemci-i-gmazovi-zagrebacke-zupanije\/#breadcrumb"},"inLanguage":"hr","potentialAction":[{"@type":"ReadAction","target":["https:\/\/zeleni-prsten.hr\/portal\/fotografije\/vodozemci-i-gmazovi-zagrebacke-zupanije\/"]}]},{"@type":"BreadcrumbList","@id":"https:\/\/zeleni-prsten.hr\/portal\/fotografije\/vodozemci-i-gmazovi-zagrebacke-zupanije\/#breadcrumb","itemListElement":[{"@type":"ListItem","position":1,"name":"Home","item":"https:\/\/zeleni-prsten.hr\/portal\/"},{"@type":"ListItem","position":2,"name":"Fotografije","item":"https:\/\/zeleni-prsten.hr\/portal\/fotografije\/"},{"@type":"ListItem","position":3,"name":"Vodozemci i gmazovi Zagreba\u010dke \u017eupanije"}]}]}},"_links":{"self":[{"href":"https:\/\/zeleni-prsten.hr\/portal\/wp-json\/wp\/v2\/pages\/10955"}],"collection":[{"href":"https:\/\/zeleni-prsten.hr\/portal\/wp-json\/wp\/v2\/pages"}],"about":[{"href":"https:\/\/zeleni-prsten.hr\/portal\/wp-json\/wp\/v2\/types\/page"}],"author":[{"embeddable":true,"href":"https:\/\/zeleni-prsten.hr\/portal\/wp-json\/wp\/v2\/users\/1"}],"replies":[{"embeddable":true,"href":"https:\/\/zeleni-prsten.hr\/portal\/wp-json\/wp\/v2\/comments?post=10955"}],"version-history":[{"count":1,"href":"https:\/\/zeleni-prsten.hr\/portal\/wp-json\/wp\/v2\/pages\/10955\/revisions"}],"predecessor-version":[{"id":10957,"href":"https:\/\/zeleni-prsten.hr\/portal\/wp-json\/wp\/v2\/pages\/10955\/revisions\/10957"}],"up":[{"embeddable":true,"href":"https:\/\/zeleni-prsten.hr\/portal\/wp-json\/wp\/v2\/pages\/2456"}],"wp:featuredmedia":[{"embeddable":true,"href":"https:\/\/zeleni-prsten.hr\/portal\/wp-json\/wp\/v2\/media\/10956"}],"wp:attachment":[{"href":"https:\/\/zeleni-prsten.hr\/portal\/wp-json\/wp\/v2\/media?parent=10955"}],"curies":[{"name":"wp","href":"https:\/\/api.w.org\/{rel}","templated":true}]}}