{"id":16128,"date":"2024-02-20T13:29:53","date_gmt":"2024-02-20T12:29:53","guid":{"rendered":"https:\/\/zeleni-prsten.hr\/portal\/?page_id=16128"},"modified":"2026-02-20T10:17:56","modified_gmt":"2026-02-20T09:17:56","slug":"javna-objava-isplata","status":"publish","type":"page","link":"https:\/\/zeleni-prsten.hr\/portal\/javna-nabava\/javna-objava-isplata\/","title":{"rendered":"Javna objava isplata"},"content":{"rendered":"<p>[vc_row][vc_column]<div class=\"ult-spacer spacer-69e165148d778\" data-id=\"69e165148d778\" data-height=\"100\" data-height-mobile=\"100\" data-height-tab=\"100\" data-height-tab-portrait=\"\" data-height-mobile-landscape=\"\" style=\"clear:both;display:block;\"><\/div>[\/vc_column][\/vc_row][vc_section][vc_row][vc_column][vc_column_text]&nbsp;<\/p>\n<p><strong>2026.<\/strong><\/p>\n<p><a href=\"https:\/\/zeleni-prsten.hr\/portal\/wp-content\/uploads\/2026\/02\/JU-ZELENI-PRSTEN-NAPUTAK-JAVNA-OBJAVA-INFORMACIJA-O-TROSENJU-RACUNA-SIJECANJ-2026.xlsx\">Popis isplata &#8211; sije\u010danj<\/a><\/p>\n<p>&nbsp;[\/vc_column_text][vc_column_text]<strong>2025.<\/strong><\/p>\n<p><a href=\"https:\/\/zeleni-prsten.hr\/portal\/wp-content\/uploads\/2025\/02\/JAVNA-OBJAVA-INFORMACIJA-O-TROSENJU-RACUNA-SIJECANJ-2025.xlsx\">Popis isplata &#8211; sije\u010danj<\/a><\/p>\n<p><a href=\"https:\/\/zeleni-prsten.hr\/portal\/wp-content\/uploads\/2025\/03\/JAVNA-OBJAVA-INFORMACIJA-VELJACA-2025.xlsx\">Popis isplata &#8211; velja\u010da<\/a><\/p>\n<p><a href=\"https:\/\/zeleni-prsten.hr\/portal\/wp-content\/uploads\/2025\/04\/JU-ZELENI-PRSTEN-NAPUTAK-JAVNA-OBJAVA-INFORMACIJA-O-TROSENJU-RACUNA-OZUJAK-2025.xlsx\">Popis isplata &#8211; o\u017eujak<\/a><\/p>\n<p><a href=\"https:\/\/zeleni-prsten.hr\/portal\/wp-content\/uploads\/2025\/05\/JU-ZELENI-PRSTEN-NAPUTAK-JAVNA-OBJAVA-INFORMACIJA-O-TROSENJU-RACUNA-OZUJAK-2025.xlsx\">Popis isplata &#8211; travanj<\/a><\/p>\n<p><a href=\"https:\/\/zeleni-prsten.hr\/portal\/wp-content\/uploads\/2025\/06\/JU-ZELENI-PRSTEN-NAPUTAK-JAVNA-OBJAVA-INFORMACIJA-O-TROSENJU-RACUNA-SVIBANJ-2025.xlsx\">Popis isplata &#8211; svibanj<\/a><\/p>\n<p><a href=\"https:\/\/zeleni-prsten.hr\/portal\/wp-content\/uploads\/2025\/08\/JAVNA-OBJAVA-INFORMACIJA-O-TROSENJU-RACUNA-LIPANJ-2025.xlsx\">Popis isplata &#8211; lipanj<\/a><\/p>\n<p><a href=\"https:\/\/zeleni-prsten.hr\/portal\/wp-content\/uploads\/2025\/08\/JAVNA-OBJAVA-INFORMACIJA-O-TROSENJU-RACUNA-SRPANJ-2025.xlsx\">Popis isplata &#8211; srpanj<\/a><\/p>\n<p><a href=\"https:\/\/zeleni-prsten.hr\/portal\/wp-content\/uploads\/2025\/09\/JAVNA-OBJAVA-INFORMACIJA-O-TROSENJU-RACUNA-KOLOVOZ-2025.xlsx\">Popis isplata &#8211; kolovoz<\/a><\/p>\n<p><a href=\"https:\/\/zeleni-prsten.hr\/portal\/wp-content\/uploads\/2025\/10\/JAVNA-OBJAVA-INFORMACIJA-O-TROSENJU-RACUNA-RUJAN-2025.xlsx\">Popis isplata &#8211; rujan<\/a><\/p>\n<p><a href=\"https:\/\/zeleni-prsten.hr\/portal\/wp-content\/uploads\/2025\/12\/JU-ZELENI-PRSTEN-NAPUTAK-JAVNA-OBJAVA-INFORMACIJA-O-TROSENJU-RACUNA-LISTOPAD-2025.xlsx\">Popis isplata &#8211; listopad<\/a><\/p>\n<p><a href=\"https:\/\/zeleni-prsten.hr\/portal\/wp-content\/uploads\/2025\/12\/JU-ZELENI-PRSTEN-NAPUTAK-JAVNA-OBJAVA-INFORMACIJA-O-TROSENJU-RACUNA-STUDENI-2025.xlsx\">Popis isplata &#8211; studeni<\/a><\/p>\n<p><a href=\"https:\/\/zeleni-prsten.hr\/portal\/wp-content\/uploads\/2026\/01\/JAVNA-OBJAVA-O-TROSENJU-RACUNA-PROSINAC-2025.xlsx\">Popis isplata &#8211; prosinac<\/a><\/p>\n<p>&nbsp;<\/p>\n<p>&nbsp;[\/vc_column_text][vc_column_text]<strong>2024.<\/strong><\/p>\n<p><a href=\"https:\/\/zeleni-prsten.hr\/portal\/wp-content\/uploads\/2024\/02\/JAVNA-OBJAVA-INFORMACIJA-O-TROSENJU-RACUNA-SIJECANJ-2024.xlsx\">Popis isplata &#8211; sije\u010danj<\/a><\/p>\n<p><a href=\"https:\/\/zeleni-prsten.hr\/portal\/wp-content\/uploads\/2024\/03\/JAVNA-OBJAVA-INFORMACIJA-O-TROSENJU-RACUNA-VELJACA-2024.xlsx\">Popis isplata &#8211; velja\u010da&nbsp;<\/a><\/p>\n<p><a href=\"https:\/\/zeleni-prsten.hr\/portal\/wp-content\/uploads\/2024\/04\/JU-ZELENI-PRSTEN-NAPUTAK-JAVNA-OBJAVA-INFORMACIJA-O-TROSENJU-RACUNA-OZUJAK-2024-.xlsx\">Popis isplata &#8211; o\u017eujak<\/a><\/p>\n<p><a href=\"https:\/\/zeleni-prsten.hr\/portal\/wp-content\/uploads\/2024\/05\/JU-ZELENI-PRSTEN-TRAVANJ-2024.xlsx\">Popis isplata &#8211; travanj<\/a><\/p>\n<p><a href=\"https:\/\/zeleni-prsten.hr\/portal\/wp-content\/uploads\/2024\/06\/JU-ZELENI-PRSTEN-NAPUTAK-JAVNA-OBJAVA-INFORMACIJA-O-TROSENJU-RACUNA-SVIBANJ-2024.xlsx\">Popis isplata &#8211; svibanj<\/a><\/p>\n<p><a href=\"https:\/\/zeleni-prsten.hr\/portal\/wp-content\/uploads\/2024\/07\/JU-ZELENI-PRSTEN-NAPUTAK-JAVNA-OBJAVA-INFORMACIJA-O-TROSENJU-RACUNA-LIPANJ-2024-.xlsx\">Popis isplata &#8211; lipanj<\/a><\/p>\n<p><a href=\"https:\/\/zeleni-prsten.hr\/portal\/wp-content\/uploads\/2024\/08\/JU-ZELENI-PRSTEN-NAPUTAK-JAVNA-OBJAVA-INFORMACIJA-O-TROSENJU-RACUNA-SRPANJ-2024.xlsx\">Popis isplata &#8211; srpanj<\/a><\/p>\n<p><a href=\"https:\/\/zeleni-prsten.hr\/portal\/wp-content\/uploads\/2024\/09\/JAVNA-OBJAVA-INFORMACIJA-O-TROSENJU-RACUNA-KOLOVOZ-2024-.xlsx\">Popis isplata &#8211; kolovoz<\/a><\/p>\n<p><a href=\"https:\/\/zeleni-prsten.hr\/portal\/wp-content\/uploads\/2024\/10\/JAVNA-OBJAVA-INFORMACIJA-O-TROSENJU-RUJAN-2024.xlsx\">Popis isplata &#8211; rujan<\/a><\/p>\n<p><a href=\"https:\/\/zeleni-prsten.hr\/portal\/wp-content\/uploads\/2024\/11\/JAVNA-OBJAVA-INFORMACIJA-O-TROSENJU-RACUNA-listopad-2024-_.xlsx\">Popis isplata &#8211; listopad<\/a><\/p>\n<p><a href=\"https:\/\/zeleni-prsten.hr\/portal\/wp-content\/uploads\/2024\/12\/JU-ZELENI-PRSTEN-NAPUTAK-JAVNA-OBJAVA-INFORMACIJA-O-TROSENJU-RACUNA-STUDENI-2024-.xlsx\">Popis isplata &#8211; studeni<\/a><\/p>\n<p><a href=\"https:\/\/zeleni-prsten.hr\/portal\/wp-content\/uploads\/2025\/01\/JAVNA-OBJAVA-INFORMACIJA-O-TROSENJU-RACUNA-prosinac-2024.xlsx\">Popis iplata &#8211; prosinac<\/a><\/p>\n<p>&nbsp;<\/p>\n<hr>\n<p>&nbsp;<\/p>\n<p>&nbsp;[\/vc_column_text]<div class=\"ult-spacer spacer-69e165148d78e\" data-id=\"69e165148d78e\" data-height=\"100\" data-height-mobile=\"100\" data-height-tab=\"100\" data-height-tab-portrait=\"\" data-height-mobile-landscape=\"\" style=\"clear:both;display:block;\"><\/div>[\/vc_column][\/vc_row][\/vc_section]<\/p>\n","protected":false},"excerpt":{"rendered":"<p>[vc_row][vc_column][\/vc_column][\/vc_row][vc_section][vc_row][vc_column][vc_column_text]&nbsp; 2026. Popis isplata &#8211; sije\u010danj &nbsp;[\/vc_column_text][vc_column_text]2025. Popis isplata &#8211; sije\u010danj Popis isplata &#8211; velja\u010da Popis isplata &#8211; o\u017eujak Popis isplata &#8211; travanj Popis isplata &#8211; svibanj Popis isplata &#8211; lipanj Popis isplata &#8211; srpanj Popis isplata &#8211; kolovoz Popis [&hellip;]<\/p>\n","protected":false},"author":1,"featured_media":16137,"parent":3511,"menu_order":2,"comment_status":"closed","ping_status":"closed","template":"","meta":{"ngg_post_thumbnail":0},"yoast_head":"<!-- This site is optimized with the Yoast SEO plugin v18.4.1 - https:\/\/yoast.com\/wordpress\/plugins\/seo\/ -->\n<title>Javna objava isplata - JU Zeleni prsten Zagreba\u010dke \u017eupanije<\/title>\n<meta name=\"robots\" content=\"index, follow, max-snippet:-1, max-image-preview:large, max-video-preview:-1\" \/>\n<link rel=\"canonical\" href=\"https:\/\/zeleni-prsten.hr\/portal\/javna-nabava\/javna-objava-isplata\/\" \/>\n<meta property=\"og:locale\" content=\"hr_HR\" \/>\n<meta property=\"og:type\" content=\"article\" \/>\n<meta property=\"og:title\" content=\"Javna objava isplata - JU Zeleni prsten Zagreba\u010dke \u017eupanije\" \/>\n<meta property=\"og:description\" content=\"[vc_row][vc_column][\/vc_column][\/vc_row][vc_section][vc_row][vc_column][vc_column_text]&nbsp; 2026. Popis isplata &#8211; sije\u010danj &nbsp;[\/vc_column_text][vc_column_text]2025. Popis isplata &#8211; sije\u010danj Popis isplata &#8211; velja\u010da Popis isplata &#8211; o\u017eujak Popis isplata &#8211; travanj Popis isplata &#8211; svibanj Popis isplata &#8211; lipanj Popis isplata &#8211; srpanj Popis isplata &#8211; kolovoz Popis [&hellip;]\" \/>\n<meta property=\"og:url\" content=\"https:\/\/zeleni-prsten.hr\/portal\/javna-nabava\/javna-objava-isplata\/\" \/>\n<meta property=\"og:site_name\" content=\"JU Zeleni prsten Zagreba\u010dke \u017eupanije\" \/>\n<meta property=\"article:modified_time\" content=\"2026-02-20T09:17:56+00:00\" \/>\n<meta property=\"og:image\" content=\"https:\/\/zeleni-prsten.hr\/portal\/wp-content\/uploads\/2024\/02\/payments.jpg\" \/>\n\t<meta property=\"og:image:width\" content=\"1920\" \/>\n\t<meta property=\"og:image:height\" content=\"1279\" \/>\n\t<meta property=\"og:image:type\" content=\"image\/jpeg\" \/>\n<meta name=\"twitter:card\" content=\"summary_large_image\" \/>\n<meta name=\"twitter:label1\" content=\"Procijenjeno vrijeme \u010ditanja\" \/>\n\t<meta name=\"twitter:data1\" content=\"1 minuta\" \/>\n<script type=\"application\/ld+json\" class=\"yoast-schema-graph\">{\"@context\":\"https:\/\/schema.org\",\"@graph\":[{\"@type\":\"WebSite\",\"@id\":\"https:\/\/zeleni-prsten.hr\/portal\/#website\",\"url\":\"https:\/\/zeleni-prsten.hr\/portal\/\",\"name\":\"JU Zeleni prsten Zagreba\u010dke \u017eupanije\",\"description\":\"JU Zeleni prsten Zagreba\u010dke \u017eupanije\",\"potentialAction\":[{\"@type\":\"SearchAction\",\"target\":{\"@type\":\"EntryPoint\",\"urlTemplate\":\"https:\/\/zeleni-prsten.hr\/portal\/?s={search_term_string}\"},\"query-input\":\"required name=search_term_string\"}],\"inLanguage\":\"hr\"},{\"@type\":\"ImageObject\",\"@id\":\"https:\/\/zeleni-prsten.hr\/portal\/javna-nabava\/javna-objava-isplata\/#primaryimage\",\"inLanguage\":\"hr\",\"url\":\"https:\/\/zeleni-prsten.hr\/portal\/wp-content\/uploads\/2024\/02\/payments.jpg\",\"contentUrl\":\"https:\/\/zeleni-prsten.hr\/portal\/wp-content\/uploads\/2024\/02\/payments.jpg\",\"width\":1920,\"height\":1279},{\"@type\":\"WebPage\",\"@id\":\"https:\/\/zeleni-prsten.hr\/portal\/javna-nabava\/javna-objava-isplata\/#webpage\",\"url\":\"https:\/\/zeleni-prsten.hr\/portal\/javna-nabava\/javna-objava-isplata\/\",\"name\":\"Javna objava isplata - JU Zeleni prsten Zagreba\u010dke \u017eupanije\",\"isPartOf\":{\"@id\":\"https:\/\/zeleni-prsten.hr\/portal\/#website\"},\"primaryImageOfPage\":{\"@id\":\"https:\/\/zeleni-prsten.hr\/portal\/javna-nabava\/javna-objava-isplata\/#primaryimage\"},\"datePublished\":\"2024-02-20T12:29:53+00:00\",\"dateModified\":\"2026-02-20T09:17:56+00:00\",\"breadcrumb\":{\"@id\":\"https:\/\/zeleni-prsten.hr\/portal\/javna-nabava\/javna-objava-isplata\/#breadcrumb\"},\"inLanguage\":\"hr\",\"potentialAction\":[{\"@type\":\"ReadAction\",\"target\":[\"https:\/\/zeleni-prsten.hr\/portal\/javna-nabava\/javna-objava-isplata\/\"]}]},{\"@type\":\"BreadcrumbList\",\"@id\":\"https:\/\/zeleni-prsten.hr\/portal\/javna-nabava\/javna-objava-isplata\/#breadcrumb\",\"itemListElement\":[{\"@type\":\"ListItem\",\"position\":1,\"name\":\"Home\",\"item\":\"https:\/\/zeleni-prsten.hr\/portal\/\"},{\"@type\":\"ListItem\",\"position\":2,\"name\":\"Javna nabava\",\"item\":\"https:\/\/zeleni-prsten.hr\/portal\/javna-nabava\/\"},{\"@type\":\"ListItem\",\"position\":3,\"name\":\"Javna objava isplata\"}]}]}<\/script>\n<!-- \/ Yoast SEO plugin. -->","yoast_head_json":{"title":"Javna objava isplata - JU Zeleni prsten Zagreba\u010dke \u017eupanije","robots":{"index":"index","follow":"follow","max-snippet":"max-snippet:-1","max-image-preview":"max-image-preview:large","max-video-preview":"max-video-preview:-1"},"canonical":"https:\/\/zeleni-prsten.hr\/portal\/javna-nabava\/javna-objava-isplata\/","og_locale":"hr_HR","og_type":"article","og_title":"Javna objava isplata - JU Zeleni prsten Zagreba\u010dke \u017eupanije","og_description":"[vc_row][vc_column][\/vc_column][\/vc_row][vc_section][vc_row][vc_column][vc_column_text]&nbsp; 2026. Popis isplata &#8211; sije\u010danj &nbsp;[\/vc_column_text][vc_column_text]2025. Popis isplata &#8211; sije\u010danj Popis isplata &#8211; velja\u010da Popis isplata &#8211; o\u017eujak Popis isplata &#8211; travanj Popis isplata &#8211; svibanj Popis isplata &#8211; lipanj Popis isplata &#8211; srpanj Popis isplata &#8211; kolovoz Popis [&hellip;]","og_url":"https:\/\/zeleni-prsten.hr\/portal\/javna-nabava\/javna-objava-isplata\/","og_site_name":"JU Zeleni prsten Zagreba\u010dke \u017eupanije","article_modified_time":"2026-02-20T09:17:56+00:00","og_image":[{"width":1920,"height":1279,"url":"https:\/\/zeleni-prsten.hr\/portal\/wp-content\/uploads\/2024\/02\/payments.jpg","type":"image\/jpeg"}],"twitter_card":"summary_large_image","twitter_misc":{"Procijenjeno vrijeme \u010ditanja":"1 minuta"},"schema":{"@context":"https:\/\/schema.org","@graph":[{"@type":"WebSite","@id":"https:\/\/zeleni-prsten.hr\/portal\/#website","url":"https:\/\/zeleni-prsten.hr\/portal\/","name":"JU Zeleni prsten Zagreba\u010dke \u017eupanije","description":"JU Zeleni prsten Zagreba\u010dke \u017eupanije","potentialAction":[{"@type":"SearchAction","target":{"@type":"EntryPoint","urlTemplate":"https:\/\/zeleni-prsten.hr\/portal\/?s={search_term_string}"},"query-input":"required name=search_term_string"}],"inLanguage":"hr"},{"@type":"ImageObject","@id":"https:\/\/zeleni-prsten.hr\/portal\/javna-nabava\/javna-objava-isplata\/#primaryimage","inLanguage":"hr","url":"https:\/\/zeleni-prsten.hr\/portal\/wp-content\/uploads\/2024\/02\/payments.jpg","contentUrl":"https:\/\/zeleni-prsten.hr\/portal\/wp-content\/uploads\/2024\/02\/payments.jpg","width":1920,"height":1279},{"@type":"WebPage","@id":"https:\/\/zeleni-prsten.hr\/portal\/javna-nabava\/javna-objava-isplata\/#webpage","url":"https:\/\/zeleni-prsten.hr\/portal\/javna-nabava\/javna-objava-isplata\/","name":"Javna objava isplata - JU Zeleni prsten Zagreba\u010dke \u017eupanije","isPartOf":{"@id":"https:\/\/zeleni-prsten.hr\/portal\/#website"},"primaryImageOfPage":{"@id":"https:\/\/zeleni-prsten.hr\/portal\/javna-nabava\/javna-objava-isplata\/#primaryimage"},"datePublished":"2024-02-20T12:29:53+00:00","dateModified":"2026-02-20T09:17:56+00:00","breadcrumb":{"@id":"https:\/\/zeleni-prsten.hr\/portal\/javna-nabava\/javna-objava-isplata\/#breadcrumb"},"inLanguage":"hr","potentialAction":[{"@type":"ReadAction","target":["https:\/\/zeleni-prsten.hr\/portal\/javna-nabava\/javna-objava-isplata\/"]}]},{"@type":"BreadcrumbList","@id":"https:\/\/zeleni-prsten.hr\/portal\/javna-nabava\/javna-objava-isplata\/#breadcrumb","itemListElement":[{"@type":"ListItem","position":1,"name":"Home","item":"https:\/\/zeleni-prsten.hr\/portal\/"},{"@type":"ListItem","position":2,"name":"Javna nabava","item":"https:\/\/zeleni-prsten.hr\/portal\/javna-nabava\/"},{"@type":"ListItem","position":3,"name":"Javna objava isplata"}]}]}},"_links":{"self":[{"href":"https:\/\/zeleni-prsten.hr\/portal\/wp-json\/wp\/v2\/pages\/16128"}],"collection":[{"href":"https:\/\/zeleni-prsten.hr\/portal\/wp-json\/wp\/v2\/pages"}],"about":[{"href":"https:\/\/zeleni-prsten.hr\/portal\/wp-json\/wp\/v2\/types\/page"}],"author":[{"embeddable":true,"href":"https:\/\/zeleni-prsten.hr\/portal\/wp-json\/wp\/v2\/users\/1"}],"replies":[{"embeddable":true,"href":"https:\/\/zeleni-prsten.hr\/portal\/wp-json\/wp\/v2\/comments?post=16128"}],"version-history":[{"count":34,"href":"https:\/\/zeleni-prsten.hr\/portal\/wp-json\/wp\/v2\/pages\/16128\/revisions"}],"predecessor-version":[{"id":18585,"href":"https:\/\/zeleni-prsten.hr\/portal\/wp-json\/wp\/v2\/pages\/16128\/revisions\/18585"}],"up":[{"embeddable":true,"href":"https:\/\/zeleni-prsten.hr\/portal\/wp-json\/wp\/v2\/pages\/3511"}],"wp:featuredmedia":[{"embeddable":true,"href":"https:\/\/zeleni-prsten.hr\/portal\/wp-json\/wp\/v2\/media\/16137"}],"wp:attachment":[{"href":"https:\/\/zeleni-prsten.hr\/portal\/wp-json\/wp\/v2\/media?parent=16128"}],"curies":[{"name":"wp","href":"https:\/\/api.w.org\/{rel}","templated":true}]}}