{"id":2433,"date":"2020-02-17T22:44:07","date_gmt":"2020-02-17T21:44:07","guid":{"rendered":"http:\/\/zeleni-prsten.hr\/portal\/?page_id=2433"},"modified":"2025-12-31T09:02:34","modified_gmt":"2025-12-31T08:02:34","slug":"o-nama","status":"publish","type":"page","link":"https:\/\/zeleni-prsten.hr\/portal\/o-nama\/","title":{"rendered":"O nama"},"content":{"rendered":"<p>[vc_row][vc_column]<div class=\"ult-spacer spacer-69e163d90e05c\" data-id=\"69e163d90e05c\" data-height=\"60\" data-height-mobile=\"20\" data-height-tab=\"50\" data-height-tab-portrait=\"40\" data-height-mobile-landscape=\"25\" style=\"clear:both;display:block;\"><\/div>[vc_column_text]<\/p>\n<p>Zagreba\u010dka \u017eupanija vode\u0107a je inovativna gospodarska \u017eupanija \u010diji se razvoj temelji na dru\u0161tvu znanja, prepoznatljivoj i o\u010duvanoj kulturnoj i prirodnoj ba\u0161tini, privla\u010dnosti za rad, boravak i \u017eivljenje, a povezana je skladno s razvojem Grada Zagreba.<\/p>\n<p>[\/vc_column_text][vc_text_separator title=&#8221;VIZIJA&#8221; color=&#8221;sandy_brown&#8221; style=&#8221;double&#8221; border_width=&#8221;2&#8243; el_width=&#8221;80&#8243;][vc_column_text]<\/p>\n<p>Vizija JU Zeleni prsten Zagreba\u010dke \u017eupanije je potaknuti procese za\u0161tite, odr\u017eavanja i promicanja za\u0161ti\u0107enih podru\u010dja Zagreba\u010dke \u017eupanije u cilju za\u0161tite i o\u010duvanja izvornosti prirode, osiguravanja neometanog odvijanja prirodnih procesa i odr\u017eivog kori\u0161tenja prirodnih dobara u odnosu na izazove globalizacije, ekolo\u0161kih i klimatskih izazova pred za\u0161titom prirode i okoli\u0161a.<\/p>\n<p>[\/vc_column_text][vc_text_separator title=&#8221;MISIJA&#8221; color=&#8221;sandy_brown&#8221; style=&#8221;double&#8221; border_width=&#8221;2&#8243; el_width=&#8221;80&#8243;][vc_column_text]<\/p>\n<p>Misija JU Zeleni prsten Zagreba\u010dke \u017eupanije je razvijanje vrsnosti stru\u010dnog i istra\u017eiva\u010dkog rada u prikupljanju podataka u svrhu pra\u0107enja stanja o\u010duvanosti prirode na podru\u010dju \u017dupanije u vidu monitoringa, u podru\u010dju nadzora provo\u0111enja uvjeta i mjera za\u0161tite prirode, o\u010duvanja podru\u010dja ekolo\u0161ke mre\u017ee te prijenosa znanja i osvje\u0161\u0107ivanja iz podru\u010dja za\u0161tite prirode i okoli\u0161a lokalnog stanovni\u0161tva i svih dionika.<\/p>\n<p>[\/vc_column_text][vc_text_separator title=&#8221;CILJEVI&#8221; color=&#8221;sandy_brown&#8221; style=&#8221;double&#8221; border_width=&#8221;2&#8243; el_width=&#8221;80&#8243;][vc_column_text]<\/p>\n<p>Op\u0107i ciljevi JU Zeleni prsten Zagreba\u010dke \u017eupanije su:<\/p>\n<ul>\n<li>o\u010duvanje bogate prirodne ba\u0161tine,<\/li>\n<li>kori\u0161tenje EU fondova u svrhu pobolj\u0161anja procesa za\u0161tita, odr\u017eavanja i promicanja za\u0161ti\u0107enih podru\u010dja<\/li>\n<li>razvoj JU Zeleni prsten u pravcu stru\u010dno &#8211; znanstvene ustanove.<\/li>\n<\/ul>\n<p>&nbsp;<\/p>\n<p>Posebni ciljeve, odnosno mjere kroz koje se ostvaruju op\u0107i ciljevi su:<\/p>\n<ul>\n<li>uspostava i upravljanje za\u0161ti\u0107enim dijelovima prirode;<\/li>\n<li>za\u0161tita i odr\u017eivo kori\u0161tenje prirodne ba\u0161tine;<\/li>\n<li>edukacija, komunikacija i suradnja s lokalnim stanovni\u0161tvom;<\/li>\n<li>promocija za\u0161ti\u0107enih podru\u010dja Zagreba\u010dke \u017eupanije;<\/li>\n<li>osmi\u0161ljavanje ekoturisti\u010dke edukativne ponude temeljene na prirodnoj ba\u0161tini.<\/li>\n<\/ul>\n<p>[\/vc_column_text][vc_text_separator title=&#8221;DJELATNOSTI&#8221; color=&#8221;sandy_brown&#8221; style=&#8221;double&#8221; border_width=&#8221;2&#8243; el_width=&#8221;80&#8243;][vc_column_text]<\/p>\n<p>Djelatnosti Ustanove obuhva\u0107aju obavljanje poslova i istra\u017eivanja vezanih uz za\u0161titu, odr\u017eavanje i promicanje za\u0161ti\u0107enih podru\u010dja Zagreba\u010dke \u017eupanije u cilju za\u0161tite i o\u010duvanja izvornosti prirode, osiguravanja neometanog odvijanja prirodnih procesa i odr\u017eivog kori\u0161tenja prirodnih dobara te nadziranja prirodnih vrijednosti u Zagreba\u010dkoj \u017eupaniji provo\u0111enja uvjeta i mjera za\u0161tite prirode.<\/p>\n<p>[\/vc_column_text][vc_text_separator title=&#8221;USTROJSTVO&#8221; color=&#8221;sandy_brown&#8221; style=&#8221;double&#8221; border_width=&#8221;2&#8243; el_width=&#8221;80&#8243;][vc_column_text]<\/p>\n<p><strong>Tijela ustanove<\/strong><\/p>\n<p>Temeljem Statuta tijela Ustanove su Upravno vije\u0107e i ravnatelj. Upravno vije\u0107e upravlja Ustanovom, a ravnatelj je voditelj Ustanove.<\/p>\n<p>[\/vc_column_text][vc_row_inner][vc_column_inner width=&#8221;1\/2&#8243;][vc_column_text]<strong>\u010clanovi upravnog vije\u0107a<\/strong><br \/>\nStjepan Esih, upr.iur. \u2013 predsjednik<br \/>\nNino Vrban<br \/>\nMarin \u017dafran<br \/>\nTomislav Gre\u017eina<br \/>\nZdenko Tubikanec[\/vc_column_text][\/vc_column_inner][vc_column_inner width=&#8221;1\/2&#8243;][vc_column_text]<strong>Ravnateljica<\/strong><br \/>\ndr.sc. Tatjana Masten Milek, znanstveni suradnik[\/vc_column_text][\/vc_column_inner][\/vc_row_inner][vc_column_text]<\/p>\n<h4><strong>Ustroj ustanove<\/strong><\/h4>\n<p>Djelatnosti JU Zeleni prsten Zagreba\u010dke \u017eupanije obavljaju se kroz 3 ustrojstvene jedinice: Ured ravnatelja, Stru\u010dna slu\u017eba i \u010cuvarska slu\u017eba.<\/p>\n<p><strong>Ured ravnatelja<\/strong>&nbsp;upravlja i koordinira rad svih slu\u017ebi te obavlja op\u0107e, administrativne i stru\u010dne poslove, odnose s javno\u0161\u0107u, poslove javnog informiranja te protokolarne poslove, komunicira i sura\u0111uje s tijelima dr\u017eavne uprave, regionalne i lokalne samouprave te s institucijama iz inozemstva.<\/p>\n<p><strong>Stru\u010dna slu\u017eba<\/strong>&nbsp;obavlja poslove koji se odnose na za\u0161titu, pra\u0107enje stanja, odr\u017eavanje i promicanje za\u0161ti\u0107enih podru\u010dja, dijela ekolo\u0161ke mre\u017ee Natura 2000 i ostalih prirodnih vrijednosti, a sve u cilju za\u0161tite i o\u010duvanja izvornosti prirode, osiguravanja neometanog odvijanja prirodnih procesa i odr\u017eivog kori\u0161tenja prirodnih dobara.<\/p>\n<p><strong>Slu\u017eba \u010duvara prirode<\/strong>&nbsp;obavlja poslove nadzora i provo\u0111enja uvjeta i mjera za\u0161tite prirode u za\u0161ti\u0107enim podru\u010djima te dijelu ekolo\u0161ke mre\u017ee Natura 2000 kojom Ustanova upravlja.[\/vc_column_text][vc_text_separator title=&#8221;KONTAKTI&#8221; color=&#8221;sandy_brown&#8221; style=&#8221;double&#8221; border_width=&#8221;2&#8243; el_width=&#8221;80&#8243;][vc_column_text]<strong>JAVNA USTANOVA ZELENI PRSTEN <\/strong><strong>ZAGREBA\u010cKE \u017dUPANIJE&nbsp; &nbsp; &nbsp; &nbsp; &nbsp; &nbsp; &nbsp; &nbsp; &nbsp; &nbsp; &nbsp; &nbsp; &nbsp; &nbsp; &nbsp; &nbsp; &nbsp; &nbsp; &nbsp; &nbsp; &nbsp; &nbsp; &nbsp; &nbsp; &nbsp; &nbsp; &nbsp; &nbsp; &nbsp; &nbsp; &nbsp; &nbsp; &nbsp; &nbsp; &nbsp; &nbsp; &nbsp; &nbsp; &nbsp; &nbsp; &nbsp; &nbsp; &nbsp; &nbsp; &nbsp; &nbsp; &nbsp; &nbsp; &nbsp; &nbsp; &nbsp; &nbsp; &nbsp; &nbsp; &nbsp; &nbsp; &nbsp; &nbsp; &nbsp; &nbsp; &nbsp; &nbsp; &nbsp; &nbsp; &nbsp; &nbsp; &nbsp; &nbsp; &nbsp; &nbsp; &nbsp; &nbsp; &nbsp; &nbsp; &nbsp; <\/strong>151. samoborske brigade HV 1,&nbsp;10430 Samobor<br \/>\nTel: <a href=\"tel:+38516111552\">+385 1 6111 552<\/a><br \/>\nE-mail:&nbsp;<a href=\"mailto:info@zeleni-prsten.hr\">info@zeleni-prsten.hr<br \/>\n<\/a>OIB: 30375380377<br \/>\nIBAN: HR 14 2340009 1110342778<\/p>\n<p><!-- \/wp:paragraph -->[\/vc_column_text][vc_row_inner][vc_column_inner width=&#8221;1\/3&#8243;][vc_column_text]<strong>URED RAVNATELJA<\/strong><\/p>\n<p><strong>Ravnateljica:<\/strong><br \/>\ndr.sc. Tatjana Masten Milek, znanstveni suradnik<br \/>\ne-mail: <a href=\"mailto:tatjana.masten.milek@zeleni-prsten.hr\">tatjana.masten.milek@zeleni-prsten.hr<\/a><\/p>\n<p><strong>Vi\u0161i stru\u010dni savjetnik za op\u0107e poslove<\/strong><br \/>\nMaja Pintar, mag.geogr.<br \/>\nmob: <a href=\"tel:+385993375133\">+385(0)99 3375 133<\/a><br \/>\ne-mail: <a href=\"mailto:maja@zeleni-prsten.hr\">maja@zeleni-prsten.hr<\/a><\/p>\n<p><strong>Suradnica za promid\u017ebu i komunikaciju<\/strong><br \/>\n\u017deljka \u0160abari\u0107, bacc.oec<br \/>\nmob: <a href=\"tel:+385993375134\">+385(0)99 3375 134<\/a><br \/>\ne-mail: <a href=\"mailto:zeljka@zeleni-prsten.hr\">zeljka@zeleni-prsten.hr<\/a>[\/vc_column_text][\/vc_column_inner][vc_column_inner width=&#8221;1\/3&#8243;][vc_column_text]<strong>STRU\u010cNA SLU\u017dBA<\/strong><\/p>\n<p><strong>Voditelj projekata:<\/strong><br \/>\nLuka Basrek, mag. oecol. et prot. nat.<br \/>\nmob: <a href=\"tel:+385993375135\">+385(0)99 3375 135<\/a><br \/>\ne-mail: <a href=\"mailto:luka@zeleni-prsten.hr\">luka@zeleni-prsten.hr<\/a><\/p>\n<p><strong>Vi\u0161i stru\u010dni savjetnik<\/strong><br \/>\nBoris Geren\u010devi\u0107, dip. ing. agr.<br \/>\nmob: <a href=\"tel:+385993375136\">+385(0)99 3375 136<\/a><br \/>\ne-mail: <a href=\"mailto:boris@zeleni-prsten.hr\">boris@zeleni-prsten.hr<\/a><\/p>\n<p><strong>Vi\u0161a stru\u010dna savjetnica za projekte<br \/>\n<\/strong>dr.sc. Martina Kadoi\u0107 Bala\u0161ko<br \/>\nmob: <a href=\"tel: +385099 533 4575\">+385(0)99 533 4575<\/a><br \/>\ne-mail:<a href=\"mailto:martina.kadoic.balasko@zeleni-prsten.hr\">martina.kadoic.balasko@zeleni-prsten.hr&nbsp;<\/a><\/p>\n<p><strong>Stru\u010dni suradnik na projektima<br \/>\n<\/strong>Miran Lan\u0161\u0107ak, dipl. ing. \u0161um.<br \/>\nmob: <a href=\"tel: +385099 3057 151\">+385(0)99 3057 151<\/a><br \/>\n<a href=\"mailto:miran.lanscak@zeleni-prsten.hr\">e-mail:miran.lanscak@zeleni-prsten.hr<\/a><\/p>\n<p><strong>Suradnik na projektu:<br \/>\n<\/strong>Tomica Rubini\u0107<br \/>\nmob: <a href=\"tel:+385994844 663\">+385(0)99 4844 663<\/a><br \/>\ne-mail: <a href=\"mailto:tomica@zeleni-prsten.hr\">tomica@zeleni-prsten.hr<\/a><\/p>\n<p><strong>Suradnica na projektu:<br \/>\n<\/strong>Martina Debak<br \/>\nmob: <a href=\"tel:+385994844 662\">+385(0)99 4844 662<\/a><br \/>\ne-mail: <a href=\"martina.debak@zeleni-prsten.hr\">martina.debak@zeleni-prsten.hr<\/a>[\/vc_column_text][\/vc_column_inner][vc_column_inner width=&#8221;1\/3&#8243;][vc_column_text]<strong>\u010cUVARSKA SLU\u017dBA<\/strong><\/p>\n<p><strong>Glavni \u010duvar prirode<\/strong><br \/>\nDarko Slukan, dipl. soc.<br \/>\nmob: <a href=\"tel:+385993434259\">+385(0)99 3434 259<\/a><br \/>\ne-mail: <a href=\"mailto:darko.slukan@zeleni-prsten.hr\">darko.slukan@zeleni-prsten.hr<\/a>[\/vc_column_text][\/vc_column_inner][\/vc_row_inner][vc_single_image image=&#8221;16975&#8243; img_size=&#8221;large&#8221; alignment=&#8221;center&#8221; onclick=&#8221;link_image&#8221; css=&#8221;.vc_custom_1729862960288{padding-top: 3rem !important;padding-bottom: 3rem !important;}&#8221;][\/vc_column][\/vc_row]<\/p>\n","protected":false},"excerpt":{"rendered":"<p>[vc_row][vc_column][vc_column_text] Zagreba\u010dka \u017eupanija vode\u0107a je inovativna gospodarska \u017eupanija \u010diji se razvoj temelji na dru\u0161tvu znanja, prepoznatljivoj i o\u010duvanoj kulturnoj i prirodnoj ba\u0161tini, privla\u010dnosti za rad, boravak i \u017eivljenje, a povezana je skladno s razvojem Grada Zagreba. [\/vc_column_text][vc_text_separator title=&#8221;VIZIJA&#8221; color=&#8221;sandy_brown&#8221; style=&#8221;double&#8221; [&hellip;]<\/p>\n","protected":false},"author":1,"featured_media":11099,"parent":0,"menu_order":6,"comment_status":"closed","ping_status":"closed","template":"","meta":{"ngg_post_thumbnail":0},"yoast_head":"<!-- This site is optimized with the Yoast SEO plugin v18.4.1 - https:\/\/yoast.com\/wordpress\/plugins\/seo\/ -->\n<title>O nama - JU Zeleni prsten Zagreba\u010dke \u017eupanije<\/title>\n<meta name=\"robots\" content=\"index, follow, max-snippet:-1, max-image-preview:large, max-video-preview:-1\" \/>\n<link rel=\"canonical\" href=\"https:\/\/zeleni-prsten.hr\/portal\/o-nama\/\" \/>\n<meta property=\"og:locale\" content=\"hr_HR\" \/>\n<meta property=\"og:type\" content=\"article\" \/>\n<meta property=\"og:title\" content=\"O nama - JU Zeleni prsten Zagreba\u010dke \u017eupanije\" \/>\n<meta property=\"og:description\" content=\"[vc_row][vc_column][vc_column_text] Zagreba\u010dka \u017eupanija vode\u0107a je inovativna gospodarska \u017eupanija \u010diji se razvoj temelji na dru\u0161tvu znanja, prepoznatljivoj i o\u010duvanoj kulturnoj i prirodnoj ba\u0161tini, privla\u010dnosti za rad, boravak i \u017eivljenje, a povezana je skladno s razvojem Grada Zagreba. [\/vc_column_text][vc_text_separator title=&#8221;VIZIJA&#8221; color=&#8221;sandy_brown&#8221; style=&#8221;double&#8221; [&hellip;]\" \/>\n<meta property=\"og:url\" content=\"https:\/\/zeleni-prsten.hr\/portal\/o-nama\/\" \/>\n<meta property=\"og:site_name\" content=\"JU Zeleni prsten Zagreba\u010dke \u017eupanije\" \/>\n<meta property=\"article:modified_time\" content=\"2025-12-31T08:02:34+00:00\" \/>\n<meta property=\"og:image\" content=\"https:\/\/zeleni-prsten.hr\/portal\/wp-content\/uploads\/2022\/02\/contact-us-icons-print-screen-wooden-sphere-such-as-call-mail-address-message-customer-service-self-support-work-from-home-wfh-due-corona-virus-covid19-pandemic-by-3d-render.jpg\" \/>\n\t<meta property=\"og:image:width\" content=\"1920\" \/>\n\t<meta property=\"og:image:height\" content=\"768\" \/>\n\t<meta property=\"og:image:type\" content=\"image\/jpeg\" \/>\n<meta name=\"twitter:card\" content=\"summary_large_image\" \/>\n<meta name=\"twitter:label1\" content=\"Procijenjeno vrijeme \u010ditanja\" \/>\n\t<meta name=\"twitter:data1\" content=\"4 minute\" \/>\n<script type=\"application\/ld+json\" class=\"yoast-schema-graph\">{\"@context\":\"https:\/\/schema.org\",\"@graph\":[{\"@type\":\"WebSite\",\"@id\":\"https:\/\/zeleni-prsten.hr\/portal\/#website\",\"url\":\"https:\/\/zeleni-prsten.hr\/portal\/\",\"name\":\"JU Zeleni prsten Zagreba\u010dke \u017eupanije\",\"description\":\"JU Zeleni prsten Zagreba\u010dke \u017eupanije\",\"potentialAction\":[{\"@type\":\"SearchAction\",\"target\":{\"@type\":\"EntryPoint\",\"urlTemplate\":\"https:\/\/zeleni-prsten.hr\/portal\/?s={search_term_string}\"},\"query-input\":\"required name=search_term_string\"}],\"inLanguage\":\"hr\"},{\"@type\":\"ImageObject\",\"@id\":\"https:\/\/zeleni-prsten.hr\/portal\/o-nama\/#primaryimage\",\"inLanguage\":\"hr\",\"url\":\"https:\/\/zeleni-prsten.hr\/portal\/wp-content\/uploads\/2022\/02\/contact-us-icons-print-screen-wooden-sphere-such-as-call-mail-address-message-customer-service-self-support-work-from-home-wfh-due-corona-virus-covid19-pandemic-by-3d-render.jpg\",\"contentUrl\":\"https:\/\/zeleni-prsten.hr\/portal\/wp-content\/uploads\/2022\/02\/contact-us-icons-print-screen-wooden-sphere-such-as-call-mail-address-message-customer-service-self-support-work-from-home-wfh-due-corona-virus-covid19-pandemic-by-3d-render.jpg\",\"width\":1920,\"height\":768},{\"@type\":\"WebPage\",\"@id\":\"https:\/\/zeleni-prsten.hr\/portal\/o-nama\/#webpage\",\"url\":\"https:\/\/zeleni-prsten.hr\/portal\/o-nama\/\",\"name\":\"O nama - JU Zeleni prsten Zagreba\u010dke \u017eupanije\",\"isPartOf\":{\"@id\":\"https:\/\/zeleni-prsten.hr\/portal\/#website\"},\"primaryImageOfPage\":{\"@id\":\"https:\/\/zeleni-prsten.hr\/portal\/o-nama\/#primaryimage\"},\"datePublished\":\"2020-02-17T21:44:07+00:00\",\"dateModified\":\"2025-12-31T08:02:34+00:00\",\"breadcrumb\":{\"@id\":\"https:\/\/zeleni-prsten.hr\/portal\/o-nama\/#breadcrumb\"},\"inLanguage\":\"hr\",\"potentialAction\":[{\"@type\":\"ReadAction\",\"target\":[\"https:\/\/zeleni-prsten.hr\/portal\/o-nama\/\"]}]},{\"@type\":\"BreadcrumbList\",\"@id\":\"https:\/\/zeleni-prsten.hr\/portal\/o-nama\/#breadcrumb\",\"itemListElement\":[{\"@type\":\"ListItem\",\"position\":1,\"name\":\"Home\",\"item\":\"https:\/\/zeleni-prsten.hr\/portal\/\"},{\"@type\":\"ListItem\",\"position\":2,\"name\":\"O nama\"}]}]}<\/script>\n<!-- \/ Yoast SEO plugin. -->","yoast_head_json":{"title":"O nama - JU Zeleni prsten Zagreba\u010dke \u017eupanije","robots":{"index":"index","follow":"follow","max-snippet":"max-snippet:-1","max-image-preview":"max-image-preview:large","max-video-preview":"max-video-preview:-1"},"canonical":"https:\/\/zeleni-prsten.hr\/portal\/o-nama\/","og_locale":"hr_HR","og_type":"article","og_title":"O nama - JU Zeleni prsten Zagreba\u010dke \u017eupanije","og_description":"[vc_row][vc_column][vc_column_text] Zagreba\u010dka \u017eupanija vode\u0107a je inovativna gospodarska \u017eupanija \u010diji se razvoj temelji na dru\u0161tvu znanja, prepoznatljivoj i o\u010duvanoj kulturnoj i prirodnoj ba\u0161tini, privla\u010dnosti za rad, boravak i \u017eivljenje, a povezana je skladno s razvojem Grada Zagreba. [\/vc_column_text][vc_text_separator title=&#8221;VIZIJA&#8221; color=&#8221;sandy_brown&#8221; style=&#8221;double&#8221; [&hellip;]","og_url":"https:\/\/zeleni-prsten.hr\/portal\/o-nama\/","og_site_name":"JU Zeleni prsten Zagreba\u010dke \u017eupanije","article_modified_time":"2025-12-31T08:02:34+00:00","og_image":[{"width":1920,"height":768,"url":"https:\/\/zeleni-prsten.hr\/portal\/wp-content\/uploads\/2022\/02\/contact-us-icons-print-screen-wooden-sphere-such-as-call-mail-address-message-customer-service-self-support-work-from-home-wfh-due-corona-virus-covid19-pandemic-by-3d-render.jpg","type":"image\/jpeg"}],"twitter_card":"summary_large_image","twitter_misc":{"Procijenjeno vrijeme \u010ditanja":"4 minute"},"schema":{"@context":"https:\/\/schema.org","@graph":[{"@type":"WebSite","@id":"https:\/\/zeleni-prsten.hr\/portal\/#website","url":"https:\/\/zeleni-prsten.hr\/portal\/","name":"JU Zeleni prsten Zagreba\u010dke \u017eupanije","description":"JU Zeleni prsten Zagreba\u010dke \u017eupanije","potentialAction":[{"@type":"SearchAction","target":{"@type":"EntryPoint","urlTemplate":"https:\/\/zeleni-prsten.hr\/portal\/?s={search_term_string}"},"query-input":"required name=search_term_string"}],"inLanguage":"hr"},{"@type":"ImageObject","@id":"https:\/\/zeleni-prsten.hr\/portal\/o-nama\/#primaryimage","inLanguage":"hr","url":"https:\/\/zeleni-prsten.hr\/portal\/wp-content\/uploads\/2022\/02\/contact-us-icons-print-screen-wooden-sphere-such-as-call-mail-address-message-customer-service-self-support-work-from-home-wfh-due-corona-virus-covid19-pandemic-by-3d-render.jpg","contentUrl":"https:\/\/zeleni-prsten.hr\/portal\/wp-content\/uploads\/2022\/02\/contact-us-icons-print-screen-wooden-sphere-such-as-call-mail-address-message-customer-service-self-support-work-from-home-wfh-due-corona-virus-covid19-pandemic-by-3d-render.jpg","width":1920,"height":768},{"@type":"WebPage","@id":"https:\/\/zeleni-prsten.hr\/portal\/o-nama\/#webpage","url":"https:\/\/zeleni-prsten.hr\/portal\/o-nama\/","name":"O nama - JU Zeleni prsten Zagreba\u010dke \u017eupanije","isPartOf":{"@id":"https:\/\/zeleni-prsten.hr\/portal\/#website"},"primaryImageOfPage":{"@id":"https:\/\/zeleni-prsten.hr\/portal\/o-nama\/#primaryimage"},"datePublished":"2020-02-17T21:44:07+00:00","dateModified":"2025-12-31T08:02:34+00:00","breadcrumb":{"@id":"https:\/\/zeleni-prsten.hr\/portal\/o-nama\/#breadcrumb"},"inLanguage":"hr","potentialAction":[{"@type":"ReadAction","target":["https:\/\/zeleni-prsten.hr\/portal\/o-nama\/"]}]},{"@type":"BreadcrumbList","@id":"https:\/\/zeleni-prsten.hr\/portal\/o-nama\/#breadcrumb","itemListElement":[{"@type":"ListItem","position":1,"name":"Home","item":"https:\/\/zeleni-prsten.hr\/portal\/"},{"@type":"ListItem","position":2,"name":"O nama"}]}]}},"_links":{"self":[{"href":"https:\/\/zeleni-prsten.hr\/portal\/wp-json\/wp\/v2\/pages\/2433"}],"collection":[{"href":"https:\/\/zeleni-prsten.hr\/portal\/wp-json\/wp\/v2\/pages"}],"about":[{"href":"https:\/\/zeleni-prsten.hr\/portal\/wp-json\/wp\/v2\/types\/page"}],"author":[{"embeddable":true,"href":"https:\/\/zeleni-prsten.hr\/portal\/wp-json\/wp\/v2\/users\/1"}],"replies":[{"embeddable":true,"href":"https:\/\/zeleni-prsten.hr\/portal\/wp-json\/wp\/v2\/comments?post=2433"}],"version-history":[{"count":48,"href":"https:\/\/zeleni-prsten.hr\/portal\/wp-json\/wp\/v2\/pages\/2433\/revisions"}],"predecessor-version":[{"id":18322,"href":"https:\/\/zeleni-prsten.hr\/portal\/wp-json\/wp\/v2\/pages\/2433\/revisions\/18322"}],"wp:featuredmedia":[{"embeddable":true,"href":"https:\/\/zeleni-prsten.hr\/portal\/wp-json\/wp\/v2\/media\/11099"}],"wp:attachment":[{"href":"https:\/\/zeleni-prsten.hr\/portal\/wp-json\/wp\/v2\/media?parent=2433"}],"curies":[{"name":"wp","href":"https:\/\/api.w.org\/{rel}","templated":true}]}}