{"id":2456,"date":"2020-03-15T11:03:35","date_gmt":"2020-03-15T10:03:35","guid":{"rendered":"http:\/\/zeleni-prsten.hr\/portal\/?page_id=2456"},"modified":"2021-03-25T18:00:32","modified_gmt":"2021-03-25T17:00:32","slug":"fotografije","status":"publish","type":"page","link":"https:\/\/zeleni-prsten.hr\/portal\/fotografije\/","title":{"rendered":"Fotografije"},"content":{"rendered":"<p>[vc_row][vc_column]<div class=\"ult-spacer spacer-69e4b4825fd4b\" data-id=\"69e4b4825fd4b\" data-height=\"60\" data-height-mobile=\"20\" data-height-tab=\"40\" data-height-tab-portrait=\"30\" data-height-mobile-landscape=\"25\" style=\"clear:both;display:block;\"><\/div>\n<p><div class=\"ngg-albumoverview default-view\">\n            <div class=\"ngg-album-compact\">\n            <div class=\"ngg-album-compactbox\">\n                <div class=\"ngg-album-link\">\n                                                                <a title='Za\u0161ti\u0107ena podru\u010dja'\n                       href='https:\/\/zeleni-prsten.hr\/portal\/fotografije\/zasticena-podrucja\/'>\n                            <img class=\"Thumb\"\n                                 alt=\"Za\u0161ti\u0107ena podru\u010dja\"\n                                 src=\"https:\/\/zeleni-prsten.hr\/portal\/wp-content\/gallery\/zasticena-podrucja\/cache\/Posebni-botanicki-rezervat-Brezuljak-kod-Smerovisca.JPG-nggid0228-ngg0dyn-480x360x100-00f0w010c010r110f110r010t010.JPG\"\/>\n                        <\/a>\n                                                        <\/div>\n            <\/div>\n                        <h4>\n                <a class='ngg-album-desc' title='Za\u0161ti\u0107ena podru\u010dja'\n                       href='https:\/\/zeleni-prsten.hr\/portal\/fotografije\/zasticena-podrucja\/'style=\"max-width: 500px\">Za\u0161ti\u0107ena podru\u010dja<\/a>\n            <\/h4>\n            <p class=\"ngg-album-gallery-image-counter\">\n                                    <strong>22<\/strong>&nbsp;Photos                            <\/p>\n        <\/div>\n            <div class=\"ngg-album-compact\">\n            <div class=\"ngg-album-compactbox\">\n                <div class=\"ngg-album-link\">\n                                                                <a title='Natura 2000 podru\u010dja'\n                       href='https:\/\/zeleni-prsten.hr\/portal\/fotografije\/natura-2000-podrucja\/'>\n                            <img class=\"Thumb\"\n                                 alt=\"Natura 2000 podru\u010dja\"\n                                 src=\"https:\/\/zeleni-prsten.hr\/portal\/wp-content\/gallery\/natura-2000-podrucja\/cache\/Ribnjaci-uz-Cesmu.jpg-nggid0255-ngg0dyn-480x360x100-00f0w010c010r110f110r010t010.jpg\"\/>\n                        <\/a>\n                                                        <\/div>\n            <\/div>\n                        <h4>\n                <a class='ngg-album-desc' title='Natura 2000 podru\u010dja'\n                       href='https:\/\/zeleni-prsten.hr\/portal\/fotografije\/natura-2000-podrucja\/'style=\"max-width: 500px\">Natura 2000 podru\u010dja<\/a>\n            <\/h4>\n            <p class=\"ngg-album-gallery-image-counter\">\n                                    <strong>18<\/strong>&nbsp;Photos                            <\/p>\n        <\/div>\n            <div class=\"ngg-album-compact\">\n            <div class=\"ngg-album-compactbox\">\n                <div class=\"ngg-album-link\">\n                                                                <a title='Proljetnice Zagreba\u010dke \u017eupanije'\n                       href='https:\/\/zeleni-prsten.hr\/portal\/fotografije\/proljetnice-zagrebacke-zupanije\/'>\n                            <img class=\"Thumb\"\n                                 alt=\"Proljetnice Zagreba\u010dke \u017eupanije\"\n                                 src=\"https:\/\/zeleni-prsten.hr\/portal\/wp-content\/gallery\/proljetnice-zagrebacke-zupanije\/cache\/Bijela-sumarica-.JPG-nggid0261-ngg0dyn-480x360x100-00f0w010c010r110f110r010t010.JPG\"\/>\n                        <\/a>\n                                                        <\/div>\n            <\/div>\n                        <h4>\n                <a class='ngg-album-desc' title='Proljetnice Zagreba\u010dke \u017eupanije'\n                       href='https:\/\/zeleni-prsten.hr\/portal\/fotografije\/proljetnice-zagrebacke-zupanije\/'style=\"max-width: 500px\">Proljetnice Zagreba\u010dke \u017eupanije<\/a>\n            <\/h4>\n            <p class=\"ngg-album-gallery-image-counter\">\n                                    <strong>18<\/strong>&nbsp;Photos                            <\/p>\n        <\/div>\n            <div class=\"ngg-album-compact\">\n            <div class=\"ngg-album-compactbox\">\n                <div class=\"ngg-album-link\">\n                                                                <a title='Kornja\u0161i Zagreba\u010dke \u017eupanije'\n                       href='https:\/\/zeleni-prsten.hr\/portal\/fotografije\/kornjasi-zagrebacke-zupanije\/'>\n                            <img class=\"Thumb\"\n                                 alt=\"Kornja\u0161i Zagreba\u010dke \u017eupanije\"\n                                 src=\"https:\/\/zeleni-prsten.hr\/portal\/wp-content\/gallery\/kornjasi-zagrebacke-zupanije\/cache\/Kvocka-Tomica-Rubinic.JPG-nggid0278-ngg0dyn-480x360x100-00f0w010c010r110f110r010t010.JPG\"\/>\n                        <\/a>\n                                                        <\/div>\n            <\/div>\n                        <h4>\n                <a class='ngg-album-desc' title='Kornja\u0161i Zagreba\u010dke \u017eupanije'\n                       href='https:\/\/zeleni-prsten.hr\/portal\/fotografije\/kornjasi-zagrebacke-zupanije\/'style=\"max-width: 500px\">Kornja\u0161i Zagreba\u010dke \u017eupanije<\/a>\n            <\/h4>\n            <p class=\"ngg-album-gallery-image-counter\">\n                                    <strong>12<\/strong>&nbsp;Photos                            <\/p>\n        <\/div>\n            <div class=\"ngg-album-compact\">\n            <div class=\"ngg-album-compactbox\">\n                <div class=\"ngg-album-link\">\n                                                                <a title='Ptice Zagreba\u010dke \u017eupanije'\n                       href='https:\/\/zeleni-prsten.hr\/portal\/fotografije\/ptice-zagrebacke-zupanije\/'>\n                            <img class=\"Thumb\"\n                                 alt=\"Ptice Zagreba\u010dke \u017eupanije\"\n                                 src=\"https:\/\/zeleni-prsten.hr\/portal\/wp-content\/gallery\/ptice-zagrebacke-zupanije\/cache\/Sjenica-mosnjarka-Tomica-Rubinic.JPG-nggid0289-ngg0dyn-480x360x100-00f0w010c010r110f110r010t010.JPG\"\/>\n                        <\/a>\n                                                        <\/div>\n            <\/div>\n                        <h4>\n                <a class='ngg-album-desc' title='Ptice Zagreba\u010dke \u017eupanije'\n                       href='https:\/\/zeleni-prsten.hr\/portal\/fotografije\/ptice-zagrebacke-zupanije\/'style=\"max-width: 500px\">Ptice Zagreba\u010dke \u017eupanije<\/a>\n            <\/h4>\n            <p class=\"ngg-album-gallery-image-counter\">\n                                    <strong>10<\/strong>&nbsp;Photos                            <\/p>\n        <\/div>\n            <div class=\"ngg-album-compact\">\n            <div class=\"ngg-album-compactbox\">\n                <div class=\"ngg-album-link\">\n                                                                <a title='Vodozemci i gmazovi Zagreba\u010dke \u017eupanije'\n                       href='https:\/\/zeleni-prsten.hr\/portal\/fotografije\/vodozemci-i-gmazovi-zagrebacke-zupanije\/'>\n                            <img class=\"Thumb\"\n                                 alt=\"Vodozemci i gmazovi Zagreba\u010dke \u017eupanije\"\n                                 src=\"https:\/\/zeleni-prsten.hr\/portal\/wp-content\/gallery\/vodozemci-i-gmazovi-zagrebacke-zupanije\/cache\/Mocvarna-smeda-zaba-Tomica-Rubinic.jpg-nggid0299-ngg0dyn-480x360x100-00f0w010c010r110f110r010t010.jpg\"\/>\n                        <\/a>\n                                                        <\/div>\n            <\/div>\n                        <h4>\n                <a class='ngg-album-desc' title='Vodozemci i gmazovi Zagreba\u010dke \u017eupanije'\n                       href='https:\/\/zeleni-prsten.hr\/portal\/fotografije\/vodozemci-i-gmazovi-zagrebacke-zupanije\/'style=\"max-width: 500px\">Vodozemci i gmazovi Zagreba\u010dke \u017eupanije<\/a>\n            <\/h4>\n            <p class=\"ngg-album-gallery-image-counter\">\n                                    <strong>9<\/strong>&nbsp;Photos                            <\/p>\n        <\/div>\n        <br class=\"ngg-clear\"\/>\n    <div class='ngg-clear'><\/div><\/div>\n[\/vc_column][\/vc_row]<\/p>\n","protected":false},"excerpt":{"rendered":"<p>[vc_row][vc_column] [\/vc_column][\/vc_row]<\/p>\n","protected":false},"author":1,"featured_media":3382,"parent":0,"menu_order":9,"comment_status":"closed","ping_status":"closed","template":"","meta":{"ngg_post_thumbnail":0},"yoast_head":"<!-- This site is optimized with the Yoast SEO plugin v18.4.1 - https:\/\/yoast.com\/wordpress\/plugins\/seo\/ -->\n<title>Fotografije - JU Zeleni prsten Zagreba\u010dke \u017eupanije<\/title>\n<meta name=\"robots\" content=\"index, follow, max-snippet:-1, max-image-preview:large, max-video-preview:-1\" \/>\n<link rel=\"canonical\" href=\"https:\/\/zeleni-prsten.hr\/portal\/fotografije\/\" \/>\n<meta property=\"og:locale\" content=\"hr_HR\" \/>\n<meta property=\"og:type\" content=\"article\" \/>\n<meta property=\"og:title\" content=\"Fotografije - JU Zeleni prsten Zagreba\u010dke \u017eupanije\" \/>\n<meta property=\"og:description\" content=\"[vc_row][vc_column] [\/vc_column][\/vc_row]\" \/>\n<meta property=\"og:url\" content=\"https:\/\/zeleni-prsten.hr\/portal\/fotografije\/\" \/>\n<meta property=\"og:site_name\" content=\"JU Zeleni prsten Zagreba\u010dke \u017eupanije\" \/>\n<meta property=\"article:modified_time\" content=\"2021-03-25T17:00:32+00:00\" \/>\n<meta property=\"og:image\" content=\"https:\/\/zeleni-prsten.hr\/portal\/wp-content\/uploads\/2021\/03\/4978434831_755687e1d2_b.jpg\" \/>\n\t<meta property=\"og:image:width\" content=\"1024\" \/>\n\t<meta property=\"og:image:height\" content=\"640\" \/>\n\t<meta property=\"og:image:type\" content=\"image\/jpeg\" \/>\n<meta name=\"twitter:card\" content=\"summary_large_image\" \/>\n<script type=\"application\/ld+json\" class=\"yoast-schema-graph\">{\"@context\":\"https:\/\/schema.org\",\"@graph\":[{\"@type\":\"WebSite\",\"@id\":\"https:\/\/zeleni-prsten.hr\/portal\/#website\",\"url\":\"https:\/\/zeleni-prsten.hr\/portal\/\",\"name\":\"JU Zeleni prsten Zagreba\u010dke \u017eupanije\",\"description\":\"JU Zeleni prsten Zagreba\u010dke \u017eupanije\",\"potentialAction\":[{\"@type\":\"SearchAction\",\"target\":{\"@type\":\"EntryPoint\",\"urlTemplate\":\"https:\/\/zeleni-prsten.hr\/portal\/?s={search_term_string}\"},\"query-input\":\"required name=search_term_string\"}],\"inLanguage\":\"hr\"},{\"@type\":\"ImageObject\",\"@id\":\"https:\/\/zeleni-prsten.hr\/portal\/fotografije\/#primaryimage\",\"inLanguage\":\"hr\",\"url\":\"https:\/\/zeleni-prsten.hr\/portal\/wp-content\/uploads\/2021\/03\/4978434831_755687e1d2_b.jpg\",\"contentUrl\":\"https:\/\/zeleni-prsten.hr\/portal\/wp-content\/uploads\/2021\/03\/4978434831_755687e1d2_b.jpg\",\"width\":1024,\"height\":640},{\"@type\":\"WebPage\",\"@id\":\"https:\/\/zeleni-prsten.hr\/portal\/fotografije\/#webpage\",\"url\":\"https:\/\/zeleni-prsten.hr\/portal\/fotografije\/\",\"name\":\"Fotografije - JU Zeleni prsten Zagreba\u010dke \u017eupanije\",\"isPartOf\":{\"@id\":\"https:\/\/zeleni-prsten.hr\/portal\/#website\"},\"primaryImageOfPage\":{\"@id\":\"https:\/\/zeleni-prsten.hr\/portal\/fotografije\/#primaryimage\"},\"datePublished\":\"2020-03-15T10:03:35+00:00\",\"dateModified\":\"2021-03-25T17:00:32+00:00\",\"breadcrumb\":{\"@id\":\"https:\/\/zeleni-prsten.hr\/portal\/fotografije\/#breadcrumb\"},\"inLanguage\":\"hr\",\"potentialAction\":[{\"@type\":\"ReadAction\",\"target\":[\"https:\/\/zeleni-prsten.hr\/portal\/fotografije\/\"]}]},{\"@type\":\"BreadcrumbList\",\"@id\":\"https:\/\/zeleni-prsten.hr\/portal\/fotografije\/#breadcrumb\",\"itemListElement\":[{\"@type\":\"ListItem\",\"position\":1,\"name\":\"Home\",\"item\":\"https:\/\/zeleni-prsten.hr\/portal\/\"},{\"@type\":\"ListItem\",\"position\":2,\"name\":\"Fotografije\"}]}]}<\/script>\n<!-- \/ Yoast SEO plugin. -->","yoast_head_json":{"title":"Fotografije - JU Zeleni prsten Zagreba\u010dke \u017eupanije","robots":{"index":"index","follow":"follow","max-snippet":"max-snippet:-1","max-image-preview":"max-image-preview:large","max-video-preview":"max-video-preview:-1"},"canonical":"https:\/\/zeleni-prsten.hr\/portal\/fotografije\/","og_locale":"hr_HR","og_type":"article","og_title":"Fotografije - JU Zeleni prsten Zagreba\u010dke \u017eupanije","og_description":"[vc_row][vc_column] [\/vc_column][\/vc_row]","og_url":"https:\/\/zeleni-prsten.hr\/portal\/fotografije\/","og_site_name":"JU Zeleni prsten Zagreba\u010dke \u017eupanije","article_modified_time":"2021-03-25T17:00:32+00:00","og_image":[{"width":1024,"height":640,"url":"https:\/\/zeleni-prsten.hr\/portal\/wp-content\/uploads\/2021\/03\/4978434831_755687e1d2_b.jpg","type":"image\/jpeg"}],"twitter_card":"summary_large_image","schema":{"@context":"https:\/\/schema.org","@graph":[{"@type":"WebSite","@id":"https:\/\/zeleni-prsten.hr\/portal\/#website","url":"https:\/\/zeleni-prsten.hr\/portal\/","name":"JU Zeleni prsten Zagreba\u010dke \u017eupanije","description":"JU Zeleni prsten Zagreba\u010dke \u017eupanije","potentialAction":[{"@type":"SearchAction","target":{"@type":"EntryPoint","urlTemplate":"https:\/\/zeleni-prsten.hr\/portal\/?s={search_term_string}"},"query-input":"required name=search_term_string"}],"inLanguage":"hr"},{"@type":"ImageObject","@id":"https:\/\/zeleni-prsten.hr\/portal\/fotografije\/#primaryimage","inLanguage":"hr","url":"https:\/\/zeleni-prsten.hr\/portal\/wp-content\/uploads\/2021\/03\/4978434831_755687e1d2_b.jpg","contentUrl":"https:\/\/zeleni-prsten.hr\/portal\/wp-content\/uploads\/2021\/03\/4978434831_755687e1d2_b.jpg","width":1024,"height":640},{"@type":"WebPage","@id":"https:\/\/zeleni-prsten.hr\/portal\/fotografije\/#webpage","url":"https:\/\/zeleni-prsten.hr\/portal\/fotografije\/","name":"Fotografije - JU Zeleni prsten Zagreba\u010dke \u017eupanije","isPartOf":{"@id":"https:\/\/zeleni-prsten.hr\/portal\/#website"},"primaryImageOfPage":{"@id":"https:\/\/zeleni-prsten.hr\/portal\/fotografije\/#primaryimage"},"datePublished":"2020-03-15T10:03:35+00:00","dateModified":"2021-03-25T17:00:32+00:00","breadcrumb":{"@id":"https:\/\/zeleni-prsten.hr\/portal\/fotografije\/#breadcrumb"},"inLanguage":"hr","potentialAction":[{"@type":"ReadAction","target":["https:\/\/zeleni-prsten.hr\/portal\/fotografije\/"]}]},{"@type":"BreadcrumbList","@id":"https:\/\/zeleni-prsten.hr\/portal\/fotografije\/#breadcrumb","itemListElement":[{"@type":"ListItem","position":1,"name":"Home","item":"https:\/\/zeleni-prsten.hr\/portal\/"},{"@type":"ListItem","position":2,"name":"Fotografije"}]}]}},"_links":{"self":[{"href":"https:\/\/zeleni-prsten.hr\/portal\/wp-json\/wp\/v2\/pages\/2456"}],"collection":[{"href":"https:\/\/zeleni-prsten.hr\/portal\/wp-json\/wp\/v2\/pages"}],"about":[{"href":"https:\/\/zeleni-prsten.hr\/portal\/wp-json\/wp\/v2\/types\/page"}],"author":[{"embeddable":true,"href":"https:\/\/zeleni-prsten.hr\/portal\/wp-json\/wp\/v2\/users\/1"}],"replies":[{"embeddable":true,"href":"https:\/\/zeleni-prsten.hr\/portal\/wp-json\/wp\/v2\/comments?post=2456"}],"version-history":[{"count":8,"href":"https:\/\/zeleni-prsten.hr\/portal\/wp-json\/wp\/v2\/pages\/2456\/revisions"}],"predecessor-version":[{"id":2991,"href":"https:\/\/zeleni-prsten.hr\/portal\/wp-json\/wp\/v2\/pages\/2456\/revisions\/2991"}],"wp:featuredmedia":[{"embeddable":true,"href":"https:\/\/zeleni-prsten.hr\/portal\/wp-json\/wp\/v2\/media\/3382"}],"wp:attachment":[{"href":"https:\/\/zeleni-prsten.hr\/portal\/wp-json\/wp\/v2\/media?parent=2456"}],"curies":[{"name":"wp","href":"https:\/\/api.w.org\/{rel}","templated":true}]}}