{"id":2835,"date":"2020-11-30T15:44:17","date_gmt":"2020-11-30T14:44:17","guid":{"rendered":"http:\/\/zeleni-prsten.hr\/portal\/?page_id=2835"},"modified":"2021-03-25T18:39:50","modified_gmt":"2021-03-25T17:39:50","slug":"aktualni-projekt","status":"publish","type":"page","link":"https:\/\/zeleni-prsten.hr\/portal\/aktualni-projekti\/aktualni-projekt\/","title":{"rendered":"SAVA TIES"},"content":{"rendered":"<p>[vc_row full_width=&#8221;stretch_row&#8221;][vc_column]<div class=\"ult-spacer spacer-69e4e6399095f\" data-id=\"69e4e6399095f\" data-height=\"250\" data-height-mobile=\"100\" data-height-tab=\"150\" data-height-tab-portrait=\"150\" data-height-mobile-landscape=\"60\" style=\"clear:both;display:block;\"><\/div>[\/vc_column][\/vc_row][vc_row full_width=&#8221;stretch_row&#8221; bg_type=&#8221;bg_color&#8221; bg_color_value=&#8221;#33a535&#8243;][vc_column][vc_column_text css=&#8221;.vc_custom_1616147588719{padding-top: 2rem !important;padding-bottom: 3rem !important;}&#8221;]<span style=\"color: #ffffff;\">Cilj je prona\u0107i u\u010dinkovito rje\u0161enje za trajno uklanjanje i suzbijanje invazivnih stranih vrsta biljaka. To su biljke koje prirodno ne \u017eive na na\u0161em podru\u010dju, ve\u0107 su unesene namjernim ili nenamjernim ljudskim utjecajem. Nekontrolirano se \u0161ire slivom rijeke Save, imaju negativan utjecaj na druge zavi\u010dajne vrste ili ih \u010dak u potpunosti istiskuju, smanjuju plodnost tla, zarastaju obradive poljoprivredne povr\u0161ine, uzrokuju velike probleme kod obrane od poplava i sl.<\/span>[\/vc_column_text][\/vc_column][\/vc_row][vc_row full_width=&#8221;stretch_row&#8221; bg_type=&#8221;bg_color&#8221; bg_color_value=&#8221;#ffffff&#8221;][vc_column]<div class=\"ult-spacer spacer-69e4e639909bd\" data-id=\"69e4e639909bd\" data-height=\"100\" data-height-mobile=\"40\" data-height-tab=\"80\" data-height-tab-portrait=\"80\" data-height-mobile-landscape=\"30\" style=\"clear:both;display:block;\"><\/div>[vc_single_image image=&#8221;3193&#8243; img_size=&#8221;large&#8221; alignment=&#8221;center&#8221; style=&#8221;vc_box_rounded&#8221; css_animation=&#8221;fadeIn&#8221;]<div class=\"ult-spacer spacer-69e4e639909fb\" data-id=\"69e4e639909fb\" data-height=\"40\" data-height-mobile=\"20\" data-height-tab=\"30\" data-height-tab-portrait=\"30\" data-height-mobile-landscape=\"20\" style=\"clear:both;display:block;\"><\/div>[vc_column_text]Projekt regionalnog zna\u010daja \u201cO\u010duvanje stani\u0161ta sliva rijeke Save kroz me\u0111unarodno upravljanje invazivnim vrstama\u201c \u2013 Sava TIES zapo\u010deo je 1. lipnja 2018. godine. Tijekom idu\u0107e tri godine projekt \u0107e se provoditi na podru\u010dju \u010detiri zemlje kojima protje\u010de rijeka Sava \u2013 Slovenije, Hrvatske, Bosne i Hercegovine i Srbije.<\/p>\n<p>Cilj je prona\u0107i u\u010dinkovito rje\u0161enje za trajno uklanjanje i suzbijanje invazivnih stranih vrsta biljaka. To su biljke koje prirodno ne \u017eive na na\u0161em podru\u010dju, ve\u0107 su unesene namjernim ili nenamjernim ljudskim utjecajem. Nekontrolirano se \u0161ire slivom rijeke Save, imaju negativan utjecaj na druge zavi\u010dajne vrste ili ih \u010dak u potpunosti istiskuju, smanjuju plodnost tla, zarastaju obradive poljoprivredne povr\u0161ine, uzrokuju velike probleme kod obrane od poplava i sl. Ukratko \u2013 mijenjaju prirodna stani\u0161ta od europskog zna\u010daja i iznimno ih je te\u0161ko iskorijeniti. One nisu samo problem za\u0161tite prirode, ve\u0107 imaju i negativan u\u010dinak na zdravlje ljudi i uzrokuju velike gospodarske gubitke. Procjenjuje se da \u0161teta koju imaju na svjetsku ekonomiju iznosi oko 1.4 bilijuna dolara godi\u0161nje, tj. oko 5% vrijednosti svjetskog gospodarstva.<\/p>\n<p>Projekt je sufinanciran&nbsp;<strong>sredstvima Europske unije<\/strong>&nbsp;(Europski fond za regionalni razvoj \u2013&nbsp;<strong>ERDF<\/strong>&nbsp;i program&nbsp;<strong>IPA<\/strong>). Ukupna vrijednost iznosi&nbsp;<strong>1.604.137 \u20ac<\/strong>! Partneri na projektu su Zaklada EuroNatur, Javni zavod Krajinski park Ljubljansko barje, Javna ustanova Park prirode Lonjsko Polje, Javna ustanova Zeleni prsten Zagreba\u010dke \u017eupanije, JP Nacionalni park Una d.o.o. Biha\u0107, Centar za \u017eivotnu sredinu, Pokrajinski zavod za za\u0161titu prirode AP Vojvodine, Pokret Gorana Sremska Mitrovica i JP Vojvodina\u0161ume.[\/vc_column_text]<div class=\"ult-spacer spacer-69e4e63990a2e\" data-id=\"69e4e63990a2e\" data-height=\"100\" data-height-mobile=\"100\" data-height-tab=\"150\" data-height-tab-portrait=\"150\" data-height-mobile-landscape=\"60\" style=\"clear:both;display:block;\"><\/div>[\/vc_column][\/vc_row][vc_row full_width=&#8221;stretch_row&#8221; bg_type=&#8221;image&#8221; parallax_style=&#8221;vcpb-vz-jquery&#8221; bg_image_new=&#8221;id^3275|url^http:\/\/zeleni-prsten.hr\/portal\/wp-content\/uploads\/2021\/03\/Biljke-Large.jpg|caption^null|alt^null|title^Biljke (Large)|description^null&#8221;][vc_column width=&#8221;1\/3&#8243; css=&#8221;.vc_custom_1616094504001{background-color: rgba(0,0,0,0.6) !important;*background-color: rgb(0,0,0) !important;}&#8221;][vc_custom_heading text=&#8221;JESTE LI ZNALI&#8221; font_container=&#8221;tag:h2|text_align:center|color:%23ffffff&#8221;][vc_column_text]<span style=\"color: #ffffff;\">To su biljke koje prirodno ne \u017eive na na\u0161em podru\u010dju, ve\u0107 su unesene namjernim ili nenamjernim ljudskim utjecajem. Nekontrolirano se \u0161ire slivom rijeke Save, imaju negativan utjecaj na druge zavi\u010dajne vrste ili ih \u010dak u potpunosti istiskuju, smanjuju plodnost tla, zarastaju obradive poljoprivredne povr\u0161ine, uzrokuju velike probleme kod obrane od poplava i sl. Ukratko \u2013 mijenjaju prirodna stani\u0161ta od europskog zna\u010daja i iznimno ih je te\u0161ko iskorijeniti. One nisu samo problem za\u0161tite prirode, ve\u0107 imaju i negativan u\u010dinak na zdravlje ljudi i uzrokuju velike gospodarske gubitke. Procjenjuje se da \u0161teta koju imaju na svjetsku ekonomiju iznosi oko 1.4 bilijuna dolara godi\u0161nje, tj. oko 5% vrijednosti svjetskog gospodarstva.<\/span>[\/vc_column_text][\/vc_column][vc_column width=&#8221;1\/3&#8243;][\/vc_column][vc_column width=&#8221;1\/3&#8243;][\/vc_column][\/vc_row][vc_row full_width=&#8221;stretch_row&#8221; bg_type=&#8221;bg_color&#8221; bg_color_value=&#8221;#2a85ba&#8221;][vc_column]<div class=\"ult-spacer spacer-69e4e63990a5b\" data-id=\"69e4e63990a5b\" data-height=\"15\" data-height-mobile=\"10\" data-height-tab=\"15\" data-height-tab-portrait=\"15\" data-height-mobile-landscape=\"10\" style=\"clear:both;display:block;\"><\/div>[\/vc_column][\/vc_row][vc_row full_width=&#8221;stretch_row&#8221; gap=&#8221;35&#8243; css=&#8221;.vc_custom_1616693988577{margin-bottom: 50px !important;}&#8221;][vc_column width=&#8221;1\/2&#8243;]<div id=\"ultimate-heading-886969e4e63990b09\" class=\"uvc-heading ult-adjust-bottom-margin ultimate-heading-886969e4e63990b09 uvc-2485 \" data-hspacer=\"no_spacer\"  data-halign=\"left\" style=\"text-align:left\"><div class=\"uvc-heading-spacer no_spacer\" style=\"top\"><\/div><div class=\"uvc-main-heading ult-responsive\"  data-ultimate-target='.uvc-heading.ultimate-heading-886969e4e63990b09 h2'  data-responsive-json-new='{\"font-size\":\"desktop:46px;\",\"line-height\":\"\"}' ><h2 style=\"font-family:&#039;Source Sans Pro&#039;;font-weight:900;color:#38b3c5;margin-bottom:30px;\">AKTIVNOSTI<\/h2><\/div><div class=\"uvc-sub-heading ult-responsive\"  data-ultimate-target='.uvc-heading.ultimate-heading-886969e4e63990b09 .uvc-sub-heading '  data-responsive-json-new='{\"font-size\":\"desktop:15px;\",\"line-height\":\"desktop:22px;\"}'  style=\"font-family:&#039;Fira Mono&#039;;font-weight:normal;\">Modo malis quaerendum sit ut, cum vero vitae concludaturque ad. Vel commodo iuvaret ei, duo nusquam intellegat cu. Tritani appellantur eos at, hinc nihil commodo sed ei. At dicant postulant ius. Nam facilis persecuti contentiones ea. Quo at nostrud molestiae, id ius odio essent impedit, id vidit sonet est. Evertitur mediocritatem necessitatibus eum no, tota eleifend argumentum te est. Consul definiebas vix an, ne harum congue consulatu has, atqui admodum eu eos. Eu ius rebum inani ornatus, qui te mutat dicta elaboraret. Ut tale aeque nec, velit dictas definitionem ea nam. Cum te fabulas deserunt.<br \/>\nMutat integre democritum ei qui, clita oportere an mei. At mea illum pertinax. In discere posidonium nam, nominavi neglegentur eu quo, ut viris indoctum quo. Nec cibo justo omittam ne, duo id partem saperet corpora, suas posse dictas et mel. Vis cu detracto sensibus eloquentiam, elitr admodum mentitum ius an. Primis voluptaria ad vim, sit id quot nobis sapientem, molestie percipitur sed ne. Graeci aliquando ne his. Ei antiopam corrumpit euripidis eam, ius ad euismod apeirian. Et iriure intellegebat vis, solum abhorreant an nec. Sed ei sint salutandi, mea tantas splendide ut. Has dicat imperdiet et, aeque tractatos te eum.<\/div><\/div>[\/vc_column][vc_column width=&#8221;1\/2&#8243;]<div id=\"ultimate-heading-864769e4e63990bbd\" class=\"uvc-heading ult-adjust-bottom-margin ultimate-heading-864769e4e63990bbd uvc-7139 \" data-hspacer=\"no_spacer\"  data-halign=\"center\" style=\"text-align:center\"><div class=\"uvc-heading-spacer no_spacer\" style=\"top\"><\/div><div class=\"uvc-main-heading ult-responsive\"  data-ultimate-target='.uvc-heading.ultimate-heading-864769e4e63990bbd h2'  data-responsive-json-new='{\"font-size\":\"desktop:46px;\",\"line-height\":\"\"}' ><h2 style=\"font-family:&#039;Source Sans Pro&#039;;font-weight:900;color:#38b3c5;margin-bottom:30px;\">PARTNERI<\/h2><\/div><\/div>[vc_row_inner][vc_column_inner width=&#8221;1\/2&#8243;][vc_single_image image=&#8221;2392&#8243; alignment=&#8221;center&#8221;][\/vc_column_inner][vc_column_inner width=&#8221;1\/2&#8243;][vc_single_image image=&#8221;2392&#8243; alignment=&#8221;center&#8221;][\/vc_column_inner][\/vc_row_inner][vc_row_inner][vc_column_inner width=&#8221;1\/2&#8243;][vc_single_image image=&#8221;2392&#8243; alignment=&#8221;center&#8221;][\/vc_column_inner][vc_column_inner width=&#8221;1\/2&#8243;][vc_single_image image=&#8221;2392&#8243; alignment=&#8221;center&#8221;][\/vc_column_inner][\/vc_row_inner][\/vc_column][\/vc_row][vc_row][vc_column width=&#8221;1\/3&#8243;][\/vc_column][vc_column width=&#8221;1\/3&#8243;][vc_btn title=&#8221;U\u010dini i ti ne\u0161to!&#8221; style=&#8221;flat&#8221; shape=&#8221;square&#8221; color=&#8221;pink&#8221; size=&#8221;lg&#8221; align=&#8221;center&#8221; i_align=&#8221;right&#8221; i_type=&#8221;material&#8221; i_icon_material=&#8221;vc-material vc-material-directions_run&#8221; button_block=&#8221;true&#8221; add_icon=&#8221;true&#8221; link=&#8221;url:https%3A%2F%2Fzeleni-prsten.hr%2Fportal%2F|title:Po%C4%8Detna||&#8221;]<div class=\"ult-spacer spacer-69e4e63990c34\" data-id=\"69e4e63990c34\" data-height=\"36\" data-height-mobile=\"36\" data-height-tab=\"36\" data-height-tab-portrait=\"\" data-height-mobile-landscape=\"\" style=\"clear:both;display:block;\"><\/div>[\/vc_column][vc_column width=&#8221;1\/3&#8243;][\/vc_column][\/vc_row][vc_row][vc_column][vc_basic_grid post_type=&#8221;post&#8221; max_items=&#8221;4&#8243; style=&#8221;load-more&#8221; items_per_page=&#8221;4&#8243; element_width=&#8221;3&#8243; btn_title=&#8221;U\u010ditaj vi\u0161e&#8221; grid_id=&#8221;vc_gid:1616693964940-24a311b7-9c7b-3&#8243; taxonomies=&#8221;49&#8243;][\/vc_column][\/vc_row][vc_row full_width=&#8221;stretch_row&#8221; css=&#8221;.vc_custom_1464468657818{padding-top: 20px !important;padding-bottom: 20px !important;background-color: #303030 !important;}&#8221;][vc_column][vc_masonry_media_grid gap=&#8221;20&#8243; grid_id=&#8221;vc_gid:1616693964942-70e91d29-ff2d-0&#8243; include=&#8221;3401,3400,3399&#8243;][\/vc_column][\/vc_row]<\/p>\n","protected":false},"excerpt":{"rendered":"<p>[vc_row full_width=&#8221;stretch_row&#8221;][vc_column][\/vc_column][\/vc_row][vc_row full_width=&#8221;stretch_row&#8221; bg_type=&#8221;bg_color&#8221; bg_color_value=&#8221;#33a535&#8243;][vc_column][vc_column_text css=&#8221;.vc_custom_1616147588719{padding-top: 2rem !important;padding-bottom: 3rem !important;}&#8221;]Cilj je prona\u0107i u\u010dinkovito rje\u0161enje za trajno uklanjanje i suzbijanje invazivnih stranih vrsta biljaka. To su biljke koje prirodno ne \u017eive na na\u0161em podru\u010dju, ve\u0107 su unesene namjernim ili nenamjernim ljudskim [&hellip;]<\/p>\n","protected":false},"author":1,"featured_media":3401,"parent":3149,"menu_order":0,"comment_status":"closed","ping_status":"closed","template":"","meta":{"ngg_post_thumbnail":0},"yoast_head":"<!-- This site is optimized with the Yoast SEO plugin v18.4.1 - https:\/\/yoast.com\/wordpress\/plugins\/seo\/ -->\n<title>SAVA TIES - JU Zeleni prsten Zagreba\u010dke \u017eupanije<\/title>\n<meta name=\"robots\" content=\"index, follow, max-snippet:-1, max-image-preview:large, max-video-preview:-1\" \/>\n<link rel=\"canonical\" href=\"https:\/\/zeleni-prsten.hr\/portal\/aktualni-projekti\/aktualni-projekt\/\" \/>\n<meta property=\"og:locale\" content=\"hr_HR\" \/>\n<meta property=\"og:type\" content=\"article\" \/>\n<meta property=\"og:title\" content=\"SAVA TIES - JU Zeleni prsten Zagreba\u010dke \u017eupanije\" \/>\n<meta property=\"og:description\" content=\"[vc_row full_width=&#8221;stretch_row&#8221;][vc_column][\/vc_column][\/vc_row][vc_row full_width=&#8221;stretch_row&#8221; bg_type=&#8221;bg_color&#8221; bg_color_value=&#8221;#33a535&#8243;][vc_column][vc_column_text css=&#8221;.vc_custom_1616147588719{padding-top: 2rem !important;padding-bottom: 3rem !important;}&#8221;]Cilj je prona\u0107i u\u010dinkovito rje\u0161enje za trajno uklanjanje i suzbijanje invazivnih stranih vrsta biljaka. To su biljke koje prirodno ne \u017eive na na\u0161em podru\u010dju, ve\u0107 su unesene namjernim ili nenamjernim ljudskim [&hellip;]\" \/>\n<meta property=\"og:url\" content=\"https:\/\/zeleni-prsten.hr\/portal\/aktualni-projekti\/aktualni-projekt\/\" \/>\n<meta property=\"og:site_name\" content=\"JU Zeleni prsten Zagreba\u010dke \u017eupanije\" \/>\n<meta property=\"article:modified_time\" content=\"2021-03-25T17:39:50+00:00\" \/>\n<meta property=\"og:image\" content=\"https:\/\/zeleni-prsten.hr\/portal\/wp-content\/uploads\/2021\/03\/ties.jpg\" \/>\n\t<meta property=\"og:image:width\" content=\"1584\" \/>\n\t<meta property=\"og:image:height\" content=\"878\" \/>\n\t<meta property=\"og:image:type\" content=\"image\/jpeg\" \/>\n<meta name=\"twitter:card\" content=\"summary_large_image\" \/>\n<meta name=\"twitter:label1\" content=\"Procijenjeno vrijeme \u010ditanja\" \/>\n\t<meta name=\"twitter:data1\" content=\"6 minuta\" \/>\n<script type=\"application\/ld+json\" class=\"yoast-schema-graph\">{\"@context\":\"https:\/\/schema.org\",\"@graph\":[{\"@type\":\"WebSite\",\"@id\":\"https:\/\/zeleni-prsten.hr\/portal\/#website\",\"url\":\"https:\/\/zeleni-prsten.hr\/portal\/\",\"name\":\"JU Zeleni prsten Zagreba\u010dke \u017eupanije\",\"description\":\"JU Zeleni prsten Zagreba\u010dke \u017eupanije\",\"potentialAction\":[{\"@type\":\"SearchAction\",\"target\":{\"@type\":\"EntryPoint\",\"urlTemplate\":\"https:\/\/zeleni-prsten.hr\/portal\/?s={search_term_string}\"},\"query-input\":\"required name=search_term_string\"}],\"inLanguage\":\"hr\"},{\"@type\":\"ImageObject\",\"@id\":\"https:\/\/zeleni-prsten.hr\/portal\/aktualni-projekti\/aktualni-projekt\/#primaryimage\",\"inLanguage\":\"hr\",\"url\":\"https:\/\/zeleni-prsten.hr\/portal\/wp-content\/uploads\/2021\/03\/ties.jpg\",\"contentUrl\":\"https:\/\/zeleni-prsten.hr\/portal\/wp-content\/uploads\/2021\/03\/ties.jpg\",\"width\":1584,\"height\":878},{\"@type\":\"WebPage\",\"@id\":\"https:\/\/zeleni-prsten.hr\/portal\/aktualni-projekti\/aktualni-projekt\/#webpage\",\"url\":\"https:\/\/zeleni-prsten.hr\/portal\/aktualni-projekti\/aktualni-projekt\/\",\"name\":\"SAVA TIES - JU Zeleni prsten Zagreba\u010dke \u017eupanije\",\"isPartOf\":{\"@id\":\"https:\/\/zeleni-prsten.hr\/portal\/#website\"},\"primaryImageOfPage\":{\"@id\":\"https:\/\/zeleni-prsten.hr\/portal\/aktualni-projekti\/aktualni-projekt\/#primaryimage\"},\"datePublished\":\"2020-11-30T14:44:17+00:00\",\"dateModified\":\"2021-03-25T17:39:50+00:00\",\"breadcrumb\":{\"@id\":\"https:\/\/zeleni-prsten.hr\/portal\/aktualni-projekti\/aktualni-projekt\/#breadcrumb\"},\"inLanguage\":\"hr\",\"potentialAction\":[{\"@type\":\"ReadAction\",\"target\":[\"https:\/\/zeleni-prsten.hr\/portal\/aktualni-projekti\/aktualni-projekt\/\"]}]},{\"@type\":\"BreadcrumbList\",\"@id\":\"https:\/\/zeleni-prsten.hr\/portal\/aktualni-projekti\/aktualni-projekt\/#breadcrumb\",\"itemListElement\":[{\"@type\":\"ListItem\",\"position\":1,\"name\":\"Home\",\"item\":\"https:\/\/zeleni-prsten.hr\/portal\/\"},{\"@type\":\"ListItem\",\"position\":2,\"name\":\"Aktualni projekti\",\"item\":\"https:\/\/zeleni-prsten.hr\/portal\/aktualni-projekti\/\"},{\"@type\":\"ListItem\",\"position\":3,\"name\":\"SAVA TIES\"}]}]}<\/script>\n<!-- \/ Yoast SEO plugin. -->","yoast_head_json":{"title":"SAVA TIES - JU Zeleni prsten Zagreba\u010dke \u017eupanije","robots":{"index":"index","follow":"follow","max-snippet":"max-snippet:-1","max-image-preview":"max-image-preview:large","max-video-preview":"max-video-preview:-1"},"canonical":"https:\/\/zeleni-prsten.hr\/portal\/aktualni-projekti\/aktualni-projekt\/","og_locale":"hr_HR","og_type":"article","og_title":"SAVA TIES - JU Zeleni prsten Zagreba\u010dke \u017eupanije","og_description":"[vc_row full_width=&#8221;stretch_row&#8221;][vc_column][\/vc_column][\/vc_row][vc_row full_width=&#8221;stretch_row&#8221; bg_type=&#8221;bg_color&#8221; bg_color_value=&#8221;#33a535&#8243;][vc_column][vc_column_text css=&#8221;.vc_custom_1616147588719{padding-top: 2rem !important;padding-bottom: 3rem !important;}&#8221;]Cilj je prona\u0107i u\u010dinkovito rje\u0161enje za trajno uklanjanje i suzbijanje invazivnih stranih vrsta biljaka. To su biljke koje prirodno ne \u017eive na na\u0161em podru\u010dju, ve\u0107 su unesene namjernim ili nenamjernim ljudskim [&hellip;]","og_url":"https:\/\/zeleni-prsten.hr\/portal\/aktualni-projekti\/aktualni-projekt\/","og_site_name":"JU Zeleni prsten Zagreba\u010dke \u017eupanije","article_modified_time":"2021-03-25T17:39:50+00:00","og_image":[{"width":1584,"height":878,"url":"https:\/\/zeleni-prsten.hr\/portal\/wp-content\/uploads\/2021\/03\/ties.jpg","type":"image\/jpeg"}],"twitter_card":"summary_large_image","twitter_misc":{"Procijenjeno vrijeme \u010ditanja":"6 minuta"},"schema":{"@context":"https:\/\/schema.org","@graph":[{"@type":"WebSite","@id":"https:\/\/zeleni-prsten.hr\/portal\/#website","url":"https:\/\/zeleni-prsten.hr\/portal\/","name":"JU Zeleni prsten Zagreba\u010dke \u017eupanije","description":"JU Zeleni prsten Zagreba\u010dke \u017eupanije","potentialAction":[{"@type":"SearchAction","target":{"@type":"EntryPoint","urlTemplate":"https:\/\/zeleni-prsten.hr\/portal\/?s={search_term_string}"},"query-input":"required name=search_term_string"}],"inLanguage":"hr"},{"@type":"ImageObject","@id":"https:\/\/zeleni-prsten.hr\/portal\/aktualni-projekti\/aktualni-projekt\/#primaryimage","inLanguage":"hr","url":"https:\/\/zeleni-prsten.hr\/portal\/wp-content\/uploads\/2021\/03\/ties.jpg","contentUrl":"https:\/\/zeleni-prsten.hr\/portal\/wp-content\/uploads\/2021\/03\/ties.jpg","width":1584,"height":878},{"@type":"WebPage","@id":"https:\/\/zeleni-prsten.hr\/portal\/aktualni-projekti\/aktualni-projekt\/#webpage","url":"https:\/\/zeleni-prsten.hr\/portal\/aktualni-projekti\/aktualni-projekt\/","name":"SAVA TIES - JU Zeleni prsten Zagreba\u010dke \u017eupanije","isPartOf":{"@id":"https:\/\/zeleni-prsten.hr\/portal\/#website"},"primaryImageOfPage":{"@id":"https:\/\/zeleni-prsten.hr\/portal\/aktualni-projekti\/aktualni-projekt\/#primaryimage"},"datePublished":"2020-11-30T14:44:17+00:00","dateModified":"2021-03-25T17:39:50+00:00","breadcrumb":{"@id":"https:\/\/zeleni-prsten.hr\/portal\/aktualni-projekti\/aktualni-projekt\/#breadcrumb"},"inLanguage":"hr","potentialAction":[{"@type":"ReadAction","target":["https:\/\/zeleni-prsten.hr\/portal\/aktualni-projekti\/aktualni-projekt\/"]}]},{"@type":"BreadcrumbList","@id":"https:\/\/zeleni-prsten.hr\/portal\/aktualni-projekti\/aktualni-projekt\/#breadcrumb","itemListElement":[{"@type":"ListItem","position":1,"name":"Home","item":"https:\/\/zeleni-prsten.hr\/portal\/"},{"@type":"ListItem","position":2,"name":"Aktualni projekti","item":"https:\/\/zeleni-prsten.hr\/portal\/aktualni-projekti\/"},{"@type":"ListItem","position":3,"name":"SAVA TIES"}]}]}},"_links":{"self":[{"href":"https:\/\/zeleni-prsten.hr\/portal\/wp-json\/wp\/v2\/pages\/2835"}],"collection":[{"href":"https:\/\/zeleni-prsten.hr\/portal\/wp-json\/wp\/v2\/pages"}],"about":[{"href":"https:\/\/zeleni-prsten.hr\/portal\/wp-json\/wp\/v2\/types\/page"}],"author":[{"embeddable":true,"href":"https:\/\/zeleni-prsten.hr\/portal\/wp-json\/wp\/v2\/users\/1"}],"replies":[{"embeddable":true,"href":"https:\/\/zeleni-prsten.hr\/portal\/wp-json\/wp\/v2\/comments?post=2835"}],"version-history":[{"count":70,"href":"https:\/\/zeleni-prsten.hr\/portal\/wp-json\/wp\/v2\/pages\/2835\/revisions"}],"predecessor-version":[{"id":3409,"href":"https:\/\/zeleni-prsten.hr\/portal\/wp-json\/wp\/v2\/pages\/2835\/revisions\/3409"}],"up":[{"embeddable":true,"href":"https:\/\/zeleni-prsten.hr\/portal\/wp-json\/wp\/v2\/pages\/3149"}],"wp:featuredmedia":[{"embeddable":true,"href":"https:\/\/zeleni-prsten.hr\/portal\/wp-json\/wp\/v2\/media\/3401"}],"wp:attachment":[{"href":"https:\/\/zeleni-prsten.hr\/portal\/wp-json\/wp\/v2\/media?parent=2835"}],"curies":[{"name":"wp","href":"https:\/\/api.w.org\/{rel}","templated":true}]}}