{"id":2940,"date":"2020-11-30T22:20:22","date_gmt":"2020-11-30T21:20:22","guid":{"rendered":"http:\/\/zeleni-prsten.hr\/portal\/?page_id=2940"},"modified":"2022-02-01T12:12:13","modified_gmt":"2022-02-01T11:12:13","slug":"vrijednost-prirode","status":"publish","type":"page","link":"https:\/\/zeleni-prsten.hr\/portal\/zastita-prirode\/vrijednost-prirode\/","title":{"rendered":"Vrijednost prirode"},"content":{"rendered":"<p>[vc_row][vc_column]<div class=\"ult-spacer spacer-69e3eb6552606\" data-id=\"69e3eb6552606\" data-height=\"60\" data-height-mobile=\"20\" data-height-tab=\"50\" data-height-tab-portrait=\"40\" data-height-mobile-landscape=\"25\" style=\"clear:both;display:block;\"><\/div>[vc_column_text css_animation=&#8221;fadeIn&#8221;]Priroda obuhva\u0107a bioraznolikost, georaznolikost i krajobraznu raznolikost kao i sve interakcije izme\u0111u atmosfere, tla, stijena, vode i \u017eivih organizama. Iako su idu\u0107a poglavlja uglavnom posve\u0107ena \u017eivoj komponenti prirode \u2013 biosferi, treba naglasiti da je ne\u017eiva priroda jednako kompleksna te da je potrebno promatrati prirodu kao cjelinu.<\/p>\n<h2><strong>Bioraznolikost je ukupna raznolikost svih bi\u0107a na Zemlji i njihovih interakcija.<\/strong><\/h2>\n<p>Osim \u0161to se odnosi na raznolikost vrsta, odnosi se i na raznolikost ekosustava u kojima vrste \u017eive kao i na raznolikost gena unutar vrsta. Ako vam se to \u010dini izuzetno kompleksno i zbunjuju\u0107e, u pravu ste, ali upravo ta raznolikost omogu\u0107uje \u017eivot \u010dovjeka i svih ostalih vrsta.<\/p>\n<h2><strong>Do danas je na Zemlji poznato oko 2 milijuna razli\u010ditih vrsta.<\/strong><\/h2>\n<p>Procjenjuje se da bi stvaran broj mogao biti i ve\u0107i od 100 milijuna, ali ve\u0107ina procjena ka\u017ee da je taj broj izme\u0111u 2 i 100 milijuna. Za mnoge je \u0161okantna spoznaja da znanstvenici s ve\u0107om sigurno\u0161\u0107u odre\u0111uju broj zvijezda u na\u0161oj galaksiji nego broj vrsta na Zemlji, iako se broj zvijezda u galaksiji broji u stotinama milijardi.<\/p>\n<p>\u017diva bi\u0107a su svojevrstan motor zdravlja na\u0161e planete te su klju\u010dna za mnoge procese o kojima ovisi \u017eivot. Neki od njih su proizvodnja kisika, pro\u010di\u0161\u0107avanje vode, proizvodnja hranjivih tvari uz pomo\u0107 sun\u010deve energije, kru\u017eenje tvari itd.<\/p>\n<h2><strong>\u017diva bi\u0107a su dio razli\u010ditih ekosustava, a zdravi ekosustavi klju\u010dni su za opstanak i razvoj \u010dovje\u010danstva. Prema tome, trenutno na ovoj planeti imamo oko 7,8 milijardi razloga da sa\u010duvamo prirodu.<\/strong><\/h2>\n<p>Da bi ekosustavi ostali zdravi, klju\u010dno je odr\u017eati i druge oblike raznolikosti kao \u0161to su georaznolikost i krajobrazna raznolikost jer oni omogu\u0107uju raznolikost \u017eivotnih uvjeta. Sve dobrobiti koje dobivamo zahvaljuju\u0107i pravilnom funkcioniranju ekosustava nazivamo jo\u0161 i usluge ekosustava.<\/p>\n<h2><strong>Globalna procjena vrijednosti usluga ekosustava iznosi 125 bilijuna $.<\/strong><\/h2>\n<p>Radi se o konzervativnoj procjeni koja u obzir ne uzima gubitke za gospodarstvo koje bi donio nestanak svih tih funkcija, samo odra\u017eava okvirnu vrijednost umjetnih sustava koji bi mogli zamijeniti funkcije koje su zamjenjive, dok neke tehnologija nikako ne mo\u017ee nadomjestiti.[\/vc_column_text]<div class=\"ult-spacer spacer-69e3eb655264e\" data-id=\"69e3eb655264e\" data-height=\"100\" data-height-mobile=\"100\" data-height-tab=\"100\" data-height-tab-portrait=\"\" data-height-mobile-landscape=\"\" style=\"clear:both;display:block;\"><\/div>[vc_single_image image=&#8221;4293&#8243; img_size=&#8221;full&#8221; alignment=&#8221;center&#8221; onclick=&#8221;zoom&#8221; css_animation=&#8221;fadeIn&#8221;]<div class=\"ult-spacer spacer-69e3eb6552677\" data-id=\"69e3eb6552677\" data-height=\"100\" data-height-mobile=\"100\" data-height-tab=\"100\" data-height-tab-portrait=\"\" data-height-mobile-landscape=\"\" style=\"clear:both;display:block;\"><\/div>[vc_single_image image=&#8221;3835&#8243; img_size=&#8221;full&#8221; alignment=&#8221;center&#8221; onclick=&#8221;zoom&#8221; css_animation=&#8221;fadeIn&#8221;]<div class=\"ult-spacer spacer-69e3eb6552697\" data-id=\"69e3eb6552697\" data-height=\"100\" data-height-mobile=\"100\" data-height-tab=\"100\" data-height-tab-portrait=\"\" data-height-mobile-landscape=\"\" style=\"clear:both;display:block;\"><\/div>[vc_column_text]Ako se pitate gdje prona\u0107i najbli\u017ei ekosustav, odgovor \u0107e vas vjerojatno iznenaditi. Najbli\u017ei ekosustav je na\u0161e tijelo, a organizme koji \u017eive u tijelu i na njegovoj povr\u0161ini nazivamo mikrobiom. Mikrobiom se nekad smatra i posebnim organom u ljudskom tijelu. To\u010dan broj vrsta nije to\u010dno poznat, ali novija istra\u017eivanja ukazuju da dijelimo svoje tijelo s oko 2000 razli\u010ditih vrsta.<\/p>\n<p>U na\u0161em probavnom sustavu primjerice nalazi se bogat ekosustav u kojem kod zdravog \u010dovjeka u prosjeku nalazimo oko 1,5 kg bakterija. Broj bakterija u tijelu je oko 10 puta ve\u0107i od broja na\u0161ih \u201eljudskih\u201c stanica, a \u017eiva bi\u0107a koja se nalaze u njemu poma\u017eu nam u probavi hrane, obrani od uzro\u010dnika bolesti i brojnim drugim funkcijama. Sli\u010dno funkcioniraju i ekosustavi koji se nalaze izvan na\u0161ih tijela. Dokle god su oni zdravi i raznoliki, priroda je otporna i funkcionalna. Naru\u0161avanjem ravnote\u017ee, dolazi do sve ve\u0107ih problema, a na\u017ealost je upravo \u010dovje\u010danstvo glavni uzrok \u0161estog masovnog izumiranja vrsta kojem trenutno svjedo\u010dimo.&nbsp;[\/vc_column_text][vc_btn title=&#8221;Saznajte \u0161to ugro\u017eava prirodu&#8221; shape=&#8221;square&#8221; color=&#8221;default&#8221; size=&#8221;lg&#8221; align=&#8221;center&#8221; css_animation=&#8221;fadeIn&#8221; link=&#8221;url:https%3A%2F%2Fzeleni-prsten.hr%2Fportal%2Fzastita-prirode%2F|||&#8221; el_class=&#8221;btn-outline text-black&#8221;][\/vc_column][\/vc_row][vc_row][vc_column]<div class=\"ult-spacer spacer-69e3eb65526b2\" data-id=\"69e3eb65526b2\" data-height=\"100\" data-height-mobile=\"100\" data-height-tab=\"100\" data-height-tab-portrait=\"\" data-height-mobile-landscape=\"\" style=\"clear:both;display:block;\"><\/div>[\/vc_column][\/vc_row]<\/p>\n","protected":false},"excerpt":{"rendered":"<p>[vc_row][vc_column][vc_column_text css_animation=&#8221;fadeIn&#8221;]Priroda obuhva\u0107a bioraznolikost, georaznolikost i krajobraznu raznolikost kao i sve interakcije izme\u0111u atmosfere, tla, stijena, vode i \u017eivih organizama. Iako su idu\u0107a poglavlja uglavnom posve\u0107ena \u017eivoj komponenti prirode \u2013 biosferi, treba naglasiti da je ne\u017eiva priroda jednako kompleksna te [&hellip;]<\/p>\n","protected":false},"author":1,"featured_media":4295,"parent":3104,"menu_order":0,"comment_status":"closed","ping_status":"closed","template":"","meta":{"ngg_post_thumbnail":0},"yoast_head":"<!-- This site is optimized with the Yoast SEO plugin v18.4.1 - https:\/\/yoast.com\/wordpress\/plugins\/seo\/ -->\n<title>Vrijednost prirode - JU Zeleni prsten Zagreba\u010dke \u017eupanije<\/title>\n<meta name=\"robots\" content=\"index, follow, max-snippet:-1, max-image-preview:large, max-video-preview:-1\" \/>\n<link rel=\"canonical\" href=\"https:\/\/zeleni-prsten.hr\/portal\/zastita-prirode\/vrijednost-prirode\/\" \/>\n<meta property=\"og:locale\" content=\"hr_HR\" \/>\n<meta property=\"og:type\" content=\"article\" \/>\n<meta property=\"og:title\" content=\"Vrijednost prirode - JU Zeleni prsten Zagreba\u010dke \u017eupanije\" \/>\n<meta property=\"og:description\" content=\"[vc_row][vc_column][vc_column_text css_animation=&#8221;fadeIn&#8221;]Priroda obuhva\u0107a bioraznolikost, georaznolikost i krajobraznu raznolikost kao i sve interakcije izme\u0111u atmosfere, tla, stijena, vode i \u017eivih organizama. Iako su idu\u0107a poglavlja uglavnom posve\u0107ena \u017eivoj komponenti prirode \u2013 biosferi, treba naglasiti da je ne\u017eiva priroda jednako kompleksna te [&hellip;]\" \/>\n<meta property=\"og:url\" content=\"https:\/\/zeleni-prsten.hr\/portal\/zastita-prirode\/vrijednost-prirode\/\" \/>\n<meta property=\"og:site_name\" content=\"JU Zeleni prsten Zagreba\u010dke \u017eupanije\" \/>\n<meta property=\"article:modified_time\" content=\"2022-02-01T11:12:13+00:00\" \/>\n<meta property=\"og:image\" content=\"https:\/\/zeleni-prsten.hr\/portal\/wp-content\/uploads\/2022\/02\/Naslovna-fotka-1.jpg\" \/>\n\t<meta property=\"og:image:width\" content=\"1920\" \/>\n\t<meta property=\"og:image:height\" content=\"1280\" \/>\n\t<meta property=\"og:image:type\" content=\"image\/jpeg\" \/>\n<meta name=\"twitter:card\" content=\"summary_large_image\" \/>\n<meta name=\"twitter:label1\" content=\"Procijenjeno vrijeme \u010ditanja\" \/>\n\t<meta name=\"twitter:data1\" content=\"3 minute\" \/>\n<script type=\"application\/ld+json\" class=\"yoast-schema-graph\">{\"@context\":\"https:\/\/schema.org\",\"@graph\":[{\"@type\":\"WebSite\",\"@id\":\"https:\/\/zeleni-prsten.hr\/portal\/#website\",\"url\":\"https:\/\/zeleni-prsten.hr\/portal\/\",\"name\":\"JU Zeleni prsten Zagreba\u010dke \u017eupanije\",\"description\":\"JU Zeleni prsten Zagreba\u010dke \u017eupanije\",\"potentialAction\":[{\"@type\":\"SearchAction\",\"target\":{\"@type\":\"EntryPoint\",\"urlTemplate\":\"https:\/\/zeleni-prsten.hr\/portal\/?s={search_term_string}\"},\"query-input\":\"required name=search_term_string\"}],\"inLanguage\":\"hr\"},{\"@type\":\"ImageObject\",\"@id\":\"https:\/\/zeleni-prsten.hr\/portal\/zastita-prirode\/vrijednost-prirode\/#primaryimage\",\"inLanguage\":\"hr\",\"url\":\"https:\/\/zeleni-prsten.hr\/portal\/wp-content\/uploads\/2022\/02\/Naslovna-fotka-1.jpg\",\"contentUrl\":\"https:\/\/zeleni-prsten.hr\/portal\/wp-content\/uploads\/2022\/02\/Naslovna-fotka-1.jpg\",\"width\":1920,\"height\":1280},{\"@type\":\"WebPage\",\"@id\":\"https:\/\/zeleni-prsten.hr\/portal\/zastita-prirode\/vrijednost-prirode\/#webpage\",\"url\":\"https:\/\/zeleni-prsten.hr\/portal\/zastita-prirode\/vrijednost-prirode\/\",\"name\":\"Vrijednost prirode - JU Zeleni prsten Zagreba\u010dke \u017eupanije\",\"isPartOf\":{\"@id\":\"https:\/\/zeleni-prsten.hr\/portal\/#website\"},\"primaryImageOfPage\":{\"@id\":\"https:\/\/zeleni-prsten.hr\/portal\/zastita-prirode\/vrijednost-prirode\/#primaryimage\"},\"datePublished\":\"2020-11-30T21:20:22+00:00\",\"dateModified\":\"2022-02-01T11:12:13+00:00\",\"breadcrumb\":{\"@id\":\"https:\/\/zeleni-prsten.hr\/portal\/zastita-prirode\/vrijednost-prirode\/#breadcrumb\"},\"inLanguage\":\"hr\",\"potentialAction\":[{\"@type\":\"ReadAction\",\"target\":[\"https:\/\/zeleni-prsten.hr\/portal\/zastita-prirode\/vrijednost-prirode\/\"]}]},{\"@type\":\"BreadcrumbList\",\"@id\":\"https:\/\/zeleni-prsten.hr\/portal\/zastita-prirode\/vrijednost-prirode\/#breadcrumb\",\"itemListElement\":[{\"@type\":\"ListItem\",\"position\":1,\"name\":\"Home\",\"item\":\"https:\/\/zeleni-prsten.hr\/portal\/\"},{\"@type\":\"ListItem\",\"position\":2,\"name\":\"Za\u0161tita prirode\",\"item\":\"https:\/\/zeleni-prsten.hr\/portal\/zastita-prirode\/\"},{\"@type\":\"ListItem\",\"position\":3,\"name\":\"Vrijednost prirode\"}]}]}<\/script>\n<!-- \/ Yoast SEO plugin. -->","yoast_head_json":{"title":"Vrijednost prirode - JU Zeleni prsten Zagreba\u010dke \u017eupanije","robots":{"index":"index","follow":"follow","max-snippet":"max-snippet:-1","max-image-preview":"max-image-preview:large","max-video-preview":"max-video-preview:-1"},"canonical":"https:\/\/zeleni-prsten.hr\/portal\/zastita-prirode\/vrijednost-prirode\/","og_locale":"hr_HR","og_type":"article","og_title":"Vrijednost prirode - JU Zeleni prsten Zagreba\u010dke \u017eupanije","og_description":"[vc_row][vc_column][vc_column_text css_animation=&#8221;fadeIn&#8221;]Priroda obuhva\u0107a bioraznolikost, georaznolikost i krajobraznu raznolikost kao i sve interakcije izme\u0111u atmosfere, tla, stijena, vode i \u017eivih organizama. Iako su idu\u0107a poglavlja uglavnom posve\u0107ena \u017eivoj komponenti prirode \u2013 biosferi, treba naglasiti da je ne\u017eiva priroda jednako kompleksna te [&hellip;]","og_url":"https:\/\/zeleni-prsten.hr\/portal\/zastita-prirode\/vrijednost-prirode\/","og_site_name":"JU Zeleni prsten Zagreba\u010dke \u017eupanije","article_modified_time":"2022-02-01T11:12:13+00:00","og_image":[{"width":1920,"height":1280,"url":"https:\/\/zeleni-prsten.hr\/portal\/wp-content\/uploads\/2022\/02\/Naslovna-fotka-1.jpg","type":"image\/jpeg"}],"twitter_card":"summary_large_image","twitter_misc":{"Procijenjeno vrijeme \u010ditanja":"3 minute"},"schema":{"@context":"https:\/\/schema.org","@graph":[{"@type":"WebSite","@id":"https:\/\/zeleni-prsten.hr\/portal\/#website","url":"https:\/\/zeleni-prsten.hr\/portal\/","name":"JU Zeleni prsten Zagreba\u010dke \u017eupanije","description":"JU Zeleni prsten Zagreba\u010dke \u017eupanije","potentialAction":[{"@type":"SearchAction","target":{"@type":"EntryPoint","urlTemplate":"https:\/\/zeleni-prsten.hr\/portal\/?s={search_term_string}"},"query-input":"required name=search_term_string"}],"inLanguage":"hr"},{"@type":"ImageObject","@id":"https:\/\/zeleni-prsten.hr\/portal\/zastita-prirode\/vrijednost-prirode\/#primaryimage","inLanguage":"hr","url":"https:\/\/zeleni-prsten.hr\/portal\/wp-content\/uploads\/2022\/02\/Naslovna-fotka-1.jpg","contentUrl":"https:\/\/zeleni-prsten.hr\/portal\/wp-content\/uploads\/2022\/02\/Naslovna-fotka-1.jpg","width":1920,"height":1280},{"@type":"WebPage","@id":"https:\/\/zeleni-prsten.hr\/portal\/zastita-prirode\/vrijednost-prirode\/#webpage","url":"https:\/\/zeleni-prsten.hr\/portal\/zastita-prirode\/vrijednost-prirode\/","name":"Vrijednost prirode - JU Zeleni prsten Zagreba\u010dke \u017eupanije","isPartOf":{"@id":"https:\/\/zeleni-prsten.hr\/portal\/#website"},"primaryImageOfPage":{"@id":"https:\/\/zeleni-prsten.hr\/portal\/zastita-prirode\/vrijednost-prirode\/#primaryimage"},"datePublished":"2020-11-30T21:20:22+00:00","dateModified":"2022-02-01T11:12:13+00:00","breadcrumb":{"@id":"https:\/\/zeleni-prsten.hr\/portal\/zastita-prirode\/vrijednost-prirode\/#breadcrumb"},"inLanguage":"hr","potentialAction":[{"@type":"ReadAction","target":["https:\/\/zeleni-prsten.hr\/portal\/zastita-prirode\/vrijednost-prirode\/"]}]},{"@type":"BreadcrumbList","@id":"https:\/\/zeleni-prsten.hr\/portal\/zastita-prirode\/vrijednost-prirode\/#breadcrumb","itemListElement":[{"@type":"ListItem","position":1,"name":"Home","item":"https:\/\/zeleni-prsten.hr\/portal\/"},{"@type":"ListItem","position":2,"name":"Za\u0161tita prirode","item":"https:\/\/zeleni-prsten.hr\/portal\/zastita-prirode\/"},{"@type":"ListItem","position":3,"name":"Vrijednost prirode"}]}]}},"_links":{"self":[{"href":"https:\/\/zeleni-prsten.hr\/portal\/wp-json\/wp\/v2\/pages\/2940"}],"collection":[{"href":"https:\/\/zeleni-prsten.hr\/portal\/wp-json\/wp\/v2\/pages"}],"about":[{"href":"https:\/\/zeleni-prsten.hr\/portal\/wp-json\/wp\/v2\/types\/page"}],"author":[{"embeddable":true,"href":"https:\/\/zeleni-prsten.hr\/portal\/wp-json\/wp\/v2\/users\/1"}],"replies":[{"embeddable":true,"href":"https:\/\/zeleni-prsten.hr\/portal\/wp-json\/wp\/v2\/comments?post=2940"}],"version-history":[{"count":17,"href":"https:\/\/zeleni-prsten.hr\/portal\/wp-json\/wp\/v2\/pages\/2940\/revisions"}],"predecessor-version":[{"id":4300,"href":"https:\/\/zeleni-prsten.hr\/portal\/wp-json\/wp\/v2\/pages\/2940\/revisions\/4300"}],"up":[{"embeddable":true,"href":"https:\/\/zeleni-prsten.hr\/portal\/wp-json\/wp\/v2\/pages\/3104"}],"wp:featuredmedia":[{"embeddable":true,"href":"https:\/\/zeleni-prsten.hr\/portal\/wp-json\/wp\/v2\/media\/4295"}],"wp:attachment":[{"href":"https:\/\/zeleni-prsten.hr\/portal\/wp-json\/wp\/v2\/media?parent=2940"}],"curies":[{"name":"wp","href":"https:\/\/api.w.org\/{rel}","templated":true}]}}