{"id":3089,"date":"2021-03-17T22:00:40","date_gmt":"2021-03-17T21:00:40","guid":{"rendered":"http:\/\/zeleni-prsten.hr\/portal\/?page_id=3089"},"modified":"2022-02-28T11:35:18","modified_gmt":"2022-02-28T10:35:18","slug":"tajanstveni-stanovnici","status":"publish","type":"page","link":"https:\/\/zeleni-prsten.hr\/portal\/tajanstveni-stanovnici\/","title":{"rendered":"Tajanstveni stanovnici"},"content":{"rendered":"<p>[vc_row css=&#8221;.vc_custom_1616027557234{background-color: #f5f5f5 !important;}&#8221;][vc_column]<div class=\"ult-spacer spacer-69e3ebe4e65a7\" data-id=\"69e3ebe4e65a7\" data-height=\"75\" data-height-mobile=\"75\" data-height-tab=\"75\" data-height-tab-portrait=\"\" data-height-mobile-landscape=\"\" style=\"clear:both;display:block;\"><\/div>[\/vc_column][\/vc_row][vc_row][vc_column width=&#8221;1\/2&#8243; css=&#8221;.vc_custom_1616028410803{background-color: #ffffff !important;}&#8221; el_class=&#8221;square-left&#8221;][vc_column_text]<\/p>\n<h1>PTICE<\/h1>\n<p>Ptice su skupina \u017eivotinja koja oduvijek plijeni veliku pozornost zbog svog lijepog izgleda, raznolikog repertoara glasanja, sposobnosti leta, prilago\u0111enosti \u017eivotu blizu \u010dovjeka, a u slu\u010daju nekih vrsta i kao jednog od glavnih izvora hrane.&nbsp;[\/vc_column_text][vc_btn title=&#8221;Saznajte vi\u0161e&#8221; shape=&#8221;square&#8221; color=&#8221;default&#8221; size=&#8221;lg&#8221; link=&#8221;url:http%3A%2F%2Fzeleni-prsten.hr%2Fportal%2Ftajanstveni-stanovnici%2Fptice%2F|title:Ptice||&#8221; el_class=&#8221;btn-outline text-black&#8221;][\/vc_column][vc_column width=&#8221;1\/2&#8243; css=&#8221;.vc_custom_1616028400967{padding-top: 0px !important;padding-right: 0px !important;padding-bottom: 0px !important;padding-left: 0px !important;}&#8221;][vc_single_image image=&#8221;4234&#8243; img_size=&#8221;800&#215;800&#8243; alignment=&#8221;right&#8221;][\/vc_column][\/vc_row][vc_row css=&#8221;.vc_custom_1616027557234{background-color: #f5f5f5 !important;}&#8221;][vc_column]<div class=\"ult-spacer spacer-69e3ebe4e65c0\" data-id=\"69e3ebe4e65c0\" data-height=\"75\" data-height-mobile=\"75\" data-height-tab=\"75\" data-height-tab-portrait=\"\" data-height-mobile-landscape=\"\" style=\"clear:both;display:block;\"><\/div>[\/vc_column][\/vc_row][vc_row][vc_column width=&#8221;1\/2&#8243; css=&#8221;.vc_custom_1616028400967{padding-top: 0px !important;padding-right: 0px !important;padding-bottom: 0px !important;padding-left: 0px !important;}&#8221;][vc_single_image image=&#8221;4239&#8243; img_size=&#8221;800&#215;800&#8243; alignment=&#8221;right&#8221;][\/vc_column][vc_column width=&#8221;1\/2&#8243; css=&#8221;.vc_custom_1616028838001{background-color: #ffffff !important;}&#8221; el_class=&#8221;square-right&#8221;][vc_column_text]<\/p>\n<h1>BILJKE<\/h1>\n<p>Prvi fosilni dokazi o postojanju kopnenih biljaka datiraju od prije oko 500 milijuna godina \u0161to zna\u010di da kopnene biljke nastanjuju Zemlju oko 2.300 puta du\u017ee od \u010dovjeka[\/vc_column_text][vc_btn title=&#8221;Saznajte vi\u0161e&#8221; shape=&#8221;square&#8221; color=&#8221;default&#8221; size=&#8221;lg&#8221; link=&#8221;url:https%3A%2F%2Fzeleni-prsten.hr%2Fportal%2Ftajanstveni-stanovnici%2Fbiljke%2F|title:Ptice||&#8221; el_class=&#8221;btn-outline text-black&#8221;][\/vc_column][\/vc_row][vc_row css=&#8221;.vc_custom_1616027557234{background-color: #f5f5f5 !important;}&#8221;][vc_column]<div class=\"ult-spacer spacer-69e3ebe4e65cd\" data-id=\"69e3ebe4e65cd\" data-height=\"75\" data-height-mobile=\"75\" data-height-tab=\"75\" data-height-tab-portrait=\"\" data-height-mobile-landscape=\"\" style=\"clear:both;display:block;\"><\/div>[\/vc_column][\/vc_row][vc_row][vc_column width=&#8221;1\/2&#8243; css=&#8221;.vc_custom_1616028410803{background-color: #ffffff !important;}&#8221; el_class=&#8221;square-left&#8221;][vc_column_text]<\/p>\n<h1>SISAVCI<\/h1>\n<p>Evolucija sisavaca zapo\u010dinje prije oko 210 milijuna godina \u0161to zna\u010di da su gotovo 150 milijuna godina koegzistirali s dinosaurima[\/vc_column_text][vc_btn title=&#8221;Saznajte vi\u0161e&#8221; shape=&#8221;square&#8221; color=&#8221;default&#8221; size=&#8221;lg&#8221; link=&#8221;url:https%3A%2F%2Fzeleni-prsten.hr%2Fportal%2Ftajanstveni-stanovnici%2Fsisavci%2F|title:Sisavci||&#8221; el_class=&#8221;btn-outline text-black&#8221;][\/vc_column][vc_column width=&#8221;1\/2&#8243; css=&#8221;.vc_custom_1616028400967{padding-top: 0px !important;padding-right: 0px !important;padding-bottom: 0px !important;padding-left: 0px !important;}&#8221;][vc_single_image image=&#8221;4244&#8243; img_size=&#8221;800&#215;800&#8243; alignment=&#8221;right&#8221;][\/vc_column][\/vc_row][vc_row css=&#8221;.vc_custom_1616027557234{background-color: #f5f5f5 !important;}&#8221;][vc_column]<div class=\"ult-spacer spacer-69e3ebe4e65d8\" data-id=\"69e3ebe4e65d8\" data-height=\"75\" data-height-mobile=\"75\" data-height-tab=\"75\" data-height-tab-portrait=\"\" data-height-mobile-landscape=\"\" style=\"clear:both;display:block;\"><\/div>[\/vc_column][\/vc_row][vc_row][vc_column width=&#8221;1\/2&#8243; css=&#8221;.vc_custom_1616028400967{padding-top: 0px !important;padding-right: 0px !important;padding-bottom: 0px !important;padding-left: 0px !important;}&#8221;][vc_single_image image=&#8221;10961&#8243; img_size=&#8221;800&#215;800&#8243; alignment=&#8221;right&#8221;][\/vc_column][vc_column width=&#8221;1\/2&#8243; css=&#8221;.vc_custom_1616028838001{background-color: #ffffff !important;}&#8221; el_class=&#8221;square-right&#8221;][vc_column_text]<\/p>\n<h1>RIBE<\/h1>\n<p>Ribe su najraznolikija i najmnogobrojnija skupina kralje\u017enjaka na na\u0161em planetu. Poznato je gotovo 15.000 vrsta slatkovodnih riba \u0161to je gotovo \u010detvrtina poznatih vrsta kralje\u017enjaka na Zemlji.&nbsp;[\/vc_column_text][vc_btn title=&#8221;Saznajte vi\u0161e&#8221; shape=&#8221;square&#8221; color=&#8221;default&#8221; size=&#8221;lg&#8221; link=&#8221;url:https%3A%2F%2Fzeleni-prsten.hr%2Fportal%2Ftajanstveni-stanovnici%2Fribe%2F|title:Ribe||&#8221; el_class=&#8221;btn-outline text-black&#8221;][\/vc_column][\/vc_row][vc_row css=&#8221;.vc_custom_1616027557234{background-color: #f5f5f5 !important;}&#8221;][vc_column]<div class=\"ult-spacer spacer-69e3ebe4e65e4\" data-id=\"69e3ebe4e65e4\" data-height=\"75\" data-height-mobile=\"75\" data-height-tab=\"75\" data-height-tab-portrait=\"\" data-height-mobile-landscape=\"\" style=\"clear:both;display:block;\"><\/div>[\/vc_column][\/vc_row][vc_row][vc_column width=&#8221;1\/2&#8243; css=&#8221;.vc_custom_1616028410803{background-color: #ffffff !important;}&#8221; el_class=&#8221;square-left&#8221;][vc_column_text]<\/p>\n<h1>KUKCI<\/h1>\n<p>Kukci su najbrojnija skupina organizama na Zemlji, a prvi dokazi za postojanje izvornih vrsta kukaca javljaju se prije vi\u0161e od 400 milijuna godina.&nbsp;[\/vc_column_text][vc_btn title=&#8221;Saznajte vi\u0161e&#8221; shape=&#8221;square&#8221; color=&#8221;default&#8221; size=&#8221;lg&#8221; link=&#8221;url:https%3A%2F%2Fzeleni-prsten.hr%2Fportal%2Ftajanstveni-stanovnici%2Fkukci%2F|title:Kukci||&#8221; el_class=&#8221;btn-outline text-black&#8221;][\/vc_column][vc_column width=&#8221;1\/2&#8243; css=&#8221;.vc_custom_1616028400967{padding-top: 0px !important;padding-right: 0px !important;padding-bottom: 0px !important;padding-left: 0px !important;}&#8221;][vc_single_image image=&#8221;11203&#8243; img_size=&#8221;800&#215;800&#8243; alignment=&#8221;right&#8221;][\/vc_column][\/vc_row][vc_row css=&#8221;.vc_custom_1616027557234{background-color: #f5f5f5 !important;}&#8221;][vc_column]<div class=\"ult-spacer spacer-69e3ebe4e65ed\" data-id=\"69e3ebe4e65ed\" data-height=\"75\" data-height-mobile=\"75\" data-height-tab=\"75\" data-height-tab-portrait=\"\" data-height-mobile-landscape=\"\" style=\"clear:both;display:block;\"><\/div>[\/vc_column][\/vc_row][vc_row][vc_column width=&#8221;1\/2&#8243; css=&#8221;.vc_custom_1616028400967{padding-top: 0px !important;padding-right: 0px !important;padding-bottom: 0px !important;padding-left: 0px !important;}&#8221;][vc_single_image image=&#8221;11195&#8243; img_size=&#8221;800&#215;800&#8243; alignment=&#8221;right&#8221;][\/vc_column][vc_column width=&#8221;1\/2&#8243; css=&#8221;.vc_custom_1616028838001{background-color: #ffffff !important;}&#8221; el_class=&#8221;square-right&#8221;][vc_column_text]<\/p>\n<h1>VODOZEMCI I GMAZOVI<\/h1>\n<p>Smatra se da su vodozemce prvi kralje\u017enjaci koji su nastanili kopno prije oko 370 milijuna godina.[\/vc_column_text][vc_btn title=&#8221;Saznajte vi\u0161e&#8221; shape=&#8221;square&#8221; color=&#8221;default&#8221; size=&#8221;lg&#8221; link=&#8221;url:https%3A%2F%2Fzeleni-prsten.hr%2Fportal%2Ftajanstveni-stanovnici%2Fvodozemci-i-gmazovi%2F|title:Vodozemci%20i%20gmazovi||&#8221; el_class=&#8221;btn-outline text-black&#8221;][\/vc_column][\/vc_row][vc_row css=&#8221;.vc_custom_1616027557234{background-color: #f5f5f5 !important;}&#8221;][vc_column]<div class=\"ult-spacer spacer-69e3ebe4e65f5\" data-id=\"69e3ebe4e65f5\" data-height=\"75\" data-height-mobile=\"75\" data-height-tab=\"75\" data-height-tab-portrait=\"\" data-height-mobile-landscape=\"\" style=\"clear:both;display:block;\"><\/div>[\/vc_column][\/vc_row][vc_row][vc_column width=&#8221;1\/2&#8243; css=&#8221;.vc_custom_1616028410803{background-color: #ffffff !important;}&#8221; el_class=&#8221;square-left&#8221;][vc_column_text]<\/p>\n<h1>I JO\u0160&#8230;<\/h1>\n<p>Ako bismo uzeli sve ljude svijeta i stavili ih s jedne strane imaginarne vage, a s druge strane stavili sve bakterije svijeta, saznali bi da su bakterije vi\u0161e od 1 000 puta te\u017ee od nas.&nbsp;[\/vc_column_text][vc_btn title=&#8221;Saznajte vi\u0161e&#8221; shape=&#8221;square&#8221; color=&#8221;default&#8221; size=&#8221;lg&#8221; link=&#8221;url:https%3A%2F%2Fzeleni-prsten.hr%2Fportal%2Ftajanstveni-stanovnici%2Fi-jos%2F|title:I%20jo%C5%A1&#8230;||&#8221; el_class=&#8221;btn-outline text-black&#8221;][\/vc_column][vc_column width=&#8221;1\/2&#8243; css=&#8221;.vc_custom_1616028400967{padding-top: 0px !important;padding-right: 0px !important;padding-bottom: 0px !important;padding-left: 0px !important;}&#8221;][vc_single_image image=&#8221;10983&#8243; img_size=&#8221;800&#215;800&#8243; alignment=&#8221;right&#8221;][\/vc_column][\/vc_row]<\/p>\n","protected":false},"excerpt":{"rendered":"<p>[vc_row css=&#8221;.vc_custom_1616027557234{background-color: #f5f5f5 !important;}&#8221;][vc_column][\/vc_column][\/vc_row][vc_row][vc_column width=&#8221;1\/2&#8243; css=&#8221;.vc_custom_1616028410803{background-color: #ffffff !important;}&#8221; el_class=&#8221;square-left&#8221;][vc_column_text] PTICE Ptice su skupina \u017eivotinja koja oduvijek plijeni veliku pozornost zbog svog lijepog izgleda, raznolikog repertoara glasanja, sposobnosti leta, prilago\u0111enosti \u017eivotu blizu \u010dovjeka, a u slu\u010daju nekih vrsta i kao jednog [&hellip;]<\/p>\n","protected":false},"author":1,"featured_media":11198,"parent":0,"menu_order":1,"comment_status":"closed","ping_status":"closed","template":"","meta":{"ngg_post_thumbnail":0},"yoast_head":"<!-- This site is optimized with the Yoast SEO plugin v18.4.1 - https:\/\/yoast.com\/wordpress\/plugins\/seo\/ -->\n<title>Tajanstveni stanovnici - JU Zeleni prsten Zagreba\u010dke \u017eupanije<\/title>\n<meta name=\"robots\" content=\"index, follow, max-snippet:-1, max-image-preview:large, max-video-preview:-1\" \/>\n<link rel=\"canonical\" href=\"https:\/\/zeleni-prsten.hr\/portal\/tajanstveni-stanovnici\/\" \/>\n<meta property=\"og:locale\" content=\"hr_HR\" \/>\n<meta property=\"og:type\" content=\"article\" \/>\n<meta property=\"og:title\" content=\"Tajanstveni stanovnici - JU Zeleni prsten Zagreba\u010dke \u017eupanije\" \/>\n<meta property=\"og:description\" content=\"[vc_row css=&#8221;.vc_custom_1616027557234{background-color: #f5f5f5 !important;}&#8221;][vc_column][\/vc_column][\/vc_row][vc_row][vc_column width=&#8221;1\/2&#8243; css=&#8221;.vc_custom_1616028410803{background-color: #ffffff !important;}&#8221; el_class=&#8221;square-left&#8221;][vc_column_text] PTICE Ptice su skupina \u017eivotinja koja oduvijek plijeni veliku pozornost zbog svog lijepog izgleda, raznolikog repertoara glasanja, sposobnosti leta, prilago\u0111enosti \u017eivotu blizu \u010dovjeka, a u slu\u010daju nekih vrsta i kao jednog [&hellip;]\" \/>\n<meta property=\"og:url\" content=\"https:\/\/zeleni-prsten.hr\/portal\/tajanstveni-stanovnici\/\" \/>\n<meta property=\"og:site_name\" content=\"JU Zeleni prsten Zagreba\u010dke \u017eupanije\" \/>\n<meta property=\"article:modified_time\" content=\"2022-02-28T10:35:18+00:00\" \/>\n<meta property=\"og:image\" content=\"https:\/\/zeleni-prsten.hr\/portal\/wp-content\/uploads\/2022\/02\/Crni-apolon-i-repicin-bijelac.jpg\" \/>\n\t<meta property=\"og:image:width\" content=\"1000\" \/>\n\t<meta property=\"og:image:height\" content=\"667\" \/>\n\t<meta property=\"og:image:type\" content=\"image\/jpeg\" \/>\n<meta name=\"twitter:card\" content=\"summary_large_image\" \/>\n<meta name=\"twitter:label1\" content=\"Procijenjeno vrijeme \u010ditanja\" \/>\n\t<meta name=\"twitter:data1\" content=\"5 minuta\" \/>\n<script type=\"application\/ld+json\" class=\"yoast-schema-graph\">{\"@context\":\"https:\/\/schema.org\",\"@graph\":[{\"@type\":\"WebSite\",\"@id\":\"https:\/\/zeleni-prsten.hr\/portal\/#website\",\"url\":\"https:\/\/zeleni-prsten.hr\/portal\/\",\"name\":\"JU Zeleni prsten Zagreba\u010dke \u017eupanije\",\"description\":\"JU Zeleni prsten Zagreba\u010dke \u017eupanije\",\"potentialAction\":[{\"@type\":\"SearchAction\",\"target\":{\"@type\":\"EntryPoint\",\"urlTemplate\":\"https:\/\/zeleni-prsten.hr\/portal\/?s={search_term_string}\"},\"query-input\":\"required name=search_term_string\"}],\"inLanguage\":\"hr\"},{\"@type\":\"ImageObject\",\"@id\":\"https:\/\/zeleni-prsten.hr\/portal\/tajanstveni-stanovnici\/#primaryimage\",\"inLanguage\":\"hr\",\"url\":\"https:\/\/zeleni-prsten.hr\/portal\/wp-content\/uploads\/2022\/02\/Crni-apolon-i-repicin-bijelac.jpg\",\"contentUrl\":\"https:\/\/zeleni-prsten.hr\/portal\/wp-content\/uploads\/2022\/02\/Crni-apolon-i-repicin-bijelac.jpg\",\"width\":1000,\"height\":667},{\"@type\":\"WebPage\",\"@id\":\"https:\/\/zeleni-prsten.hr\/portal\/tajanstveni-stanovnici\/#webpage\",\"url\":\"https:\/\/zeleni-prsten.hr\/portal\/tajanstveni-stanovnici\/\",\"name\":\"Tajanstveni stanovnici - JU Zeleni prsten Zagreba\u010dke \u017eupanije\",\"isPartOf\":{\"@id\":\"https:\/\/zeleni-prsten.hr\/portal\/#website\"},\"primaryImageOfPage\":{\"@id\":\"https:\/\/zeleni-prsten.hr\/portal\/tajanstveni-stanovnici\/#primaryimage\"},\"datePublished\":\"2021-03-17T21:00:40+00:00\",\"dateModified\":\"2022-02-28T10:35:18+00:00\",\"breadcrumb\":{\"@id\":\"https:\/\/zeleni-prsten.hr\/portal\/tajanstveni-stanovnici\/#breadcrumb\"},\"inLanguage\":\"hr\",\"potentialAction\":[{\"@type\":\"ReadAction\",\"target\":[\"https:\/\/zeleni-prsten.hr\/portal\/tajanstveni-stanovnici\/\"]}]},{\"@type\":\"BreadcrumbList\",\"@id\":\"https:\/\/zeleni-prsten.hr\/portal\/tajanstveni-stanovnici\/#breadcrumb\",\"itemListElement\":[{\"@type\":\"ListItem\",\"position\":1,\"name\":\"Home\",\"item\":\"https:\/\/zeleni-prsten.hr\/portal\/\"},{\"@type\":\"ListItem\",\"position\":2,\"name\":\"Tajanstveni stanovnici\"}]}]}<\/script>\n<!-- \/ Yoast SEO plugin. -->","yoast_head_json":{"title":"Tajanstveni stanovnici - JU Zeleni prsten Zagreba\u010dke \u017eupanije","robots":{"index":"index","follow":"follow","max-snippet":"max-snippet:-1","max-image-preview":"max-image-preview:large","max-video-preview":"max-video-preview:-1"},"canonical":"https:\/\/zeleni-prsten.hr\/portal\/tajanstveni-stanovnici\/","og_locale":"hr_HR","og_type":"article","og_title":"Tajanstveni stanovnici - JU Zeleni prsten Zagreba\u010dke \u017eupanije","og_description":"[vc_row css=&#8221;.vc_custom_1616027557234{background-color: #f5f5f5 !important;}&#8221;][vc_column][\/vc_column][\/vc_row][vc_row][vc_column width=&#8221;1\/2&#8243; css=&#8221;.vc_custom_1616028410803{background-color: #ffffff !important;}&#8221; el_class=&#8221;square-left&#8221;][vc_column_text] PTICE Ptice su skupina \u017eivotinja koja oduvijek plijeni veliku pozornost zbog svog lijepog izgleda, raznolikog repertoara glasanja, sposobnosti leta, prilago\u0111enosti \u017eivotu blizu \u010dovjeka, a u slu\u010daju nekih vrsta i kao jednog [&hellip;]","og_url":"https:\/\/zeleni-prsten.hr\/portal\/tajanstveni-stanovnici\/","og_site_name":"JU Zeleni prsten Zagreba\u010dke \u017eupanije","article_modified_time":"2022-02-28T10:35:18+00:00","og_image":[{"width":1000,"height":667,"url":"https:\/\/zeleni-prsten.hr\/portal\/wp-content\/uploads\/2022\/02\/Crni-apolon-i-repicin-bijelac.jpg","type":"image\/jpeg"}],"twitter_card":"summary_large_image","twitter_misc":{"Procijenjeno vrijeme \u010ditanja":"5 minuta"},"schema":{"@context":"https:\/\/schema.org","@graph":[{"@type":"WebSite","@id":"https:\/\/zeleni-prsten.hr\/portal\/#website","url":"https:\/\/zeleni-prsten.hr\/portal\/","name":"JU Zeleni prsten Zagreba\u010dke \u017eupanije","description":"JU Zeleni prsten Zagreba\u010dke \u017eupanije","potentialAction":[{"@type":"SearchAction","target":{"@type":"EntryPoint","urlTemplate":"https:\/\/zeleni-prsten.hr\/portal\/?s={search_term_string}"},"query-input":"required name=search_term_string"}],"inLanguage":"hr"},{"@type":"ImageObject","@id":"https:\/\/zeleni-prsten.hr\/portal\/tajanstveni-stanovnici\/#primaryimage","inLanguage":"hr","url":"https:\/\/zeleni-prsten.hr\/portal\/wp-content\/uploads\/2022\/02\/Crni-apolon-i-repicin-bijelac.jpg","contentUrl":"https:\/\/zeleni-prsten.hr\/portal\/wp-content\/uploads\/2022\/02\/Crni-apolon-i-repicin-bijelac.jpg","width":1000,"height":667},{"@type":"WebPage","@id":"https:\/\/zeleni-prsten.hr\/portal\/tajanstveni-stanovnici\/#webpage","url":"https:\/\/zeleni-prsten.hr\/portal\/tajanstveni-stanovnici\/","name":"Tajanstveni stanovnici - JU Zeleni prsten Zagreba\u010dke \u017eupanije","isPartOf":{"@id":"https:\/\/zeleni-prsten.hr\/portal\/#website"},"primaryImageOfPage":{"@id":"https:\/\/zeleni-prsten.hr\/portal\/tajanstveni-stanovnici\/#primaryimage"},"datePublished":"2021-03-17T21:00:40+00:00","dateModified":"2022-02-28T10:35:18+00:00","breadcrumb":{"@id":"https:\/\/zeleni-prsten.hr\/portal\/tajanstveni-stanovnici\/#breadcrumb"},"inLanguage":"hr","potentialAction":[{"@type":"ReadAction","target":["https:\/\/zeleni-prsten.hr\/portal\/tajanstveni-stanovnici\/"]}]},{"@type":"BreadcrumbList","@id":"https:\/\/zeleni-prsten.hr\/portal\/tajanstveni-stanovnici\/#breadcrumb","itemListElement":[{"@type":"ListItem","position":1,"name":"Home","item":"https:\/\/zeleni-prsten.hr\/portal\/"},{"@type":"ListItem","position":2,"name":"Tajanstveni stanovnici"}]}]}},"_links":{"self":[{"href":"https:\/\/zeleni-prsten.hr\/portal\/wp-json\/wp\/v2\/pages\/3089"}],"collection":[{"href":"https:\/\/zeleni-prsten.hr\/portal\/wp-json\/wp\/v2\/pages"}],"about":[{"href":"https:\/\/zeleni-prsten.hr\/portal\/wp-json\/wp\/v2\/types\/page"}],"author":[{"embeddable":true,"href":"https:\/\/zeleni-prsten.hr\/portal\/wp-json\/wp\/v2\/users\/1"}],"replies":[{"embeddable":true,"href":"https:\/\/zeleni-prsten.hr\/portal\/wp-json\/wp\/v2\/comments?post=3089"}],"version-history":[{"count":26,"href":"https:\/\/zeleni-prsten.hr\/portal\/wp-json\/wp\/v2\/pages\/3089\/revisions"}],"predecessor-version":[{"id":11699,"href":"https:\/\/zeleni-prsten.hr\/portal\/wp-json\/wp\/v2\/pages\/3089\/revisions\/11699"}],"wp:featuredmedia":[{"embeddable":true,"href":"https:\/\/zeleni-prsten.hr\/portal\/wp-json\/wp\/v2\/media\/11198"}],"wp:attachment":[{"href":"https:\/\/zeleni-prsten.hr\/portal\/wp-json\/wp\/v2\/media?parent=3089"}],"curies":[{"name":"wp","href":"https:\/\/api.w.org\/{rel}","templated":true}]}}