{"id":3104,"date":"2021-03-17T23:29:35","date_gmt":"2021-03-17T22:29:35","guid":{"rendered":"http:\/\/zeleni-prsten.hr\/portal\/?page_id=3104"},"modified":"2022-02-20T20:48:07","modified_gmt":"2022-02-20T19:48:07","slug":"zastita-prirode","status":"publish","type":"page","link":"https:\/\/zeleni-prsten.hr\/portal\/zastita-prirode\/","title":{"rendered":"Za\u0161tita prirode"},"content":{"rendered":"<p>[vc_row][vc_column]<div class=\"ult-spacer spacer-69e1e0da5f7ce\" data-id=\"69e1e0da5f7ce\" data-height=\"60\" data-height-mobile=\"20\" data-height-tab=\"50\" data-height-tab-portrait=\"40\" data-height-mobile-landscape=\"25\" style=\"clear:both;display:block;\"><\/div>[vc_column_text css_animation=&#8221;fadeIn&#8221;]Broj stanovnika na Zemlji 1900. godine, dakle prije svega 120 godina iznosio je 1,65 milijardi, a procjena je da \u0107e do kraja ovog stolje\u0107a narasti na oko 11 milijardi. Uz ovakvo drasti\u010dno pove\u0107anje broja ljudi, tako\u0111er je do\u0161lo i do drasti\u010dnih promjena u stilu \u017eivota. Danas gotovo svako ku\u0107anstvo posjeduje barem jedan automobil, nekoliko mobitela i brojne ku\u0107anske ure\u0111aje pa je tzv. \u201ekonzumeristi\u010dki\u201c stil \u017eivota doveo do toga da je pritisak na prirodu pove\u0107an znatno vi\u0161e od 10 puta u svega stotinjak godina. Trenuta\u010dno stanje je takvo da bi trebali 1,8 kapaciteta Zemlje da osiguramo odr\u017eivost resursa i usluga ekosustava koje upotrebljavamo.[\/vc_column_text][vc_column_text css_animation=&#8221;fadeIn&#8221;]<\/p>\n<h2><strong>Ugro\u017eavanjem prirode ugro\u017eavamo i usluge ekosustava koje nam ona pru\u017ea, a samim time i kvalitetu vlastitih \u017eivota. Preko 25% vrsta je ugro\u017eeno te im prijeti visok rizik od izumiranja, a u posljednjih 50 godina brojnost populacija u prosjeku je smanjena za 20%.<\/strong><\/h2>\n<p>[\/vc_column_text][vc_column_text css_animation=&#8221;fadeIn&#8221;]Biomasa divljih kralje\u017enjaka smanjena je za 82%, stani\u0161ta vrsta naru\u0161ena su za 30%, gotovo pola milijuna vrsta nema adekvatnu povr\u0161inu stani\u0161ta. Podaci su to <a href=\"https:\/\/ipbes.net\/global-assessment\" target=\"_blank\" rel=\"noopener\">Globalne procjene stanja bioraznolikosti i usluga ekosustava<\/a> (eng. Global assessment report on biodiversity and ecosystem services, IPBES, 2019) u kojoj je sudjelovalo 145 znanstvenika iz 50 zemalja, a u sklopu koje je izra\u0111ena procjena stanja za ukupno 132 zemlje \u010dlanice. U obzir su uzeti podaci koji su dostupni za posljednjih 50 godina.<\/p>\n<p>Postoje brojne studije koje upu\u0107uju na sli\u010dne zaklju\u010dke pa tako npr. Izvje\u0161\u0107e o \u017eivotu na planeti (eng. <a href=\"https:\/\/f.hubspotusercontent20.net\/hubfs\/4783129\/LPR\/PDFs\/ENGLISH-FULL.pdf\" target=\"_blank\" rel=\"noopener\">\u201eLiving Planet Report\u201c, WWF, 2020<\/a> ) upozorava da je izgubljeno 90% mo\u010dvara, a da su se veli\u010dine populacija smanjile za 84% kod slatkovodnih organizama, a za 68% kod pra\u0107enih vrsta sisavaca, ptica, riba, gmazova i vodozemaca (obuhva\u0107eno 21.000 vrsta). Divlji opra\u0161iva\u010di su tako\u0111er veoma ugro\u017eeni, a o njima direktno ovisi proizvodnja hrane za \u010dovje\u010danstvo i divlje vrste. Procijenjeno je da koristimo barem 58% resursa vi\u0161e nego \u0161to to granica odr\u017eivosti dozvoljava.[\/vc_column_text][vc_column_text css_animation=&#8221;fadeIn&#8221;]<\/p>\n<h2><strong>Glavni razlozi gubitka bioraznolikosti su:<\/strong><\/h2>\n<ul>\n<li><strong>Direktno uni\u0161tavanje stani\u0161ta<\/strong><\/li>\n<li><strong>Invazivne strane vrste<\/strong><\/li>\n<li><strong>Zaga\u0111enje<\/strong><\/li>\n<li><strong>Neodr\u017eivo kori\u0161tenje resursa<\/strong><\/li>\n<li><strong>Klimatske promjene<\/strong><\/li>\n<\/ul>\n<p>[\/vc_column_text][vc_column_text css_animation=&#8221;fadeIn&#8221;]Treba uzeti u obzir da se prema najnovijim podacima trenutno u upotrebi nalazi oko 350.000 vrsta razli\u010ditih kemikalija. Utjecaj na okoli\u0161 ispitan je za manje od 1% njih. Praksa pokazuje da se o negativnim posljedicama nekih od njih mo\u017ee saznati tek kroz razdoblje od 50 i vi\u0161e godina kori\u0161tenja kada postaje jasno da su neke bolesti bile uzrokovane utjecajem jedne ili vi\u0161e kemikalija kombinirano.<\/p>\n<p>Za\u0161tita prirode nikada nije bila potrebnija. U Hrvatskoj se prirodu \u0161titi na vi\u0161estruke na\u010dine, a glavni mehanizmi su upravljanje za\u0161ti\u0107enim podru\u010djima i podru\u010djima ekolo\u0161ke mre\u017ee Natura 2000, razli\u010dite vrste procjene utjecaja zahvata na okoli\u0161 i prirodu te progla\u0161avanjem vrsta, minerala i fosila za\u0161ti\u0107enima. Temeljni dokument za\u0161tite prirode u Hrvatskoj je Zakon o za\u0161titi prirode.[\/vc_column_text][vc_btn title=&#8221;Vi\u0161e o upravljanju za\u0161ti\u0107enim podru\u010djima&#8221; shape=&#8221;square&#8221; color=&#8221;default&#8221; size=&#8221;lg&#8221; align=&#8221;center&#8221; css_animation=&#8221;fadeIn&#8221; link=&#8221;url:https%3A%2F%2Fzeleni-prsten.hr%2Fportal%2Fzastita-prirode%2Fupravljanje%2F|title:Upravljanje||&#8221; el_class=&#8221;btn-outline text-black&#8221;][\/vc_column][\/vc_row]<\/p>\n","protected":false},"excerpt":{"rendered":"<p>[vc_row][vc_column][vc_column_text css_animation=&#8221;fadeIn&#8221;]Broj stanovnika na Zemlji 1900. godine, dakle prije svega 120 godina iznosio je 1,65 milijardi, a procjena je da \u0107e do kraja ovog stolje\u0107a narasti na oko 11 milijardi. Uz ovakvo drasti\u010dno pove\u0107anje broja ljudi, tako\u0111er je do\u0161lo i [&hellip;]<\/p>\n","protected":false},"author":1,"featured_media":4284,"parent":0,"menu_order":8,"comment_status":"closed","ping_status":"closed","template":"","meta":{"ngg_post_thumbnail":0},"yoast_head":"<!-- This site is optimized with the Yoast SEO plugin v18.4.1 - https:\/\/yoast.com\/wordpress\/plugins\/seo\/ -->\n<title>Za\u0161tita prirode - JU Zeleni prsten Zagreba\u010dke \u017eupanije<\/title>\n<meta name=\"robots\" content=\"index, follow, max-snippet:-1, max-image-preview:large, max-video-preview:-1\" \/>\n<link rel=\"canonical\" href=\"https:\/\/zeleni-prsten.hr\/portal\/zastita-prirode\/\" \/>\n<meta property=\"og:locale\" content=\"hr_HR\" \/>\n<meta property=\"og:type\" content=\"article\" \/>\n<meta property=\"og:title\" content=\"Za\u0161tita prirode - JU Zeleni prsten Zagreba\u010dke \u017eupanije\" \/>\n<meta property=\"og:description\" content=\"[vc_row][vc_column][vc_column_text css_animation=&#8221;fadeIn&#8221;]Broj stanovnika na Zemlji 1900. godine, dakle prije svega 120 godina iznosio je 1,65 milijardi, a procjena je da \u0107e do kraja ovog stolje\u0107a narasti na oko 11 milijardi. Uz ovakvo drasti\u010dno pove\u0107anje broja ljudi, tako\u0111er je do\u0161lo i [&hellip;]\" \/>\n<meta property=\"og:url\" content=\"https:\/\/zeleni-prsten.hr\/portal\/zastita-prirode\/\" \/>\n<meta property=\"og:site_name\" content=\"JU Zeleni prsten Zagreba\u010dke \u017eupanije\" \/>\n<meta property=\"article:modified_time\" content=\"2022-02-20T19:48:07+00:00\" \/>\n<meta property=\"og:image\" content=\"https:\/\/zeleni-prsten.hr\/portal\/wp-content\/uploads\/2022\/02\/Naslovna.jpg\" \/>\n\t<meta property=\"og:image:width\" content=\"1920\" \/>\n\t<meta property=\"og:image:height\" content=\"1275\" \/>\n\t<meta property=\"og:image:type\" content=\"image\/jpeg\" \/>\n<meta name=\"twitter:card\" content=\"summary_large_image\" \/>\n<meta name=\"twitter:label1\" content=\"Procijenjeno vrijeme \u010ditanja\" \/>\n\t<meta name=\"twitter:data1\" content=\"3 minute\" \/>\n<script type=\"application\/ld+json\" class=\"yoast-schema-graph\">{\"@context\":\"https:\/\/schema.org\",\"@graph\":[{\"@type\":\"WebSite\",\"@id\":\"https:\/\/zeleni-prsten.hr\/portal\/#website\",\"url\":\"https:\/\/zeleni-prsten.hr\/portal\/\",\"name\":\"JU Zeleni prsten Zagreba\u010dke \u017eupanije\",\"description\":\"JU Zeleni prsten Zagreba\u010dke \u017eupanije\",\"potentialAction\":[{\"@type\":\"SearchAction\",\"target\":{\"@type\":\"EntryPoint\",\"urlTemplate\":\"https:\/\/zeleni-prsten.hr\/portal\/?s={search_term_string}\"},\"query-input\":\"required name=search_term_string\"}],\"inLanguage\":\"hr\"},{\"@type\":\"ImageObject\",\"@id\":\"https:\/\/zeleni-prsten.hr\/portal\/zastita-prirode\/#primaryimage\",\"inLanguage\":\"hr\",\"url\":\"https:\/\/zeleni-prsten.hr\/portal\/wp-content\/uploads\/2022\/02\/Naslovna.jpg\",\"contentUrl\":\"https:\/\/zeleni-prsten.hr\/portal\/wp-content\/uploads\/2022\/02\/Naslovna.jpg\",\"width\":1920,\"height\":1275},{\"@type\":\"WebPage\",\"@id\":\"https:\/\/zeleni-prsten.hr\/portal\/zastita-prirode\/#webpage\",\"url\":\"https:\/\/zeleni-prsten.hr\/portal\/zastita-prirode\/\",\"name\":\"Za\u0161tita prirode - JU Zeleni prsten Zagreba\u010dke \u017eupanije\",\"isPartOf\":{\"@id\":\"https:\/\/zeleni-prsten.hr\/portal\/#website\"},\"primaryImageOfPage\":{\"@id\":\"https:\/\/zeleni-prsten.hr\/portal\/zastita-prirode\/#primaryimage\"},\"datePublished\":\"2021-03-17T22:29:35+00:00\",\"dateModified\":\"2022-02-20T19:48:07+00:00\",\"breadcrumb\":{\"@id\":\"https:\/\/zeleni-prsten.hr\/portal\/zastita-prirode\/#breadcrumb\"},\"inLanguage\":\"hr\",\"potentialAction\":[{\"@type\":\"ReadAction\",\"target\":[\"https:\/\/zeleni-prsten.hr\/portal\/zastita-prirode\/\"]}]},{\"@type\":\"BreadcrumbList\",\"@id\":\"https:\/\/zeleni-prsten.hr\/portal\/zastita-prirode\/#breadcrumb\",\"itemListElement\":[{\"@type\":\"ListItem\",\"position\":1,\"name\":\"Home\",\"item\":\"https:\/\/zeleni-prsten.hr\/portal\/\"},{\"@type\":\"ListItem\",\"position\":2,\"name\":\"Za\u0161tita prirode\"}]}]}<\/script>\n<!-- \/ Yoast SEO plugin. -->","yoast_head_json":{"title":"Za\u0161tita prirode - JU Zeleni prsten Zagreba\u010dke \u017eupanije","robots":{"index":"index","follow":"follow","max-snippet":"max-snippet:-1","max-image-preview":"max-image-preview:large","max-video-preview":"max-video-preview:-1"},"canonical":"https:\/\/zeleni-prsten.hr\/portal\/zastita-prirode\/","og_locale":"hr_HR","og_type":"article","og_title":"Za\u0161tita prirode - JU Zeleni prsten Zagreba\u010dke \u017eupanije","og_description":"[vc_row][vc_column][vc_column_text css_animation=&#8221;fadeIn&#8221;]Broj stanovnika na Zemlji 1900. godine, dakle prije svega 120 godina iznosio je 1,65 milijardi, a procjena je da \u0107e do kraja ovog stolje\u0107a narasti na oko 11 milijardi. Uz ovakvo drasti\u010dno pove\u0107anje broja ljudi, tako\u0111er je do\u0161lo i [&hellip;]","og_url":"https:\/\/zeleni-prsten.hr\/portal\/zastita-prirode\/","og_site_name":"JU Zeleni prsten Zagreba\u010dke \u017eupanije","article_modified_time":"2022-02-20T19:48:07+00:00","og_image":[{"width":1920,"height":1275,"url":"https:\/\/zeleni-prsten.hr\/portal\/wp-content\/uploads\/2022\/02\/Naslovna.jpg","type":"image\/jpeg"}],"twitter_card":"summary_large_image","twitter_misc":{"Procijenjeno vrijeme \u010ditanja":"3 minute"},"schema":{"@context":"https:\/\/schema.org","@graph":[{"@type":"WebSite","@id":"https:\/\/zeleni-prsten.hr\/portal\/#website","url":"https:\/\/zeleni-prsten.hr\/portal\/","name":"JU Zeleni prsten Zagreba\u010dke \u017eupanije","description":"JU Zeleni prsten Zagreba\u010dke \u017eupanije","potentialAction":[{"@type":"SearchAction","target":{"@type":"EntryPoint","urlTemplate":"https:\/\/zeleni-prsten.hr\/portal\/?s={search_term_string}"},"query-input":"required name=search_term_string"}],"inLanguage":"hr"},{"@type":"ImageObject","@id":"https:\/\/zeleni-prsten.hr\/portal\/zastita-prirode\/#primaryimage","inLanguage":"hr","url":"https:\/\/zeleni-prsten.hr\/portal\/wp-content\/uploads\/2022\/02\/Naslovna.jpg","contentUrl":"https:\/\/zeleni-prsten.hr\/portal\/wp-content\/uploads\/2022\/02\/Naslovna.jpg","width":1920,"height":1275},{"@type":"WebPage","@id":"https:\/\/zeleni-prsten.hr\/portal\/zastita-prirode\/#webpage","url":"https:\/\/zeleni-prsten.hr\/portal\/zastita-prirode\/","name":"Za\u0161tita prirode - JU Zeleni prsten Zagreba\u010dke \u017eupanije","isPartOf":{"@id":"https:\/\/zeleni-prsten.hr\/portal\/#website"},"primaryImageOfPage":{"@id":"https:\/\/zeleni-prsten.hr\/portal\/zastita-prirode\/#primaryimage"},"datePublished":"2021-03-17T22:29:35+00:00","dateModified":"2022-02-20T19:48:07+00:00","breadcrumb":{"@id":"https:\/\/zeleni-prsten.hr\/portal\/zastita-prirode\/#breadcrumb"},"inLanguage":"hr","potentialAction":[{"@type":"ReadAction","target":["https:\/\/zeleni-prsten.hr\/portal\/zastita-prirode\/"]}]},{"@type":"BreadcrumbList","@id":"https:\/\/zeleni-prsten.hr\/portal\/zastita-prirode\/#breadcrumb","itemListElement":[{"@type":"ListItem","position":1,"name":"Home","item":"https:\/\/zeleni-prsten.hr\/portal\/"},{"@type":"ListItem","position":2,"name":"Za\u0161tita prirode"}]}]}},"_links":{"self":[{"href":"https:\/\/zeleni-prsten.hr\/portal\/wp-json\/wp\/v2\/pages\/3104"}],"collection":[{"href":"https:\/\/zeleni-prsten.hr\/portal\/wp-json\/wp\/v2\/pages"}],"about":[{"href":"https:\/\/zeleni-prsten.hr\/portal\/wp-json\/wp\/v2\/types\/page"}],"author":[{"embeddable":true,"href":"https:\/\/zeleni-prsten.hr\/portal\/wp-json\/wp\/v2\/users\/1"}],"replies":[{"embeddable":true,"href":"https:\/\/zeleni-prsten.hr\/portal\/wp-json\/wp\/v2\/comments?post=3104"}],"version-history":[{"count":6,"href":"https:\/\/zeleni-prsten.hr\/portal\/wp-json\/wp\/v2\/pages\/3104\/revisions"}],"predecessor-version":[{"id":10835,"href":"https:\/\/zeleni-prsten.hr\/portal\/wp-json\/wp\/v2\/pages\/3104\/revisions\/10835"}],"wp:featuredmedia":[{"embeddable":true,"href":"https:\/\/zeleni-prsten.hr\/portal\/wp-json\/wp\/v2\/media\/4284"}],"wp:attachment":[{"href":"https:\/\/zeleni-prsten.hr\/portal\/wp-json\/wp\/v2\/media?parent=3104"}],"curies":[{"name":"wp","href":"https:\/\/api.w.org\/{rel}","templated":true}]}}