{"id":3106,"date":"2021-03-17T23:30:19","date_gmt":"2021-03-17T22:30:19","guid":{"rendered":"http:\/\/zeleni-prsten.hr\/portal\/?page_id=3106"},"modified":"2022-02-20T20:51:23","modified_gmt":"2022-02-20T19:51:23","slug":"upravljanje","status":"publish","type":"page","link":"https:\/\/zeleni-prsten.hr\/portal\/zastita-prirode\/upravljanje\/","title":{"rendered":"Upravljanje"},"content":{"rendered":"<p>[vc_row][vc_column]<div class=\"ult-spacer spacer-69e14d7b588d7\" data-id=\"69e14d7b588d7\" data-height=\"60\" data-height-mobile=\"20\" data-height-tab=\"50\" data-height-tab-portrait=\"40\" data-height-mobile-landscape=\"25\" style=\"clear:both;display:block;\"><\/div>[vc_column_text css_animation=&#8221;fadeIn&#8221;]Za\u0161ti\u0107enim podru\u010djima, prema Zakonu o za\u0161titi prirode, upravljaju javne ustanove za upravljanje za\u0161ti\u0107enim podru\u010djima. Njihova osnovna djelatnost je: <strong>za\u0161tita<\/strong>, <strong>odr\u017eavanje<\/strong> i <strong>promicanje<\/strong> za\u0161ti\u0107enih podru\u010dja u cilju za\u0161tite i o\u010duvanja izvornosti prirode, <strong>osiguravanje<\/strong> neometanog odvijanja prirodnih procesa i odr\u017eivog kori\u0161tenja prirodnih dobara, <strong>nadziranje<\/strong> provo\u0111enja uvjeta i mjera za\u0161tite prirode na za\u0161ti\u0107enim podru\u010djima kojima upravljaju te sudjelovanje u prikupljanju podataka u svrhu <strong>pra\u0107enja o\u010duvanosti<\/strong> prirode. Javne ustanove upravljaju i podru\u010djima ekolo\u0161ke mre\u017ee s ciljem o\u010duvanja ciljnih vrsta i stani\u0161nih tipova temeljem Uredbe o ekolo\u0161koj mre\u017ei i nadle\u017enostima javnih ustanova za upravljanje podru\u010djima ekolo\u0161ke mre\u017ee.<\/p>\n<h2>Upravljanje podrazumijeva provo\u0111enje niza mjera i aktivnosti potrebnih za dugoro\u010dno o\u010duvanje prirodnih i drugih vrijednosti podru\u010dja, a u okviru odgovornosti pojedinih institucija sustava za\u0161tite prirode i drugih sektora.<\/h2>\n<p>Sve institucije u sustavu me\u0111usobno sura\u0111uju i imaju svoju ulogu u provedbi upravnih i\/ili stru\u010dnih poslova, dono\u0161enju odluka na razli\u010ditim razinama, usmjeravanju procesa i savjetovanju, i sl. Pri tome ne treba zaboraviti na prava i obaveze vlasnika zemlji\u0161ta unutar granica podru\u010dja.<\/p>\n<p>Za\u0161ti\u0107ena podru\u010dja i podru\u010dja ekolo\u0161ke mre\u017ee kojima upravlja na\u0161a javna ustanova u pravilu nisu za\u0161ti\u0107ena u kategorijama stroge za\u0161tite, \u0161to zna\u010di da ne postoji zabrana svih gospodarskih aktivnosti, a dopu\u0161teni su zahvati i djelatnosti koje ne naru\u0161avaju obilje\u017eja zbog kojih su progla\u0161ena. Ministarstvo nadle\u017eno za poslove za\u0161tite prirode i \u017eupanijski upravni odjel nadle\u017ean za poslove za\u0161tite okoli\u0161a i prirode propisuju \u0161to je dozvoljeno i pod kojim uvjetima, tj. obavljaju upravne i stru\u010dne poslove za\u0161tite prirode. Neposredni nadzor po\u0161tivanja propisanih mjera i zakonskih odredbi u za\u0161ti\u0107enim podru\u010djima i podru\u010djima ekolo\u0161ke mre\u017ee obavljaju glavni \u010duvar prirode i \u010duvari prirode javne ustanove koja upravlja podru\u010djem.<\/p>\n<p>Djelokrug rada javnih ustanova koje upravljanju za\u0161ti\u0107enim podru\u010djima i podru\u010djima ekolo\u0161ke mre\u017ee naj\u010de\u0161\u0107e se sastoji od o\u010duvanja prirodnih vrijednosti (inventarizacija, monitoring, provo\u0111enje aktivnih mjera o\u010duvanja), upravljanja posje\u0107ivanjem (ukoliko je zna\u010dajno i takav vid upravljanja je neophodan radi o\u010duvanja prirodnih vrijednosti) i suradnje s lokalnom zajednicom u cilju osiguravanja dugoro\u010dnog o\u010duvanja prirodnih vrijednosti podru\u010dja.[\/vc_column_text][vc_btn title=&#8221;Saznajte vi\u0161e o na\u0161im edukacijama&#8221; shape=&#8221;square&#8221; color=&#8221;default&#8221; size=&#8221;lg&#8221; align=&#8221;center&#8221; css_animation=&#8221;fadeIn&#8221; link=&#8221;url:https%3A%2F%2Fzeleni-prsten.hr%2Fportal%2Fzastita-prirode%2Fedukacija%2F|title:Edukacija||&#8221; el_class=&#8221;btn-outline text-black&#8221;][\/vc_column][\/vc_row]<\/p>\n","protected":false},"excerpt":{"rendered":"<p>[vc_row][vc_column][vc_column_text css_animation=&#8221;fadeIn&#8221;]Za\u0161ti\u0107enim podru\u010djima, prema Zakonu o za\u0161titi prirode, upravljaju javne ustanove za upravljanje za\u0161ti\u0107enim podru\u010djima. Njihova osnovna djelatnost je: za\u0161tita, odr\u017eavanje i promicanje za\u0161ti\u0107enih podru\u010dja u cilju za\u0161tite i o\u010duvanja izvornosti prirode, osiguravanje neometanog odvijanja prirodnih procesa i odr\u017eivog kori\u0161tenja [&hellip;]<\/p>\n","protected":false},"author":1,"featured_media":10837,"parent":3104,"menu_order":2,"comment_status":"closed","ping_status":"closed","template":"","meta":{"ngg_post_thumbnail":0},"yoast_head":"<!-- This site is optimized with the Yoast SEO plugin v18.4.1 - https:\/\/yoast.com\/wordpress\/plugins\/seo\/ -->\n<title>Upravljanje - JU Zeleni prsten Zagreba\u010dke \u017eupanije<\/title>\n<meta name=\"robots\" content=\"index, follow, max-snippet:-1, max-image-preview:large, max-video-preview:-1\" \/>\n<link rel=\"canonical\" href=\"https:\/\/zeleni-prsten.hr\/portal\/zastita-prirode\/upravljanje\/\" \/>\n<meta property=\"og:locale\" content=\"hr_HR\" \/>\n<meta property=\"og:type\" content=\"article\" \/>\n<meta property=\"og:title\" content=\"Upravljanje - JU Zeleni prsten Zagreba\u010dke \u017eupanije\" \/>\n<meta property=\"og:description\" content=\"[vc_row][vc_column][vc_column_text css_animation=&#8221;fadeIn&#8221;]Za\u0161ti\u0107enim podru\u010djima, prema Zakonu o za\u0161titi prirode, upravljaju javne ustanove za upravljanje za\u0161ti\u0107enim podru\u010djima. Njihova osnovna djelatnost je: za\u0161tita, odr\u017eavanje i promicanje za\u0161ti\u0107enih podru\u010dja u cilju za\u0161tite i o\u010duvanja izvornosti prirode, osiguravanje neometanog odvijanja prirodnih procesa i odr\u017eivog kori\u0161tenja [&hellip;]\" \/>\n<meta property=\"og:url\" content=\"https:\/\/zeleni-prsten.hr\/portal\/zastita-prirode\/upravljanje\/\" \/>\n<meta property=\"og:site_name\" content=\"JU Zeleni prsten Zagreba\u010dke \u017eupanije\" \/>\n<meta property=\"article:modified_time\" content=\"2022-02-20T19:51:23+00:00\" \/>\n<meta property=\"og:image\" content=\"https:\/\/zeleni-prsten.hr\/portal\/wp-content\/uploads\/2022\/02\/upravljanje.jpg\" \/>\n\t<meta property=\"og:image:width\" content=\"1920\" \/>\n\t<meta property=\"og:image:height\" content=\"1080\" \/>\n\t<meta property=\"og:image:type\" content=\"image\/jpeg\" \/>\n<meta name=\"twitter:card\" content=\"summary_large_image\" \/>\n<meta name=\"twitter:label1\" content=\"Procijenjeno vrijeme \u010ditanja\" \/>\n\t<meta name=\"twitter:data1\" content=\"2 minute\" \/>\n<script type=\"application\/ld+json\" class=\"yoast-schema-graph\">{\"@context\":\"https:\/\/schema.org\",\"@graph\":[{\"@type\":\"WebSite\",\"@id\":\"https:\/\/zeleni-prsten.hr\/portal\/#website\",\"url\":\"https:\/\/zeleni-prsten.hr\/portal\/\",\"name\":\"JU Zeleni prsten Zagreba\u010dke \u017eupanije\",\"description\":\"JU Zeleni prsten Zagreba\u010dke \u017eupanije\",\"potentialAction\":[{\"@type\":\"SearchAction\",\"target\":{\"@type\":\"EntryPoint\",\"urlTemplate\":\"https:\/\/zeleni-prsten.hr\/portal\/?s={search_term_string}\"},\"query-input\":\"required name=search_term_string\"}],\"inLanguage\":\"hr\"},{\"@type\":\"ImageObject\",\"@id\":\"https:\/\/zeleni-prsten.hr\/portal\/zastita-prirode\/upravljanje\/#primaryimage\",\"inLanguage\":\"hr\",\"url\":\"https:\/\/zeleni-prsten.hr\/portal\/wp-content\/uploads\/2022\/02\/upravljanje.jpg\",\"contentUrl\":\"https:\/\/zeleni-prsten.hr\/portal\/wp-content\/uploads\/2022\/02\/upravljanje.jpg\",\"width\":1920,\"height\":1080},{\"@type\":\"WebPage\",\"@id\":\"https:\/\/zeleni-prsten.hr\/portal\/zastita-prirode\/upravljanje\/#webpage\",\"url\":\"https:\/\/zeleni-prsten.hr\/portal\/zastita-prirode\/upravljanje\/\",\"name\":\"Upravljanje - JU Zeleni prsten Zagreba\u010dke \u017eupanije\",\"isPartOf\":{\"@id\":\"https:\/\/zeleni-prsten.hr\/portal\/#website\"},\"primaryImageOfPage\":{\"@id\":\"https:\/\/zeleni-prsten.hr\/portal\/zastita-prirode\/upravljanje\/#primaryimage\"},\"datePublished\":\"2021-03-17T22:30:19+00:00\",\"dateModified\":\"2022-02-20T19:51:23+00:00\",\"breadcrumb\":{\"@id\":\"https:\/\/zeleni-prsten.hr\/portal\/zastita-prirode\/upravljanje\/#breadcrumb\"},\"inLanguage\":\"hr\",\"potentialAction\":[{\"@type\":\"ReadAction\",\"target\":[\"https:\/\/zeleni-prsten.hr\/portal\/zastita-prirode\/upravljanje\/\"]}]},{\"@type\":\"BreadcrumbList\",\"@id\":\"https:\/\/zeleni-prsten.hr\/portal\/zastita-prirode\/upravljanje\/#breadcrumb\",\"itemListElement\":[{\"@type\":\"ListItem\",\"position\":1,\"name\":\"Home\",\"item\":\"https:\/\/zeleni-prsten.hr\/portal\/\"},{\"@type\":\"ListItem\",\"position\":2,\"name\":\"Za\u0161tita prirode\",\"item\":\"https:\/\/zeleni-prsten.hr\/portal\/zastita-prirode\/\"},{\"@type\":\"ListItem\",\"position\":3,\"name\":\"Upravljanje\"}]}]}<\/script>\n<!-- \/ Yoast SEO plugin. -->","yoast_head_json":{"title":"Upravljanje - JU Zeleni prsten Zagreba\u010dke \u017eupanije","robots":{"index":"index","follow":"follow","max-snippet":"max-snippet:-1","max-image-preview":"max-image-preview:large","max-video-preview":"max-video-preview:-1"},"canonical":"https:\/\/zeleni-prsten.hr\/portal\/zastita-prirode\/upravljanje\/","og_locale":"hr_HR","og_type":"article","og_title":"Upravljanje - JU Zeleni prsten Zagreba\u010dke \u017eupanije","og_description":"[vc_row][vc_column][vc_column_text css_animation=&#8221;fadeIn&#8221;]Za\u0161ti\u0107enim podru\u010djima, prema Zakonu o za\u0161titi prirode, upravljaju javne ustanove za upravljanje za\u0161ti\u0107enim podru\u010djima. Njihova osnovna djelatnost je: za\u0161tita, odr\u017eavanje i promicanje za\u0161ti\u0107enih podru\u010dja u cilju za\u0161tite i o\u010duvanja izvornosti prirode, osiguravanje neometanog odvijanja prirodnih procesa i odr\u017eivog kori\u0161tenja [&hellip;]","og_url":"https:\/\/zeleni-prsten.hr\/portal\/zastita-prirode\/upravljanje\/","og_site_name":"JU Zeleni prsten Zagreba\u010dke \u017eupanije","article_modified_time":"2022-02-20T19:51:23+00:00","og_image":[{"width":1920,"height":1080,"url":"https:\/\/zeleni-prsten.hr\/portal\/wp-content\/uploads\/2022\/02\/upravljanje.jpg","type":"image\/jpeg"}],"twitter_card":"summary_large_image","twitter_misc":{"Procijenjeno vrijeme \u010ditanja":"2 minute"},"schema":{"@context":"https:\/\/schema.org","@graph":[{"@type":"WebSite","@id":"https:\/\/zeleni-prsten.hr\/portal\/#website","url":"https:\/\/zeleni-prsten.hr\/portal\/","name":"JU Zeleni prsten Zagreba\u010dke \u017eupanije","description":"JU Zeleni prsten Zagreba\u010dke \u017eupanije","potentialAction":[{"@type":"SearchAction","target":{"@type":"EntryPoint","urlTemplate":"https:\/\/zeleni-prsten.hr\/portal\/?s={search_term_string}"},"query-input":"required name=search_term_string"}],"inLanguage":"hr"},{"@type":"ImageObject","@id":"https:\/\/zeleni-prsten.hr\/portal\/zastita-prirode\/upravljanje\/#primaryimage","inLanguage":"hr","url":"https:\/\/zeleni-prsten.hr\/portal\/wp-content\/uploads\/2022\/02\/upravljanje.jpg","contentUrl":"https:\/\/zeleni-prsten.hr\/portal\/wp-content\/uploads\/2022\/02\/upravljanje.jpg","width":1920,"height":1080},{"@type":"WebPage","@id":"https:\/\/zeleni-prsten.hr\/portal\/zastita-prirode\/upravljanje\/#webpage","url":"https:\/\/zeleni-prsten.hr\/portal\/zastita-prirode\/upravljanje\/","name":"Upravljanje - JU Zeleni prsten Zagreba\u010dke \u017eupanije","isPartOf":{"@id":"https:\/\/zeleni-prsten.hr\/portal\/#website"},"primaryImageOfPage":{"@id":"https:\/\/zeleni-prsten.hr\/portal\/zastita-prirode\/upravljanje\/#primaryimage"},"datePublished":"2021-03-17T22:30:19+00:00","dateModified":"2022-02-20T19:51:23+00:00","breadcrumb":{"@id":"https:\/\/zeleni-prsten.hr\/portal\/zastita-prirode\/upravljanje\/#breadcrumb"},"inLanguage":"hr","potentialAction":[{"@type":"ReadAction","target":["https:\/\/zeleni-prsten.hr\/portal\/zastita-prirode\/upravljanje\/"]}]},{"@type":"BreadcrumbList","@id":"https:\/\/zeleni-prsten.hr\/portal\/zastita-prirode\/upravljanje\/#breadcrumb","itemListElement":[{"@type":"ListItem","position":1,"name":"Home","item":"https:\/\/zeleni-prsten.hr\/portal\/"},{"@type":"ListItem","position":2,"name":"Za\u0161tita prirode","item":"https:\/\/zeleni-prsten.hr\/portal\/zastita-prirode\/"},{"@type":"ListItem","position":3,"name":"Upravljanje"}]}]}},"_links":{"self":[{"href":"https:\/\/zeleni-prsten.hr\/portal\/wp-json\/wp\/v2\/pages\/3106"}],"collection":[{"href":"https:\/\/zeleni-prsten.hr\/portal\/wp-json\/wp\/v2\/pages"}],"about":[{"href":"https:\/\/zeleni-prsten.hr\/portal\/wp-json\/wp\/v2\/types\/page"}],"author":[{"embeddable":true,"href":"https:\/\/zeleni-prsten.hr\/portal\/wp-json\/wp\/v2\/users\/1"}],"replies":[{"embeddable":true,"href":"https:\/\/zeleni-prsten.hr\/portal\/wp-json\/wp\/v2\/comments?post=3106"}],"version-history":[{"count":4,"href":"https:\/\/zeleni-prsten.hr\/portal\/wp-json\/wp\/v2\/pages\/3106\/revisions"}],"predecessor-version":[{"id":10836,"href":"https:\/\/zeleni-prsten.hr\/portal\/wp-json\/wp\/v2\/pages\/3106\/revisions\/10836"}],"up":[{"embeddable":true,"href":"https:\/\/zeleni-prsten.hr\/portal\/wp-json\/wp\/v2\/pages\/3104"}],"wp:featuredmedia":[{"embeddable":true,"href":"https:\/\/zeleni-prsten.hr\/portal\/wp-json\/wp\/v2\/media\/10837"}],"wp:attachment":[{"href":"https:\/\/zeleni-prsten.hr\/portal\/wp-json\/wp\/v2\/media?parent=3106"}],"curies":[{"name":"wp","href":"https:\/\/api.w.org\/{rel}","templated":true}]}}