{"id":3141,"date":"2021-03-18T02:30:50","date_gmt":"2021-03-18T01:30:50","guid":{"rendered":"http:\/\/zeleni-prsten.hr\/portal\/?page_id=3141"},"modified":"2021-03-25T19:51:54","modified_gmt":"2021-03-25T18:51:54","slug":"zavrseni-projekti","status":"publish","type":"page","link":"https:\/\/zeleni-prsten.hr\/portal\/zavrseni-projekti\/","title":{"rendered":"Zavr\u0161eni projekti"},"content":{"rendered":"<p>[vc_row css=&#8221;.vc_custom_1616027557234{background-color: #f5f5f5 !important;}&#8221;][vc_column]<div class=\"ult-spacer spacer-69e163b89953c\" data-id=\"69e163b89953c\" data-height=\"75\" data-height-mobile=\"75\" data-height-tab=\"75\" data-height-tab-portrait=\"\" data-height-mobile-landscape=\"\" style=\"clear:both;display:block;\"><\/div>[\/vc_column][\/vc_row][vc_row][vc_column width=&#8221;1\/2&#8243; css=&#8221;.vc_custom_1616028410803{background-color: #ffffff !important;}&#8221; el_class=&#8221;square-left&#8221;][vc_column_text]<\/p>\n<h1 style=\"text-align: left;\">ZAJEDNO ZA RIJEKU SAVU<\/h1>\n<p>Lorem ipsum dolor sit amet, consectetur adipiscing elit. Ut elit tellus, luctus nec ullamcorper mattis, pulvinar dapibus leo. Posavska guska. Lorem ipsum dolor sit amet, consectetur adipiscing elit. Ut elit tellus, luctus nec ullamcorper mattis, pulvinar dapibus leo. Posavska guska. Lorem ipsum dolor sit amet, consectetur adipiscing elit. Ut elit tellus, luctus nec ullamcorper mattis, pu[\/vc_column_text][\/vc_column][vc_column width=&#8221;1\/2&#8243; css=&#8221;.vc_custom_1616028400967{padding-top: 0px !important;padding-right: 0px !important;padding-bottom: 0px !important;padding-left: 0px !important;}&#8221;][vc_single_image image=&#8221;3473&#8243; img_size=&#8221;800&#215;800&#8243; alignment=&#8221;right&#8221;][\/vc_column][\/vc_row][vc_row css=&#8221;.vc_custom_1616027557234{background-color: #f5f5f5 !important;}&#8221;][vc_column]<div class=\"ult-spacer spacer-69e163b899555\" data-id=\"69e163b899555\" data-height=\"75\" data-height-mobile=\"75\" data-height-tab=\"75\" data-height-tab-portrait=\"\" data-height-mobile-landscape=\"\" style=\"clear:both;display:block;\"><\/div>[\/vc_column][\/vc_row][vc_row][vc_column width=&#8221;1\/2&#8243; css=&#8221;.vc_custom_1616028400967{padding-top: 0px !important;padding-right: 0px !important;padding-bottom: 0px !important;padding-left: 0px !important;}&#8221;][vc_single_image image=&#8221;3472&#8243; img_size=&#8221;800&#215;800&#8243; alignment=&#8221;right&#8221;][\/vc_column][vc_column width=&#8221;1\/2&#8243; css=&#8221;.vc_custom_1616028838001{background-color: #ffffff !important;}&#8221; el_class=&#8221;square-right&#8221;][vc_column_text]<\/p>\n<h1 style=\"text-align: left;\">SAVAPARKS I<\/h1>\n<p>Lorem ipsum dolor sit amet, consectetur adipiscing elit. Ut elit tellus, luctus nec ullamcorper mattis, pulvinar dapibus leo. Posavska guska. Lorem ipsum dolor sit amet, consectetur adipiscing elit. Ut elit tellus, luctus nec ullamcorper mattis, pulvinar dapibus leo. Posavska guska. Lorem ipsum dolor sit amet, consectetur adipiscing elit. Ut elit tellus, luctus nec ullamcorper mattis, pu[\/vc_column_text][\/vc_column][\/vc_row][vc_row css=&#8221;.vc_custom_1616027557234{background-color: #f5f5f5 !important;}&#8221;][vc_column]<div class=\"ult-spacer spacer-69e163b899560\" data-id=\"69e163b899560\" data-height=\"75\" data-height-mobile=\"75\" data-height-tab=\"75\" data-height-tab-portrait=\"\" data-height-mobile-landscape=\"\" style=\"clear:both;display:block;\"><\/div>[\/vc_column][\/vc_row][vc_row][vc_column width=&#8221;1\/2&#8243; css=&#8221;.vc_custom_1616028410803{background-color: #ffffff !important;}&#8221; el_class=&#8221;square-left&#8221;][vc_column_text]<\/p>\n<h1 style=\"text-align: left;\">\u010cIGRA<\/h1>\n<p>Lorem ipsum dolor sit amet, consectetur adipiscing elit. Ut elit tellus, luctus nec ullamcorper mattis, pulvinar dapibus leo. Posavska guska. Lorem ipsum dolor sit amet, consectetur adipiscing elit. Ut elit tellus, luctus nec ullamcorper mattis, pulvinar dapibus leo. Posavska guska. Lorem ipsum dolor sit amet, consectetur adipiscing elit. Ut elit tellus, luctus nec ullamcorper mattis, pu[\/vc_column_text][\/vc_column][vc_column width=&#8221;1\/2&#8243; css=&#8221;.vc_custom_1616028400967{padding-top: 0px !important;padding-right: 0px !important;padding-bottom: 0px !important;padding-left: 0px !important;}&#8221;][vc_single_image image=&#8221;3471&#8243; img_size=&#8221;800&#215;800&#8243; alignment=&#8221;right&#8221;][\/vc_column][\/vc_row]<\/p>\n","protected":false},"excerpt":{"rendered":"<p>[vc_row css=&#8221;.vc_custom_1616027557234{background-color: #f5f5f5 !important;}&#8221;][vc_column][\/vc_column][\/vc_row][vc_row][vc_column width=&#8221;1\/2&#8243; css=&#8221;.vc_custom_1616028410803{background-color: #ffffff !important;}&#8221; el_class=&#8221;square-left&#8221;][vc_column_text] ZAJEDNO ZA RIJEKU SAVU Lorem ipsum dolor sit amet, consectetur adipiscing elit. Ut elit tellus, luctus nec ullamcorper mattis, pulvinar dapibus leo. Posavska guska. Lorem ipsum dolor sit amet, consectetur adipiscing [&hellip;]<\/p>\n","protected":false},"author":1,"featured_media":2799,"parent":0,"menu_order":12,"comment_status":"closed","ping_status":"closed","template":"","meta":{"ngg_post_thumbnail":0},"yoast_head":"<!-- This site is optimized with the Yoast SEO plugin v18.4.1 - https:\/\/yoast.com\/wordpress\/plugins\/seo\/ -->\n<title>Zavr\u0161eni projekti - JU Zeleni prsten Zagreba\u010dke \u017eupanije<\/title>\n<meta name=\"robots\" content=\"index, follow, max-snippet:-1, max-image-preview:large, max-video-preview:-1\" \/>\n<link rel=\"canonical\" href=\"https:\/\/zeleni-prsten.hr\/portal\/zavrseni-projekti\/\" \/>\n<meta property=\"og:locale\" content=\"hr_HR\" \/>\n<meta property=\"og:type\" content=\"article\" \/>\n<meta property=\"og:title\" content=\"Zavr\u0161eni projekti - JU Zeleni prsten Zagreba\u010dke \u017eupanije\" \/>\n<meta property=\"og:description\" content=\"[vc_row css=&#8221;.vc_custom_1616027557234{background-color: #f5f5f5 !important;}&#8221;][vc_column][\/vc_column][\/vc_row][vc_row][vc_column width=&#8221;1\/2&#8243; css=&#8221;.vc_custom_1616028410803{background-color: #ffffff !important;}&#8221; el_class=&#8221;square-left&#8221;][vc_column_text] ZAJEDNO ZA RIJEKU SAVU Lorem ipsum dolor sit amet, consectetur adipiscing elit. Ut elit tellus, luctus nec ullamcorper mattis, pulvinar dapibus leo. Posavska guska. Lorem ipsum dolor sit amet, consectetur adipiscing [&hellip;]\" \/>\n<meta property=\"og:url\" content=\"https:\/\/zeleni-prsten.hr\/portal\/zavrseni-projekti\/\" \/>\n<meta property=\"og:site_name\" content=\"JU Zeleni prsten Zagreba\u010dke \u017eupanije\" \/>\n<meta property=\"article:modified_time\" content=\"2021-03-25T18:51:54+00:00\" \/>\n<meta property=\"og:image\" content=\"https:\/\/zeleni-prsten.hr\/portal\/wp-content\/uploads\/2020\/11\/Cret-Dubravica_arhiva-JU-2-scaled.jpg\" \/>\n\t<meta property=\"og:image:width\" content=\"2560\" \/>\n\t<meta property=\"og:image:height\" content=\"1443\" \/>\n\t<meta property=\"og:image:type\" content=\"image\/jpeg\" \/>\n<meta name=\"twitter:card\" content=\"summary_large_image\" \/>\n<meta name=\"twitter:label1\" content=\"Procijenjeno vrijeme \u010ditanja\" \/>\n\t<meta name=\"twitter:data1\" content=\"2 minute\" \/>\n<script type=\"application\/ld+json\" class=\"yoast-schema-graph\">{\"@context\":\"https:\/\/schema.org\",\"@graph\":[{\"@type\":\"WebSite\",\"@id\":\"https:\/\/zeleni-prsten.hr\/portal\/#website\",\"url\":\"https:\/\/zeleni-prsten.hr\/portal\/\",\"name\":\"JU Zeleni prsten Zagreba\u010dke \u017eupanije\",\"description\":\"JU Zeleni prsten Zagreba\u010dke \u017eupanije\",\"potentialAction\":[{\"@type\":\"SearchAction\",\"target\":{\"@type\":\"EntryPoint\",\"urlTemplate\":\"https:\/\/zeleni-prsten.hr\/portal\/?s={search_term_string}\"},\"query-input\":\"required name=search_term_string\"}],\"inLanguage\":\"hr\"},{\"@type\":\"ImageObject\",\"@id\":\"https:\/\/zeleni-prsten.hr\/portal\/zavrseni-projekti\/#primaryimage\",\"inLanguage\":\"hr\",\"url\":\"https:\/\/zeleni-prsten.hr\/portal\/wp-content\/uploads\/2020\/11\/Cret-Dubravica_arhiva-JU-2-scaled.jpg\",\"contentUrl\":\"https:\/\/zeleni-prsten.hr\/portal\/wp-content\/uploads\/2020\/11\/Cret-Dubravica_arhiva-JU-2-scaled.jpg\",\"width\":2560,\"height\":1443},{\"@type\":\"WebPage\",\"@id\":\"https:\/\/zeleni-prsten.hr\/portal\/zavrseni-projekti\/#webpage\",\"url\":\"https:\/\/zeleni-prsten.hr\/portal\/zavrseni-projekti\/\",\"name\":\"Zavr\u0161eni projekti - JU Zeleni prsten Zagreba\u010dke \u017eupanije\",\"isPartOf\":{\"@id\":\"https:\/\/zeleni-prsten.hr\/portal\/#website\"},\"primaryImageOfPage\":{\"@id\":\"https:\/\/zeleni-prsten.hr\/portal\/zavrseni-projekti\/#primaryimage\"},\"datePublished\":\"2021-03-18T01:30:50+00:00\",\"dateModified\":\"2021-03-25T18:51:54+00:00\",\"breadcrumb\":{\"@id\":\"https:\/\/zeleni-prsten.hr\/portal\/zavrseni-projekti\/#breadcrumb\"},\"inLanguage\":\"hr\",\"potentialAction\":[{\"@type\":\"ReadAction\",\"target\":[\"https:\/\/zeleni-prsten.hr\/portal\/zavrseni-projekti\/\"]}]},{\"@type\":\"BreadcrumbList\",\"@id\":\"https:\/\/zeleni-prsten.hr\/portal\/zavrseni-projekti\/#breadcrumb\",\"itemListElement\":[{\"@type\":\"ListItem\",\"position\":1,\"name\":\"Home\",\"item\":\"https:\/\/zeleni-prsten.hr\/portal\/\"},{\"@type\":\"ListItem\",\"position\":2,\"name\":\"Zavr\u0161eni projekti\"}]}]}<\/script>\n<!-- \/ Yoast SEO plugin. -->","yoast_head_json":{"title":"Zavr\u0161eni projekti - JU Zeleni prsten Zagreba\u010dke \u017eupanije","robots":{"index":"index","follow":"follow","max-snippet":"max-snippet:-1","max-image-preview":"max-image-preview:large","max-video-preview":"max-video-preview:-1"},"canonical":"https:\/\/zeleni-prsten.hr\/portal\/zavrseni-projekti\/","og_locale":"hr_HR","og_type":"article","og_title":"Zavr\u0161eni projekti - JU Zeleni prsten Zagreba\u010dke \u017eupanije","og_description":"[vc_row css=&#8221;.vc_custom_1616027557234{background-color: #f5f5f5 !important;}&#8221;][vc_column][\/vc_column][\/vc_row][vc_row][vc_column width=&#8221;1\/2&#8243; css=&#8221;.vc_custom_1616028410803{background-color: #ffffff !important;}&#8221; el_class=&#8221;square-left&#8221;][vc_column_text] ZAJEDNO ZA RIJEKU SAVU Lorem ipsum dolor sit amet, consectetur adipiscing elit. Ut elit tellus, luctus nec ullamcorper mattis, pulvinar dapibus leo. Posavska guska. Lorem ipsum dolor sit amet, consectetur adipiscing [&hellip;]","og_url":"https:\/\/zeleni-prsten.hr\/portal\/zavrseni-projekti\/","og_site_name":"JU Zeleni prsten Zagreba\u010dke \u017eupanije","article_modified_time":"2021-03-25T18:51:54+00:00","og_image":[{"width":2560,"height":1443,"url":"https:\/\/zeleni-prsten.hr\/portal\/wp-content\/uploads\/2020\/11\/Cret-Dubravica_arhiva-JU-2-scaled.jpg","type":"image\/jpeg"}],"twitter_card":"summary_large_image","twitter_misc":{"Procijenjeno vrijeme \u010ditanja":"2 minute"},"schema":{"@context":"https:\/\/schema.org","@graph":[{"@type":"WebSite","@id":"https:\/\/zeleni-prsten.hr\/portal\/#website","url":"https:\/\/zeleni-prsten.hr\/portal\/","name":"JU Zeleni prsten Zagreba\u010dke \u017eupanije","description":"JU Zeleni prsten Zagreba\u010dke \u017eupanije","potentialAction":[{"@type":"SearchAction","target":{"@type":"EntryPoint","urlTemplate":"https:\/\/zeleni-prsten.hr\/portal\/?s={search_term_string}"},"query-input":"required name=search_term_string"}],"inLanguage":"hr"},{"@type":"ImageObject","@id":"https:\/\/zeleni-prsten.hr\/portal\/zavrseni-projekti\/#primaryimage","inLanguage":"hr","url":"https:\/\/zeleni-prsten.hr\/portal\/wp-content\/uploads\/2020\/11\/Cret-Dubravica_arhiva-JU-2-scaled.jpg","contentUrl":"https:\/\/zeleni-prsten.hr\/portal\/wp-content\/uploads\/2020\/11\/Cret-Dubravica_arhiva-JU-2-scaled.jpg","width":2560,"height":1443},{"@type":"WebPage","@id":"https:\/\/zeleni-prsten.hr\/portal\/zavrseni-projekti\/#webpage","url":"https:\/\/zeleni-prsten.hr\/portal\/zavrseni-projekti\/","name":"Zavr\u0161eni projekti - JU Zeleni prsten Zagreba\u010dke \u017eupanije","isPartOf":{"@id":"https:\/\/zeleni-prsten.hr\/portal\/#website"},"primaryImageOfPage":{"@id":"https:\/\/zeleni-prsten.hr\/portal\/zavrseni-projekti\/#primaryimage"},"datePublished":"2021-03-18T01:30:50+00:00","dateModified":"2021-03-25T18:51:54+00:00","breadcrumb":{"@id":"https:\/\/zeleni-prsten.hr\/portal\/zavrseni-projekti\/#breadcrumb"},"inLanguage":"hr","potentialAction":[{"@type":"ReadAction","target":["https:\/\/zeleni-prsten.hr\/portal\/zavrseni-projekti\/"]}]},{"@type":"BreadcrumbList","@id":"https:\/\/zeleni-prsten.hr\/portal\/zavrseni-projekti\/#breadcrumb","itemListElement":[{"@type":"ListItem","position":1,"name":"Home","item":"https:\/\/zeleni-prsten.hr\/portal\/"},{"@type":"ListItem","position":2,"name":"Zavr\u0161eni projekti"}]}]}},"_links":{"self":[{"href":"https:\/\/zeleni-prsten.hr\/portal\/wp-json\/wp\/v2\/pages\/3141"}],"collection":[{"href":"https:\/\/zeleni-prsten.hr\/portal\/wp-json\/wp\/v2\/pages"}],"about":[{"href":"https:\/\/zeleni-prsten.hr\/portal\/wp-json\/wp\/v2\/types\/page"}],"author":[{"embeddable":true,"href":"https:\/\/zeleni-prsten.hr\/portal\/wp-json\/wp\/v2\/users\/1"}],"replies":[{"embeddable":true,"href":"https:\/\/zeleni-prsten.hr\/portal\/wp-json\/wp\/v2\/comments?post=3141"}],"version-history":[{"count":7,"href":"https:\/\/zeleni-prsten.hr\/portal\/wp-json\/wp\/v2\/pages\/3141\/revisions"}],"predecessor-version":[{"id":3474,"href":"https:\/\/zeleni-prsten.hr\/portal\/wp-json\/wp\/v2\/pages\/3141\/revisions\/3474"}],"wp:featuredmedia":[{"embeddable":true,"href":"https:\/\/zeleni-prsten.hr\/portal\/wp-json\/wp\/v2\/media\/2799"}],"wp:attachment":[{"href":"https:\/\/zeleni-prsten.hr\/portal\/wp-json\/wp\/v2\/media?parent=3141"}],"curies":[{"name":"wp","href":"https:\/\/api.w.org\/{rel}","templated":true}]}}