{"id":3410,"date":"2021-03-25T18:43:38","date_gmt":"2021-03-25T17:43:38","guid":{"rendered":"http:\/\/zeleni-prsten.hr\/portal\/?page_id=3410"},"modified":"2022-03-11T13:16:44","modified_gmt":"2022-03-11T12:16:44","slug":"tepec-palacnik","status":"publish","type":"page","link":"https:\/\/zeleni-prsten.hr\/portal\/zasticena-podrucja\/tepec-palacnik\/","title":{"rendered":"Tepec &#8211; Pala\u010dnik"},"content":{"rendered":"<p>[vc_row full_width=&#8221;stretch_row&#8221;][vc_column]<div class=\"ult-spacer spacer-6a03953ebeb9f\" data-id=\"6a03953ebeb9f\" data-height=\"75\" data-height-mobile=\"30\" data-height-tab=\"50\" data-height-tab-portrait=\"50\" data-height-mobile-landscape=\"20\" style=\"clear:both;display:block;\"><\/div>[\/vc_column][\/vc_row][vc_row full_width=&#8221;stretch_row&#8221;][vc_column][vc_column_text css=&#8221;.vc_custom_1645783002229{padding-top: 2rem !important;padding-bottom: 3rem !important;}&#8221;]Zelena oaza, Park \u0161uma Tepec \u2013 Pala\u010dnik, nadvisuje kraljevski grad Samobor i predstavlja najljep\u0161u prirodnu vizuru grada.<\/p>\n<p>Najbolje \u0107ete do\u017eivjeti prekrasnu samoborsku oazu mira \u0161etnjom Park \u0161umom Tepec \u2013 Pala\u010dnik, omiljenim \u0161etali\u0161tem hrvatskih knji\u017eevnika Preradovi\u0107a, Vraza, \u0160enoe i Mato\u0161a. Mo\u017eda upravo u \u0160midhenovom gaj i vi prona\u0111ete inspiraciju za napisati neki lijepi stih voljenoj osobi.<br \/>\nSvega 2km od glavnog samoborskog trga nalazi se 14 metara visok vidikovac Tepec (anindolska piramida) s kojeg mo\u017eete u\u017eivati u jednom od najljep\u0161ih pogleda na Samobor, Zagreb, Medvednicu i Samoborsko gorje.<br \/>\nS vidikovca mo\u017eete vidjeti i ostatke Starog grada Samobora koji vas mami da ga obi\u0111ete. Iako su od njega ostale tek ru\u0161evine, Stari grad i dalje privla\u010di, jo\u0161 uvijek posjeduju\u0107i mo\u0107 kojom je stolje\u0107ima prijetio trgovi\u0161tu Samobor, ali i kojom je branio ovaj kraj od tu\u0111ih vojski.[\/vc_column_text][\/vc_column][\/vc_row][vc_row full_width=&#8221;stretch_row&#8221; bg_type=&#8221;image&#8221; parallax_style=&#8221;vcpb-vz-jquery&#8221; bg_image_new=&#8221;id^11247|url^https:\/\/zeleni-prsten.hr\/portal\/wp-content\/uploads\/2022\/02\/zidarcac.jpg|caption^null|alt^null|title^zidarcac|description^null&#8221; parallax_sense=&#8221;30&#8243;][vc_column width=&#8221;1\/3&#8243; css=&#8221;.vc_custom_1616094504001{background-color: rgba(0,0,0,0.6) !important;*background-color: rgb(0,0,0) !important;}&#8221;][vc_column_text]&nbsp;<\/p>\n<p>&nbsp;<\/p>\n<p>&nbsp;<\/p>\n<p><span style=\"color: #ffffff;\">Na predjelu Tepeca ustanovljena je prisutnost 73 vrsta ptica. Neke od njih su jastreb, \u0161kanjac, crna \u017euna, mala u\u0161ara, veliki djetli\u0107, bijela pastirica, pal\u010di\u0107. Najzanimljivije je otkri\u0107e ptice zidar\u010dac, visokogorske vrste koja \u017eivi na stijenama i liticama iznad granice drve\u0107a, a u zimskom periodu migrira u ni\u017ea podru\u010dja.<\/span><\/p>\n<p>&nbsp;<\/p>\n<p>&nbsp;<\/p>\n<p>&nbsp;[\/vc_column_text][\/vc_column][vc_column width=&#8221;1\/3&#8243;][\/vc_column][vc_column width=&#8221;1\/3&#8243;][\/vc_column][\/vc_row][vc_row full_width=&#8221;stretch_row&#8221; bg_type=&#8221;bg_color&#8221; bg_color_value=&#8221;#ffffff&#8221;][vc_column]<div class=\"ult-spacer spacer-6a03953ebebbd\" data-id=\"6a03953ebebbd\" data-height=\"100\" data-height-mobile=\"40\" data-height-tab=\"80\" data-height-tab-portrait=\"80\" data-height-mobile-landscape=\"30\" style=\"clear:both;display:block;\"><\/div><div class=\"ult-spacer spacer-6a03953ebebce\" data-id=\"6a03953ebebce\" data-height=\"40\" data-height-mobile=\"20\" data-height-tab=\"30\" data-height-tab-portrait=\"30\" data-height-mobile-landscape=\"20\" style=\"clear:both;display:block;\"><\/div>[vc_column_text]<strong>Prirodne vrijednosti <\/strong><\/p>\n<p>U geolo\u0161kom smislu Tepec je gra\u0111en od sedimentnih stijena, najve\u0107im dijelom od dolomita trijaske starosti, a manjim dijelom, na sjeveroisto\u010dnom dijelu prema Gizniku, od miocenskih vapnenaca. Oko najvi\u0161eg dijela Tepeca (kota 394m) nalaze se na silikatnim podlogama prirodne \u0161ume hrasta kitnjaka <em>(Quercus petraea)<\/em> u zajednici s pitomim kestenom <em>(Castanea sativa)<\/em>. Na strmim zapadnim padinama prema potoku Rudarskoj Gradni, rate bukova \u0161uma <em>(Fagetum croaticum)<\/em> s javorom <em>(Acer sp.)<\/em> i grabom<em> (Carpinus betulus)<\/em>.<br \/>\nBrdo Pala\u010dnika gra\u0111eno je od dolomita trijaske starosti a prekriveno s \u010distom \u0161umom bukve <em>(Fagetum croaticum).<\/em> U sredi\u0161njem dijelu nalaze se i manje sastojine hrasta kitnjaka<em> (Quercus petraea)<\/em>, a zapadno i \u010detinja\u010de, bor i smreka. U blizini sela Pala\u010dnik formirana je \u0161uma pitomog kestena <em>(Castanea sativa).<\/em> Karakteristika cijelog podru\u010dja je pokrivenost \u0161umskim i parkovnim sastojinama, a jedina iznimka su ru\u0161evine Starog grada Samobora, \u010dije zidine nastanjuju sitnije biljke prilago\u0111ene \u017eivotu na oskudnim tlima izme\u0111u kamenih blokova.[\/vc_column_text]<div class=\"ult-spacer spacer-6a03953ebebdc\" data-id=\"6a03953ebebdc\" data-height=\"100\" data-height-mobile=\"100\" data-height-tab=\"150\" data-height-tab-portrait=\"150\" data-height-mobile-landscape=\"60\" style=\"clear:both;display:block;\"><\/div>[\/vc_column][\/vc_row][vc_row full_width=&#8221;stretch_row&#8221; bg_type=&#8221;image&#8221; parallax_style=&#8221;vcpb-vz-jquery&#8221; bg_image_new=&#8221;id^3420|url^http:\/\/zeleni-prsten.hr\/portal\/wp-content\/uploads\/2021\/03\/PS-Tepec-Palacnik-by-Roman-Avdagic-22-Large.jpg|caption^null|alt^null|title^P\u0160 Tepec-Pala\u010dnik by Roman Avdagi\u0107 (22) (Large)|description^null&#8221;][vc_column width=&#8221;1\/3&#8243; css=&#8221;.vc_custom_1616094504001{background-color: rgba(0,0,0,0.6) !important;*background-color: rgb(0,0,0) !important;}&#8221;][vc_custom_heading text=&#8221;Nepoznato o poznatome&#8221; font_container=&#8221;tag:h2|text_align:center|color:%23ffffff&#8221;][vc_column_text]<span style=\"color: #ffffff;\">Prirodni fenomen, kamena stijena podno Starog grada, izrodila je legendu o samoborskoj kornja\u010di. Prema predaji iz 15. stolje\u0107a ta je kornja\u010da maslo grofice Barbare Celjske, vladarice Staroga grada i poznate Crne kraljice koja je, bave\u0107i se alkemijom, a da napakosti Samoborcima, stvorila ovu veliku kornja\u010du. Pro\u017edrljiva neman dolazila bi u grad tra\u017ee\u0107i da joj se \u017ertvuju mala djeca sve dok nije ostalo \u017eivo jo\u0161 jedino dijete same kraljice. Kad je gladna kornja\u010da krenula prema grofici ova je zamolila svoje doju\u010dera\u0161nje neprijatelje da se po\u010dnu moliti kako bi njeno dijete bilo po\u0161te\u0111eno. Samoborci su zauzvrat tra\u017eili da, ako molitva urodi plodom, Crna kraljica napusti grad. Nakon \u0161to je ona pristala udario je sna\u017ean grom i okamenio kornja\u010du.<\/span>[\/vc_column_text][\/vc_column][vc_column width=&#8221;1\/3&#8243;][\/vc_column][vc_column width=&#8221;1\/3&#8243;][\/vc_column][\/vc_row][vc_row full_width=&#8221;stretch_row&#8221;][vc_column]<div class=\"ult-spacer spacer-6a03953ebebec\" data-id=\"6a03953ebebec\" data-height=\"60\" data-height-mobile=\"20\" data-height-tab=\"45\" data-height-tab-portrait=\"40\" data-height-mobile-landscape=\"30\" style=\"clear:both;display:block;\"><\/div>[vc_column_text]<strong>Povijest<\/strong><\/p>\n<p>Park \u0161uma Tepec &#8211; Pala\u010dnik za\u0161ti\u0107ena je 1970. godine ali bogata povijest tog podru\u010dja se\u017ee u 19. stolje\u0107e kada je tada\u0161nji gradona\u010delnik Ljudevit \u0160midhen nakon velikih poplava i erozije dao po\u0161umiti dio Tepca (Anin-dol) i Stra\u017enik. Sljede\u0107ih je godina po\u0161umljavanje nastavljeno smrekama i ari\u0161ima iz rasadnika sv. Mihovila u Senju, a nasadi su postali lijepe park-\u0161ume. Svojevremeno su rezultati ove uspje\u0161ne \u0161umarske akcije bili opisani u \u0160umarskom listu (1909) kad je \u0161umarski nadzornik pri hrvatskoj Vladi u Zagrebu Ante Kera, preporu\u010dio da se \u0161ume Medvednice urede po uzoru na \u201enaravni perivoj\u201c u Anindolu.\u201c<br \/>\nPark \u0161umom \u0161etali su i stvarali neki od najpoznatijih hrvatskih knji\u017eevnika &#8211; Petar Preradovi\u0107, Stanko Vraz, August \u0160enoa, Antun Gustav Mato\u0161. Pjesnik Marko Vukasovi\u0107 ovdje je napisao omiljenu pjesmu svih Samoboraca \u201eKod kapele svete Ane\u201c, a u Anin-perivoju snimljen je dio antologijskog filma Kre\u0161e Golika \u201eTko pjeva zlo ne misli\u201c. Impozantnost i mistika starog Samobor-grada fascinirali su i knji\u017eevno-filmski svijet. Naime, pisac August \u0160enoa spominje Stari grad Samobor u svom poznatom romanu \u201eZlatarevo zlato\u201c, a po\u010detne scene filma \u201eBo\u017eji oklop\u201c s Jackie Chanom iz 1987. godine snimane su upravo na njegovim ru\u0161evinama.<br \/>\nPojedini dijelovi Anin-perivoja dobili su imena po knji\u017eevnicima i zna\u010dajnim Samoborcima. Od sjevernog ulaza do \u201eKostajnine\u201c je \u201ePreradovi\u0107evo \u0161etali\u0161te\u201c, a \u0161umica uz \u0161etnicu nazvana je \u201e\u0160midhenov gaj\u201c. Od \u201eKostajnine\u201c do kapelice Sv. Ane je \u201eVrazovo \u0161etali\u0161te\u201c, a od Sv. Ane do prostora za zabave (tancplaca) \u201eLivadi\u0107evo \u0161etali\u0161te\u201c. Sva ta \u0161etali\u0161ta zajedno prikazuju bajkovitu sliku koja je ubrzo postala omiljeno izleti\u0161te Samoboraca i Zagrep\u010dana.[\/vc_column_text][\/vc_column][\/vc_row][vc_row][vc_column width=&#8221;1\/2&#8243;]<div class=\"ult-spacer spacer-6a03953ebebf9\" data-id=\"6a03953ebebf9\" data-height=\"36\" data-height-mobile=\"36\" data-height-tab=\"36\" data-height-tab-portrait=\"\" data-height-mobile-landscape=\"\" style=\"clear:both;display:block;\"><\/div>[vc_single_image image=&#8221;3428&#8243; img_size=&#8221;large&#8221; alignment=&#8221;center&#8221; onclick=&#8221;img_link_large&#8221; img_link_target=&#8221;_blank&#8221;][vc_column_text]<strong>Kapela svete Ane<\/strong><\/p>\n<p>Kapela svete Ane&nbsp; opjevana 1937. godine u pjesmi mladog Marka Vukasovi\u0107a kao mjesto dru\u017eenja &#8220;Kod kapele svete Ane&#8221;, smjestila se u miru \u0161ume na Tepecu.&nbsp; Najmla\u0111a samoborska barokna sakralna gra\u0111evina prvi put se spominje 1677. godine, ali se pretpostavlja da su radovi na njezinom podizanju zapo\u010deli i prije. Kapelu je dala sagraditi gospodarica samoborskog grada Ana Elizabeta Auersperg.&nbsp; Kapela svete Ane stisnuta me\u0111u vitkim omorikama priziva \u0161eta\u010de pru\u017eaju\u0107i im neopisivi mir. &nbsp;[\/vc_column_text][\/vc_column][vc_column width=&#8221;1\/2&#8243;]<div class=\"ult-spacer spacer-6a03953ebec05\" data-id=\"6a03953ebec05\" data-height=\"36\" data-height-mobile=\"36\" data-height-tab=\"36\" data-height-tab-portrait=\"\" data-height-mobile-landscape=\"\" style=\"clear:both;display:block;\"><\/div>[vc_single_image image=&#8221;3427&#8243; img_size=&#8221;large&#8221; alignment=&#8221;center&#8221; onclick=&#8221;img_link_large&#8221; img_link_target=&#8221;_blank&#8221;][vc_column_text]<strong>Stari grad Samobor&nbsp;<\/strong><\/p>\n<p>U \u0161umi Tepec nalaze se i ostaci Starog grada Samobora koji datira iz 13. stolje\u0107a.&nbsp; Brojni su kraljevi i plemi\u0107i kroz stolje\u0107a bili gospodari Samobor-grada, od \u010de\u0161kog kralja Otokara, koji ga je dao izgraditi 1268. godine, vjerojatno na mjestu ve\u0107 postoje\u0107e gra\u0111evine. Arpadovi\u0107i, Baboni\u0107i, An\u017euvinci, Frankopani, Erd\u00f6dyji, grofovi Celjski, Matija Korvin, Ungnadi, Gruberi, Auerspergi, Kulmeri, Kiepachi, Alnochi i Montecuccoli, velika\u0161ke su obitelji koje su godinama nadogra\u0111ivale Samobor-grad i \u017eivjele u njemu. Od po\u010detnog romani\u010dko-goti\u010dkog burga s velikom kulom, s vremenom je zadobio kasnogoti\u010dko-renesansne oblike da bi krajem 17. i po\u010detkom 18. stolje\u0107a postao barokizirani dvorac.[\/vc_column_text][\/vc_column][\/vc_row][vc_row][vc_column]<div class=\"ult-spacer spacer-6a03953ebec0f\" data-id=\"6a03953ebec0f\" data-height=\"100\" data-height-mobile=\"25\" data-height-tab=\"70\" data-height-tab-portrait=\"50\" data-height-mobile-landscape=\"30\" style=\"clear:both;display:block;\"><\/div>[vc_masonry_media_grid item=&#8221;masonryMedia_BorderedScale&#8221; initial_loading_animation=&#8221;fadeIn&#8221; grid_id=&#8221;vc_gid:1647000952698-3e6cdeab-7544-1&#8243; include=&#8221;3418,3419,3420,3421,3422,3423,3424,3425,3426,3427,3428&#8243;][\/vc_column][\/vc_row][vc_row][vc_column][vc_text_separator title=&#8221;Istra\u017ei i do\u017eivi!&#8221; color=&#8221;sandy_brown&#8221; style=&#8221;double&#8221; el_width=&#8221;80&#8243; css_animation=&#8221;fadeIn&#8221;]<div class=\"ult-spacer spacer-6a03953ebec19\" data-id=\"6a03953ebec19\" data-height=\"50\" data-height-mobile=\"13\" data-height-tab=\"35\" data-height-tab-portrait=\"25\" data-height-mobile-landscape=\"15\" style=\"clear:both;display:block;\"><\/div>[vc_masonry_grid post_type=&#8221;ids&#8221; style=&#8221;lazy&#8221; items_per_page=&#8221;2&#8243; element_width=&#8221;6&#8243; item=&#8221;masonryGrid_FadeIn&#8221; initial_loading_animation=&#8221;fadeIn&#8221; grid_id=&#8221;vc_gid:1647000952699-7680b800-054b-6&#8243; include=&#8221;4050, 11457&#8243;]<div class=\"ult-spacer spacer-6a03953ebec23\" data-id=\"6a03953ebec23\" data-height=\"100\" data-height-mobile=\"25\" data-height-tab=\"70\" data-height-tab-portrait=\"50\" data-height-mobile-landscape=\"30\" style=\"clear:both;display:block;\"><\/div>[\/vc_column][\/vc_row]<\/p>\n","protected":false},"excerpt":{"rendered":"<p>[vc_row full_width=&#8221;stretch_row&#8221;][vc_column][\/vc_column][\/vc_row][vc_row full_width=&#8221;stretch_row&#8221;][vc_column][vc_column_text css=&#8221;.vc_custom_1645783002229{padding-top: 2rem !important;padding-bottom: 3rem !important;}&#8221;]Zelena oaza, Park \u0161uma Tepec \u2013 Pala\u010dnik, nadvisuje kraljevski grad Samobor i predstavlja najljep\u0161u prirodnu vizuru grada. Najbolje \u0107ete do\u017eivjeti prekrasnu samoborsku oazu mira \u0161etnjom Park \u0161umom Tepec \u2013 Pala\u010dnik, omiljenim \u0161etali\u0161tem hrvatskih [&hellip;]<\/p>\n","protected":false},"author":1,"featured_media":3441,"parent":2509,"menu_order":0,"comment_status":"closed","ping_status":"closed","template":"","meta":{"ngg_post_thumbnail":0},"yoast_head":"<!-- This site is optimized with the Yoast SEO plugin v18.4.1 - https:\/\/yoast.com\/wordpress\/plugins\/seo\/ -->\n<title>Tepec - Pala\u010dnik - JU Zeleni prsten Zagreba\u010dke \u017eupanije<\/title>\n<meta name=\"robots\" content=\"index, follow, max-snippet:-1, max-image-preview:large, max-video-preview:-1\" \/>\n<link rel=\"canonical\" href=\"https:\/\/zeleni-prsten.hr\/portal\/zasticena-podrucja\/tepec-palacnik\/\" \/>\n<meta property=\"og:locale\" content=\"hr_HR\" \/>\n<meta property=\"og:type\" content=\"article\" \/>\n<meta property=\"og:title\" content=\"Tepec - Pala\u010dnik - JU Zeleni prsten Zagreba\u010dke \u017eupanije\" \/>\n<meta property=\"og:description\" content=\"[vc_row full_width=&#8221;stretch_row&#8221;][vc_column][\/vc_column][\/vc_row][vc_row full_width=&#8221;stretch_row&#8221;][vc_column][vc_column_text css=&#8221;.vc_custom_1645783002229{padding-top: 2rem !important;padding-bottom: 3rem !important;}&#8221;]Zelena oaza, Park \u0161uma Tepec \u2013 Pala\u010dnik, nadvisuje kraljevski grad Samobor i predstavlja najljep\u0161u prirodnu vizuru grada. Najbolje \u0107ete do\u017eivjeti prekrasnu samoborsku oazu mira \u0161etnjom Park \u0161umom Tepec \u2013 Pala\u010dnik, omiljenim \u0161etali\u0161tem hrvatskih [&hellip;]\" \/>\n<meta property=\"og:url\" content=\"https:\/\/zeleni-prsten.hr\/portal\/zasticena-podrucja\/tepec-palacnik\/\" \/>\n<meta property=\"og:site_name\" content=\"JU Zeleni prsten Zagreba\u010dke \u017eupanije\" \/>\n<meta property=\"article:modified_time\" content=\"2022-03-11T12:16:44+00:00\" \/>\n<meta property=\"og:image\" content=\"https:\/\/zeleni-prsten.hr\/portal\/wp-content\/uploads\/2021\/03\/Park-suma-Tepec-Palacnik-scaled.jpg\" \/>\n\t<meta property=\"og:image:width\" content=\"2560\" \/>\n\t<meta property=\"og:image:height\" content=\"1439\" \/>\n\t<meta property=\"og:image:type\" content=\"image\/jpeg\" \/>\n<meta name=\"twitter:card\" content=\"summary_large_image\" \/>\n<meta name=\"twitter:label1\" content=\"Procijenjeno vrijeme \u010ditanja\" \/>\n\t<meta name=\"twitter:data1\" content=\"8 minuta\" \/>\n<script type=\"application\/ld+json\" class=\"yoast-schema-graph\">{\"@context\":\"https:\/\/schema.org\",\"@graph\":[{\"@type\":\"WebSite\",\"@id\":\"https:\/\/zeleni-prsten.hr\/portal\/#website\",\"url\":\"https:\/\/zeleni-prsten.hr\/portal\/\",\"name\":\"JU Zeleni prsten Zagreba\u010dke \u017eupanije\",\"description\":\"JU Zeleni prsten Zagreba\u010dke \u017eupanije\",\"potentialAction\":[{\"@type\":\"SearchAction\",\"target\":{\"@type\":\"EntryPoint\",\"urlTemplate\":\"https:\/\/zeleni-prsten.hr\/portal\/?s={search_term_string}\"},\"query-input\":\"required name=search_term_string\"}],\"inLanguage\":\"hr\"},{\"@type\":\"ImageObject\",\"@id\":\"https:\/\/zeleni-prsten.hr\/portal\/zasticena-podrucja\/tepec-palacnik\/#primaryimage\",\"inLanguage\":\"hr\",\"url\":\"https:\/\/zeleni-prsten.hr\/portal\/wp-content\/uploads\/2021\/03\/Park-suma-Tepec-Palacnik-scaled.jpg\",\"contentUrl\":\"https:\/\/zeleni-prsten.hr\/portal\/wp-content\/uploads\/2021\/03\/Park-suma-Tepec-Palacnik-scaled.jpg\",\"width\":2560,\"height\":1439},{\"@type\":\"WebPage\",\"@id\":\"https:\/\/zeleni-prsten.hr\/portal\/zasticena-podrucja\/tepec-palacnik\/#webpage\",\"url\":\"https:\/\/zeleni-prsten.hr\/portal\/zasticena-podrucja\/tepec-palacnik\/\",\"name\":\"Tepec - Pala\u010dnik - JU Zeleni prsten Zagreba\u010dke \u017eupanije\",\"isPartOf\":{\"@id\":\"https:\/\/zeleni-prsten.hr\/portal\/#website\"},\"primaryImageOfPage\":{\"@id\":\"https:\/\/zeleni-prsten.hr\/portal\/zasticena-podrucja\/tepec-palacnik\/#primaryimage\"},\"datePublished\":\"2021-03-25T17:43:38+00:00\",\"dateModified\":\"2022-03-11T12:16:44+00:00\",\"breadcrumb\":{\"@id\":\"https:\/\/zeleni-prsten.hr\/portal\/zasticena-podrucja\/tepec-palacnik\/#breadcrumb\"},\"inLanguage\":\"hr\",\"potentialAction\":[{\"@type\":\"ReadAction\",\"target\":[\"https:\/\/zeleni-prsten.hr\/portal\/zasticena-podrucja\/tepec-palacnik\/\"]}]},{\"@type\":\"BreadcrumbList\",\"@id\":\"https:\/\/zeleni-prsten.hr\/portal\/zasticena-podrucja\/tepec-palacnik\/#breadcrumb\",\"itemListElement\":[{\"@type\":\"ListItem\",\"position\":1,\"name\":\"Home\",\"item\":\"https:\/\/zeleni-prsten.hr\/portal\/\"},{\"@type\":\"ListItem\",\"position\":2,\"name\":\"Za\u0161ti\u0107ena podru\u010dja\",\"item\":\"https:\/\/zeleni-prsten.hr\/portal\/zasticena-podrucja\/\"},{\"@type\":\"ListItem\",\"position\":3,\"name\":\"Tepec &#8211; Pala\u010dnik\"}]}]}<\/script>\n<!-- \/ Yoast SEO plugin. -->","yoast_head_json":{"title":"Tepec - Pala\u010dnik - JU Zeleni prsten Zagreba\u010dke \u017eupanije","robots":{"index":"index","follow":"follow","max-snippet":"max-snippet:-1","max-image-preview":"max-image-preview:large","max-video-preview":"max-video-preview:-1"},"canonical":"https:\/\/zeleni-prsten.hr\/portal\/zasticena-podrucja\/tepec-palacnik\/","og_locale":"hr_HR","og_type":"article","og_title":"Tepec - Pala\u010dnik - JU Zeleni prsten Zagreba\u010dke \u017eupanije","og_description":"[vc_row full_width=&#8221;stretch_row&#8221;][vc_column][\/vc_column][\/vc_row][vc_row full_width=&#8221;stretch_row&#8221;][vc_column][vc_column_text css=&#8221;.vc_custom_1645783002229{padding-top: 2rem !important;padding-bottom: 3rem !important;}&#8221;]Zelena oaza, Park \u0161uma Tepec \u2013 Pala\u010dnik, nadvisuje kraljevski grad Samobor i predstavlja najljep\u0161u prirodnu vizuru grada. Najbolje \u0107ete do\u017eivjeti prekrasnu samoborsku oazu mira \u0161etnjom Park \u0161umom Tepec \u2013 Pala\u010dnik, omiljenim \u0161etali\u0161tem hrvatskih [&hellip;]","og_url":"https:\/\/zeleni-prsten.hr\/portal\/zasticena-podrucja\/tepec-palacnik\/","og_site_name":"JU Zeleni prsten Zagreba\u010dke \u017eupanije","article_modified_time":"2022-03-11T12:16:44+00:00","og_image":[{"width":2560,"height":1439,"url":"https:\/\/zeleni-prsten.hr\/portal\/wp-content\/uploads\/2021\/03\/Park-suma-Tepec-Palacnik-scaled.jpg","type":"image\/jpeg"}],"twitter_card":"summary_large_image","twitter_misc":{"Procijenjeno vrijeme \u010ditanja":"8 minuta"},"schema":{"@context":"https:\/\/schema.org","@graph":[{"@type":"WebSite","@id":"https:\/\/zeleni-prsten.hr\/portal\/#website","url":"https:\/\/zeleni-prsten.hr\/portal\/","name":"JU Zeleni prsten Zagreba\u010dke \u017eupanije","description":"JU Zeleni prsten Zagreba\u010dke \u017eupanije","potentialAction":[{"@type":"SearchAction","target":{"@type":"EntryPoint","urlTemplate":"https:\/\/zeleni-prsten.hr\/portal\/?s={search_term_string}"},"query-input":"required name=search_term_string"}],"inLanguage":"hr"},{"@type":"ImageObject","@id":"https:\/\/zeleni-prsten.hr\/portal\/zasticena-podrucja\/tepec-palacnik\/#primaryimage","inLanguage":"hr","url":"https:\/\/zeleni-prsten.hr\/portal\/wp-content\/uploads\/2021\/03\/Park-suma-Tepec-Palacnik-scaled.jpg","contentUrl":"https:\/\/zeleni-prsten.hr\/portal\/wp-content\/uploads\/2021\/03\/Park-suma-Tepec-Palacnik-scaled.jpg","width":2560,"height":1439},{"@type":"WebPage","@id":"https:\/\/zeleni-prsten.hr\/portal\/zasticena-podrucja\/tepec-palacnik\/#webpage","url":"https:\/\/zeleni-prsten.hr\/portal\/zasticena-podrucja\/tepec-palacnik\/","name":"Tepec - Pala\u010dnik - JU Zeleni prsten Zagreba\u010dke \u017eupanije","isPartOf":{"@id":"https:\/\/zeleni-prsten.hr\/portal\/#website"},"primaryImageOfPage":{"@id":"https:\/\/zeleni-prsten.hr\/portal\/zasticena-podrucja\/tepec-palacnik\/#primaryimage"},"datePublished":"2021-03-25T17:43:38+00:00","dateModified":"2022-03-11T12:16:44+00:00","breadcrumb":{"@id":"https:\/\/zeleni-prsten.hr\/portal\/zasticena-podrucja\/tepec-palacnik\/#breadcrumb"},"inLanguage":"hr","potentialAction":[{"@type":"ReadAction","target":["https:\/\/zeleni-prsten.hr\/portal\/zasticena-podrucja\/tepec-palacnik\/"]}]},{"@type":"BreadcrumbList","@id":"https:\/\/zeleni-prsten.hr\/portal\/zasticena-podrucja\/tepec-palacnik\/#breadcrumb","itemListElement":[{"@type":"ListItem","position":1,"name":"Home","item":"https:\/\/zeleni-prsten.hr\/portal\/"},{"@type":"ListItem","position":2,"name":"Za\u0161ti\u0107ena podru\u010dja","item":"https:\/\/zeleni-prsten.hr\/portal\/zasticena-podrucja\/"},{"@type":"ListItem","position":3,"name":"Tepec &#8211; Pala\u010dnik"}]}]}},"_links":{"self":[{"href":"https:\/\/zeleni-prsten.hr\/portal\/wp-json\/wp\/v2\/pages\/3410"}],"collection":[{"href":"https:\/\/zeleni-prsten.hr\/portal\/wp-json\/wp\/v2\/pages"}],"about":[{"href":"https:\/\/zeleni-prsten.hr\/portal\/wp-json\/wp\/v2\/types\/page"}],"author":[{"embeddable":true,"href":"https:\/\/zeleni-prsten.hr\/portal\/wp-json\/wp\/v2\/users\/1"}],"replies":[{"embeddable":true,"href":"https:\/\/zeleni-prsten.hr\/portal\/wp-json\/wp\/v2\/comments?post=3410"}],"version-history":[{"count":32,"href":"https:\/\/zeleni-prsten.hr\/portal\/wp-json\/wp\/v2\/pages\/3410\/revisions"}],"predecessor-version":[{"id":12241,"href":"https:\/\/zeleni-prsten.hr\/portal\/wp-json\/wp\/v2\/pages\/3410\/revisions\/12241"}],"up":[{"embeddable":true,"href":"https:\/\/zeleni-prsten.hr\/portal\/wp-json\/wp\/v2\/pages\/2509"}],"wp:featuredmedia":[{"embeddable":true,"href":"https:\/\/zeleni-prsten.hr\/portal\/wp-json\/wp\/v2\/media\/3441"}],"wp:attachment":[{"href":"https:\/\/zeleni-prsten.hr\/portal\/wp-json\/wp\/v2\/media?parent=3410"}],"curies":[{"name":"wp","href":"https:\/\/api.w.org\/{rel}","templated":true}]}}