{"id":3710,"date":"2021-09-17T19:14:29","date_gmt":"2021-09-17T17:14:29","guid":{"rendered":"https:\/\/zeleni-prsten.hr\/portal\/?page_id=3710"},"modified":"2021-09-17T19:28:23","modified_gmt":"2021-09-17T17:28:23","slug":"zastita-osobnih-podataka","status":"publish","type":"page","link":"https:\/\/zeleni-prsten.hr\/portal\/javna-nabava\/zastita-osobnih-podataka\/","title":{"rendered":"Za\u0161tita osobnih podataka"},"content":{"rendered":"<p>[vc_row][vc_column]<div class=\"ult-spacer spacer-69e403a4aecea\" data-id=\"69e403a4aecea\" data-height=\"100\" data-height-mobile=\"100\" data-height-tab=\"100\" data-height-tab-portrait=\"\" data-height-mobile-landscape=\"\" style=\"clear:both;display:block;\"><\/div><div id=\"ultimate-heading-518069e403a4aed2f\" class=\"uvc-heading ult-adjust-bottom-margin ultimate-heading-518069e403a4aed2f uvc-5669 \" data-hspacer=\"line_only\"  data-halign=\"left\" style=\"text-align:left\"><div class=\"uvc-main-heading ult-responsive\"  data-ultimate-target='.uvc-heading.ultimate-heading-518069e403a4aed2f h2'  data-responsive-json-new='{\"font-size\":\"\",\"line-height\":\"\"}' ><h2 style=\"font-weight:normal;color:#444444;\">ZA\u0160TITA OSOBNIH PODATAKA<\/h2><\/div><div class=\"uvc-heading-spacer line_only\" style=\"topheight:1px;\"><span class=\"uvc-headings-line\" style=\"border-style:solid;border-bottom-width:1px;border-color:#1f8921;width:500px;\"><\/span><\/div><\/div><div class=\"ult-spacer spacer-69e403a4aed5d\" data-id=\"69e403a4aed5d\" data-height=\"40\" data-height-mobile=\"40\" data-height-tab=\"40\" data-height-tab-portrait=\"\" data-height-mobile-landscape=\"\" style=\"clear:both;display:block;\"><\/div>[vc_column_text]<\/p>\n<p>Za\u0161tita osobnih podataka u Republici Hrvatskoj te nadzor nad prikupljanjem, obradom i kori\u0161tenjem osobnih podataka u Republici Hrvatskoj ure\u0111uje se Uredbom (EU) 2016\/679 Europskog parlamenta i vije\u0107a od 27. travnja 2016. o za\u0161titi pojedinaca u vezi s obradom osobnih podataka i o slobodnom kretanju takvih podataka te o stavljanju izvan snage Direktive 95\/46\/EZ (<a href=\"https:\/\/eur-lex.europa.eu\/legal-content\/HR\/TXT\/HTML\/?uri=CELEX:32016R0679&amp;qid=1462363761441&amp;from=HR\">Op\u0107a uredba o za\u0161titi podataka<\/a>) i Zakonom o provedbi Op\u0107e uredbe (Narodne novine, broj <a href=\"https:\/\/narodne-novine.nn.hr\/clanci\/sluzbeni\/2018_05_42_805.html\">42\/18<\/a>).<\/p>\n<p>Svrha za\u0161tite osobnih podataka je za\u0161tita privatnog \u017eivota i ostalih ljudskih prava i temeljnih sloboda u prikupljanju, obradi i kori\u0161tenju osobnih podataka.<\/p>\n<p>Za\u0161tita osobnih podataka u Republici Hrvatskoj osigurana je svakoj fizi\u010dkoj osobi bez obzira na dr\u017eavljanstvo i prebivali\u0161te te neovisno o rasi, boji ko\u017ee, spolu, jeziku, vjeri, politi\u010dkom ili drugom uvjerenju, nacionalnom ili socijalnom podrijetlu, imovini, ro\u0111enju, naobrazbi, dru\u0161tvenom polo\u017eaju ili drugim osobinama.<\/p>\n<p>[\/vc_column_text][\/vc_column][\/vc_row][vc_row][vc_column]<div class=\"ult-spacer spacer-69e403a4aed6e\" data-id=\"69e403a4aed6e\" data-height=\"100\" data-height-mobile=\"100\" data-height-tab=\"100\" data-height-tab-portrait=\"\" data-height-mobile-landscape=\"\" style=\"clear:both;display:block;\"><\/div><div id=\"ultimate-heading-232969e403a4aed85\" class=\"uvc-heading ult-adjust-bottom-margin ultimate-heading-232969e403a4aed85 uvc-822 \" data-hspacer=\"line_only\"  data-halign=\"left\" style=\"text-align:left\"><div class=\"uvc-main-heading ult-responsive\"  data-ultimate-target='.uvc-heading.ultimate-heading-232969e403a4aed85 h2'  data-responsive-json-new='{\"font-size\":\"\",\"line-height\":\"\"}' ><h2 style=\"font-weight:normal;color:#444444;\">SLU\u017dBENICA ZA ZA\u0160TITU OSOBNIH PODATAKA<\/h2><\/div><div class=\"uvc-heading-spacer line_only\" style=\"topheight:1px;\"><span class=\"uvc-headings-line\" style=\"border-style:solid;border-bottom-width:1px;border-color:#1f8921;width:400px;\"><\/span><\/div><\/div><div class=\"ult-spacer spacer-69e403a4aed9d\" data-id=\"69e403a4aed9d\" data-height=\"40\" data-height-mobile=\"40\" data-height-tab=\"40\" data-height-tab-portrait=\"\" data-height-mobile-landscape=\"\" style=\"clear:both;display:block;\"><\/div>[vc_column_text]<strong>Slu\u017ebenica za za\u0161titu osobnih podataka: \u017deljka \u0160abari\u0107, bacc.oec. <\/strong><\/p>\n<p>Telefon: +385(0)1 6111 552<\/p>\n<p>Elektroni\u010dka po\u0161ta: <a href=\"mailto:zeljka@zeleni-prsten.hr\" target=\"_blank\" rel=\"noopener noreferrer\">zeljka@zeleni-prsten.hr<\/a><\/p>\n<p>Po\u0161ta: JU Zeleni prsten Zagreba\u010dke \u017eupanije, Ulica 151. samoborske brigade HV 1, 10430 Samobor, s naznakom \u201cZa\u0161tita osobnih podataka\u201d[\/vc_column_text][\/vc_column][\/vc_row][vc_row][vc_column]<div class=\"ult-spacer spacer-69e403a4aeda9\" data-id=\"69e403a4aeda9\" data-height=\"100\" data-height-mobile=\"100\" data-height-tab=\"100\" data-height-tab-portrait=\"\" data-height-mobile-landscape=\"\" style=\"clear:both;display:block;\"><\/div><div id=\"ultimate-heading-737369e403a4aedc3\" class=\"uvc-heading ult-adjust-bottom-margin ultimate-heading-737369e403a4aedc3 uvc-8972 \" data-hspacer=\"line_only\"  data-halign=\"left\" style=\"text-align:left\"><div class=\"uvc-main-heading ult-responsive\"  data-ultimate-target='.uvc-heading.ultimate-heading-737369e403a4aedc3 h2'  data-responsive-json-new='{\"font-size\":\"\",\"line-height\":\"\"}' ><h2 style=\"font-weight:normal;color:#444444;\">DOKUMENTI<\/h2><\/div><div class=\"uvc-heading-spacer line_only\" style=\"topheight:1px;\"><span class=\"uvc-headings-line\" style=\"border-style:solid;border-bottom-width:1px;border-color:#1f8921;width:150px;\"><\/span><\/div><\/div><div class=\"ult-spacer spacer-69e403a4aedd7\" data-id=\"69e403a4aedd7\" data-height=\"40\" data-height-mobile=\"40\" data-height-tab=\"40\" data-height-tab-portrait=\"\" data-height-mobile-landscape=\"\" style=\"clear:both;display:block;\"><\/div><div class=\"uavc-list-icon uavc-list-icon-wrapper ult-adjust-bottom-margin   \"><ul class=\"uavc-list\"><li><div class=\"uavc-list-content\" id=\"list-icon-wrap-7660\">\n<div class=\"uavc-list-icon  \" data-animation=\"\" data-animation-delay=\"03\" style=\"margin-right:16px;\"><div class=\"ult-just-icon-wrapper  \"><div class=\"align-icon\" style=\"text-align:center;\">\n<div class=\"aio-icon circle \"  style=\"color:#ffffff;background:#438e2a;font-size:16px;display:inline-block;\">\n\t<i class=\"Defaults-file-pdf-o\"><\/i>\n<\/div><\/div><\/div>\n<\/div><span  data-ultimate-target='#list-icon-wrap-7660 .uavc-list-desc'  data-responsive-json-new='{\"font-size\":\"\",\"line-height\":\"\"}'  class=\"uavc-list-desc ult-responsive\" style=\"\"><a href=\"http:\/\/zeleni-prsten.hr\/portal\/wp-content\/uploads\/2021\/09\/Izjava-o-zastiti-privatnosti.pdf\">Izjava o za\u0161titi privatnosti<\/a><\/span><\/div><\/li><li><div class=\"uavc-list-content\" id=\"list-icon-wrap-2714\">\n<div class=\"uavc-list-icon  \" data-animation=\"\" data-animation-delay=\"03\" style=\"margin-right:16px;\"><div class=\"ult-just-icon-wrapper  \"><div class=\"align-icon\" style=\"text-align:center;\">\n<div class=\"aio-icon circle \"  style=\"color:#ffffff;background:#438e2a;font-size:16px;display:inline-block;\">\n\t<i class=\"Defaults-file-pdf-o\"><\/i>\n<\/div><\/div><\/div>\n<\/div><span  data-ultimate-target='#list-icon-wrap-2714 .uavc-list-desc'  data-responsive-json-new='{\"font-size\":\"\",\"line-height\":\"\"}'  class=\"uavc-list-desc ult-responsive\" style=\"\"><a href=\"http:\/\/zeleni-prsten.hr\/portal\/wp-content\/uploads\/2021\/09\/Odluka-o-imenovanju-sluzbenika-za-zastitu-osobnih-podataka.pdf\">Odluka o imenovanju slu\u017ebenika za za\u0161titu osobnih podataka<\/a><\/span><\/div><\/li><\/ul><\/div><div class=\"ult-spacer spacer-69e403a4af201\" data-id=\"69e403a4af201\" data-height=\"40\" data-height-mobile=\"40\" data-height-tab=\"40\" data-height-tab-portrait=\"\" data-height-mobile-landscape=\"\" style=\"clear:both;display:block;\"><\/div>[\/vc_column][\/vc_row]<\/p>\n","protected":false},"excerpt":{"rendered":"<p>[vc_row][vc_column][vc_column_text] Za\u0161tita osobnih podataka u Republici Hrvatskoj te nadzor nad prikupljanjem, obradom i kori\u0161tenjem osobnih podataka u Republici Hrvatskoj ure\u0111uje se Uredbom (EU) 2016\/679 Europskog parlamenta i vije\u0107a od 27. travnja 2016. o za\u0161titi pojedinaca u vezi s obradom osobnih [&hellip;]<\/p>\n","protected":false},"author":1,"featured_media":3714,"parent":3511,"menu_order":1,"comment_status":"closed","ping_status":"closed","template":"","meta":{"ngg_post_thumbnail":0},"yoast_head":"<!-- This site is optimized with the Yoast SEO plugin v18.4.1 - https:\/\/yoast.com\/wordpress\/plugins\/seo\/ -->\n<title>Za\u0161tita osobnih podataka - JU Zeleni prsten Zagreba\u010dke \u017eupanije<\/title>\n<meta name=\"robots\" content=\"index, follow, max-snippet:-1, max-image-preview:large, max-video-preview:-1\" \/>\n<link rel=\"canonical\" href=\"https:\/\/zeleni-prsten.hr\/portal\/javna-nabava\/zastita-osobnih-podataka\/\" \/>\n<meta property=\"og:locale\" content=\"hr_HR\" \/>\n<meta property=\"og:type\" content=\"article\" \/>\n<meta property=\"og:title\" content=\"Za\u0161tita osobnih podataka - JU Zeleni prsten Zagreba\u010dke \u017eupanije\" \/>\n<meta property=\"og:description\" content=\"[vc_row][vc_column][vc_column_text] Za\u0161tita osobnih podataka u Republici Hrvatskoj te nadzor nad prikupljanjem, obradom i kori\u0161tenjem osobnih podataka u Republici Hrvatskoj ure\u0111uje se Uredbom (EU) 2016\/679 Europskog parlamenta i vije\u0107a od 27. travnja 2016. o za\u0161titi pojedinaca u vezi s obradom osobnih [&hellip;]\" \/>\n<meta property=\"og:url\" content=\"https:\/\/zeleni-prsten.hr\/portal\/javna-nabava\/zastita-osobnih-podataka\/\" \/>\n<meta property=\"og:site_name\" content=\"JU Zeleni prsten Zagreba\u010dke \u017eupanije\" \/>\n<meta property=\"article:modified_time\" content=\"2021-09-17T17:28:23+00:00\" \/>\n<meta property=\"og:image\" content=\"https:\/\/zeleni-prsten.hr\/portal\/wp-content\/uploads\/2021\/09\/privacy.jpg\" \/>\n\t<meta property=\"og:image:width\" content=\"1920\" \/>\n\t<meta property=\"og:image:height\" content=\"1280\" \/>\n\t<meta property=\"og:image:type\" content=\"image\/jpeg\" \/>\n<meta name=\"twitter:card\" content=\"summary_large_image\" \/>\n<meta name=\"twitter:label1\" content=\"Procijenjeno vrijeme \u010ditanja\" \/>\n\t<meta name=\"twitter:data1\" content=\"2 minute\" \/>\n<script type=\"application\/ld+json\" class=\"yoast-schema-graph\">{\"@context\":\"https:\/\/schema.org\",\"@graph\":[{\"@type\":\"WebSite\",\"@id\":\"https:\/\/zeleni-prsten.hr\/portal\/#website\",\"url\":\"https:\/\/zeleni-prsten.hr\/portal\/\",\"name\":\"JU Zeleni prsten Zagreba\u010dke \u017eupanije\",\"description\":\"JU Zeleni prsten Zagreba\u010dke \u017eupanije\",\"potentialAction\":[{\"@type\":\"SearchAction\",\"target\":{\"@type\":\"EntryPoint\",\"urlTemplate\":\"https:\/\/zeleni-prsten.hr\/portal\/?s={search_term_string}\"},\"query-input\":\"required name=search_term_string\"}],\"inLanguage\":\"hr\"},{\"@type\":\"ImageObject\",\"@id\":\"https:\/\/zeleni-prsten.hr\/portal\/javna-nabava\/zastita-osobnih-podataka\/#primaryimage\",\"inLanguage\":\"hr\",\"url\":\"https:\/\/zeleni-prsten.hr\/portal\/wp-content\/uploads\/2021\/09\/privacy.jpg\",\"contentUrl\":\"https:\/\/zeleni-prsten.hr\/portal\/wp-content\/uploads\/2021\/09\/privacy.jpg\",\"width\":1920,\"height\":1280,\"caption\":\"Confidential\"},{\"@type\":\"WebPage\",\"@id\":\"https:\/\/zeleni-prsten.hr\/portal\/javna-nabava\/zastita-osobnih-podataka\/#webpage\",\"url\":\"https:\/\/zeleni-prsten.hr\/portal\/javna-nabava\/zastita-osobnih-podataka\/\",\"name\":\"Za\u0161tita osobnih podataka - JU Zeleni prsten Zagreba\u010dke \u017eupanije\",\"isPartOf\":{\"@id\":\"https:\/\/zeleni-prsten.hr\/portal\/#website\"},\"primaryImageOfPage\":{\"@id\":\"https:\/\/zeleni-prsten.hr\/portal\/javna-nabava\/zastita-osobnih-podataka\/#primaryimage\"},\"datePublished\":\"2021-09-17T17:14:29+00:00\",\"dateModified\":\"2021-09-17T17:28:23+00:00\",\"breadcrumb\":{\"@id\":\"https:\/\/zeleni-prsten.hr\/portal\/javna-nabava\/zastita-osobnih-podataka\/#breadcrumb\"},\"inLanguage\":\"hr\",\"potentialAction\":[{\"@type\":\"ReadAction\",\"target\":[\"https:\/\/zeleni-prsten.hr\/portal\/javna-nabava\/zastita-osobnih-podataka\/\"]}]},{\"@type\":\"BreadcrumbList\",\"@id\":\"https:\/\/zeleni-prsten.hr\/portal\/javna-nabava\/zastita-osobnih-podataka\/#breadcrumb\",\"itemListElement\":[{\"@type\":\"ListItem\",\"position\":1,\"name\":\"Home\",\"item\":\"https:\/\/zeleni-prsten.hr\/portal\/\"},{\"@type\":\"ListItem\",\"position\":2,\"name\":\"Javna nabava\",\"item\":\"https:\/\/zeleni-prsten.hr\/portal\/javna-nabava\/\"},{\"@type\":\"ListItem\",\"position\":3,\"name\":\"Za\u0161tita osobnih podataka\"}]}]}<\/script>\n<!-- \/ Yoast SEO plugin. -->","yoast_head_json":{"title":"Za\u0161tita osobnih podataka - JU Zeleni prsten Zagreba\u010dke \u017eupanije","robots":{"index":"index","follow":"follow","max-snippet":"max-snippet:-1","max-image-preview":"max-image-preview:large","max-video-preview":"max-video-preview:-1"},"canonical":"https:\/\/zeleni-prsten.hr\/portal\/javna-nabava\/zastita-osobnih-podataka\/","og_locale":"hr_HR","og_type":"article","og_title":"Za\u0161tita osobnih podataka - JU Zeleni prsten Zagreba\u010dke \u017eupanije","og_description":"[vc_row][vc_column][vc_column_text] Za\u0161tita osobnih podataka u Republici Hrvatskoj te nadzor nad prikupljanjem, obradom i kori\u0161tenjem osobnih podataka u Republici Hrvatskoj ure\u0111uje se Uredbom (EU) 2016\/679 Europskog parlamenta i vije\u0107a od 27. travnja 2016. o za\u0161titi pojedinaca u vezi s obradom osobnih [&hellip;]","og_url":"https:\/\/zeleni-prsten.hr\/portal\/javna-nabava\/zastita-osobnih-podataka\/","og_site_name":"JU Zeleni prsten Zagreba\u010dke \u017eupanije","article_modified_time":"2021-09-17T17:28:23+00:00","og_image":[{"width":1920,"height":1280,"url":"https:\/\/zeleni-prsten.hr\/portal\/wp-content\/uploads\/2021\/09\/privacy.jpg","type":"image\/jpeg"}],"twitter_card":"summary_large_image","twitter_misc":{"Procijenjeno vrijeme \u010ditanja":"2 minute"},"schema":{"@context":"https:\/\/schema.org","@graph":[{"@type":"WebSite","@id":"https:\/\/zeleni-prsten.hr\/portal\/#website","url":"https:\/\/zeleni-prsten.hr\/portal\/","name":"JU Zeleni prsten Zagreba\u010dke \u017eupanije","description":"JU Zeleni prsten Zagreba\u010dke \u017eupanije","potentialAction":[{"@type":"SearchAction","target":{"@type":"EntryPoint","urlTemplate":"https:\/\/zeleni-prsten.hr\/portal\/?s={search_term_string}"},"query-input":"required name=search_term_string"}],"inLanguage":"hr"},{"@type":"ImageObject","@id":"https:\/\/zeleni-prsten.hr\/portal\/javna-nabava\/zastita-osobnih-podataka\/#primaryimage","inLanguage":"hr","url":"https:\/\/zeleni-prsten.hr\/portal\/wp-content\/uploads\/2021\/09\/privacy.jpg","contentUrl":"https:\/\/zeleni-prsten.hr\/portal\/wp-content\/uploads\/2021\/09\/privacy.jpg","width":1920,"height":1280,"caption":"Confidential"},{"@type":"WebPage","@id":"https:\/\/zeleni-prsten.hr\/portal\/javna-nabava\/zastita-osobnih-podataka\/#webpage","url":"https:\/\/zeleni-prsten.hr\/portal\/javna-nabava\/zastita-osobnih-podataka\/","name":"Za\u0161tita osobnih podataka - JU Zeleni prsten Zagreba\u010dke \u017eupanije","isPartOf":{"@id":"https:\/\/zeleni-prsten.hr\/portal\/#website"},"primaryImageOfPage":{"@id":"https:\/\/zeleni-prsten.hr\/portal\/javna-nabava\/zastita-osobnih-podataka\/#primaryimage"},"datePublished":"2021-09-17T17:14:29+00:00","dateModified":"2021-09-17T17:28:23+00:00","breadcrumb":{"@id":"https:\/\/zeleni-prsten.hr\/portal\/javna-nabava\/zastita-osobnih-podataka\/#breadcrumb"},"inLanguage":"hr","potentialAction":[{"@type":"ReadAction","target":["https:\/\/zeleni-prsten.hr\/portal\/javna-nabava\/zastita-osobnih-podataka\/"]}]},{"@type":"BreadcrumbList","@id":"https:\/\/zeleni-prsten.hr\/portal\/javna-nabava\/zastita-osobnih-podataka\/#breadcrumb","itemListElement":[{"@type":"ListItem","position":1,"name":"Home","item":"https:\/\/zeleni-prsten.hr\/portal\/"},{"@type":"ListItem","position":2,"name":"Javna nabava","item":"https:\/\/zeleni-prsten.hr\/portal\/javna-nabava\/"},{"@type":"ListItem","position":3,"name":"Za\u0161tita osobnih podataka"}]}]}},"_links":{"self":[{"href":"https:\/\/zeleni-prsten.hr\/portal\/wp-json\/wp\/v2\/pages\/3710"}],"collection":[{"href":"https:\/\/zeleni-prsten.hr\/portal\/wp-json\/wp\/v2\/pages"}],"about":[{"href":"https:\/\/zeleni-prsten.hr\/portal\/wp-json\/wp\/v2\/types\/page"}],"author":[{"embeddable":true,"href":"https:\/\/zeleni-prsten.hr\/portal\/wp-json\/wp\/v2\/users\/1"}],"replies":[{"embeddable":true,"href":"https:\/\/zeleni-prsten.hr\/portal\/wp-json\/wp\/v2\/comments?post=3710"}],"version-history":[{"count":7,"href":"https:\/\/zeleni-prsten.hr\/portal\/wp-json\/wp\/v2\/pages\/3710\/revisions"}],"predecessor-version":[{"id":3720,"href":"https:\/\/zeleni-prsten.hr\/portal\/wp-json\/wp\/v2\/pages\/3710\/revisions\/3720"}],"up":[{"embeddable":true,"href":"https:\/\/zeleni-prsten.hr\/portal\/wp-json\/wp\/v2\/pages\/3511"}],"wp:featuredmedia":[{"embeddable":true,"href":"https:\/\/zeleni-prsten.hr\/portal\/wp-json\/wp\/v2\/media\/3714"}],"wp:attachment":[{"href":"https:\/\/zeleni-prsten.hr\/portal\/wp-json\/wp\/v2\/media?parent=3710"}],"curies":[{"name":"wp","href":"https:\/\/api.w.org\/{rel}","templated":true}]}}