{"id":3737,"date":"2021-09-17T20:19:30","date_gmt":"2021-09-17T18:19:30","guid":{"rendered":"https:\/\/zeleni-prsten.hr\/portal\/?page_id=3737"},"modified":"2022-02-22T12:32:25","modified_gmt":"2022-02-22T11:32:25","slug":"eticko-povjerenstvo","status":"publish","type":"page","link":"https:\/\/zeleni-prsten.hr\/portal\/javna-nabava\/eticko-povjerenstvo\/","title":{"rendered":"Eti\u010dko povjerenstvo"},"content":{"rendered":"<p>[vc_row][vc_column]<div class=\"ult-spacer spacer-6a0468e2e114f\" data-id=\"6a0468e2e114f\" data-height=\"100\" data-height-mobile=\"100\" data-height-tab=\"100\" data-height-tab-portrait=\"\" data-height-mobile-landscape=\"\" style=\"clear:both;display:block;\"><\/div><div id=\"ultimate-heading-22846a0468e2e118d\" class=\"uvc-heading ult-adjust-bottom-margin ultimate-heading-22846a0468e2e118d uvc-6565 \" data-hspacer=\"line_only\"  data-halign=\"left\" style=\"text-align:left\"><div class=\"uvc-main-heading ult-responsive\"  data-ultimate-target='.uvc-heading.ultimate-heading-22846a0468e2e118d h2'  data-responsive-json-new='{\"font-size\":\"\",\"line-height\":\"\"}' ><h2 style=\"font-weight:normal;color:#444444;\">ETI\u010cKO POVJERENSTVO<\/h2><\/div><div class=\"uvc-heading-spacer line_only\" style=\"topheight:1px;\"><span class=\"uvc-headings-line\" style=\"border-style:solid;border-bottom-width:1px;border-color:#1f8921;width:300px;\"><\/span><\/div><\/div><div class=\"ult-spacer spacer-6a0468e2e11ac\" data-id=\"6a0468e2e11ac\" data-height=\"40\" data-height-mobile=\"40\" data-height-tab=\"40\" data-height-tab-portrait=\"\" data-height-mobile-landscape=\"\" style=\"clear:both;display:block;\"><\/div>[vc_column_text]Eti\u010dko povjerenstvo prati primjenu Eti\u010dkog kodeksa Javne ustanove Zeleni prsten Zagreba\u010dke \u017eupanije, promi\u010de eti\u010dko pona\u0161anje u me\u0111usobnim odnosima zaposlenika te odnosima zaposlenika prema strankama i vanjskim suradnicama, zaprima pritu\u017ebe zaposlenika na poslovanje i postupanje koje je protivno odredbama eti\u010dkog kodeksa Javne ustanove, provodi postupak ispitivanja osnovanosti pritu\u017ebe te vodi evidenciju o zaprimljenim pritu\u017ebama.[\/vc_column_text][vc_column_text]<strong>Eti\u010dko povjerenstvo:<\/strong><\/p>\n<ol>\n<li>Darko Slukan<\/li>\n<li>Boris Geren\u010devi\u0107<\/li>\n<li>Maja Pintar<\/li>\n<\/ol>\n<p>[\/vc_column_text][\/vc_column][\/vc_row][vc_row][vc_column]<div class=\"ult-spacer spacer-6a0468e2e11b6\" data-id=\"6a0468e2e11b6\" data-height=\"40\" data-height-mobile=\"40\" data-height-tab=\"40\" data-height-tab-portrait=\"\" data-height-mobile-landscape=\"\" style=\"clear:both;display:block;\"><\/div><div id=\"ultimate-heading-98166a0468e2e11cc\" class=\"uvc-heading ult-adjust-bottom-margin ultimate-heading-98166a0468e2e11cc uvc-6214 \" data-hspacer=\"line_only\"  data-halign=\"left\" style=\"text-align:left\"><div class=\"uvc-main-heading ult-responsive\"  data-ultimate-target='.uvc-heading.ultimate-heading-98166a0468e2e11cc h2'  data-responsive-json-new='{\"font-size\":\"\",\"line-height\":\"\"}' ><h2 style=\"font-weight:normal;color:#444444;\">DOKUMENTI<\/h2><\/div><div class=\"uvc-heading-spacer line_only\" style=\"topheight:1px;\"><span class=\"uvc-headings-line\" style=\"border-style:solid;border-bottom-width:1px;border-color:#1f8921;width:170px;\"><\/span><\/div><\/div><div class=\"ult-spacer spacer-6a0468e2e11dc\" data-id=\"6a0468e2e11dc\" data-height=\"40\" data-height-mobile=\"40\" data-height-tab=\"40\" data-height-tab-portrait=\"\" data-height-mobile-landscape=\"\" style=\"clear:both;display:block;\"><\/div><div class=\"uavc-list-icon uavc-list-icon-wrapper ult-adjust-bottom-margin   \"><ul class=\"uavc-list\"><li><div class=\"uavc-list-content\" id=\"list-icon-wrap-9285\">\n<div class=\"uavc-list-icon  \" data-animation=\"\" data-animation-delay=\"03\" style=\"margin-right:16px;\"><div class=\"ult-just-icon-wrapper  \"><div class=\"align-icon\" style=\"text-align:center;\">\n<div class=\"aio-icon circle \"  style=\"color:#ffffff;background:#438e2a;font-size:16px;display:inline-block;\">\n\t<i class=\"Defaults-file-pdf-o\"><\/i>\n<\/div><\/div><\/div>\n<\/div><span  data-ultimate-target='#list-icon-wrap-9285 .uavc-list-desc'  data-responsive-json-new='{\"font-size\":\"\",\"line-height\":\"\"}'  class=\"uavc-list-desc ult-responsive\" style=\"\"><a href=\"http:\/\/zeleni-prsten.hr\/portal\/wp-content\/uploads\/2021\/09\/Eticki-kodeks.pdf\">Eti\u010dki kodeks<\/a><\/span><\/div><\/li><li><div class=\"uavc-list-content\" id=\"list-icon-wrap-6427\">\n<div class=\"uavc-list-icon  \" data-animation=\"\" data-animation-delay=\"03\" style=\"margin-right:16px;\"><div class=\"ult-just-icon-wrapper  \"><div class=\"align-icon\" style=\"text-align:center;\">\n<div class=\"aio-icon circle \"  style=\"color:#ffffff;background:#438e2a;font-size:16px;display:inline-block;\">\n\t<i class=\"Defaults-file-pdf-o\"><\/i>\n<\/div><\/div><\/div>\n<\/div><span  data-ultimate-target='#list-icon-wrap-6427 .uavc-list-desc'  data-responsive-json-new='{\"font-size\":\"\",\"line-height\":\"\"}'  class=\"uavc-list-desc ult-responsive\" style=\"\"><a href=\"http:\/\/zeleni-prsten.hr\/portal\/wp-content\/uploads\/2021\/09\/Odluka-o-imenovanju-Etickog-povjerenstva.pdf\">Odluka o imenovanju Eti\u010dkog povjerenstva<\/a><\/span><\/div><\/li><\/ul><\/div><div class=\"ult-spacer spacer-6a0468e2e15c4\" data-id=\"6a0468e2e15c4\" data-height=\"40\" data-height-mobile=\"40\" data-height-tab=\"40\" data-height-tab-portrait=\"\" data-height-mobile-landscape=\"\" style=\"clear:both;display:block;\"><\/div>[\/vc_column][\/vc_row]<\/p>\n","protected":false},"excerpt":{"rendered":"<p>[vc_row][vc_column][vc_column_text]Eti\u010dko povjerenstvo prati primjenu Eti\u010dkog kodeksa Javne ustanove Zeleni prsten Zagreba\u010dke \u017eupanije, promi\u010de eti\u010dko pona\u0161anje u me\u0111usobnim odnosima zaposlenika te odnosima zaposlenika prema strankama i vanjskim suradnicama, zaprima pritu\u017ebe zaposlenika na poslovanje i postupanje koje je protivno odredbama eti\u010dkog kodeksa [&hellip;]<\/p>\n","protected":false},"author":1,"featured_media":11100,"parent":3511,"menu_order":3,"comment_status":"closed","ping_status":"closed","template":"","meta":{"ngg_post_thumbnail":0},"yoast_head":"<!-- This site is optimized with the Yoast SEO plugin v18.4.1 - https:\/\/yoast.com\/wordpress\/plugins\/seo\/ -->\n<title>Eti\u010dko povjerenstvo - JU Zeleni prsten Zagreba\u010dke \u017eupanije<\/title>\n<meta name=\"robots\" content=\"index, follow, max-snippet:-1, max-image-preview:large, max-video-preview:-1\" \/>\n<link rel=\"canonical\" href=\"https:\/\/zeleni-prsten.hr\/portal\/javna-nabava\/eticko-povjerenstvo\/\" \/>\n<meta property=\"og:locale\" content=\"hr_HR\" \/>\n<meta property=\"og:type\" content=\"article\" \/>\n<meta property=\"og:title\" content=\"Eti\u010dko povjerenstvo - JU Zeleni prsten Zagreba\u010dke \u017eupanije\" \/>\n<meta property=\"og:description\" content=\"[vc_row][vc_column][vc_column_text]Eti\u010dko povjerenstvo prati primjenu Eti\u010dkog kodeksa Javne ustanove Zeleni prsten Zagreba\u010dke \u017eupanije, promi\u010de eti\u010dko pona\u0161anje u me\u0111usobnim odnosima zaposlenika te odnosima zaposlenika prema strankama i vanjskim suradnicama, zaprima pritu\u017ebe zaposlenika na poslovanje i postupanje koje je protivno odredbama eti\u010dkog kodeksa [&hellip;]\" \/>\n<meta property=\"og:url\" content=\"https:\/\/zeleni-prsten.hr\/portal\/javna-nabava\/eticko-povjerenstvo\/\" \/>\n<meta property=\"og:site_name\" content=\"JU Zeleni prsten Zagreba\u010dke \u017eupanije\" \/>\n<meta property=\"article:modified_time\" content=\"2022-02-22T11:32:25+00:00\" \/>\n<meta property=\"og:image\" content=\"https:\/\/zeleni-prsten.hr\/portal\/wp-content\/uploads\/2022\/02\/company-supporting-their-customer.jpg\" \/>\n\t<meta property=\"og:image:width\" content=\"1920\" \/>\n\t<meta property=\"og:image:height\" content=\"1280\" \/>\n\t<meta property=\"og:image:type\" content=\"image\/jpeg\" \/>\n<meta name=\"twitter:card\" content=\"summary_large_image\" \/>\n<meta name=\"twitter:label1\" content=\"Procijenjeno vrijeme \u010ditanja\" \/>\n\t<meta name=\"twitter:data1\" content=\"1 minuta\" \/>\n<script type=\"application\/ld+json\" class=\"yoast-schema-graph\">{\"@context\":\"https:\/\/schema.org\",\"@graph\":[{\"@type\":\"WebSite\",\"@id\":\"https:\/\/zeleni-prsten.hr\/portal\/#website\",\"url\":\"https:\/\/zeleni-prsten.hr\/portal\/\",\"name\":\"JU Zeleni prsten Zagreba\u010dke \u017eupanije\",\"description\":\"JU Zeleni prsten Zagreba\u010dke \u017eupanije\",\"potentialAction\":[{\"@type\":\"SearchAction\",\"target\":{\"@type\":\"EntryPoint\",\"urlTemplate\":\"https:\/\/zeleni-prsten.hr\/portal\/?s={search_term_string}\"},\"query-input\":\"required name=search_term_string\"}],\"inLanguage\":\"hr\"},{\"@type\":\"ImageObject\",\"@id\":\"https:\/\/zeleni-prsten.hr\/portal\/javna-nabava\/eticko-povjerenstvo\/#primaryimage\",\"inLanguage\":\"hr\",\"url\":\"https:\/\/zeleni-prsten.hr\/portal\/wp-content\/uploads\/2022\/02\/company-supporting-their-customer.jpg\",\"contentUrl\":\"https:\/\/zeleni-prsten.hr\/portal\/wp-content\/uploads\/2022\/02\/company-supporting-their-customer.jpg\",\"width\":1920,\"height\":1280},{\"@type\":\"WebPage\",\"@id\":\"https:\/\/zeleni-prsten.hr\/portal\/javna-nabava\/eticko-povjerenstvo\/#webpage\",\"url\":\"https:\/\/zeleni-prsten.hr\/portal\/javna-nabava\/eticko-povjerenstvo\/\",\"name\":\"Eti\u010dko povjerenstvo - JU Zeleni prsten Zagreba\u010dke \u017eupanije\",\"isPartOf\":{\"@id\":\"https:\/\/zeleni-prsten.hr\/portal\/#website\"},\"primaryImageOfPage\":{\"@id\":\"https:\/\/zeleni-prsten.hr\/portal\/javna-nabava\/eticko-povjerenstvo\/#primaryimage\"},\"datePublished\":\"2021-09-17T18:19:30+00:00\",\"dateModified\":\"2022-02-22T11:32:25+00:00\",\"breadcrumb\":{\"@id\":\"https:\/\/zeleni-prsten.hr\/portal\/javna-nabava\/eticko-povjerenstvo\/#breadcrumb\"},\"inLanguage\":\"hr\",\"potentialAction\":[{\"@type\":\"ReadAction\",\"target\":[\"https:\/\/zeleni-prsten.hr\/portal\/javna-nabava\/eticko-povjerenstvo\/\"]}]},{\"@type\":\"BreadcrumbList\",\"@id\":\"https:\/\/zeleni-prsten.hr\/portal\/javna-nabava\/eticko-povjerenstvo\/#breadcrumb\",\"itemListElement\":[{\"@type\":\"ListItem\",\"position\":1,\"name\":\"Home\",\"item\":\"https:\/\/zeleni-prsten.hr\/portal\/\"},{\"@type\":\"ListItem\",\"position\":2,\"name\":\"Javna nabava\",\"item\":\"https:\/\/zeleni-prsten.hr\/portal\/javna-nabava\/\"},{\"@type\":\"ListItem\",\"position\":3,\"name\":\"Eti\u010dko povjerenstvo\"}]}]}<\/script>\n<!-- \/ Yoast SEO plugin. -->","yoast_head_json":{"title":"Eti\u010dko povjerenstvo - JU Zeleni prsten Zagreba\u010dke \u017eupanije","robots":{"index":"index","follow":"follow","max-snippet":"max-snippet:-1","max-image-preview":"max-image-preview:large","max-video-preview":"max-video-preview:-1"},"canonical":"https:\/\/zeleni-prsten.hr\/portal\/javna-nabava\/eticko-povjerenstvo\/","og_locale":"hr_HR","og_type":"article","og_title":"Eti\u010dko povjerenstvo - JU Zeleni prsten Zagreba\u010dke \u017eupanije","og_description":"[vc_row][vc_column][vc_column_text]Eti\u010dko povjerenstvo prati primjenu Eti\u010dkog kodeksa Javne ustanove Zeleni prsten Zagreba\u010dke \u017eupanije, promi\u010de eti\u010dko pona\u0161anje u me\u0111usobnim odnosima zaposlenika te odnosima zaposlenika prema strankama i vanjskim suradnicama, zaprima pritu\u017ebe zaposlenika na poslovanje i postupanje koje je protivno odredbama eti\u010dkog kodeksa [&hellip;]","og_url":"https:\/\/zeleni-prsten.hr\/portal\/javna-nabava\/eticko-povjerenstvo\/","og_site_name":"JU Zeleni prsten Zagreba\u010dke \u017eupanije","article_modified_time":"2022-02-22T11:32:25+00:00","og_image":[{"width":1920,"height":1280,"url":"https:\/\/zeleni-prsten.hr\/portal\/wp-content\/uploads\/2022\/02\/company-supporting-their-customer.jpg","type":"image\/jpeg"}],"twitter_card":"summary_large_image","twitter_misc":{"Procijenjeno vrijeme \u010ditanja":"1 minuta"},"schema":{"@context":"https:\/\/schema.org","@graph":[{"@type":"WebSite","@id":"https:\/\/zeleni-prsten.hr\/portal\/#website","url":"https:\/\/zeleni-prsten.hr\/portal\/","name":"JU Zeleni prsten Zagreba\u010dke \u017eupanije","description":"JU Zeleni prsten Zagreba\u010dke \u017eupanije","potentialAction":[{"@type":"SearchAction","target":{"@type":"EntryPoint","urlTemplate":"https:\/\/zeleni-prsten.hr\/portal\/?s={search_term_string}"},"query-input":"required name=search_term_string"}],"inLanguage":"hr"},{"@type":"ImageObject","@id":"https:\/\/zeleni-prsten.hr\/portal\/javna-nabava\/eticko-povjerenstvo\/#primaryimage","inLanguage":"hr","url":"https:\/\/zeleni-prsten.hr\/portal\/wp-content\/uploads\/2022\/02\/company-supporting-their-customer.jpg","contentUrl":"https:\/\/zeleni-prsten.hr\/portal\/wp-content\/uploads\/2022\/02\/company-supporting-their-customer.jpg","width":1920,"height":1280},{"@type":"WebPage","@id":"https:\/\/zeleni-prsten.hr\/portal\/javna-nabava\/eticko-povjerenstvo\/#webpage","url":"https:\/\/zeleni-prsten.hr\/portal\/javna-nabava\/eticko-povjerenstvo\/","name":"Eti\u010dko povjerenstvo - JU Zeleni prsten Zagreba\u010dke \u017eupanije","isPartOf":{"@id":"https:\/\/zeleni-prsten.hr\/portal\/#website"},"primaryImageOfPage":{"@id":"https:\/\/zeleni-prsten.hr\/portal\/javna-nabava\/eticko-povjerenstvo\/#primaryimage"},"datePublished":"2021-09-17T18:19:30+00:00","dateModified":"2022-02-22T11:32:25+00:00","breadcrumb":{"@id":"https:\/\/zeleni-prsten.hr\/portal\/javna-nabava\/eticko-povjerenstvo\/#breadcrumb"},"inLanguage":"hr","potentialAction":[{"@type":"ReadAction","target":["https:\/\/zeleni-prsten.hr\/portal\/javna-nabava\/eticko-povjerenstvo\/"]}]},{"@type":"BreadcrumbList","@id":"https:\/\/zeleni-prsten.hr\/portal\/javna-nabava\/eticko-povjerenstvo\/#breadcrumb","itemListElement":[{"@type":"ListItem","position":1,"name":"Home","item":"https:\/\/zeleni-prsten.hr\/portal\/"},{"@type":"ListItem","position":2,"name":"Javna nabava","item":"https:\/\/zeleni-prsten.hr\/portal\/javna-nabava\/"},{"@type":"ListItem","position":3,"name":"Eti\u010dko povjerenstvo"}]}]}},"_links":{"self":[{"href":"https:\/\/zeleni-prsten.hr\/portal\/wp-json\/wp\/v2\/pages\/3737"}],"collection":[{"href":"https:\/\/zeleni-prsten.hr\/portal\/wp-json\/wp\/v2\/pages"}],"about":[{"href":"https:\/\/zeleni-prsten.hr\/portal\/wp-json\/wp\/v2\/types\/page"}],"author":[{"embeddable":true,"href":"https:\/\/zeleni-prsten.hr\/portal\/wp-json\/wp\/v2\/users\/1"}],"replies":[{"embeddable":true,"href":"https:\/\/zeleni-prsten.hr\/portal\/wp-json\/wp\/v2\/comments?post=3737"}],"version-history":[{"count":4,"href":"https:\/\/zeleni-prsten.hr\/portal\/wp-json\/wp\/v2\/pages\/3737\/revisions"}],"predecessor-version":[{"id":3743,"href":"https:\/\/zeleni-prsten.hr\/portal\/wp-json\/wp\/v2\/pages\/3737\/revisions\/3743"}],"up":[{"embeddable":true,"href":"https:\/\/zeleni-prsten.hr\/portal\/wp-json\/wp\/v2\/pages\/3511"}],"wp:featuredmedia":[{"embeddable":true,"href":"https:\/\/zeleni-prsten.hr\/portal\/wp-json\/wp\/v2\/media\/11100"}],"wp:attachment":[{"href":"https:\/\/zeleni-prsten.hr\/portal\/wp-json\/wp\/v2\/media?parent=3737"}],"curies":[{"name":"wp","href":"https:\/\/api.w.org\/{rel}","templated":true}]}}