{"id":3744,"date":"2021-09-17T20:48:03","date_gmt":"2021-09-17T18:48:03","guid":{"rendered":"https:\/\/zeleni-prsten.hr\/portal\/?page_id=3744"},"modified":"2024-03-06T14:50:16","modified_gmt":"2024-03-06T13:50:16","slug":"povjerljiva-osoba","status":"publish","type":"page","link":"https:\/\/zeleni-prsten.hr\/portal\/javna-nabava\/povjerljiva-osoba\/","title":{"rendered":"Povjerljiva osoba"},"content":{"rendered":"<p>[vc_row][vc_column]<div class=\"ult-spacer spacer-69e164fc89ad5\" data-id=\"69e164fc89ad5\" data-height=\"100\" data-height-mobile=\"100\" data-height-tab=\"100\" data-height-tab-portrait=\"\" data-height-mobile-landscape=\"\" style=\"clear:both;display:block;\"><\/div><div id=\"ultimate-heading-835269e164fc89b11\" class=\"uvc-heading ult-adjust-bottom-margin ultimate-heading-835269e164fc89b11 uvc-2725 \" data-hspacer=\"line_only\"  data-halign=\"left\" style=\"text-align:left\"><div class=\"uvc-main-heading ult-responsive\"  data-ultimate-target='.uvc-heading.ultimate-heading-835269e164fc89b11 h2'  data-responsive-json-new='{\"font-size\":\"\",\"line-height\":\"\"}' ><h2 style=\"font-weight:normal;color:#444444;\">POVJERLJIVA OSOBA<\/h2><\/div><div class=\"uvc-heading-spacer line_only\" style=\"topheight:1px;\"><span class=\"uvc-headings-line\" style=\"border-style:solid;border-bottom-width:1px;border-color:#1f8921;width:300px;\"><\/span><\/div><\/div><div class=\"ult-spacer spacer-69e164fc89b32\" data-id=\"69e164fc89b32\" data-height=\"40\" data-height-mobile=\"40\" data-height-tab=\"40\" data-height-tab-portrait=\"\" data-height-mobile-landscape=\"\" style=\"clear:both;display:block;\"><\/div>[vc_column_text]Unutarnje prijavljivanje nepravilnosti[\/vc_column_text][vc_column_text]<strong>Povjerljiva osoba<\/strong><\/p>\n<p>Darko Slukan, dipl. soc.<\/p>\n<p>Telefon: +385(0)1 6111 552<\/p>\n<p>Elektroni\u010dka po\u0161ta: <a href=\"mailto:darko.slukan@zeleni-prsten.hr\">darko.slukan@zeleni-prsten.hr<\/a><\/p>\n<p>&nbsp;<\/p>\n<p><strong>Zamjenik povjerljive osobe<\/strong><\/p>\n<p>Boris Geren\u010devi\u0107, dipl. ing. agr.<\/p>\n<p>Telefon: +385(0)1 6111 552<\/p>\n<p>Elektroni\u010dka po\u0161ta: <a href=\"mailto:boris@zeleni-prsten.hr\">boris@zeleni-prsten.hr<\/a>[\/vc_column_text][\/vc_column][\/vc_row][vc_row][vc_column]<div class=\"ult-spacer spacer-69e164fc89b3e\" data-id=\"69e164fc89b3e\" data-height=\"40\" data-height-mobile=\"40\" data-height-tab=\"40\" data-height-tab-portrait=\"\" data-height-mobile-landscape=\"\" style=\"clear:both;display:block;\"><\/div><div id=\"ultimate-heading-426969e164fc89b57\" class=\"uvc-heading ult-adjust-bottom-margin ultimate-heading-426969e164fc89b57 uvc-9254 \" data-hspacer=\"line_only\"  data-halign=\"left\" style=\"text-align:left\"><div class=\"uvc-main-heading ult-responsive\"  data-ultimate-target='.uvc-heading.ultimate-heading-426969e164fc89b57 h2'  data-responsive-json-new='{\"font-size\":\"\",\"line-height\":\"\"}' ><h2 style=\"font-weight:normal;color:#444444;\">DOKUMENTI<\/h2><\/div><div class=\"uvc-heading-spacer line_only\" style=\"topheight:1px;\"><span class=\"uvc-headings-line\" style=\"border-style:solid;border-bottom-width:1px;border-color:#1f8921;width:170px;\"><\/span><\/div><\/div><div class=\"ult-spacer spacer-69e164fc89b68\" data-id=\"69e164fc89b68\" data-height=\"40\" data-height-mobile=\"40\" data-height-tab=\"40\" data-height-tab-portrait=\"\" data-height-mobile-landscape=\"\" style=\"clear:both;display:block;\"><\/div><div class=\"uavc-list-icon uavc-list-icon-wrapper ult-adjust-bottom-margin   \"><ul class=\"uavc-list\"><li><div class=\"uavc-list-content\" id=\"list-icon-wrap-1237\">\n<div class=\"uavc-list-icon  \" data-animation=\"\" data-animation-delay=\"03\" style=\"margin-right:16px;\"><div class=\"ult-just-icon-wrapper  \"><div class=\"align-icon\" style=\"text-align:center;\">\n<div class=\"aio-icon circle \"  style=\"color:#ffffff;background:#438e2a;font-size:16px;display:inline-block;\">\n\t<i class=\"Defaults-file-pdf-o\"><\/i>\n<\/div><\/div><\/div>\n<\/div><span  data-ultimate-target='#list-icon-wrap-1237 .uavc-list-desc'  data-responsive-json-new='{\"font-size\":\"\",\"line-height\":\"\"}'  class=\"uavc-list-desc ult-responsive\" style=\"\"><a href=\"https:\/\/zeleni-prsten.hr\/portal\/wp-content\/uploads\/2024\/03\/1_Procedura-o-postupku-unutarnjeg-prijavljivanja-nepravilnosti-u-JU.pdf\">Procedura o postupku unutarnjeg prijavljivanja nepravilnosti<\/a><\/span><\/div><\/li><li><div class=\"uavc-list-content\" id=\"list-icon-wrap-6247\">\n<div class=\"uavc-list-icon  \" data-animation=\"\" data-animation-delay=\"03\" style=\"margin-right:16px;\"><div class=\"ult-just-icon-wrapper  \"><div class=\"align-icon\" style=\"text-align:center;\">\n<div class=\"aio-icon circle \"  style=\"color:#ffffff;background:#438e2a;font-size:16px;display:inline-block;\">\n\t<i class=\"Defaults-file-pdf-o\"><\/i>\n<\/div><\/div><\/div>\n<\/div><span  data-ultimate-target='#list-icon-wrap-6247 .uavc-list-desc'  data-responsive-json-new='{\"font-size\":\"\",\"line-height\":\"\"}'  class=\"uavc-list-desc ult-responsive\" style=\"\"><a href=\"https:\/\/zeleni-prsten.hr\/portal\/wp-content\/uploads\/2021\/09\/Odluka-o-imenovanju-povjerljive-osobe-i-zamjenika-povjerljive-osobe.pdf\" target=\"_blank\" rel=\"noopener\">Odluka o imenovanju povjerljive osobe i zamjenika povjerljive osobe<\/a><\/span><\/div><\/li><li><div class=\"uavc-list-content\" id=\"list-icon-wrap-5292\">\n<div class=\"uavc-list-icon  \" data-animation=\"\" data-animation-delay=\"03\" style=\"margin-right:16px;\"><div class=\"ult-just-icon-wrapper  \"><div class=\"align-icon\" style=\"text-align:center;\">\n<div class=\"aio-icon circle \"  style=\"color:#ffffff;background:#438e2a;font-size:16px;display:inline-block;\">\n\t<i class=\"Defaults-file-pdf-o\"><\/i>\n<\/div><\/div><\/div>\n<\/div><span  data-ultimate-target='#list-icon-wrap-5292 .uavc-list-desc'  data-responsive-json-new='{\"font-size\":\"\",\"line-height\":\"\"}'  class=\"uavc-list-desc ult-responsive\" style=\"\"><a href=\"https:\/\/zeleni-prsten.hr\/portal\/wp-content\/uploads\/2024\/03\/1a_OBRAZAC-\u2013-Prijava-nepravilnosti_JU-Zeleni-prsten_2024.docx\">Obrazac za prijavu nepravilnosti&nbsp;<\/a><\/span><\/div><\/li><\/ul><\/div><div class=\"ult-spacer spacer-69e164fc89f1f\" data-id=\"69e164fc89f1f\" data-height=\"40\" data-height-mobile=\"40\" data-height-tab=\"40\" data-height-tab-portrait=\"\" data-height-mobile-landscape=\"\" style=\"clear:both;display:block;\"><\/div>[\/vc_column][\/vc_row]<\/p>\n","protected":false},"excerpt":{"rendered":"<p>[vc_row][vc_column][vc_column_text]Unutarnje prijavljivanje nepravilnosti[\/vc_column_text][vc_column_text]Povjerljiva osoba Darko Slukan, dipl. soc. Telefon: +385(0)1 6111 552 Elektroni\u010dka po\u0161ta: darko.slukan@zeleni-prsten.hr &nbsp; Zamjenik povjerljive osobe Boris Geren\u010devi\u0107, dipl. ing. agr. Telefon: +385(0)1 6111 552 Elektroni\u010dka po\u0161ta: boris@zeleni-prsten.hr[\/vc_column_text][\/vc_column][\/vc_row][vc_row][vc_column][\/vc_column][\/vc_row]<\/p>\n","protected":false},"author":1,"featured_media":3714,"parent":3511,"menu_order":4,"comment_status":"closed","ping_status":"closed","template":"","meta":{"ngg_post_thumbnail":0},"yoast_head":"<!-- This site is optimized with the Yoast SEO plugin v18.4.1 - https:\/\/yoast.com\/wordpress\/plugins\/seo\/ -->\n<title>Povjerljiva osoba - JU Zeleni prsten Zagreba\u010dke \u017eupanije<\/title>\n<meta name=\"robots\" content=\"index, follow, max-snippet:-1, max-image-preview:large, max-video-preview:-1\" \/>\n<link rel=\"canonical\" href=\"https:\/\/zeleni-prsten.hr\/portal\/javna-nabava\/povjerljiva-osoba\/\" \/>\n<meta property=\"og:locale\" content=\"hr_HR\" \/>\n<meta property=\"og:type\" content=\"article\" \/>\n<meta property=\"og:title\" content=\"Povjerljiva osoba - JU Zeleni prsten Zagreba\u010dke \u017eupanije\" \/>\n<meta property=\"og:description\" content=\"[vc_row][vc_column][vc_column_text]Unutarnje prijavljivanje nepravilnosti[\/vc_column_text][vc_column_text]Povjerljiva osoba Darko Slukan, dipl. soc. Telefon: +385(0)1 6111 552 Elektroni\u010dka po\u0161ta: darko.slukan@zeleni-prsten.hr &nbsp; Zamjenik povjerljive osobe Boris Geren\u010devi\u0107, dipl. ing. agr. Telefon: +385(0)1 6111 552 Elektroni\u010dka po\u0161ta: boris@zeleni-prsten.hr[\/vc_column_text][\/vc_column][\/vc_row][vc_row][vc_column][\/vc_column][\/vc_row]\" \/>\n<meta property=\"og:url\" content=\"https:\/\/zeleni-prsten.hr\/portal\/javna-nabava\/povjerljiva-osoba\/\" \/>\n<meta property=\"og:site_name\" content=\"JU Zeleni prsten Zagreba\u010dke \u017eupanije\" \/>\n<meta property=\"article:modified_time\" content=\"2024-03-06T13:50:16+00:00\" \/>\n<meta property=\"og:image\" content=\"https:\/\/zeleni-prsten.hr\/portal\/wp-content\/uploads\/2021\/09\/privacy.jpg\" \/>\n\t<meta property=\"og:image:width\" content=\"1920\" \/>\n\t<meta property=\"og:image:height\" content=\"1280\" \/>\n\t<meta property=\"og:image:type\" content=\"image\/jpeg\" \/>\n<meta name=\"twitter:card\" content=\"summary_large_image\" \/>\n<meta name=\"twitter:label1\" content=\"Procijenjeno vrijeme \u010ditanja\" \/>\n\t<meta name=\"twitter:data1\" content=\"1 minuta\" \/>\n<script type=\"application\/ld+json\" class=\"yoast-schema-graph\">{\"@context\":\"https:\/\/schema.org\",\"@graph\":[{\"@type\":\"WebSite\",\"@id\":\"https:\/\/zeleni-prsten.hr\/portal\/#website\",\"url\":\"https:\/\/zeleni-prsten.hr\/portal\/\",\"name\":\"JU Zeleni prsten Zagreba\u010dke \u017eupanije\",\"description\":\"JU Zeleni prsten Zagreba\u010dke \u017eupanije\",\"potentialAction\":[{\"@type\":\"SearchAction\",\"target\":{\"@type\":\"EntryPoint\",\"urlTemplate\":\"https:\/\/zeleni-prsten.hr\/portal\/?s={search_term_string}\"},\"query-input\":\"required name=search_term_string\"}],\"inLanguage\":\"hr\"},{\"@type\":\"ImageObject\",\"@id\":\"https:\/\/zeleni-prsten.hr\/portal\/javna-nabava\/povjerljiva-osoba\/#primaryimage\",\"inLanguage\":\"hr\",\"url\":\"https:\/\/zeleni-prsten.hr\/portal\/wp-content\/uploads\/2021\/09\/privacy.jpg\",\"contentUrl\":\"https:\/\/zeleni-prsten.hr\/portal\/wp-content\/uploads\/2021\/09\/privacy.jpg\",\"width\":1920,\"height\":1280,\"caption\":\"Confidential\"},{\"@type\":\"WebPage\",\"@id\":\"https:\/\/zeleni-prsten.hr\/portal\/javna-nabava\/povjerljiva-osoba\/#webpage\",\"url\":\"https:\/\/zeleni-prsten.hr\/portal\/javna-nabava\/povjerljiva-osoba\/\",\"name\":\"Povjerljiva osoba - JU Zeleni prsten Zagreba\u010dke \u017eupanije\",\"isPartOf\":{\"@id\":\"https:\/\/zeleni-prsten.hr\/portal\/#website\"},\"primaryImageOfPage\":{\"@id\":\"https:\/\/zeleni-prsten.hr\/portal\/javna-nabava\/povjerljiva-osoba\/#primaryimage\"},\"datePublished\":\"2021-09-17T18:48:03+00:00\",\"dateModified\":\"2024-03-06T13:50:16+00:00\",\"breadcrumb\":{\"@id\":\"https:\/\/zeleni-prsten.hr\/portal\/javna-nabava\/povjerljiva-osoba\/#breadcrumb\"},\"inLanguage\":\"hr\",\"potentialAction\":[{\"@type\":\"ReadAction\",\"target\":[\"https:\/\/zeleni-prsten.hr\/portal\/javna-nabava\/povjerljiva-osoba\/\"]}]},{\"@type\":\"BreadcrumbList\",\"@id\":\"https:\/\/zeleni-prsten.hr\/portal\/javna-nabava\/povjerljiva-osoba\/#breadcrumb\",\"itemListElement\":[{\"@type\":\"ListItem\",\"position\":1,\"name\":\"Home\",\"item\":\"https:\/\/zeleni-prsten.hr\/portal\/\"},{\"@type\":\"ListItem\",\"position\":2,\"name\":\"Javna nabava\",\"item\":\"https:\/\/zeleni-prsten.hr\/portal\/javna-nabava\/\"},{\"@type\":\"ListItem\",\"position\":3,\"name\":\"Povjerljiva osoba\"}]}]}<\/script>\n<!-- \/ Yoast SEO plugin. -->","yoast_head_json":{"title":"Povjerljiva osoba - JU Zeleni prsten Zagreba\u010dke \u017eupanije","robots":{"index":"index","follow":"follow","max-snippet":"max-snippet:-1","max-image-preview":"max-image-preview:large","max-video-preview":"max-video-preview:-1"},"canonical":"https:\/\/zeleni-prsten.hr\/portal\/javna-nabava\/povjerljiva-osoba\/","og_locale":"hr_HR","og_type":"article","og_title":"Povjerljiva osoba - JU Zeleni prsten Zagreba\u010dke \u017eupanije","og_description":"[vc_row][vc_column][vc_column_text]Unutarnje prijavljivanje nepravilnosti[\/vc_column_text][vc_column_text]Povjerljiva osoba Darko Slukan, dipl. soc. Telefon: +385(0)1 6111 552 Elektroni\u010dka po\u0161ta: darko.slukan@zeleni-prsten.hr &nbsp; Zamjenik povjerljive osobe Boris Geren\u010devi\u0107, dipl. ing. agr. Telefon: +385(0)1 6111 552 Elektroni\u010dka po\u0161ta: boris@zeleni-prsten.hr[\/vc_column_text][\/vc_column][\/vc_row][vc_row][vc_column][\/vc_column][\/vc_row]","og_url":"https:\/\/zeleni-prsten.hr\/portal\/javna-nabava\/povjerljiva-osoba\/","og_site_name":"JU Zeleni prsten Zagreba\u010dke \u017eupanije","article_modified_time":"2024-03-06T13:50:16+00:00","og_image":[{"width":1920,"height":1280,"url":"https:\/\/zeleni-prsten.hr\/portal\/wp-content\/uploads\/2021\/09\/privacy.jpg","type":"image\/jpeg"}],"twitter_card":"summary_large_image","twitter_misc":{"Procijenjeno vrijeme \u010ditanja":"1 minuta"},"schema":{"@context":"https:\/\/schema.org","@graph":[{"@type":"WebSite","@id":"https:\/\/zeleni-prsten.hr\/portal\/#website","url":"https:\/\/zeleni-prsten.hr\/portal\/","name":"JU Zeleni prsten Zagreba\u010dke \u017eupanije","description":"JU Zeleni prsten Zagreba\u010dke \u017eupanije","potentialAction":[{"@type":"SearchAction","target":{"@type":"EntryPoint","urlTemplate":"https:\/\/zeleni-prsten.hr\/portal\/?s={search_term_string}"},"query-input":"required name=search_term_string"}],"inLanguage":"hr"},{"@type":"ImageObject","@id":"https:\/\/zeleni-prsten.hr\/portal\/javna-nabava\/povjerljiva-osoba\/#primaryimage","inLanguage":"hr","url":"https:\/\/zeleni-prsten.hr\/portal\/wp-content\/uploads\/2021\/09\/privacy.jpg","contentUrl":"https:\/\/zeleni-prsten.hr\/portal\/wp-content\/uploads\/2021\/09\/privacy.jpg","width":1920,"height":1280,"caption":"Confidential"},{"@type":"WebPage","@id":"https:\/\/zeleni-prsten.hr\/portal\/javna-nabava\/povjerljiva-osoba\/#webpage","url":"https:\/\/zeleni-prsten.hr\/portal\/javna-nabava\/povjerljiva-osoba\/","name":"Povjerljiva osoba - JU Zeleni prsten Zagreba\u010dke \u017eupanije","isPartOf":{"@id":"https:\/\/zeleni-prsten.hr\/portal\/#website"},"primaryImageOfPage":{"@id":"https:\/\/zeleni-prsten.hr\/portal\/javna-nabava\/povjerljiva-osoba\/#primaryimage"},"datePublished":"2021-09-17T18:48:03+00:00","dateModified":"2024-03-06T13:50:16+00:00","breadcrumb":{"@id":"https:\/\/zeleni-prsten.hr\/portal\/javna-nabava\/povjerljiva-osoba\/#breadcrumb"},"inLanguage":"hr","potentialAction":[{"@type":"ReadAction","target":["https:\/\/zeleni-prsten.hr\/portal\/javna-nabava\/povjerljiva-osoba\/"]}]},{"@type":"BreadcrumbList","@id":"https:\/\/zeleni-prsten.hr\/portal\/javna-nabava\/povjerljiva-osoba\/#breadcrumb","itemListElement":[{"@type":"ListItem","position":1,"name":"Home","item":"https:\/\/zeleni-prsten.hr\/portal\/"},{"@type":"ListItem","position":2,"name":"Javna nabava","item":"https:\/\/zeleni-prsten.hr\/portal\/javna-nabava\/"},{"@type":"ListItem","position":3,"name":"Povjerljiva osoba"}]}]}},"_links":{"self":[{"href":"https:\/\/zeleni-prsten.hr\/portal\/wp-json\/wp\/v2\/pages\/3744"}],"collection":[{"href":"https:\/\/zeleni-prsten.hr\/portal\/wp-json\/wp\/v2\/pages"}],"about":[{"href":"https:\/\/zeleni-prsten.hr\/portal\/wp-json\/wp\/v2\/types\/page"}],"author":[{"embeddable":true,"href":"https:\/\/zeleni-prsten.hr\/portal\/wp-json\/wp\/v2\/users\/1"}],"replies":[{"embeddable":true,"href":"https:\/\/zeleni-prsten.hr\/portal\/wp-json\/wp\/v2\/comments?post=3744"}],"version-history":[{"count":9,"href":"https:\/\/zeleni-prsten.hr\/portal\/wp-json\/wp\/v2\/pages\/3744\/revisions"}],"predecessor-version":[{"id":16209,"href":"https:\/\/zeleni-prsten.hr\/portal\/wp-json\/wp\/v2\/pages\/3744\/revisions\/16209"}],"up":[{"embeddable":true,"href":"https:\/\/zeleni-prsten.hr\/portal\/wp-json\/wp\/v2\/pages\/3511"}],"wp:featuredmedia":[{"embeddable":true,"href":"https:\/\/zeleni-prsten.hr\/portal\/wp-json\/wp\/v2\/media\/3714"}],"wp:attachment":[{"href":"https:\/\/zeleni-prsten.hr\/portal\/wp-json\/wp\/v2\/media?parent=3744"}],"curies":[{"name":"wp","href":"https:\/\/api.w.org\/{rel}","templated":true}]}}