{"id":3908,"date":"2021-11-14T13:08:51","date_gmt":"2021-11-14T12:08:51","guid":{"rendered":"https:\/\/zeleni-prsten.hr\/portal\/?page_id=3908"},"modified":"2022-03-07T13:50:12","modified_gmt":"2022-03-07T12:50:12","slug":"cret-dubravica","status":"publish","type":"page","link":"https:\/\/zeleni-prsten.hr\/portal\/zasticena-podrucja\/cret-dubravica\/","title":{"rendered":"Cret Dubravica"},"content":{"rendered":"<p>[vc_row full_width=&#8221;stretch_row&#8221;][vc_column]<div class=\"ult-spacer spacer-69e3920b409c6\" data-id=\"69e3920b409c6\" data-height=\"75\" data-height-mobile=\"30\" data-height-tab=\"50\" data-height-tab-portrait=\"50\" data-height-mobile-landscape=\"20\" style=\"clear:both;display:block;\"><\/div>[\/vc_column][\/vc_row][vc_row full_width=&#8221;stretch_row&#8221;][vc_column][vc_column_text css=&#8221;.vc_custom_1646252763685{padding-top: 2rem !important;padding-bottom: 3rem !important;}&#8221;]Podru\u010dje creta kod Dubravice s okolnom \u0161umom stavljeno je pod posebnu za\u0161titu 1966. godine na povr\u0161ini od 8,49 ha. Rezervat se nalazi u \u0161umi Dubrava ispod Lugarskog brega na lijevom obronku potoka Dubrava.<br \/>\nVa\u017enost Creta Dubravica le\u017ei u \u010dinjenici kako je to jedna od posljednjih preostalih cretnih povr\u0161ina u Hrvatskoj. Najljep\u0161i pogled na cret i raznovrsnost biljnog svijeta je s platforme. Kako bi se sprije\u010dilo svako hodanje i uni\u0161tavanje stani\u0161ta, 2020. godine je postavljena nova platforma za promatranje biljaka.[\/vc_column_text][\/vc_column][\/vc_row][vc_row full_width=&#8221;stretch_row&#8221; bg_type=&#8221;image&#8221; parallax_style=&#8221;vcpb-vz-jquery&#8221; bg_image_new=&#8221;id^11255|url^https:\/\/zeleni-prsten.hr\/portal\/wp-content\/uploads\/2022\/02\/Rosika1.jpg|caption^null|alt^null|title^Rosika1|description^null&#8221;][vc_column width=&#8221;1\/3&#8243; css=&#8221;.vc_custom_1616094504001{background-color: rgba(0,0,0,0.6) !important;*background-color: rgb(0,0,0) !important;}&#8221;][vc_custom_heading text=&#8221;Jeste li znali?&#8221; font_container=&#8221;tag:h2|text_align:center|color:%23ffffff&#8221;][vc_column_text]&nbsp;<\/p>\n<p>&nbsp;<\/p>\n<p><span style=\"color: #ffffff;\">Slika rosike je prona\u0161la svoje mjesto i na grbu i zastavi Op\u0107ine Dubravica.<\/span><\/p>\n<p>&nbsp;<\/p>\n<p>&nbsp;<\/p>\n<p>&nbsp;[\/vc_column_text][\/vc_column][vc_column width=&#8221;1\/3&#8243;][\/vc_column][vc_column width=&#8221;1\/3&#8243;][\/vc_column][\/vc_row][vc_row full_width=&#8221;stretch_row&#8221;][vc_column][vc_column_text css=&#8221;.vc_custom_1646252881423{padding-top: 2rem !important;padding-bottom: 3rem !important;}&#8221;]Cret u Dubravici primjer je acidofilnog creta, tj. spada u skupinu prijelaznih cretova, \u0161to zna\u010di da vodu dobiva putem oborina kao i putem podzemnih voda. Podru\u010dje botani\u010dkog rezervata gotovo je jednoliko pokriveno niskom vegetacijom s mjestimice izraslim grmovima johe, krkavine, breze i vrbe. Jedno od posljednjih nalazi\u0161ta okrugolisne rosike u Hrvatskoj je cret Dubravica.<br \/>\nCret Dubravica tako\u0111er je dom razli\u010ditim vrstama biljaka od kojih su posebno zna\u010dajne tri kriti\u010dno ugro\u017eene: uskolisna suhoperka<em> (Eriophorum angustifolium)<\/em>, mo\u010dvarna bro\u0107ika <em>(Galium labradoricum)<\/em> i bijela \u0161iljkica <em>(Rynchospora alba)<\/em> te ugro\u017eene vrste gljiva: mo\u010dvarna patuljica <em>(Galerina paludosa)<\/em>, cretna patuljica <em>(Galerina tibiicystis)<\/em>, cretna vla\u017enica<em> (Hygrocybe coccineocrenata)<\/em> i suhoperkina mo\u010dvarnica <em>(Myriosclerotinia dennisii)<\/em>. Na podru\u010dju creta zabilje\u017eene su i dvije vrste vodozemaca, \u010detrdeset tri vrste leptira i sedam vrsta vretenaca, \u0161to ukazuje na va\u017enost i o\u010duvanost stani\u0161ta na tom podru\u010dju.[\/vc_column_text][\/vc_column][\/vc_row][vc_row full_width=&#8221;stretch_row&#8221; bg_type=&#8221;image&#8221; parallax_style=&#8221;vcpb-vz-jquery&#8221; bg_image_new=&#8221;id^11257|url^https:\/\/zeleni-prsten.hr\/portal\/wp-content\/uploads\/2022\/02\/Rosika-2.jpg|caption^null|alt^null|title^Rosika 2|description^null&#8221;][vc_column width=&#8221;1\/3&#8243; css=&#8221;.vc_custom_1616094504001{background-color: rgba(0,0,0,0.6) !important;*background-color: rgb(0,0,0) !important;}&#8221;][vc_custom_heading text=&#8221;Nepoznato o poznatome&#8221; font_container=&#8221;tag:h2|text_align:center|color:%23ffffff&#8221;][vc_column_text]&nbsp;<\/p>\n<p>&nbsp;<\/p>\n<p><span style=\"color: #ffffff;\">Okruglolisna rosika, mala biljka meso\u017ederka, tijekom ljeta mo\u017ee uloviti do dvije tisu\u0107e kukaca.<\/span><\/p>\n<p>&nbsp;<\/p>\n<p>&nbsp;<\/p>\n<p>&nbsp;[\/vc_column_text][\/vc_column][vc_column width=&#8221;1\/3&#8243;][\/vc_column][vc_column width=&#8221;1\/3&#8243;][\/vc_column][\/vc_row][vc_row full_width=&#8221;stretch_row&#8221;][vc_column][vc_column_text css=&#8221;.vc_custom_1645640256246{padding-top: 2rem !important;padding-bottom: 3rem !important;}&#8221;]Mala biljka meso\u017ederka, okruglolisna rosika, skriva se u cretu u op\u0107ini Dubravica. Ime rosika potje\u010de od sitnih prozirnih kapljica \u0161to ih biljka izlu\u010duje na listovima, a podsje\u0107aju na rosu. Biljka je visoka nekoliko centimetara i ima jednostavne listove poput prizemnih rozeta. S obzirom na to da iz tla biljka ne mo\u017ee dobiti sve potrebne hranjive tvari, ostatak nadokna\u0111uje hvatanjem sitnih kukaca. Tentakuli (izbo\u010dine na gornjoj povr\u0161ini listova) izlu\u010duju ljepljivu i mirisnu teku\u0107inu koja mami kukce. Kada plijen sleti na list, list se uvija kako bi ga uhvatio sa \u0161to ve\u0107im brojem tentakula. Plijen se zatim usmjerava prema sredi\u0161tu lista gdje su smje\u0161tene probavne \u017elijezde koje izlu\u010duju enzime za razgradnju kukaca. Biljka usi\u0161e sva meka tkiva, a na listu ostaje sasu\u0161en hitinski oklop.[\/vc_column_text][\/vc_column][\/vc_row][vc_row full_width=&#8221;stretch_row&#8221; bg_type=&#8221;bg_color&#8221; bg_color_value=&#8221;#ffffff&#8221;][vc_column]<div class=\"ult-spacer spacer-69e3920b409df\" data-id=\"69e3920b409df\" data-height=\"100\" data-height-mobile=\"40\" data-height-tab=\"80\" data-height-tab-portrait=\"80\" data-height-mobile-landscape=\"30\" style=\"clear:both;display:block;\"><\/div>[vc_masonry_media_grid item=&#8221;masonryMedia_BorderedScale&#8221; initial_loading_animation=&#8221;fadeIn&#8221; grid_id=&#8221;vc_gid:1646657388755-f884688f-bd65-7&#8243; include=&#8221;3909,3910,3911,3912,3913,3914,3915,3916,3917&#8243;][\/vc_column][\/vc_row][vc_row][vc_column][vc_text_separator title=&#8221;Istra\u017ei i do\u017eivi!&#8221; color=&#8221;sandy_brown&#8221; style=&#8221;double&#8221; el_width=&#8221;80&#8243; css_animation=&#8221;fadeIn&#8221;]<div class=\"ult-spacer spacer-69e3920b409eb\" data-id=\"69e3920b409eb\" data-height=\"40\" data-height-mobile=\"20\" data-height-tab=\"30\" data-height-tab-portrait=\"30\" data-height-mobile-landscape=\"20\" style=\"clear:both;display:block;\"><\/div>[vc_masonry_grid post_type=&#8221;ids&#8221; style=&#8221;lazy&#8221; items_per_page=&#8221;3&#8243; item=&#8221;masonryGrid_FadeIn&#8221; initial_loading_animation=&#8221;fadeIn&#8221; grid_id=&#8221;vc_gid:1646657388757-ffff65a4-016c-1&#8243; include=&#8221;3410&#8243;]<div class=\"ult-spacer spacer-69e3920b409f5\" data-id=\"69e3920b409f5\" data-height=\"100\" data-height-mobile=\"25\" data-height-tab=\"70\" data-height-tab-portrait=\"50\" data-height-mobile-landscape=\"30\" style=\"clear:both;display:block;\"><\/div>[\/vc_column][\/vc_row]<\/p>\n","protected":false},"excerpt":{"rendered":"<p>[vc_row full_width=&#8221;stretch_row&#8221;][vc_column][\/vc_column][\/vc_row][vc_row full_width=&#8221;stretch_row&#8221;][vc_column][vc_column_text css=&#8221;.vc_custom_1646252763685{padding-top: 2rem !important;padding-bottom: 3rem !important;}&#8221;]Podru\u010dje creta kod Dubravice s okolnom \u0161umom stavljeno je pod posebnu za\u0161titu 1966. godine na povr\u0161ini od 8,49 ha. Rezervat se nalazi u \u0161umi Dubrava ispod Lugarskog brega na lijevom obronku potoka Dubrava. [&hellip;]<\/p>\n","protected":false},"author":1,"featured_media":3446,"parent":2509,"menu_order":3,"comment_status":"closed","ping_status":"closed","template":"","meta":{"ngg_post_thumbnail":0},"yoast_head":"<!-- This site is optimized with the Yoast SEO plugin v18.4.1 - https:\/\/yoast.com\/wordpress\/plugins\/seo\/ -->\n<title>Cret Dubravica - JU Zeleni prsten Zagreba\u010dke \u017eupanije<\/title>\n<meta name=\"robots\" content=\"index, follow, max-snippet:-1, max-image-preview:large, max-video-preview:-1\" \/>\n<link rel=\"canonical\" href=\"https:\/\/zeleni-prsten.hr\/portal\/zasticena-podrucja\/cret-dubravica\/\" \/>\n<meta property=\"og:locale\" content=\"hr_HR\" \/>\n<meta property=\"og:type\" content=\"article\" \/>\n<meta property=\"og:title\" content=\"Cret Dubravica - JU Zeleni prsten Zagreba\u010dke \u017eupanije\" \/>\n<meta property=\"og:description\" content=\"[vc_row full_width=&#8221;stretch_row&#8221;][vc_column][\/vc_column][\/vc_row][vc_row full_width=&#8221;stretch_row&#8221;][vc_column][vc_column_text css=&#8221;.vc_custom_1646252763685{padding-top: 2rem !important;padding-bottom: 3rem !important;}&#8221;]Podru\u010dje creta kod Dubravice s okolnom \u0161umom stavljeno je pod posebnu za\u0161titu 1966. godine na povr\u0161ini od 8,49 ha. Rezervat se nalazi u \u0161umi Dubrava ispod Lugarskog brega na lijevom obronku potoka Dubrava. [&hellip;]\" \/>\n<meta property=\"og:url\" content=\"https:\/\/zeleni-prsten.hr\/portal\/zasticena-podrucja\/cret-dubravica\/\" \/>\n<meta property=\"og:site_name\" content=\"JU Zeleni prsten Zagreba\u010dke \u017eupanije\" \/>\n<meta property=\"article:modified_time\" content=\"2022-03-07T12:50:12+00:00\" \/>\n<meta property=\"og:image\" content=\"https:\/\/zeleni-prsten.hr\/portal\/wp-content\/uploads\/2021\/03\/Posebni-rezervat-Cret-Dubravica.jpg\" \/>\n\t<meta property=\"og:image:width\" content=\"2500\" \/>\n\t<meta property=\"og:image:height\" content=\"1667\" \/>\n\t<meta property=\"og:image:type\" content=\"image\/jpeg\" \/>\n<meta name=\"twitter:card\" content=\"summary_large_image\" \/>\n<meta name=\"twitter:label1\" content=\"Procijenjeno vrijeme \u010ditanja\" \/>\n\t<meta name=\"twitter:data1\" content=\"4 minute\" \/>\n<script type=\"application\/ld+json\" class=\"yoast-schema-graph\">{\"@context\":\"https:\/\/schema.org\",\"@graph\":[{\"@type\":\"WebSite\",\"@id\":\"https:\/\/zeleni-prsten.hr\/portal\/#website\",\"url\":\"https:\/\/zeleni-prsten.hr\/portal\/\",\"name\":\"JU Zeleni prsten Zagreba\u010dke \u017eupanije\",\"description\":\"JU Zeleni prsten Zagreba\u010dke \u017eupanije\",\"potentialAction\":[{\"@type\":\"SearchAction\",\"target\":{\"@type\":\"EntryPoint\",\"urlTemplate\":\"https:\/\/zeleni-prsten.hr\/portal\/?s={search_term_string}\"},\"query-input\":\"required name=search_term_string\"}],\"inLanguage\":\"hr\"},{\"@type\":\"ImageObject\",\"@id\":\"https:\/\/zeleni-prsten.hr\/portal\/zasticena-podrucja\/cret-dubravica\/#primaryimage\",\"inLanguage\":\"hr\",\"url\":\"https:\/\/zeleni-prsten.hr\/portal\/wp-content\/uploads\/2021\/03\/Posebni-rezervat-Cret-Dubravica.jpg\",\"contentUrl\":\"https:\/\/zeleni-prsten.hr\/portal\/wp-content\/uploads\/2021\/03\/Posebni-rezervat-Cret-Dubravica.jpg\",\"width\":2500,\"height\":1667},{\"@type\":\"WebPage\",\"@id\":\"https:\/\/zeleni-prsten.hr\/portal\/zasticena-podrucja\/cret-dubravica\/#webpage\",\"url\":\"https:\/\/zeleni-prsten.hr\/portal\/zasticena-podrucja\/cret-dubravica\/\",\"name\":\"Cret Dubravica - JU Zeleni prsten Zagreba\u010dke \u017eupanije\",\"isPartOf\":{\"@id\":\"https:\/\/zeleni-prsten.hr\/portal\/#website\"},\"primaryImageOfPage\":{\"@id\":\"https:\/\/zeleni-prsten.hr\/portal\/zasticena-podrucja\/cret-dubravica\/#primaryimage\"},\"datePublished\":\"2021-11-14T12:08:51+00:00\",\"dateModified\":\"2022-03-07T12:50:12+00:00\",\"breadcrumb\":{\"@id\":\"https:\/\/zeleni-prsten.hr\/portal\/zasticena-podrucja\/cret-dubravica\/#breadcrumb\"},\"inLanguage\":\"hr\",\"potentialAction\":[{\"@type\":\"ReadAction\",\"target\":[\"https:\/\/zeleni-prsten.hr\/portal\/zasticena-podrucja\/cret-dubravica\/\"]}]},{\"@type\":\"BreadcrumbList\",\"@id\":\"https:\/\/zeleni-prsten.hr\/portal\/zasticena-podrucja\/cret-dubravica\/#breadcrumb\",\"itemListElement\":[{\"@type\":\"ListItem\",\"position\":1,\"name\":\"Home\",\"item\":\"https:\/\/zeleni-prsten.hr\/portal\/\"},{\"@type\":\"ListItem\",\"position\":2,\"name\":\"Za\u0161ti\u0107ena podru\u010dja\",\"item\":\"https:\/\/zeleni-prsten.hr\/portal\/zasticena-podrucja\/\"},{\"@type\":\"ListItem\",\"position\":3,\"name\":\"Cret Dubravica\"}]}]}<\/script>\n<!-- \/ Yoast SEO plugin. -->","yoast_head_json":{"title":"Cret Dubravica - JU Zeleni prsten Zagreba\u010dke \u017eupanije","robots":{"index":"index","follow":"follow","max-snippet":"max-snippet:-1","max-image-preview":"max-image-preview:large","max-video-preview":"max-video-preview:-1"},"canonical":"https:\/\/zeleni-prsten.hr\/portal\/zasticena-podrucja\/cret-dubravica\/","og_locale":"hr_HR","og_type":"article","og_title":"Cret Dubravica - JU Zeleni prsten Zagreba\u010dke \u017eupanije","og_description":"[vc_row full_width=&#8221;stretch_row&#8221;][vc_column][\/vc_column][\/vc_row][vc_row full_width=&#8221;stretch_row&#8221;][vc_column][vc_column_text css=&#8221;.vc_custom_1646252763685{padding-top: 2rem !important;padding-bottom: 3rem !important;}&#8221;]Podru\u010dje creta kod Dubravice s okolnom \u0161umom stavljeno je pod posebnu za\u0161titu 1966. godine na povr\u0161ini od 8,49 ha. Rezervat se nalazi u \u0161umi Dubrava ispod Lugarskog brega na lijevom obronku potoka Dubrava. [&hellip;]","og_url":"https:\/\/zeleni-prsten.hr\/portal\/zasticena-podrucja\/cret-dubravica\/","og_site_name":"JU Zeleni prsten Zagreba\u010dke \u017eupanije","article_modified_time":"2022-03-07T12:50:12+00:00","og_image":[{"width":2500,"height":1667,"url":"https:\/\/zeleni-prsten.hr\/portal\/wp-content\/uploads\/2021\/03\/Posebni-rezervat-Cret-Dubravica.jpg","type":"image\/jpeg"}],"twitter_card":"summary_large_image","twitter_misc":{"Procijenjeno vrijeme \u010ditanja":"4 minute"},"schema":{"@context":"https:\/\/schema.org","@graph":[{"@type":"WebSite","@id":"https:\/\/zeleni-prsten.hr\/portal\/#website","url":"https:\/\/zeleni-prsten.hr\/portal\/","name":"JU Zeleni prsten Zagreba\u010dke \u017eupanije","description":"JU Zeleni prsten Zagreba\u010dke \u017eupanije","potentialAction":[{"@type":"SearchAction","target":{"@type":"EntryPoint","urlTemplate":"https:\/\/zeleni-prsten.hr\/portal\/?s={search_term_string}"},"query-input":"required name=search_term_string"}],"inLanguage":"hr"},{"@type":"ImageObject","@id":"https:\/\/zeleni-prsten.hr\/portal\/zasticena-podrucja\/cret-dubravica\/#primaryimage","inLanguage":"hr","url":"https:\/\/zeleni-prsten.hr\/portal\/wp-content\/uploads\/2021\/03\/Posebni-rezervat-Cret-Dubravica.jpg","contentUrl":"https:\/\/zeleni-prsten.hr\/portal\/wp-content\/uploads\/2021\/03\/Posebni-rezervat-Cret-Dubravica.jpg","width":2500,"height":1667},{"@type":"WebPage","@id":"https:\/\/zeleni-prsten.hr\/portal\/zasticena-podrucja\/cret-dubravica\/#webpage","url":"https:\/\/zeleni-prsten.hr\/portal\/zasticena-podrucja\/cret-dubravica\/","name":"Cret Dubravica - JU Zeleni prsten Zagreba\u010dke \u017eupanije","isPartOf":{"@id":"https:\/\/zeleni-prsten.hr\/portal\/#website"},"primaryImageOfPage":{"@id":"https:\/\/zeleni-prsten.hr\/portal\/zasticena-podrucja\/cret-dubravica\/#primaryimage"},"datePublished":"2021-11-14T12:08:51+00:00","dateModified":"2022-03-07T12:50:12+00:00","breadcrumb":{"@id":"https:\/\/zeleni-prsten.hr\/portal\/zasticena-podrucja\/cret-dubravica\/#breadcrumb"},"inLanguage":"hr","potentialAction":[{"@type":"ReadAction","target":["https:\/\/zeleni-prsten.hr\/portal\/zasticena-podrucja\/cret-dubravica\/"]}]},{"@type":"BreadcrumbList","@id":"https:\/\/zeleni-prsten.hr\/portal\/zasticena-podrucja\/cret-dubravica\/#breadcrumb","itemListElement":[{"@type":"ListItem","position":1,"name":"Home","item":"https:\/\/zeleni-prsten.hr\/portal\/"},{"@type":"ListItem","position":2,"name":"Za\u0161ti\u0107ena podru\u010dja","item":"https:\/\/zeleni-prsten.hr\/portal\/zasticena-podrucja\/"},{"@type":"ListItem","position":3,"name":"Cret Dubravica"}]}]}},"_links":{"self":[{"href":"https:\/\/zeleni-prsten.hr\/portal\/wp-json\/wp\/v2\/pages\/3908"}],"collection":[{"href":"https:\/\/zeleni-prsten.hr\/portal\/wp-json\/wp\/v2\/pages"}],"about":[{"href":"https:\/\/zeleni-prsten.hr\/portal\/wp-json\/wp\/v2\/types\/page"}],"author":[{"embeddable":true,"href":"https:\/\/zeleni-prsten.hr\/portal\/wp-json\/wp\/v2\/users\/1"}],"replies":[{"embeddable":true,"href":"https:\/\/zeleni-prsten.hr\/portal\/wp-json\/wp\/v2\/comments?post=3908"}],"version-history":[{"count":11,"href":"https:\/\/zeleni-prsten.hr\/portal\/wp-json\/wp\/v2\/pages\/3908\/revisions"}],"predecessor-version":[{"id":12065,"href":"https:\/\/zeleni-prsten.hr\/portal\/wp-json\/wp\/v2\/pages\/3908\/revisions\/12065"}],"up":[{"embeddable":true,"href":"https:\/\/zeleni-prsten.hr\/portal\/wp-json\/wp\/v2\/pages\/2509"}],"wp:featuredmedia":[{"embeddable":true,"href":"https:\/\/zeleni-prsten.hr\/portal\/wp-json\/wp\/v2\/media\/3446"}],"wp:attachment":[{"href":"https:\/\/zeleni-prsten.hr\/portal\/wp-json\/wp\/v2\/media?parent=3908"}],"curies":[{"name":"wp","href":"https:\/\/api.w.org\/{rel}","templated":true}]}}