{"id":3919,"date":"2021-11-14T13:18:25","date_gmt":"2021-11-14T12:18:25","guid":{"rendered":"https:\/\/zeleni-prsten.hr\/portal\/?page_id=3919"},"modified":"2022-03-07T13:50:21","modified_gmt":"2022-03-07T12:50:21","slug":"crna-mlaka","status":"publish","type":"page","link":"https:\/\/zeleni-prsten.hr\/portal\/zasticena-podrucja\/crna-mlaka\/","title":{"rendered":"Crna Mlaka"},"content":{"rendered":"<p>[vc_row full_width=&#8221;stretch_row&#8221;][vc_column]<div class=\"ult-spacer spacer-6a06ea67c8dc8\" data-id=\"6a06ea67c8dc8\" data-height=\"75\" data-height-mobile=\"30\" data-height-tab=\"50\" data-height-tab-portrait=\"50\" data-height-mobile-landscape=\"20\" style=\"clear:both;display:block;\"><\/div>[\/vc_column][\/vc_row][vc_row full_width=&#8221;stretch_row&#8221;][vc_column][vc_column_text css=&#8221;.vc_custom_1646262911626{padding-top: 2rem !important;padding-bottom: 3rem !important;}&#8221;]Okru\u017eena rasko\u0161nom \u0161umom te obrasla trskom i vodenim biljem Crna mlaka predstavlja raj za ptice na 640 ha. Najzanimljivija je u vrijeme jesenske selidbe ptica kada se mo\u017ee vidjeti i vi\u0161e od 20 000 ptica, koje na ovo podru\u010dje dolaze kako bi se odmorile ili prehranile na svom putu dalje prema jugu.<\/p>\n<p>Crna mlaka ima izuzetno bogatu i raznoliku ornitofaunu. Ornitolozi su zabilje\u017eili vi\u0161e od 200 vrsta ptica \u0161to je impozantan broj s obzirom na to da ih je u Hrvatskoj zabilje\u017eeno oko 400. Brojne su gnjezdarice: gnjurci, patke, liske, \u010digre, koko\u0161ice, kao i mnoge pjevice koje grade gnijezda u trsci i grmlju. Crne rode, crne lunje, \u0161tekavci, \u0161kanjci i druge grabljivice gnijezde se u okolnim \u0161umama, a hrane na ribnjacima povezuju\u0107i tako ova dva ekosustava. Na ribnjacima, tijekom selidbe, borave ve\u0107a ili manja jata pataka, gusaka i \u0107urlina. Osobito su zna\u010dajne patke njorke.[\/vc_column_text][\/vc_column][\/vc_row][vc_row full_width=&#8221;stretch_row&#8221; bg_type=&#8221;image&#8221; parallax_style=&#8221;vcpb-vz-jquery&#8221; bg_image_new=&#8221;id^3931|url^https:\/\/zeleni-prsten.hr\/portal\/wp-content\/uploads\/2021\/11\/Crna-Mlaka-G.-Safarek-3.jpg|caption^null|alt^null|title^Crna Mlaka-G. \u0160afarek (3)|description^null&#8221;][vc_column width=&#8221;1\/3&#8243; css=&#8221;.vc_custom_1616094504001{background-color: rgba(0,0,0,0.6) !important;*background-color: rgb(0,0,0) !important;}&#8221;][vc_custom_heading text=&#8221;Jeste li znali?&#8221; font_container=&#8221;tag:h2|text_align:center|color:%23ffffff&#8221;][vc_column_text]&nbsp;<\/p>\n<p><span style=\"color: #ffffff;\">Ribnjaci Crna mlaka jedno su od najva\u017enijih odmarali\u0161ta patki njorki u Europi, tijekom jeseni tamo obitava \u010dak do 6000 jedinki. Patke njorke me\u0111u najugro\u017eenijim su vrstama pataka u Hrvatskoj i brojnost im opada u cijeloj Europi. Prepoznatljive su po kestenjastosme\u0111em perju, le\u0111a su im crna, a u letu ih se mo\u017ee prepoznati po bijelom perju na trbuhu, s donje strane krila i na repu. Kao i druge patke ronilice, po dnu skupljaju bilje, beskralje\u017enjake, ribe i katkad vodozemce.<\/span><\/p>\n<p>&nbsp;<\/p>\n<p>&nbsp;[\/vc_column_text][\/vc_column][vc_column width=&#8221;1\/3&#8243;][\/vc_column][vc_column width=&#8221;1\/3&#8243;][\/vc_column][\/vc_row][vc_row full_width=&#8221;stretch_row&#8221;][vc_column][vc_column_text css=&#8221;.vc_custom_1646264023400{padding-top: 2rem !important;padding-bottom: 3rem !important;}&#8221;]Budu\u0107i da prirodna mo\u010dvarna podru\u010dja nestaju zbog isu\u0161ivanja ili regulacija rijeka, \u0161aranski ribnjaci poput Crne mlake vrlo su va\u017eni. Imaju neizmjernu ekolo\u0161ku va\u017enost, te imaju nezamjenjivu ulogu za europske ptice selice koje putuju podru\u010djem isto\u010dnog Jadrana.<\/p>\n<p>Crna mlaka progla\u0161ena je 1980. godine posebnim ornitolo\u0161kim rezervatom, a 1993. godine uvr\u0161tena je na popis Ramsarske konvencije &#8211; podru\u010dja koja imaju status mo\u010dvare od me\u0111unarodne va\u017enosti! Rezervat se nalazi u jugozapadnom dijelu Zagreba\u010dke \u017eupanije, u sredi\u0161njem dijelu mo\u010dvarno-\u0161umskog podru\u010dja doline rijeke Kupe, na podru\u010dju grada Jastrebarskog.[\/vc_column_text][\/vc_column][\/vc_row][vc_row full_width=&#8221;stretch_row&#8221;][vc_column width=&#8221;1\/2&#8243;][vc_single_image image=&#8221;10976&#8243; img_size=&#8221;large&#8221;][vc_column_text]Osim ptica, ribnjaci Crne mlake dom su i mnogih drugih \u017eivotinja, tu obitavaju dabar, lisica, divlja ma\u010dka, kuna, srnda\u0107, patuljasti mi\u0161, vodena rovka, bjelou\u0161ka, barska kornja\u010da, zelena \u017eaba, gatalinka te razli\u010dite vrste beskralje\u0161njaka. Crna mlaka predstavlja bogato stani\u0161te jednog od najrje\u0111ih sisavaca ovih podru\u010dja &#8211; vidre.[\/vc_column_text][\/vc_column][vc_column width=&#8221;1\/2&#8243;][vc_single_image image=&#8221;11681&#8243; img_size=&#8221;large&#8221;][vc_column_text]\u0160umski ekosustavi, koji okru\u017euju ribnjake Crna mlaka, pripadaju trima zajednicama: poplavnim \u0161umama hrasta lu\u017enjaka, \u0161umama crne johe i \u0161umama hrasta lu\u017enjaka te obi\u010dnoga graba. Mo\u010dvarne povr\u0161ine i periferni dijelovi ribnjaka obrasli su vrbom rakitom, trskom, rogozom i sitom, a vodene povr\u0161ine prekrivaju lopo\u010d, lokvanj i ora\u0161ac.[\/vc_column_text][\/vc_column][\/vc_row][vc_row full_width=&#8221;stretch_row&#8221; css=&#8221;.vc_custom_1636891230821{background-color: #ffffff !important;}&#8221;][vc_column][vc_column_text]U sklopu ornitolo\u0161kog rezervata Crne Mlake nalaze se i istoimeni ribnjaci. Izgradnja ribnjaka zapo\u010deta 1906. godine i trajala je do 1918. godine. Ribnjaci kao i cijela Crna mlaka pri\u010daju zanimljive pri\u010de. Prvi ribnjak nazvan je Adam, a drugi Eva. Ribnjak Bajtah nosi ime po in\u017eenjeru koji je vodio poslove, Cigletaj je naziv ribnjaka gdje se kopala glina za proizvodnju cigli. Dio ribnjaka nosi nazive prema povr\u0161ini, broju jutara. Najve\u0107i ribnjak se zove 400. Kao velika pomo\u0107 pri uzgoju ribe u Crnoj mlaki osnovana je pokusna stanica za ribnja\u010darstvo 1922. godine. Njezina zada\u0107a je bila istra\u017eivanje fizikalnih, kemijskih i hidrobiolo\u0161kih svojstava vode te provo\u0111enje pokusa sa svrhom postizanja ve\u0107e proizvodnje.<\/p>\n<p>U prostoru rezervata Crna mlaka isti\u010de se dvorac Zwilling, odnosno \u201eRibograd\u201c. U razdoblju od 1914. do 1920. izgra\u0111en je kompleks vile, perivoja i popratnih zgrada po nacrtima arhitekta Julija Deutscha u stilu kasne secesije art decoa.<\/p>\n<p><strong>Posebni ornitolo\u0161ki rezervat Crna mlaka zatvoren je za turisti\u010dke posjete.<\/strong>[\/vc_column_text]<div class=\"ult-spacer spacer-6a06ea67c8de4\" data-id=\"6a06ea67c8de4\" data-height=\"50\" data-height-mobile=\"20\" data-height-tab=\"40\" data-height-tab-portrait=\"40\" data-height-mobile-landscape=\"25\" style=\"clear:both;display:block;\"><\/div>[\/vc_column][\/vc_row][vc_row full_width=&#8221;stretch_row&#8221; bg_type=&#8221;bg_color&#8221; bg_color_value=&#8221;#ffffff&#8221;][vc_column][vc_masonry_media_grid item=&#8221;masonryMedia_BorderedScale&#8221; initial_loading_animation=&#8221;fadeIn&#8221; grid_id=&#8221;vc_gid:1646657388872-e6322467-558d-1&#8243; include=&#8221;3931,3932,11667,11427,11682,11681,10976,11680,3927,3924,3929,11678,11679,4279,10975,4249&#8243;][\/vc_column][\/vc_row][vc_row][vc_column][vc_text_separator title=&#8221;Istra\u017ei i do\u017eivi!&#8221; color=&#8221;sandy_brown&#8221; style=&#8221;double&#8221; el_width=&#8221;80&#8243; css_animation=&#8221;fadeIn&#8221;]<div class=\"ult-spacer spacer-6a06ea67c8df2\" data-id=\"6a06ea67c8df2\" data-height=\"40\" data-height-mobile=\"20\" data-height-tab=\"30\" data-height-tab-portrait=\"30\" data-height-mobile-landscape=\"20\" style=\"clear:both;display:block;\"><\/div>[vc_masonry_grid post_type=&#8221;ids&#8221; style=&#8221;lazy&#8221; items_per_page=&#8221;2&#8243; element_width=&#8221;6&#8243; item=&#8221;masonryGrid_FadeIn&#8221; initial_loading_animation=&#8221;fadeIn&#8221; grid_id=&#8221;vc_gid:1646657388874-a8fe117b-1454-0&#8243; include=&#8221;3997, 3944&#8243;]<div class=\"ult-spacer spacer-6a06ea67c8dfd\" data-id=\"6a06ea67c8dfd\" data-height=\"100\" data-height-mobile=\"25\" data-height-tab=\"70\" data-height-tab-portrait=\"50\" data-height-mobile-landscape=\"30\" style=\"clear:both;display:block;\"><\/div>[\/vc_column][\/vc_row]<\/p>\n","protected":false},"excerpt":{"rendered":"<p>[vc_row full_width=&#8221;stretch_row&#8221;][vc_column][\/vc_column][\/vc_row][vc_row full_width=&#8221;stretch_row&#8221;][vc_column][vc_column_text css=&#8221;.vc_custom_1646262911626{padding-top: 2rem !important;padding-bottom: 3rem !important;}&#8221;]Okru\u017eena rasko\u0161nom \u0161umom te obrasla trskom i vodenim biljem Crna mlaka predstavlja raj za ptice na 640 ha. Najzanimljivija je u vrijeme jesenske selidbe ptica kada se mo\u017ee vidjeti i vi\u0161e od 20 [&hellip;]<\/p>\n","protected":false},"author":1,"featured_media":3447,"parent":2509,"menu_order":4,"comment_status":"closed","ping_status":"closed","template":"","meta":{"ngg_post_thumbnail":0},"yoast_head":"<!-- This site is optimized with the Yoast SEO plugin v18.4.1 - https:\/\/yoast.com\/wordpress\/plugins\/seo\/ -->\n<title>Crna Mlaka - JU Zeleni prsten Zagreba\u010dke \u017eupanije<\/title>\n<meta name=\"robots\" content=\"index, follow, max-snippet:-1, max-image-preview:large, max-video-preview:-1\" \/>\n<link rel=\"canonical\" href=\"https:\/\/zeleni-prsten.hr\/portal\/zasticena-podrucja\/crna-mlaka\/\" \/>\n<meta property=\"og:locale\" content=\"hr_HR\" \/>\n<meta property=\"og:type\" content=\"article\" \/>\n<meta property=\"og:title\" content=\"Crna Mlaka - JU Zeleni prsten Zagreba\u010dke \u017eupanije\" \/>\n<meta property=\"og:description\" content=\"[vc_row full_width=&#8221;stretch_row&#8221;][vc_column][\/vc_column][\/vc_row][vc_row full_width=&#8221;stretch_row&#8221;][vc_column][vc_column_text css=&#8221;.vc_custom_1646262911626{padding-top: 2rem !important;padding-bottom: 3rem !important;}&#8221;]Okru\u017eena rasko\u0161nom \u0161umom te obrasla trskom i vodenim biljem Crna mlaka predstavlja raj za ptice na 640 ha. Najzanimljivija je u vrijeme jesenske selidbe ptica kada se mo\u017ee vidjeti i vi\u0161e od 20 [&hellip;]\" \/>\n<meta property=\"og:url\" content=\"https:\/\/zeleni-prsten.hr\/portal\/zasticena-podrucja\/crna-mlaka\/\" \/>\n<meta property=\"og:site_name\" content=\"JU Zeleni prsten Zagreba\u010dke \u017eupanije\" \/>\n<meta property=\"article:modified_time\" content=\"2022-03-07T12:50:21+00:00\" \/>\n<meta property=\"og:image\" content=\"https:\/\/zeleni-prsten.hr\/portal\/wp-content\/uploads\/2021\/03\/Posebni-rezervat-Crna-Mlaka-1024x683.jpg\" \/>\n\t<meta property=\"og:image:width\" content=\"1024\" \/>\n\t<meta property=\"og:image:height\" content=\"683\" \/>\n\t<meta property=\"og:image:type\" content=\"image\/jpeg\" \/>\n<meta name=\"twitter:card\" content=\"summary_large_image\" \/>\n<meta name=\"twitter:label1\" content=\"Procijenjeno vrijeme \u010ditanja\" \/>\n\t<meta name=\"twitter:data1\" content=\"5 minuta\" \/>\n<script type=\"application\/ld+json\" class=\"yoast-schema-graph\">{\"@context\":\"https:\/\/schema.org\",\"@graph\":[{\"@type\":\"WebSite\",\"@id\":\"https:\/\/zeleni-prsten.hr\/portal\/#website\",\"url\":\"https:\/\/zeleni-prsten.hr\/portal\/\",\"name\":\"JU Zeleni prsten Zagreba\u010dke \u017eupanije\",\"description\":\"JU Zeleni prsten Zagreba\u010dke \u017eupanije\",\"potentialAction\":[{\"@type\":\"SearchAction\",\"target\":{\"@type\":\"EntryPoint\",\"urlTemplate\":\"https:\/\/zeleni-prsten.hr\/portal\/?s={search_term_string}\"},\"query-input\":\"required name=search_term_string\"}],\"inLanguage\":\"hr\"},{\"@type\":\"ImageObject\",\"@id\":\"https:\/\/zeleni-prsten.hr\/portal\/zasticena-podrucja\/crna-mlaka\/#primaryimage\",\"inLanguage\":\"hr\",\"url\":\"https:\/\/zeleni-prsten.hr\/portal\/wp-content\/uploads\/2021\/03\/Posebni-rezervat-Crna-Mlaka.jpg\",\"contentUrl\":\"https:\/\/zeleni-prsten.hr\/portal\/wp-content\/uploads\/2021\/03\/Posebni-rezervat-Crna-Mlaka.jpg\",\"width\":2048,\"height\":1365},{\"@type\":\"WebPage\",\"@id\":\"https:\/\/zeleni-prsten.hr\/portal\/zasticena-podrucja\/crna-mlaka\/#webpage\",\"url\":\"https:\/\/zeleni-prsten.hr\/portal\/zasticena-podrucja\/crna-mlaka\/\",\"name\":\"Crna Mlaka - JU Zeleni prsten Zagreba\u010dke \u017eupanije\",\"isPartOf\":{\"@id\":\"https:\/\/zeleni-prsten.hr\/portal\/#website\"},\"primaryImageOfPage\":{\"@id\":\"https:\/\/zeleni-prsten.hr\/portal\/zasticena-podrucja\/crna-mlaka\/#primaryimage\"},\"datePublished\":\"2021-11-14T12:18:25+00:00\",\"dateModified\":\"2022-03-07T12:50:21+00:00\",\"breadcrumb\":{\"@id\":\"https:\/\/zeleni-prsten.hr\/portal\/zasticena-podrucja\/crna-mlaka\/#breadcrumb\"},\"inLanguage\":\"hr\",\"potentialAction\":[{\"@type\":\"ReadAction\",\"target\":[\"https:\/\/zeleni-prsten.hr\/portal\/zasticena-podrucja\/crna-mlaka\/\"]}]},{\"@type\":\"BreadcrumbList\",\"@id\":\"https:\/\/zeleni-prsten.hr\/portal\/zasticena-podrucja\/crna-mlaka\/#breadcrumb\",\"itemListElement\":[{\"@type\":\"ListItem\",\"position\":1,\"name\":\"Home\",\"item\":\"https:\/\/zeleni-prsten.hr\/portal\/\"},{\"@type\":\"ListItem\",\"position\":2,\"name\":\"Za\u0161ti\u0107ena podru\u010dja\",\"item\":\"https:\/\/zeleni-prsten.hr\/portal\/zasticena-podrucja\/\"},{\"@type\":\"ListItem\",\"position\":3,\"name\":\"Crna Mlaka\"}]}]}<\/script>\n<!-- \/ Yoast SEO plugin. -->","yoast_head_json":{"title":"Crna Mlaka - JU Zeleni prsten Zagreba\u010dke \u017eupanije","robots":{"index":"index","follow":"follow","max-snippet":"max-snippet:-1","max-image-preview":"max-image-preview:large","max-video-preview":"max-video-preview:-1"},"canonical":"https:\/\/zeleni-prsten.hr\/portal\/zasticena-podrucja\/crna-mlaka\/","og_locale":"hr_HR","og_type":"article","og_title":"Crna Mlaka - JU Zeleni prsten Zagreba\u010dke \u017eupanije","og_description":"[vc_row full_width=&#8221;stretch_row&#8221;][vc_column][\/vc_column][\/vc_row][vc_row full_width=&#8221;stretch_row&#8221;][vc_column][vc_column_text css=&#8221;.vc_custom_1646262911626{padding-top: 2rem !important;padding-bottom: 3rem !important;}&#8221;]Okru\u017eena rasko\u0161nom \u0161umom te obrasla trskom i vodenim biljem Crna mlaka predstavlja raj za ptice na 640 ha. Najzanimljivija je u vrijeme jesenske selidbe ptica kada se mo\u017ee vidjeti i vi\u0161e od 20 [&hellip;]","og_url":"https:\/\/zeleni-prsten.hr\/portal\/zasticena-podrucja\/crna-mlaka\/","og_site_name":"JU Zeleni prsten Zagreba\u010dke \u017eupanije","article_modified_time":"2022-03-07T12:50:21+00:00","og_image":[{"width":1024,"height":683,"url":"https:\/\/zeleni-prsten.hr\/portal\/wp-content\/uploads\/2021\/03\/Posebni-rezervat-Crna-Mlaka-1024x683.jpg","type":"image\/jpeg"}],"twitter_card":"summary_large_image","twitter_misc":{"Procijenjeno vrijeme \u010ditanja":"5 minuta"},"schema":{"@context":"https:\/\/schema.org","@graph":[{"@type":"WebSite","@id":"https:\/\/zeleni-prsten.hr\/portal\/#website","url":"https:\/\/zeleni-prsten.hr\/portal\/","name":"JU Zeleni prsten Zagreba\u010dke \u017eupanije","description":"JU Zeleni prsten Zagreba\u010dke \u017eupanije","potentialAction":[{"@type":"SearchAction","target":{"@type":"EntryPoint","urlTemplate":"https:\/\/zeleni-prsten.hr\/portal\/?s={search_term_string}"},"query-input":"required name=search_term_string"}],"inLanguage":"hr"},{"@type":"ImageObject","@id":"https:\/\/zeleni-prsten.hr\/portal\/zasticena-podrucja\/crna-mlaka\/#primaryimage","inLanguage":"hr","url":"https:\/\/zeleni-prsten.hr\/portal\/wp-content\/uploads\/2021\/03\/Posebni-rezervat-Crna-Mlaka.jpg","contentUrl":"https:\/\/zeleni-prsten.hr\/portal\/wp-content\/uploads\/2021\/03\/Posebni-rezervat-Crna-Mlaka.jpg","width":2048,"height":1365},{"@type":"WebPage","@id":"https:\/\/zeleni-prsten.hr\/portal\/zasticena-podrucja\/crna-mlaka\/#webpage","url":"https:\/\/zeleni-prsten.hr\/portal\/zasticena-podrucja\/crna-mlaka\/","name":"Crna Mlaka - JU Zeleni prsten Zagreba\u010dke \u017eupanije","isPartOf":{"@id":"https:\/\/zeleni-prsten.hr\/portal\/#website"},"primaryImageOfPage":{"@id":"https:\/\/zeleni-prsten.hr\/portal\/zasticena-podrucja\/crna-mlaka\/#primaryimage"},"datePublished":"2021-11-14T12:18:25+00:00","dateModified":"2022-03-07T12:50:21+00:00","breadcrumb":{"@id":"https:\/\/zeleni-prsten.hr\/portal\/zasticena-podrucja\/crna-mlaka\/#breadcrumb"},"inLanguage":"hr","potentialAction":[{"@type":"ReadAction","target":["https:\/\/zeleni-prsten.hr\/portal\/zasticena-podrucja\/crna-mlaka\/"]}]},{"@type":"BreadcrumbList","@id":"https:\/\/zeleni-prsten.hr\/portal\/zasticena-podrucja\/crna-mlaka\/#breadcrumb","itemListElement":[{"@type":"ListItem","position":1,"name":"Home","item":"https:\/\/zeleni-prsten.hr\/portal\/"},{"@type":"ListItem","position":2,"name":"Za\u0161ti\u0107ena podru\u010dja","item":"https:\/\/zeleni-prsten.hr\/portal\/zasticena-podrucja\/"},{"@type":"ListItem","position":3,"name":"Crna Mlaka"}]}]}},"_links":{"self":[{"href":"https:\/\/zeleni-prsten.hr\/portal\/wp-json\/wp\/v2\/pages\/3919"}],"collection":[{"href":"https:\/\/zeleni-prsten.hr\/portal\/wp-json\/wp\/v2\/pages"}],"about":[{"href":"https:\/\/zeleni-prsten.hr\/portal\/wp-json\/wp\/v2\/types\/page"}],"author":[{"embeddable":true,"href":"https:\/\/zeleni-prsten.hr\/portal\/wp-json\/wp\/v2\/users\/1"}],"replies":[{"embeddable":true,"href":"https:\/\/zeleni-prsten.hr\/portal\/wp-json\/wp\/v2\/comments?post=3919"}],"version-history":[{"count":10,"href":"https:\/\/zeleni-prsten.hr\/portal\/wp-json\/wp\/v2\/pages\/3919\/revisions"}],"predecessor-version":[{"id":12066,"href":"https:\/\/zeleni-prsten.hr\/portal\/wp-json\/wp\/v2\/pages\/3919\/revisions\/12066"}],"up":[{"embeddable":true,"href":"https:\/\/zeleni-prsten.hr\/portal\/wp-json\/wp\/v2\/pages\/2509"}],"wp:featuredmedia":[{"embeddable":true,"href":"https:\/\/zeleni-prsten.hr\/portal\/wp-json\/wp\/v2\/media\/3447"}],"wp:attachment":[{"href":"https:\/\/zeleni-prsten.hr\/portal\/wp-json\/wp\/v2\/media?parent=3919"}],"curies":[{"name":"wp","href":"https:\/\/api.w.org\/{rel}","templated":true}]}}