{"id":4007,"date":"2021-11-14T14:03:59","date_gmt":"2021-11-14T13:03:59","guid":{"rendered":"https:\/\/zeleni-prsten.hr\/portal\/?page_id=4007"},"modified":"2022-03-07T13:52:43","modified_gmt":"2022-03-07T12:52:43","slug":"lug-samoborski-park-oko-dvorca","status":"publish","type":"page","link":"https:\/\/zeleni-prsten.hr\/portal\/zasticena-podrucja\/lug-samoborski-park-oko-dvorca\/","title":{"rendered":"Lug Samoborski &#8211; park oko dvorca"},"content":{"rendered":"<p>[vc_row full_width=&#8221;stretch_row&#8221;][vc_column]<div class=\"ult-spacer spacer-69e4d426cc74a\" data-id=\"69e4d426cc74a\" data-height=\"75\" data-height-mobile=\"30\" data-height-tab=\"50\" data-height-tab-portrait=\"50\" data-height-mobile-landscape=\"20\" style=\"clear:both;display:block;\"><\/div>[\/vc_column][\/vc_row][vc_row full_width=&#8221;stretch_row&#8221;][vc_column][vc_column_text css=&#8221;.vc_custom_1645792797808{padding-top: 2rem !important;padding-bottom: 3rem !important;}&#8221;]Park u Lugu za\u0161ti\u0107en je 1964. godine, a povr\u0161ine je 6,46 ha. Podignut je oko historicisti\u010dkog dvorca \u201eBalagovi dvori\u201d sa stilskim elementima baroka. U pro\u0161losti je bio u vlasni\u0161tvu plemi\u0107kih obitelji Dra\u0161kovi\u0107, Erd\u00f6dy, Kulmer i Kiepach. Dvorac i park dobili su svoj dana\u0161nji izgled 1830. godine te je ovo najve\u0107i perivoj uz dvorac na samoborskom podru\u010dju.<br \/>\nPark je podignut na prirodnom stani\u0161tu \u0161ume hrasta lu\u017enjaka, graba i bukve od kojih su se o\u010duvale manje skupine. U samom parku nalazi se ve\u0107i broj egzoti\u010dnog bjelogori\u010dnog i crnogori\u010dnog drve\u0107a, od kojih je vrijedno spomenuti platane, divlji kesten, mo\u010dvarni \u010dempres, ameri\u010dki borovac, ari\u0161 i gigantsku tuju. Od doma\u0107ih vrsta osobito se isti\u010de impozantni stoljetni hrast lu\u017enjak te skupina bukve, graba i divlji kesten. Najstariji primjerci drve\u0107a u parku su stara platana (opsega oko 3 m) te hrast lu\u017enjak (opsega oko 4,5 m), zasa\u0111eni oko 1880. godine.[\/vc_column_text][\/vc_column][\/vc_row][vc_row full_width=&#8221;stretch_row&#8221; css=&#8221;.vc_custom_1636891230821{background-color: #ffffff !important;}&#8221;][vc_column][vc_custom_heading text=&#8221;Jeste li znali?&#8221;][vc_column_text]Park je oblikovan u slobodnom engleskom stilu s malim jezerom i oto\u010di\u0107em u sredini te je jedini tog tipa u gradu Samoboru.[\/vc_column_text]<div class=\"ult-spacer spacer-69e4d426cc79a\" data-id=\"69e4d426cc79a\" data-height=\"100\" data-height-mobile=\"25\" data-height-tab=\"70\" data-height-tab-portrait=\"50\" data-height-mobile-landscape=\"30\" style=\"clear:both;display:block;\"><\/div>[\/vc_column][\/vc_row][vc_row full_width=&#8221;stretch_row&#8221; bg_type=&#8221;bg_color&#8221; bg_color_value=&#8221;#ffffff&#8221;][vc_column][vc_masonry_media_grid item=&#8221;masonryMedia_BorderedScale&#8221; initial_loading_animation=&#8221;fadeIn&#8221; grid_id=&#8221;vc_gid:1646657535428-0a5b0760-34ef-7&#8243; include=&#8221;4008,4009,4010,4011,4012,4013&#8243;][\/vc_column][\/vc_row][vc_row][vc_column][vc_text_separator title=&#8221;Istra\u017ei i do\u017eivi!&#8221; color=&#8221;sandy_brown&#8221; style=&#8221;double&#8221; el_width=&#8221;80&#8243; css_animation=&#8221;fadeIn&#8221;]<div class=\"ult-spacer spacer-69e4d426cc7c8\" data-id=\"69e4d426cc7c8\" data-height=\"40\" data-height-mobile=\"20\" data-height-tab=\"30\" data-height-tab-portrait=\"30\" data-height-mobile-landscape=\"20\" style=\"clear:both;display:block;\"><\/div>[vc_masonry_grid post_type=&#8221;ids&#8221; style=&#8221;lazy&#8221; items_per_page=&#8221;2&#8243; element_width=&#8221;6&#8243; item=&#8221;masonryGrid_FadeIn&#8221; initial_loading_animation=&#8221;fadeIn&#8221; grid_id=&#8221;vc_gid:1646657535430-f10ef233-0f07-9&#8243; include=&#8221;4050, 3410&#8243;]<div class=\"ult-spacer spacer-69e4d426cc7ed\" data-id=\"69e4d426cc7ed\" data-height=\"100\" data-height-mobile=\"25\" data-height-tab=\"70\" data-height-tab-portrait=\"50\" data-height-mobile-landscape=\"30\" style=\"clear:both;display:block;\"><\/div>[\/vc_column][\/vc_row]<\/p>\n","protected":false},"excerpt":{"rendered":"<p>[vc_row full_width=&#8221;stretch_row&#8221;][vc_column][\/vc_column][\/vc_row][vc_row full_width=&#8221;stretch_row&#8221;][vc_column][vc_column_text css=&#8221;.vc_custom_1645792797808{padding-top: 2rem !important;padding-bottom: 3rem !important;}&#8221;]Park u Lugu za\u0161ti\u0107en je 1964. godine, a povr\u0161ine je 6,46 ha. Podignut je oko historicisti\u010dkog dvorca \u201eBalagovi dvori\u201d sa stilskim elementima baroka. U pro\u0161losti je bio u vlasni\u0161tvu plemi\u0107kih obitelji Dra\u0161kovi\u0107, Erd\u00f6dy, [&hellip;]<\/p>\n","protected":false},"author":1,"featured_media":3453,"parent":2509,"menu_order":13,"comment_status":"closed","ping_status":"closed","template":"","meta":{"ngg_post_thumbnail":0},"yoast_head":"<!-- This site is optimized with the Yoast SEO plugin v18.4.1 - https:\/\/yoast.com\/wordpress\/plugins\/seo\/ -->\n<title>Lug Samoborski - park oko dvorca - JU Zeleni prsten Zagreba\u010dke \u017eupanije<\/title>\n<meta name=\"robots\" content=\"index, follow, max-snippet:-1, max-image-preview:large, max-video-preview:-1\" \/>\n<link rel=\"canonical\" href=\"https:\/\/zeleni-prsten.hr\/portal\/zasticena-podrucja\/lug-samoborski-park-oko-dvorca\/\" \/>\n<meta property=\"og:locale\" content=\"hr_HR\" \/>\n<meta property=\"og:type\" content=\"article\" \/>\n<meta property=\"og:title\" content=\"Lug Samoborski - park oko dvorca - JU Zeleni prsten Zagreba\u010dke \u017eupanije\" \/>\n<meta property=\"og:description\" content=\"[vc_row full_width=&#8221;stretch_row&#8221;][vc_column][\/vc_column][\/vc_row][vc_row full_width=&#8221;stretch_row&#8221;][vc_column][vc_column_text css=&#8221;.vc_custom_1645792797808{padding-top: 2rem !important;padding-bottom: 3rem !important;}&#8221;]Park u Lugu za\u0161ti\u0107en je 1964. godine, a povr\u0161ine je 6,46 ha. Podignut je oko historicisti\u010dkog dvorca \u201eBalagovi dvori\u201d sa stilskim elementima baroka. U pro\u0161losti je bio u vlasni\u0161tvu plemi\u0107kih obitelji Dra\u0161kovi\u0107, Erd\u00f6dy, [&hellip;]\" \/>\n<meta property=\"og:url\" content=\"https:\/\/zeleni-prsten.hr\/portal\/zasticena-podrucja\/lug-samoborski-park-oko-dvorca\/\" \/>\n<meta property=\"og:site_name\" content=\"JU Zeleni prsten Zagreba\u010dke \u017eupanije\" \/>\n<meta property=\"article:modified_time\" content=\"2022-03-07T12:52:43+00:00\" \/>\n<meta property=\"og:image\" content=\"https:\/\/zeleni-prsten.hr\/portal\/wp-content\/uploads\/2021\/03\/Spomenik-parkovne-arhitekture-Lug-Samoborski-park-oko-dvorca.jpg\" \/>\n\t<meta property=\"og:image:width\" content=\"2500\" \/>\n\t<meta property=\"og:image:height\" content=\"1674\" \/>\n\t<meta property=\"og:image:type\" content=\"image\/jpeg\" \/>\n<meta name=\"twitter:card\" content=\"summary_large_image\" \/>\n<meta name=\"twitter:label1\" content=\"Procijenjeno vrijeme \u010ditanja\" \/>\n\t<meta name=\"twitter:data1\" content=\"2 minute\" \/>\n<script type=\"application\/ld+json\" class=\"yoast-schema-graph\">{\"@context\":\"https:\/\/schema.org\",\"@graph\":[{\"@type\":\"WebSite\",\"@id\":\"https:\/\/zeleni-prsten.hr\/portal\/#website\",\"url\":\"https:\/\/zeleni-prsten.hr\/portal\/\",\"name\":\"JU Zeleni prsten Zagreba\u010dke \u017eupanije\",\"description\":\"JU Zeleni prsten Zagreba\u010dke \u017eupanije\",\"potentialAction\":[{\"@type\":\"SearchAction\",\"target\":{\"@type\":\"EntryPoint\",\"urlTemplate\":\"https:\/\/zeleni-prsten.hr\/portal\/?s={search_term_string}\"},\"query-input\":\"required name=search_term_string\"}],\"inLanguage\":\"hr\"},{\"@type\":\"ImageObject\",\"@id\":\"https:\/\/zeleni-prsten.hr\/portal\/zasticena-podrucja\/lug-samoborski-park-oko-dvorca\/#primaryimage\",\"inLanguage\":\"hr\",\"url\":\"https:\/\/zeleni-prsten.hr\/portal\/wp-content\/uploads\/2021\/03\/Spomenik-parkovne-arhitekture-Lug-Samoborski-park-oko-dvorca.jpg\",\"contentUrl\":\"https:\/\/zeleni-prsten.hr\/portal\/wp-content\/uploads\/2021\/03\/Spomenik-parkovne-arhitekture-Lug-Samoborski-park-oko-dvorca.jpg\",\"width\":2500,\"height\":1674,\"caption\":\"SONY DSC\"},{\"@type\":\"WebPage\",\"@id\":\"https:\/\/zeleni-prsten.hr\/portal\/zasticena-podrucja\/lug-samoborski-park-oko-dvorca\/#webpage\",\"url\":\"https:\/\/zeleni-prsten.hr\/portal\/zasticena-podrucja\/lug-samoborski-park-oko-dvorca\/\",\"name\":\"Lug Samoborski - park oko dvorca - JU Zeleni prsten Zagreba\u010dke \u017eupanije\",\"isPartOf\":{\"@id\":\"https:\/\/zeleni-prsten.hr\/portal\/#website\"},\"primaryImageOfPage\":{\"@id\":\"https:\/\/zeleni-prsten.hr\/portal\/zasticena-podrucja\/lug-samoborski-park-oko-dvorca\/#primaryimage\"},\"datePublished\":\"2021-11-14T13:03:59+00:00\",\"dateModified\":\"2022-03-07T12:52:43+00:00\",\"breadcrumb\":{\"@id\":\"https:\/\/zeleni-prsten.hr\/portal\/zasticena-podrucja\/lug-samoborski-park-oko-dvorca\/#breadcrumb\"},\"inLanguage\":\"hr\",\"potentialAction\":[{\"@type\":\"ReadAction\",\"target\":[\"https:\/\/zeleni-prsten.hr\/portal\/zasticena-podrucja\/lug-samoborski-park-oko-dvorca\/\"]}]},{\"@type\":\"BreadcrumbList\",\"@id\":\"https:\/\/zeleni-prsten.hr\/portal\/zasticena-podrucja\/lug-samoborski-park-oko-dvorca\/#breadcrumb\",\"itemListElement\":[{\"@type\":\"ListItem\",\"position\":1,\"name\":\"Home\",\"item\":\"https:\/\/zeleni-prsten.hr\/portal\/\"},{\"@type\":\"ListItem\",\"position\":2,\"name\":\"Za\u0161ti\u0107ena podru\u010dja\",\"item\":\"https:\/\/zeleni-prsten.hr\/portal\/zasticena-podrucja\/\"},{\"@type\":\"ListItem\",\"position\":3,\"name\":\"Lug Samoborski &#8211; park oko dvorca\"}]}]}<\/script>\n<!-- \/ Yoast SEO plugin. -->","yoast_head_json":{"title":"Lug Samoborski - park oko dvorca - JU Zeleni prsten Zagreba\u010dke \u017eupanije","robots":{"index":"index","follow":"follow","max-snippet":"max-snippet:-1","max-image-preview":"max-image-preview:large","max-video-preview":"max-video-preview:-1"},"canonical":"https:\/\/zeleni-prsten.hr\/portal\/zasticena-podrucja\/lug-samoborski-park-oko-dvorca\/","og_locale":"hr_HR","og_type":"article","og_title":"Lug Samoborski - park oko dvorca - JU Zeleni prsten Zagreba\u010dke \u017eupanije","og_description":"[vc_row full_width=&#8221;stretch_row&#8221;][vc_column][\/vc_column][\/vc_row][vc_row full_width=&#8221;stretch_row&#8221;][vc_column][vc_column_text css=&#8221;.vc_custom_1645792797808{padding-top: 2rem !important;padding-bottom: 3rem !important;}&#8221;]Park u Lugu za\u0161ti\u0107en je 1964. godine, a povr\u0161ine je 6,46 ha. Podignut je oko historicisti\u010dkog dvorca \u201eBalagovi dvori\u201d sa stilskim elementima baroka. U pro\u0161losti je bio u vlasni\u0161tvu plemi\u0107kih obitelji Dra\u0161kovi\u0107, Erd\u00f6dy, [&hellip;]","og_url":"https:\/\/zeleni-prsten.hr\/portal\/zasticena-podrucja\/lug-samoborski-park-oko-dvorca\/","og_site_name":"JU Zeleni prsten Zagreba\u010dke \u017eupanije","article_modified_time":"2022-03-07T12:52:43+00:00","og_image":[{"width":2500,"height":1674,"url":"https:\/\/zeleni-prsten.hr\/portal\/wp-content\/uploads\/2021\/03\/Spomenik-parkovne-arhitekture-Lug-Samoborski-park-oko-dvorca.jpg","type":"image\/jpeg"}],"twitter_card":"summary_large_image","twitter_misc":{"Procijenjeno vrijeme \u010ditanja":"2 minute"},"schema":{"@context":"https:\/\/schema.org","@graph":[{"@type":"WebSite","@id":"https:\/\/zeleni-prsten.hr\/portal\/#website","url":"https:\/\/zeleni-prsten.hr\/portal\/","name":"JU Zeleni prsten Zagreba\u010dke \u017eupanije","description":"JU Zeleni prsten Zagreba\u010dke \u017eupanije","potentialAction":[{"@type":"SearchAction","target":{"@type":"EntryPoint","urlTemplate":"https:\/\/zeleni-prsten.hr\/portal\/?s={search_term_string}"},"query-input":"required name=search_term_string"}],"inLanguage":"hr"},{"@type":"ImageObject","@id":"https:\/\/zeleni-prsten.hr\/portal\/zasticena-podrucja\/lug-samoborski-park-oko-dvorca\/#primaryimage","inLanguage":"hr","url":"https:\/\/zeleni-prsten.hr\/portal\/wp-content\/uploads\/2021\/03\/Spomenik-parkovne-arhitekture-Lug-Samoborski-park-oko-dvorca.jpg","contentUrl":"https:\/\/zeleni-prsten.hr\/portal\/wp-content\/uploads\/2021\/03\/Spomenik-parkovne-arhitekture-Lug-Samoborski-park-oko-dvorca.jpg","width":2500,"height":1674,"caption":"SONY DSC"},{"@type":"WebPage","@id":"https:\/\/zeleni-prsten.hr\/portal\/zasticena-podrucja\/lug-samoborski-park-oko-dvorca\/#webpage","url":"https:\/\/zeleni-prsten.hr\/portal\/zasticena-podrucja\/lug-samoborski-park-oko-dvorca\/","name":"Lug Samoborski - park oko dvorca - JU Zeleni prsten Zagreba\u010dke \u017eupanije","isPartOf":{"@id":"https:\/\/zeleni-prsten.hr\/portal\/#website"},"primaryImageOfPage":{"@id":"https:\/\/zeleni-prsten.hr\/portal\/zasticena-podrucja\/lug-samoborski-park-oko-dvorca\/#primaryimage"},"datePublished":"2021-11-14T13:03:59+00:00","dateModified":"2022-03-07T12:52:43+00:00","breadcrumb":{"@id":"https:\/\/zeleni-prsten.hr\/portal\/zasticena-podrucja\/lug-samoborski-park-oko-dvorca\/#breadcrumb"},"inLanguage":"hr","potentialAction":[{"@type":"ReadAction","target":["https:\/\/zeleni-prsten.hr\/portal\/zasticena-podrucja\/lug-samoborski-park-oko-dvorca\/"]}]},{"@type":"BreadcrumbList","@id":"https:\/\/zeleni-prsten.hr\/portal\/zasticena-podrucja\/lug-samoborski-park-oko-dvorca\/#breadcrumb","itemListElement":[{"@type":"ListItem","position":1,"name":"Home","item":"https:\/\/zeleni-prsten.hr\/portal\/"},{"@type":"ListItem","position":2,"name":"Za\u0161ti\u0107ena podru\u010dja","item":"https:\/\/zeleni-prsten.hr\/portal\/zasticena-podrucja\/"},{"@type":"ListItem","position":3,"name":"Lug Samoborski &#8211; park oko dvorca"}]}]}},"_links":{"self":[{"href":"https:\/\/zeleni-prsten.hr\/portal\/wp-json\/wp\/v2\/pages\/4007"}],"collection":[{"href":"https:\/\/zeleni-prsten.hr\/portal\/wp-json\/wp\/v2\/pages"}],"about":[{"href":"https:\/\/zeleni-prsten.hr\/portal\/wp-json\/wp\/v2\/types\/page"}],"author":[{"embeddable":true,"href":"https:\/\/zeleni-prsten.hr\/portal\/wp-json\/wp\/v2\/users\/1"}],"replies":[{"embeddable":true,"href":"https:\/\/zeleni-prsten.hr\/portal\/wp-json\/wp\/v2\/comments?post=4007"}],"version-history":[{"count":7,"href":"https:\/\/zeleni-prsten.hr\/portal\/wp-json\/wp\/v2\/pages\/4007\/revisions"}],"predecessor-version":[{"id":12075,"href":"https:\/\/zeleni-prsten.hr\/portal\/wp-json\/wp\/v2\/pages\/4007\/revisions\/12075"}],"up":[{"embeddable":true,"href":"https:\/\/zeleni-prsten.hr\/portal\/wp-json\/wp\/v2\/pages\/2509"}],"wp:featuredmedia":[{"embeddable":true,"href":"https:\/\/zeleni-prsten.hr\/portal\/wp-json\/wp\/v2\/media\/3453"}],"wp:attachment":[{"href":"https:\/\/zeleni-prsten.hr\/portal\/wp-json\/wp\/v2\/media?parent=4007"}],"curies":[{"name":"wp","href":"https:\/\/api.w.org\/{rel}","templated":true}]}}