{"id":4047,"date":"2021-11-14T15:32:38","date_gmt":"2021-11-14T14:32:38","guid":{"rendered":"https:\/\/zeleni-prsten.hr\/portal\/?page_id=4047"},"modified":"2022-03-07T13:54:01","modified_gmt":"2022-03-07T12:54:01","slug":"samobor-tisa","status":"publish","type":"page","link":"https:\/\/zeleni-prsten.hr\/portal\/zasticena-podrucja\/samobor-tisa\/","title":{"rendered":"Samobor &#8211; tisa"},"content":{"rendered":"<p>[vc_row full_width=&#8221;stretch_row&#8221;][vc_column]<div class=\"ult-spacer spacer-69e1dfd43787a\" data-id=\"69e1dfd43787a\" data-height=\"75\" data-height-mobile=\"30\" data-height-tab=\"50\" data-height-tab-portrait=\"50\" data-height-mobile-landscape=\"20\" style=\"clear:both;display:block;\"><\/div>[\/vc_column][\/vc_row][vc_row full_width=&#8221;stretch_row&#8221;][vc_column][vc_column_text css=&#8221;.vc_custom_1645793170144{padding-top: 2rem !important;padding-bottom: 3rem !important;}&#8221;]Tisa se nalazi uz zgradu u Perkov\u010devoj ulici br. 17 u Samoboru. Za\u0161ti\u0107ena je 1963. godine. Predstavlja stoljetni i lijep primjerak autohtonog crnogori\u010dnog stabla. Deblo spomenute tise ra\u010dva se na visini od 50 cm u dva kraka, a kro\u0161nja je impozantna s visinom preko 10 m.[\/vc_column_text][\/vc_column][\/vc_row][vc_row full_width=&#8221;stretch_row&#8221; css=&#8221;.vc_custom_1636891230821{background-color: #ffffff !important;}&#8221;][vc_column][vc_custom_heading text=&#8221;Jeste li znali?&#8221;][vc_column_text]Prema obiteljskoj predaji, tisa je starija od 250 godina.[\/vc_column_text][\/vc_column][\/vc_row][vc_row full_width=&#8221;stretch_row&#8221;][vc_column][vc_column_text css=&#8221;.vc_custom_1645785798655{padding-top: 2rem !important;padding-bottom: 3rem !important;}&#8221;]Tisa je vazdazeleni grm ili nisko stablo koje ponekad naraste do 20 m visine tvore\u0107i \u0161iroku zaobljenu, grmoliku kro\u0161nju. Deblo je nepravilno, \u0161iroko, promjera do 1 m. Kora je tanka, isprva crvenosme\u0111e, a u starosti postane vi\u0161e kasnije sivosme\u0111a, raspucala, i lju\u0161ti se u tankim listi\u0107ima. Grane su zelenkaste do zelenkastosme\u0111e duge, brojne te su vodoravne ili blago povinute. Iglice su plosnate, mekane pri bazi su\u017eeni poput peteljke koja se spu\u0161ta niz sam izbojak, s naglo u\u0161iljenim vrhom. Duge su i 10\u201335 mm i \u0161iroki oko 2 mm, odozgo su tamnozelene i sjajne, a odozdo imaju dvije blijedozelene pruge. Cvjetovi su jednospolni na dvodomnim biljkama. Mu\u0161ki se cvjetovi pojavljuju u jesen a \u017eensku u prolje\u0107e. Sjemenke su tamnosme\u0111e, obavijene mesnatim ovojem koji je isprva zelene, kasnije izrazito crvene boje, a dozrijeva u jesen. Iglice, gran\u010dice, kora i sjemenke tise veoma su otrovni jer sadr\u017ee alkaloid taksin i glikozid taksikatin. Jestiv je samo arilus.<br \/>\nDrvo tise je otporno i lako obradivo a pretjerano iskori\u0161tavanje drva najva\u017eniji je uzrok ugro\u017eenosti tise s prirodnih stani\u0161ta. Tisa raste veoma sporo i mo\u017ee do\u017eivjeti visoku starost od preko 1000 godina.[\/vc_column_text][\/vc_column][\/vc_row][vc_row full_width=&#8221;stretch_row&#8221; bg_type=&#8221;bg_color&#8221; bg_color_value=&#8221;#ffffff&#8221;][vc_column]<div class=\"ult-spacer spacer-69e1dfd437893\" data-id=\"69e1dfd437893\" data-height=\"100\" data-height-mobile=\"40\" data-height-tab=\"80\" data-height-tab-portrait=\"80\" data-height-mobile-landscape=\"30\" style=\"clear:both;display:block;\"><\/div>[vc_masonry_media_grid item=&#8221;masonryMedia_BorderedScale&#8221; initial_loading_animation=&#8221;fadeIn&#8221; grid_id=&#8221;vc_gid:1646657611551-c9b37336-c4f2-3&#8243; include=&#8221;4048,11691&#8243;][\/vc_column][\/vc_row][vc_row][vc_column][vc_text_separator title=&#8221;Istra\u017ei i do\u017eivi!&#8221; color=&#8221;sandy_brown&#8221; style=&#8221;double&#8221; el_width=&#8221;80&#8243; css_animation=&#8221;fadeIn&#8221;]<div class=\"ult-spacer spacer-69e1dfd43789f\" data-id=\"69e1dfd43789f\" data-height=\"40\" data-height-mobile=\"20\" data-height-tab=\"30\" data-height-tab-portrait=\"30\" data-height-mobile-landscape=\"20\" style=\"clear:both;display:block;\"><\/div>[vc_masonry_grid post_type=&#8221;ids&#8221; style=&#8221;lazy&#8221; items_per_page=&#8221;2&#8243; element_width=&#8221;6&#8243; item=&#8221;masonryGrid_FadeIn&#8221; initial_loading_animation=&#8221;fadeIn&#8221; grid_id=&#8221;vc_gid:1646657611554-32b02808-b339-9&#8243; include=&#8221;3997, 4015&#8243;]<div class=\"ult-spacer spacer-69e1dfd4378a9\" data-id=\"69e1dfd4378a9\" data-height=\"100\" data-height-mobile=\"25\" data-height-tab=\"70\" data-height-tab-portrait=\"50\" data-height-mobile-landscape=\"30\" style=\"clear:both;display:block;\"><\/div>[\/vc_column][\/vc_row]<\/p>\n","protected":false},"excerpt":{"rendered":"<p>[vc_row full_width=&#8221;stretch_row&#8221;][vc_column][\/vc_column][\/vc_row][vc_row full_width=&#8221;stretch_row&#8221;][vc_column][vc_column_text css=&#8221;.vc_custom_1645793170144{padding-top: 2rem !important;padding-bottom: 3rem !important;}&#8221;]Tisa se nalazi uz zgradu u Perkov\u010devoj ulici br. 17 u Samoboru. Za\u0161ti\u0107ena je 1963. godine. Predstavlja stoljetni i lijep primjerak autohtonog crnogori\u010dnog stabla. Deblo spomenute tise ra\u010dva se na visini od 50 [&hellip;]<\/p>\n","protected":false},"author":1,"featured_media":3456,"parent":2509,"menu_order":18,"comment_status":"closed","ping_status":"closed","template":"","meta":{"ngg_post_thumbnail":0},"yoast_head":"<!-- This site is optimized with the Yoast SEO plugin v18.4.1 - https:\/\/yoast.com\/wordpress\/plugins\/seo\/ -->\n<title>Samobor - tisa - JU Zeleni prsten Zagreba\u010dke \u017eupanije<\/title>\n<meta name=\"robots\" content=\"index, follow, max-snippet:-1, max-image-preview:large, max-video-preview:-1\" \/>\n<link rel=\"canonical\" href=\"https:\/\/zeleni-prsten.hr\/portal\/zasticena-podrucja\/samobor-tisa\/\" \/>\n<meta property=\"og:locale\" content=\"hr_HR\" \/>\n<meta property=\"og:type\" content=\"article\" \/>\n<meta property=\"og:title\" content=\"Samobor - tisa - JU Zeleni prsten Zagreba\u010dke \u017eupanije\" \/>\n<meta property=\"og:description\" content=\"[vc_row full_width=&#8221;stretch_row&#8221;][vc_column][\/vc_column][\/vc_row][vc_row full_width=&#8221;stretch_row&#8221;][vc_column][vc_column_text css=&#8221;.vc_custom_1645793170144{padding-top: 2rem !important;padding-bottom: 3rem !important;}&#8221;]Tisa se nalazi uz zgradu u Perkov\u010devoj ulici br. 17 u Samoboru. Za\u0161ti\u0107ena je 1963. godine. Predstavlja stoljetni i lijep primjerak autohtonog crnogori\u010dnog stabla. Deblo spomenute tise ra\u010dva se na visini od 50 [&hellip;]\" \/>\n<meta property=\"og:url\" content=\"https:\/\/zeleni-prsten.hr\/portal\/zasticena-podrucja\/samobor-tisa\/\" \/>\n<meta property=\"og:site_name\" content=\"JU Zeleni prsten Zagreba\u010dke \u017eupanije\" \/>\n<meta property=\"article:modified_time\" content=\"2022-03-07T12:54:01+00:00\" \/>\n<meta property=\"og:image\" content=\"https:\/\/zeleni-prsten.hr\/portal\/wp-content\/uploads\/2021\/03\/Spomenik-parkovne-arhitekture-Tisa.jpg\" \/>\n\t<meta property=\"og:image:width\" content=\"1536\" \/>\n\t<meta property=\"og:image:height\" content=\"1811\" \/>\n\t<meta property=\"og:image:type\" content=\"image\/jpeg\" \/>\n<meta name=\"twitter:card\" content=\"summary_large_image\" \/>\n<meta name=\"twitter:label1\" content=\"Procijenjeno vrijeme \u010ditanja\" \/>\n\t<meta name=\"twitter:data1\" content=\"3 minute\" \/>\n<script type=\"application\/ld+json\" class=\"yoast-schema-graph\">{\"@context\":\"https:\/\/schema.org\",\"@graph\":[{\"@type\":\"WebSite\",\"@id\":\"https:\/\/zeleni-prsten.hr\/portal\/#website\",\"url\":\"https:\/\/zeleni-prsten.hr\/portal\/\",\"name\":\"JU Zeleni prsten Zagreba\u010dke \u017eupanije\",\"description\":\"JU Zeleni prsten Zagreba\u010dke \u017eupanije\",\"potentialAction\":[{\"@type\":\"SearchAction\",\"target\":{\"@type\":\"EntryPoint\",\"urlTemplate\":\"https:\/\/zeleni-prsten.hr\/portal\/?s={search_term_string}\"},\"query-input\":\"required name=search_term_string\"}],\"inLanguage\":\"hr\"},{\"@type\":\"ImageObject\",\"@id\":\"https:\/\/zeleni-prsten.hr\/portal\/zasticena-podrucja\/samobor-tisa\/#primaryimage\",\"inLanguage\":\"hr\",\"url\":\"https:\/\/zeleni-prsten.hr\/portal\/wp-content\/uploads\/2021\/03\/Spomenik-parkovne-arhitekture-Tisa.jpg\",\"contentUrl\":\"https:\/\/zeleni-prsten.hr\/portal\/wp-content\/uploads\/2021\/03\/Spomenik-parkovne-arhitekture-Tisa.jpg\",\"width\":1536,\"height\":1811},{\"@type\":\"WebPage\",\"@id\":\"https:\/\/zeleni-prsten.hr\/portal\/zasticena-podrucja\/samobor-tisa\/#webpage\",\"url\":\"https:\/\/zeleni-prsten.hr\/portal\/zasticena-podrucja\/samobor-tisa\/\",\"name\":\"Samobor - tisa - JU Zeleni prsten Zagreba\u010dke \u017eupanije\",\"isPartOf\":{\"@id\":\"https:\/\/zeleni-prsten.hr\/portal\/#website\"},\"primaryImageOfPage\":{\"@id\":\"https:\/\/zeleni-prsten.hr\/portal\/zasticena-podrucja\/samobor-tisa\/#primaryimage\"},\"datePublished\":\"2021-11-14T14:32:38+00:00\",\"dateModified\":\"2022-03-07T12:54:01+00:00\",\"breadcrumb\":{\"@id\":\"https:\/\/zeleni-prsten.hr\/portal\/zasticena-podrucja\/samobor-tisa\/#breadcrumb\"},\"inLanguage\":\"hr\",\"potentialAction\":[{\"@type\":\"ReadAction\",\"target\":[\"https:\/\/zeleni-prsten.hr\/portal\/zasticena-podrucja\/samobor-tisa\/\"]}]},{\"@type\":\"BreadcrumbList\",\"@id\":\"https:\/\/zeleni-prsten.hr\/portal\/zasticena-podrucja\/samobor-tisa\/#breadcrumb\",\"itemListElement\":[{\"@type\":\"ListItem\",\"position\":1,\"name\":\"Home\",\"item\":\"https:\/\/zeleni-prsten.hr\/portal\/\"},{\"@type\":\"ListItem\",\"position\":2,\"name\":\"Za\u0161ti\u0107ena podru\u010dja\",\"item\":\"https:\/\/zeleni-prsten.hr\/portal\/zasticena-podrucja\/\"},{\"@type\":\"ListItem\",\"position\":3,\"name\":\"Samobor &#8211; tisa\"}]}]}<\/script>\n<!-- \/ Yoast SEO plugin. -->","yoast_head_json":{"title":"Samobor - tisa - JU Zeleni prsten Zagreba\u010dke \u017eupanije","robots":{"index":"index","follow":"follow","max-snippet":"max-snippet:-1","max-image-preview":"max-image-preview:large","max-video-preview":"max-video-preview:-1"},"canonical":"https:\/\/zeleni-prsten.hr\/portal\/zasticena-podrucja\/samobor-tisa\/","og_locale":"hr_HR","og_type":"article","og_title":"Samobor - tisa - JU Zeleni prsten Zagreba\u010dke \u017eupanije","og_description":"[vc_row full_width=&#8221;stretch_row&#8221;][vc_column][\/vc_column][\/vc_row][vc_row full_width=&#8221;stretch_row&#8221;][vc_column][vc_column_text css=&#8221;.vc_custom_1645793170144{padding-top: 2rem !important;padding-bottom: 3rem !important;}&#8221;]Tisa se nalazi uz zgradu u Perkov\u010devoj ulici br. 17 u Samoboru. Za\u0161ti\u0107ena je 1963. godine. Predstavlja stoljetni i lijep primjerak autohtonog crnogori\u010dnog stabla. Deblo spomenute tise ra\u010dva se na visini od 50 [&hellip;]","og_url":"https:\/\/zeleni-prsten.hr\/portal\/zasticena-podrucja\/samobor-tisa\/","og_site_name":"JU Zeleni prsten Zagreba\u010dke \u017eupanije","article_modified_time":"2022-03-07T12:54:01+00:00","og_image":[{"width":1536,"height":1811,"url":"https:\/\/zeleni-prsten.hr\/portal\/wp-content\/uploads\/2021\/03\/Spomenik-parkovne-arhitekture-Tisa.jpg","type":"image\/jpeg"}],"twitter_card":"summary_large_image","twitter_misc":{"Procijenjeno vrijeme \u010ditanja":"3 minute"},"schema":{"@context":"https:\/\/schema.org","@graph":[{"@type":"WebSite","@id":"https:\/\/zeleni-prsten.hr\/portal\/#website","url":"https:\/\/zeleni-prsten.hr\/portal\/","name":"JU Zeleni prsten Zagreba\u010dke \u017eupanije","description":"JU Zeleni prsten Zagreba\u010dke \u017eupanije","potentialAction":[{"@type":"SearchAction","target":{"@type":"EntryPoint","urlTemplate":"https:\/\/zeleni-prsten.hr\/portal\/?s={search_term_string}"},"query-input":"required name=search_term_string"}],"inLanguage":"hr"},{"@type":"ImageObject","@id":"https:\/\/zeleni-prsten.hr\/portal\/zasticena-podrucja\/samobor-tisa\/#primaryimage","inLanguage":"hr","url":"https:\/\/zeleni-prsten.hr\/portal\/wp-content\/uploads\/2021\/03\/Spomenik-parkovne-arhitekture-Tisa.jpg","contentUrl":"https:\/\/zeleni-prsten.hr\/portal\/wp-content\/uploads\/2021\/03\/Spomenik-parkovne-arhitekture-Tisa.jpg","width":1536,"height":1811},{"@type":"WebPage","@id":"https:\/\/zeleni-prsten.hr\/portal\/zasticena-podrucja\/samobor-tisa\/#webpage","url":"https:\/\/zeleni-prsten.hr\/portal\/zasticena-podrucja\/samobor-tisa\/","name":"Samobor - tisa - JU Zeleni prsten Zagreba\u010dke \u017eupanije","isPartOf":{"@id":"https:\/\/zeleni-prsten.hr\/portal\/#website"},"primaryImageOfPage":{"@id":"https:\/\/zeleni-prsten.hr\/portal\/zasticena-podrucja\/samobor-tisa\/#primaryimage"},"datePublished":"2021-11-14T14:32:38+00:00","dateModified":"2022-03-07T12:54:01+00:00","breadcrumb":{"@id":"https:\/\/zeleni-prsten.hr\/portal\/zasticena-podrucja\/samobor-tisa\/#breadcrumb"},"inLanguage":"hr","potentialAction":[{"@type":"ReadAction","target":["https:\/\/zeleni-prsten.hr\/portal\/zasticena-podrucja\/samobor-tisa\/"]}]},{"@type":"BreadcrumbList","@id":"https:\/\/zeleni-prsten.hr\/portal\/zasticena-podrucja\/samobor-tisa\/#breadcrumb","itemListElement":[{"@type":"ListItem","position":1,"name":"Home","item":"https:\/\/zeleni-prsten.hr\/portal\/"},{"@type":"ListItem","position":2,"name":"Za\u0161ti\u0107ena podru\u010dja","item":"https:\/\/zeleni-prsten.hr\/portal\/zasticena-podrucja\/"},{"@type":"ListItem","position":3,"name":"Samobor &#8211; tisa"}]}]}},"_links":{"self":[{"href":"https:\/\/zeleni-prsten.hr\/portal\/wp-json\/wp\/v2\/pages\/4047"}],"collection":[{"href":"https:\/\/zeleni-prsten.hr\/portal\/wp-json\/wp\/v2\/pages"}],"about":[{"href":"https:\/\/zeleni-prsten.hr\/portal\/wp-json\/wp\/v2\/types\/page"}],"author":[{"embeddable":true,"href":"https:\/\/zeleni-prsten.hr\/portal\/wp-json\/wp\/v2\/users\/1"}],"replies":[{"embeddable":true,"href":"https:\/\/zeleni-prsten.hr\/portal\/wp-json\/wp\/v2\/comments?post=4047"}],"version-history":[{"count":8,"href":"https:\/\/zeleni-prsten.hr\/portal\/wp-json\/wp\/v2\/pages\/4047\/revisions"}],"predecessor-version":[{"id":12080,"href":"https:\/\/zeleni-prsten.hr\/portal\/wp-json\/wp\/v2\/pages\/4047\/revisions\/12080"}],"up":[{"embeddable":true,"href":"https:\/\/zeleni-prsten.hr\/portal\/wp-json\/wp\/v2\/pages\/2509"}],"wp:featuredmedia":[{"embeddable":true,"href":"https:\/\/zeleni-prsten.hr\/portal\/wp-json\/wp\/v2\/media\/3456"}],"wp:attachment":[{"href":"https:\/\/zeleni-prsten.hr\/portal\/wp-json\/wp\/v2\/media?parent=4047"}],"curies":[{"name":"wp","href":"https:\/\/api.w.org\/{rel}","templated":true}]}}