{"id":4050,"date":"2021-11-14T15:39:37","date_gmt":"2021-11-14T14:39:37","guid":{"rendered":"https:\/\/zeleni-prsten.hr\/portal\/?page_id=4050"},"modified":"2026-02-16T15:28:34","modified_gmt":"2026-02-16T14:28:34","slug":"grgosova-spilja","status":"publish","type":"page","link":"https:\/\/zeleni-prsten.hr\/portal\/zasticena-podrucja\/grgosova-spilja\/","title":{"rendered":"Grgosova \u0161pilja"},"content":{"rendered":"<p>[vc_row full_width=&#8221;stretch_row&#8221;][vc_column]<div class=\"ult-spacer spacer-69e1dfd51c2d0\" data-id=\"69e1dfd51c2d0\" data-height=\"75\" data-height-mobile=\"30\" data-height-tab=\"50\" data-height-tab-portrait=\"50\" data-height-mobile-landscape=\"20\" style=\"clear:both;display:block;\"><\/div>[\/vc_column][\/vc_row][vc_row full_width=&#8221;stretch_row&#8221;][vc_column][vc_column_text css=&#8221;.vc_custom_1646983074784{padding-top: 2rem !important;padding-bottom: 3rem !important;}&#8221;]Selo Otru\u0161evec, u Samoboru ponosno skriva jednu je od najljep\u0161ih spilja sjeverozapadne Hrvatske Grgosovu spilju. Otkrivena je 1973. godine prilikom kopanja i miniranja kamena koji je koristio za proizvodnju vapna, a godinu dana kasnije za\u0161ti\u0107ena je kao geomorfolo\u0161ki spomenik prirode. Trideset godina kasnije, prilikom radova na pro\u0161irenju prostora za prihvat posjetitelja, otkriven je ulaz u drugu \u0161pilju, poznatu kao \u201eNova Grgosova \u0161pilja\u201c. \u0160pilja je od 2008. godine ure\u0111ena za posjete.[\/vc_column_text][\/vc_column][\/vc_row][vc_row full_width=&#8221;stretch_row&#8221; bg_type=&#8221;image&#8221; parallax_style=&#8221;vcpb-vz-jquery&#8221; bg_image_new=&#8221;id^11429|url^https:\/\/zeleni-prsten.hr\/portal\/wp-content\/uploads\/2022\/02\/Fotografija-2.jpg|caption^null|alt^null|title^Fotografija 2|description^null&#8221;][vc_column width=&#8221;1\/3&#8243; css=&#8221;.vc_custom_1616094504001{background-color: rgba(0,0,0,0.6) !important;*background-color: rgb(0,0,0) !important;}&#8221;][vc_column_text]<span style=\"color: #ffffff;\">Do sada su analizirane dvije sige iz nove Grgosove \u0161pilje, njihova starost i klimatski uvjeti koji su nekad vladali. Jedan stalaktit po\u010deo je rasti prije 10 500 godina, a prestao je rasti prije oko 2 300 godina. U razdoblju rasta rastao je brzinom od 0,8 do 1 cm u 100 godina ili 0,08 do 0,1 mm godi\u0161nje. Najstariji dio drugog stalagmita star je oko 40 000 godina s promjenom brzine rasta od 0,1 do 1 cm u 100 godina.<\/span>[\/vc_column_text][\/vc_column][vc_column width=&#8221;1\/3&#8243;][\/vc_column][vc_column width=&#8221;1\/3&#8243;][\/vc_column][\/vc_row][vc_row full_width=&#8221;stretch_row&#8221;][vc_column][vc_column_text css=&#8221;.vc_custom_1646188821245{padding-top: 2rem !important;padding-bottom: 3rem !important;}&#8221;]<\/p>\n<h2>Prirodne vrijednosti<\/h2>\n<p>Obje \u0161pije su relativno malih dimenzija ali zbog izuzetnog bogatstva \u0161piljskim ukrasima predstavljaju turisti\u010dku atrakciju i prepoznatljiv su dio geoba\u0161tine Zagreba\u010dke \u017eupanije. Ukupna duljina stare spilja je 52 m, a dubina u odnosu na razinu ulaza je 19m. Zapremnina spilje 1750m3. Ukupna duljina nove spilje 97 m, a dubina 14 m.<\/p>\n<p>Prema vrlo debelim sigastim nakupinama i stalagmitima na tlu mogu\u0107e je zaklju\u010diti da \u0161pilja ima relativno veliku starost, dok nam mno\u0161tvo tankih stalaktita na stropu ukazuje na jo\u0161 uvijek postoje\u0107i proces stvaranja i oblikovanja prostora \u0161pilje.<\/p>\n<p>Posebna vrijednost \u0161pilja su brojne sige razli\u010ditih vrsta. Grgosovu spilju krase cjev\u010dice ili makaroni, ekscentir\u010dne sige te zavjese ili draperije. Cjev\u010dice su tanki stalaktiti jednoli\u010dne debljine a helaktiti ili ekscentir\u010dne sige stalaktiti nepravilnog oblika koji izgledaju kao da prkose djelovanju sila te\u017ee. Zavjese ili draperije su lijepe sige koje sa stropa vise poput naborane tkanine i nastaju kada se kapljice polako slijevaju po kosim zidovima. Svaka nova kap ostavlja trag i tako zavjese postaju sve dulje i dulje.<\/p>\n<p>Prema analizi siga iz \u0161pilje do\u0161lo se do saznanja da se sastoji od 95% kalcijevog karbonata i 5% alumosilikata. Sige u spilji su razli\u010ditih boja: bijele, blijedo &#8211; \u017eute, \u017eute, naran\u010daste i sme\u0111e. Obojenost siga ovisi o mineralnim primjesama, o tlu iznad spilje, biljnom pokrovu i o stanju okoli\u0161a.[\/vc_column_text][\/vc_column][\/vc_row][vc_row full_width=&#8221;stretch_row&#8221; bg_type=&#8221;image&#8221; parallax_style=&#8221;vcpb-vz-jquery&#8221; bg_image_new=&#8221;id^11431|url^https:\/\/zeleni-prsten.hr\/portal\/wp-content\/uploads\/2022\/02\/Fotografija-3.jpg|caption^null|alt^null|title^Fotografija 3|description^null&#8221;][vc_column width=&#8221;1\/3&#8243; css=&#8221;.vc_custom_1616094504001{background-color: rgba(0,0,0,0.6) !important;*background-color: rgb(0,0,0) !important;}&#8221;]<div class=\"ult-spacer spacer-69e1dfd51c2ed\" data-id=\"69e1dfd51c2ed\" data-height=\"100\" data-height-mobile=\"25\" data-height-tab=\"70\" data-height-tab-portrait=\"50\" data-height-mobile-landscape=\"30\" style=\"clear:both;display:block;\"><\/div>[vc_custom_heading text=&#8221;Temperatura u spilji varira izme\u0111u 10 \u00ba i 11\u00ba.&#8221; font_container=&#8221;tag:h2|text_align:left|color:%23ffffff&#8221;]<div class=\"ult-spacer spacer-69e1dfd51c2ff\" data-id=\"69e1dfd51c2ff\" data-height=\"125\" data-height-mobile=\"25\" data-height-tab=\"70\" data-height-tab-portrait=\"50\" data-height-mobile-landscape=\"30\" style=\"clear:both;display:block;\"><\/div>[\/vc_column][vc_column width=&#8221;1\/3&#8243;][\/vc_column][vc_column width=&#8221;1\/3&#8243;][\/vc_column][\/vc_row][vc_row full_width=&#8221;stretch_row&#8221; css=&#8221;.vc_custom_1636891230821{background-color: #ffffff !important;}&#8221;][vc_column][vc_custom_heading text=&#8221;Nepoznato o poznatome&#8221;][vc_column_text]U Grgosovoj spilji \u017eivi devet skupina beskralje\u0161njaka &#8211; pauci, la\u017ei\u0161tipavci, jednakono\u017eni rakovi, strige, dvojenoge, skokuni, dvorepci, kornja\u0161i i ravnokrilci. Hrvatska je svjetsko \u017eari\u0161te bioraznolikosti prema bogatstvu podzemnim vrstama te su mnoge vrste koje nastanjuju hrvatsko podzemlje endem Hrvatske ili Dinarida.[\/vc_column_text]<div class=\"ult-spacer spacer-69e1dfd51c30c\" data-id=\"69e1dfd51c30c\" data-height=\"50\" data-height-mobile=\"25\" data-height-tab=\"70\" data-height-tab-portrait=\"50\" data-height-mobile-landscape=\"30\" style=\"clear:both;display:block;\"><\/div>[\/vc_column][\/vc_row][vc_row full_width=&#8221;stretch_row&#8221; css=&#8221;.vc_custom_1636891230821{background-color: #ffffff !important;}&#8221;][vc_column width=&#8221;1\/2&#8243;][vc_single_image image=&#8221;11439&#8243; img_size=&#8221;large&#8221;][vc_column_text]<\/p>\n<h2>Dvojenoge<\/h2>\n<p>Dvojenoge ljudi poznaju pod nazivom stonoge. Nedavno je u Australiji opisana podzemna vrsta s najvi\u0161e nogu na svijetu, \u010dak 1306. Kod dvojenoga je zanimljivo da im se broj nogu mijenja kroz \u017eivot. Kako rastu i presvla\u010de se, tako im se pove\u0107ava broj koluti\u0107a od kojih im je gra\u0111eno tijelo, te automatski raste i broj nogu. Ve\u0107ina \u0161piljskih vrsta u Hrvatskoj su endemi.[\/vc_column_text]<div class=\"ult-spacer spacer-69e1dfd51c318\" data-id=\"69e1dfd51c318\" data-height=\"60\" data-height-mobile=\"25\" data-height-tab=\"70\" data-height-tab-portrait=\"50\" data-height-mobile-landscape=\"30\" style=\"clear:both;display:block;\"><\/div>[\/vc_column][vc_column width=&#8221;1\/2&#8243;][vc_single_image image=&#8221;11440&#8243; img_size=&#8221;large&#8221;][vc_column_text]<\/p>\n<h2>Skokuni<\/h2>\n<p>Skokuni su sitni beskralje\u017enjaci koji su hrvatsko ime dobili po zanimljivom pona\u0161anju. Kada osje\u0107aju da su u opasnosti, naglo lupe po tlu organom koji se zove furka i pomo\u0107u njega mogu sko\u010diti nekoliko stotina puta dalje od svoje veli\u010dine. Jedini bolji skaka\u010di na svijetu su buhe. U Hrvatskoj je zabilje\u017eeno 35 \u0161piljskih vrsta skokuna.[\/vc_column_text]<div class=\"ult-spacer spacer-69e1dfd51c323\" data-id=\"69e1dfd51c323\" data-height=\"60\" data-height-mobile=\"25\" data-height-tab=\"70\" data-height-tab-portrait=\"50\" data-height-mobile-landscape=\"30\" style=\"clear:both;display:block;\"><\/div>[\/vc_column][\/vc_row][vc_row full_width=&#8221;stretch_row&#8221; css=&#8221;.vc_custom_1636891230821{background-color: #ffffff !important;}&#8221;][vc_column][vc_custom_heading text=&#8221;Jeste li znali?&#8221;][vc_column_text]U samo sat i pol laganog hoda 2-kilometarskom stazom, prolaze\u0107i 9 raznolikih to\u010daka, upoznat \u0107ete \u017eivot, obi\u010daje i legende otru\u0161eve\u010dkog podru\u010dja: od podzemnih ljepota koje se nalaze u Grgosovoj spilji, preko geolo\u0161kih i biolo\u0161kih specifi\u010dnosti do pri\u010da o drevnim divovima i vrijednim ljudima samoborskog kraja.[\/vc_column_text][\/vc_column][\/vc_row][vc_row full_width=&#8221;stretch_row&#8221;][vc_column][vc_column_text css=&#8221;.vc_custom_1771252094986{padding-top: 2rem !important;padding-bottom: 3rem !important;}&#8221;]Podru\u010dje je otvoreno za posje\u0107ivanje! Va\u017eno je da se prilikom kretanja spiljom ne diraju sige niti ih se lomi jer sige su lijepe samo u svom prirodnom okoli\u0161u \u2013 spilji. Ono \u0161to je priroda stvarala tisu\u0107lje\u0107ima nepa\u017enjom se mo\u017ee uni\u0161titi u sekundi.<br \/>\nKontakt informacije:<br \/>\nAdresa: Otru\u0161evec 17\/4, Samobor, Hrvatska<br \/>\nNajava dolaska: Potrebna najava za grupe na broj telefona 01\/3375 888[\/vc_column_text][\/vc_column][\/vc_row][vc_row full_width=&#8221;stretch_row&#8221; bg_type=&#8221;bg_color&#8221; bg_color_value=&#8221;#ffffff&#8221;][vc_column]<div class=\"ult-spacer spacer-69e1dfd51c32e\" data-id=\"69e1dfd51c32e\" data-height=\"100\" data-height-mobile=\"40\" data-height-tab=\"80\" data-height-tab-portrait=\"80\" data-height-mobile-landscape=\"30\" style=\"clear:both;display:block;\"><\/div>[vc_masonry_media_grid item=&#8221;masonryMedia_BorderedScale&#8221; initial_loading_animation=&#8221;fadeIn&#8221; grid_id=&#8221;vc_gid:1771252074121-0c72587f-9c4b-0&#8243; include=&#8221;4051,4052,4053,4054,4055,4056,11574&#8243;][\/vc_column][\/vc_row][vc_row][vc_column][vc_text_separator title=&#8221;Istra\u017ei i do\u017eivi!&#8221; color=&#8221;sandy_brown&#8221; style=&#8221;double&#8221; el_width=&#8221;80&#8243; css_animation=&#8221;fadeIn&#8221;]<div class=\"ult-spacer spacer-69e1dfd51c338\" data-id=\"69e1dfd51c338\" data-height=\"40\" data-height-mobile=\"20\" data-height-tab=\"30\" data-height-tab-portrait=\"30\" data-height-mobile-landscape=\"20\" style=\"clear:both;display:block;\"><\/div>[vc_masonry_grid post_type=&#8221;ids&#8221; style=&#8221;lazy&#8221; items_per_page=&#8221;2&#8243; element_width=&#8221;6&#8243; item=&#8221;masonryGrid_FadeIn&#8221; initial_loading_animation=&#8221;fadeIn&#8221; grid_id=&#8221;vc_gid:1771252074122-a8f73de6-4db8-5&#8243; include=&#8221;3410, 11457&#8243;]<div class=\"ult-spacer spacer-69e1dfd51c341\" data-id=\"69e1dfd51c341\" data-height=\"100\" data-height-mobile=\"25\" data-height-tab=\"70\" data-height-tab-portrait=\"50\" data-height-mobile-landscape=\"30\" style=\"clear:both;display:block;\"><\/div>[\/vc_column][\/vc_row]<\/p>\n","protected":false},"excerpt":{"rendered":"<p>[vc_row full_width=&#8221;stretch_row&#8221;][vc_column][\/vc_column][\/vc_row][vc_row full_width=&#8221;stretch_row&#8221;][vc_column][vc_column_text css=&#8221;.vc_custom_1646983074784{padding-top: 2rem !important;padding-bottom: 3rem !important;}&#8221;]Selo Otru\u0161evec, u Samoboru ponosno skriva jednu je od najljep\u0161ih spilja sjeverozapadne Hrvatske Grgosovu spilju. Otkrivena je 1973. godine prilikom kopanja i miniranja kamena koji je koristio za proizvodnju vapna, a godinu dana [&hellip;]<\/p>\n","protected":false},"author":1,"featured_media":3436,"parent":2509,"menu_order":19,"comment_status":"closed","ping_status":"closed","template":"","meta":{"ngg_post_thumbnail":0},"yoast_head":"<!-- This site is optimized with the Yoast SEO plugin v18.4.1 - https:\/\/yoast.com\/wordpress\/plugins\/seo\/ -->\n<title>Grgosova \u0161pilja - JU Zeleni prsten Zagreba\u010dke \u017eupanije<\/title>\n<meta name=\"robots\" content=\"index, follow, max-snippet:-1, max-image-preview:large, max-video-preview:-1\" \/>\n<link rel=\"canonical\" href=\"https:\/\/zeleni-prsten.hr\/portal\/zasticena-podrucja\/grgosova-spilja\/\" \/>\n<meta property=\"og:locale\" content=\"hr_HR\" \/>\n<meta property=\"og:type\" content=\"article\" \/>\n<meta property=\"og:title\" content=\"Grgosova \u0161pilja - JU Zeleni prsten Zagreba\u010dke \u017eupanije\" \/>\n<meta property=\"og:description\" content=\"[vc_row full_width=&#8221;stretch_row&#8221;][vc_column][\/vc_column][\/vc_row][vc_row full_width=&#8221;stretch_row&#8221;][vc_column][vc_column_text css=&#8221;.vc_custom_1646983074784{padding-top: 2rem !important;padding-bottom: 3rem !important;}&#8221;]Selo Otru\u0161evec, u Samoboru ponosno skriva jednu je od najljep\u0161ih spilja sjeverozapadne Hrvatske Grgosovu spilju. Otkrivena je 1973. godine prilikom kopanja i miniranja kamena koji je koristio za proizvodnju vapna, a godinu dana [&hellip;]\" \/>\n<meta property=\"og:url\" content=\"https:\/\/zeleni-prsten.hr\/portal\/zasticena-podrucja\/grgosova-spilja\/\" \/>\n<meta property=\"og:site_name\" content=\"JU Zeleni prsten Zagreba\u010dke \u017eupanije\" \/>\n<meta property=\"article:modified_time\" content=\"2026-02-16T14:28:34+00:00\" \/>\n<meta property=\"og:image\" content=\"https:\/\/zeleni-prsten.hr\/portal\/wp-content\/uploads\/2021\/03\/Spomenik-prirode-Grgosova-spilja-1024x684.jpg\" \/>\n\t<meta property=\"og:image:width\" content=\"1024\" \/>\n\t<meta property=\"og:image:height\" content=\"684\" \/>\n\t<meta property=\"og:image:type\" content=\"image\/jpeg\" \/>\n<meta name=\"twitter:card\" content=\"summary_large_image\" \/>\n<meta name=\"twitter:label1\" content=\"Procijenjeno vrijeme \u010ditanja\" \/>\n\t<meta name=\"twitter:data1\" content=\"5 minuta\" \/>\n<script type=\"application\/ld+json\" class=\"yoast-schema-graph\">{\"@context\":\"https:\/\/schema.org\",\"@graph\":[{\"@type\":\"WebSite\",\"@id\":\"https:\/\/zeleni-prsten.hr\/portal\/#website\",\"url\":\"https:\/\/zeleni-prsten.hr\/portal\/\",\"name\":\"JU Zeleni prsten Zagreba\u010dke \u017eupanije\",\"description\":\"JU Zeleni prsten Zagreba\u010dke \u017eupanije\",\"potentialAction\":[{\"@type\":\"SearchAction\",\"target\":{\"@type\":\"EntryPoint\",\"urlTemplate\":\"https:\/\/zeleni-prsten.hr\/portal\/?s={search_term_string}\"},\"query-input\":\"required name=search_term_string\"}],\"inLanguage\":\"hr\"},{\"@type\":\"ImageObject\",\"@id\":\"https:\/\/zeleni-prsten.hr\/portal\/zasticena-podrucja\/grgosova-spilja\/#primaryimage\",\"inLanguage\":\"hr\",\"url\":\"https:\/\/zeleni-prsten.hr\/portal\/wp-content\/uploads\/2021\/03\/Spomenik-prirode-Grgosova-spilja.jpg\",\"contentUrl\":\"https:\/\/zeleni-prsten.hr\/portal\/wp-content\/uploads\/2021\/03\/Spomenik-prirode-Grgosova-spilja.jpg\",\"width\":2048,\"height\":1367},{\"@type\":\"WebPage\",\"@id\":\"https:\/\/zeleni-prsten.hr\/portal\/zasticena-podrucja\/grgosova-spilja\/#webpage\",\"url\":\"https:\/\/zeleni-prsten.hr\/portal\/zasticena-podrucja\/grgosova-spilja\/\",\"name\":\"Grgosova \u0161pilja - JU Zeleni prsten Zagreba\u010dke \u017eupanije\",\"isPartOf\":{\"@id\":\"https:\/\/zeleni-prsten.hr\/portal\/#website\"},\"primaryImageOfPage\":{\"@id\":\"https:\/\/zeleni-prsten.hr\/portal\/zasticena-podrucja\/grgosova-spilja\/#primaryimage\"},\"datePublished\":\"2021-11-14T14:39:37+00:00\",\"dateModified\":\"2026-02-16T14:28:34+00:00\",\"breadcrumb\":{\"@id\":\"https:\/\/zeleni-prsten.hr\/portal\/zasticena-podrucja\/grgosova-spilja\/#breadcrumb\"},\"inLanguage\":\"hr\",\"potentialAction\":[{\"@type\":\"ReadAction\",\"target\":[\"https:\/\/zeleni-prsten.hr\/portal\/zasticena-podrucja\/grgosova-spilja\/\"]}]},{\"@type\":\"BreadcrumbList\",\"@id\":\"https:\/\/zeleni-prsten.hr\/portal\/zasticena-podrucja\/grgosova-spilja\/#breadcrumb\",\"itemListElement\":[{\"@type\":\"ListItem\",\"position\":1,\"name\":\"Home\",\"item\":\"https:\/\/zeleni-prsten.hr\/portal\/\"},{\"@type\":\"ListItem\",\"position\":2,\"name\":\"Za\u0161ti\u0107ena podru\u010dja\",\"item\":\"https:\/\/zeleni-prsten.hr\/portal\/zasticena-podrucja\/\"},{\"@type\":\"ListItem\",\"position\":3,\"name\":\"Grgosova \u0161pilja\"}]}]}<\/script>\n<!-- \/ Yoast SEO plugin. -->","yoast_head_json":{"title":"Grgosova \u0161pilja - JU Zeleni prsten Zagreba\u010dke \u017eupanije","robots":{"index":"index","follow":"follow","max-snippet":"max-snippet:-1","max-image-preview":"max-image-preview:large","max-video-preview":"max-video-preview:-1"},"canonical":"https:\/\/zeleni-prsten.hr\/portal\/zasticena-podrucja\/grgosova-spilja\/","og_locale":"hr_HR","og_type":"article","og_title":"Grgosova \u0161pilja - JU Zeleni prsten Zagreba\u010dke \u017eupanije","og_description":"[vc_row full_width=&#8221;stretch_row&#8221;][vc_column][\/vc_column][\/vc_row][vc_row full_width=&#8221;stretch_row&#8221;][vc_column][vc_column_text css=&#8221;.vc_custom_1646983074784{padding-top: 2rem !important;padding-bottom: 3rem !important;}&#8221;]Selo Otru\u0161evec, u Samoboru ponosno skriva jednu je od najljep\u0161ih spilja sjeverozapadne Hrvatske Grgosovu spilju. Otkrivena je 1973. godine prilikom kopanja i miniranja kamena koji je koristio za proizvodnju vapna, a godinu dana [&hellip;]","og_url":"https:\/\/zeleni-prsten.hr\/portal\/zasticena-podrucja\/grgosova-spilja\/","og_site_name":"JU Zeleni prsten Zagreba\u010dke \u017eupanije","article_modified_time":"2026-02-16T14:28:34+00:00","og_image":[{"width":1024,"height":684,"url":"https:\/\/zeleni-prsten.hr\/portal\/wp-content\/uploads\/2021\/03\/Spomenik-prirode-Grgosova-spilja-1024x684.jpg","type":"image\/jpeg"}],"twitter_card":"summary_large_image","twitter_misc":{"Procijenjeno vrijeme \u010ditanja":"5 minuta"},"schema":{"@context":"https:\/\/schema.org","@graph":[{"@type":"WebSite","@id":"https:\/\/zeleni-prsten.hr\/portal\/#website","url":"https:\/\/zeleni-prsten.hr\/portal\/","name":"JU Zeleni prsten Zagreba\u010dke \u017eupanije","description":"JU Zeleni prsten Zagreba\u010dke \u017eupanije","potentialAction":[{"@type":"SearchAction","target":{"@type":"EntryPoint","urlTemplate":"https:\/\/zeleni-prsten.hr\/portal\/?s={search_term_string}"},"query-input":"required name=search_term_string"}],"inLanguage":"hr"},{"@type":"ImageObject","@id":"https:\/\/zeleni-prsten.hr\/portal\/zasticena-podrucja\/grgosova-spilja\/#primaryimage","inLanguage":"hr","url":"https:\/\/zeleni-prsten.hr\/portal\/wp-content\/uploads\/2021\/03\/Spomenik-prirode-Grgosova-spilja.jpg","contentUrl":"https:\/\/zeleni-prsten.hr\/portal\/wp-content\/uploads\/2021\/03\/Spomenik-prirode-Grgosova-spilja.jpg","width":2048,"height":1367},{"@type":"WebPage","@id":"https:\/\/zeleni-prsten.hr\/portal\/zasticena-podrucja\/grgosova-spilja\/#webpage","url":"https:\/\/zeleni-prsten.hr\/portal\/zasticena-podrucja\/grgosova-spilja\/","name":"Grgosova \u0161pilja - JU Zeleni prsten Zagreba\u010dke \u017eupanije","isPartOf":{"@id":"https:\/\/zeleni-prsten.hr\/portal\/#website"},"primaryImageOfPage":{"@id":"https:\/\/zeleni-prsten.hr\/portal\/zasticena-podrucja\/grgosova-spilja\/#primaryimage"},"datePublished":"2021-11-14T14:39:37+00:00","dateModified":"2026-02-16T14:28:34+00:00","breadcrumb":{"@id":"https:\/\/zeleni-prsten.hr\/portal\/zasticena-podrucja\/grgosova-spilja\/#breadcrumb"},"inLanguage":"hr","potentialAction":[{"@type":"ReadAction","target":["https:\/\/zeleni-prsten.hr\/portal\/zasticena-podrucja\/grgosova-spilja\/"]}]},{"@type":"BreadcrumbList","@id":"https:\/\/zeleni-prsten.hr\/portal\/zasticena-podrucja\/grgosova-spilja\/#breadcrumb","itemListElement":[{"@type":"ListItem","position":1,"name":"Home","item":"https:\/\/zeleni-prsten.hr\/portal\/"},{"@type":"ListItem","position":2,"name":"Za\u0161ti\u0107ena podru\u010dja","item":"https:\/\/zeleni-prsten.hr\/portal\/zasticena-podrucja\/"},{"@type":"ListItem","position":3,"name":"Grgosova \u0161pilja"}]}]}},"_links":{"self":[{"href":"https:\/\/zeleni-prsten.hr\/portal\/wp-json\/wp\/v2\/pages\/4050"}],"collection":[{"href":"https:\/\/zeleni-prsten.hr\/portal\/wp-json\/wp\/v2\/pages"}],"about":[{"href":"https:\/\/zeleni-prsten.hr\/portal\/wp-json\/wp\/v2\/types\/page"}],"author":[{"embeddable":true,"href":"https:\/\/zeleni-prsten.hr\/portal\/wp-json\/wp\/v2\/users\/1"}],"replies":[{"embeddable":true,"href":"https:\/\/zeleni-prsten.hr\/portal\/wp-json\/wp\/v2\/comments?post=4050"}],"version-history":[{"count":12,"href":"https:\/\/zeleni-prsten.hr\/portal\/wp-json\/wp\/v2\/pages\/4050\/revisions"}],"predecessor-version":[{"id":18525,"href":"https:\/\/zeleni-prsten.hr\/portal\/wp-json\/wp\/v2\/pages\/4050\/revisions\/18525"}],"up":[{"embeddable":true,"href":"https:\/\/zeleni-prsten.hr\/portal\/wp-json\/wp\/v2\/pages\/2509"}],"wp:featuredmedia":[{"embeddable":true,"href":"https:\/\/zeleni-prsten.hr\/portal\/wp-json\/wp\/v2\/media\/3436"}],"wp:attachment":[{"href":"https:\/\/zeleni-prsten.hr\/portal\/wp-json\/wp\/v2\/media?parent=4050"}],"curies":[{"name":"wp","href":"https:\/\/api.w.org\/{rel}","templated":true}]}}