{"id":4058,"date":"2021-11-14T15:42:38","date_gmt":"2021-11-14T14:42:38","guid":{"rendered":"https:\/\/zeleni-prsten.hr\/portal\/?page_id=4058"},"modified":"2022-03-07T13:54:19","modified_gmt":"2022-03-07T12:54:19","slug":"hrast-u-rakitovcu","status":"publish","type":"page","link":"https:\/\/zeleni-prsten.hr\/portal\/zasticena-podrucja\/hrast-u-rakitovcu\/","title":{"rendered":"Hrast u Rakitovcu"},"content":{"rendered":"<p>[vc_row full_width=&#8221;stretch_row&#8221;][vc_column]<div class=\"ult-spacer spacer-69e14c78748fb\" data-id=\"69e14c78748fb\" data-height=\"75\" data-height-mobile=\"30\" data-height-tab=\"50\" data-height-tab-portrait=\"50\" data-height-mobile-landscape=\"20\" style=\"clear:both;display:block;\"><\/div>[\/vc_column][\/vc_row][vc_row full_width=&#8221;stretch_row&#8221;][vc_column][vc_column_text css=&#8221;.vc_custom_1646253889829{padding-top: 2rem !important;padding-bottom: 3rem !important;}&#8221;]U dvori\u0161tu Podru\u010dne \u0161kole Rakitovec nalazi se stablo hrasta lu\u017enjaka za\u0161ti\u0107eno 2001. godine. Starost stabla je oko 110 godina, visina oko 22 metara, promjer kro\u0161nje gotovo 20 metara, obujam oko 380 cm i prsni promjer 121 cm. Zbog njegove starosti, veli\u010dine i impozantnosti Skup\u0161tina Zagreba\u010dke \u017eupanije za\u0161titila ga je 2001. godine u kategoriji spomenika prirode, kao rijetki primjerak drve\u0107a. Uz obi\u010dnu jelu hrast lu\u017enjak je najugro\u017eenija vrsta drve\u0107a u Hrvatskoj.<br \/>\nHrast lu\u017enjak <em>(Quercus robur L.)<\/em> je listopadna vrsta koja raste na dubokim, glinastim ili pjeskovitim, plodnim, prete\u017eno vla\u017enim tlima s visokom razinom podzemne vode. Kora je u mladosti glatka, oko dvadesete do tridesete godine se po\u010dinje raspucavati, a sa staro\u0161\u0107u je sve deblja (i do 10 cm), izbrazdana uzdu\u017enim dubokim (3-4 cm) i popre\u010dnim plitkim brazdama. Drvo hrasta lu\u017enjaka je tvrdo, \u010dvrsto i trajno. Listovi se sastoje od 2-10 mm duge peteljke i duboko, nepravilno urezane plojke. Baza lista je asimetri\u010dna, okruglasta i \u010desto s dvije u\u0161ke. Mlado li\u0161\u0107e je slabo dlakavo, no ubrzo ogoli s obje strane. Lu\u017enjak cvjeta u travnju i svibnju. Njegovi cvjetovi se opra\u0161uju vjetrom.<br \/>\nSvima poznat plod hrasta je \u017eir. \u017dirovi hrasta lu\u017enjaka izdu\u017eeno su jajasti, svijetlosme\u0111e ili \u017eu\u0107kaste boje, pro\u0161arani uzdu\u017enim prugama koje su na svje\u017eijem plodu tamnije nijanse. \u201eKapica&#8221; \u017eira stru\u010dno se naziva kupulom, a prekrivena je sitnim, prileglim ljuskama. Zbog velikog udjela alkaloida, \u017eirovi su gorki i trpki.[\/vc_column_text][\/vc_column][\/vc_row][vc_row full_width=&#8221;stretch_row&#8221; css=&#8221;.vc_custom_1636891230821{background-color: #ffffff !important;}&#8221;][vc_column][vc_custom_heading text=&#8221;Jeste li znali?&#8221;][vc_column_text]U Republici Hrvatskoj postoji 36 stabala u kategoriji za\u0161tite spomenika prirode, od \u010dega je 9 stabala hrasta lu\u017enjaka.[\/vc_column_text]<div class=\"ult-spacer spacer-69e14c787494c\" data-id=\"69e14c787494c\" data-height=\"100\" data-height-mobile=\"25\" data-height-tab=\"70\" data-height-tab-portrait=\"50\" data-height-mobile-landscape=\"30\" style=\"clear:both;display:block;\"><\/div>[\/vc_column][\/vc_row][vc_row full_width=&#8221;stretch_row&#8221; bg_type=&#8221;bg_color&#8221; bg_color_value=&#8221;#ffffff&#8221;][vc_column][vc_masonry_media_grid item=&#8221;masonryMedia_BorderedScale&#8221; initial_loading_animation=&#8221;fadeIn&#8221; grid_id=&#8221;vc_gid:1646657613503-8f8d687d-b82c-6&#8243; include=&#8221;4059,4060&#8243;][\/vc_column][\/vc_row][vc_row][vc_column][vc_text_separator title=&#8221;Istra\u017ei i do\u017eivi!&#8221; color=&#8221;sandy_brown&#8221; style=&#8221;double&#8221; el_width=&#8221;80&#8243; css_animation=&#8221;fadeIn&#8221;]<div class=\"ult-spacer spacer-69e14c7874979\" data-id=\"69e14c7874979\" data-height=\"40\" data-height-mobile=\"20\" data-height-tab=\"30\" data-height-tab-portrait=\"30\" data-height-mobile-landscape=\"20\" style=\"clear:both;display:block;\"><\/div>[vc_masonry_grid post_type=&#8221;ids&#8221; style=&#8221;lazy&#8221; items_per_page=&#8221;2&#8243; element_width=&#8221;6&#8243; item=&#8221;masonryGrid_FadeIn&#8221; initial_loading_animation=&#8221;fadeIn&#8221; grid_id=&#8221;vc_gid:1646657613504-7d70dc19-d42f-2&#8243; include=&#8221;4062, 4082&#8243;]<div class=\"ult-spacer spacer-69e14c787499f\" data-id=\"69e14c787499f\" data-height=\"100\" data-height-mobile=\"25\" data-height-tab=\"70\" data-height-tab-portrait=\"50\" data-height-mobile-landscape=\"30\" style=\"clear:both;display:block;\"><\/div>[\/vc_column][\/vc_row]<\/p>\n","protected":false},"excerpt":{"rendered":"<p>[vc_row full_width=&#8221;stretch_row&#8221;][vc_column][\/vc_column][\/vc_row][vc_row full_width=&#8221;stretch_row&#8221;][vc_column][vc_column_text css=&#8221;.vc_custom_1646253889829{padding-top: 2rem !important;padding-bottom: 3rem !important;}&#8221;]U dvori\u0161tu Podru\u010dne \u0161kole Rakitovec nalazi se stablo hrasta lu\u017enjaka za\u0161ti\u0107eno 2001. godine. Starost stabla je oko 110 godina, visina oko 22 metara, promjer kro\u0161nje gotovo 20 metara, obujam oko 380 cm i [&hellip;]<\/p>\n","protected":false},"author":1,"featured_media":3437,"parent":2509,"menu_order":20,"comment_status":"closed","ping_status":"closed","template":"","meta":{"ngg_post_thumbnail":0},"yoast_head":"<!-- This site is optimized with the Yoast SEO plugin v18.4.1 - https:\/\/yoast.com\/wordpress\/plugins\/seo\/ -->\n<title>Hrast u Rakitovcu - JU Zeleni prsten Zagreba\u010dke \u017eupanije<\/title>\n<meta name=\"robots\" content=\"index, follow, max-snippet:-1, max-image-preview:large, max-video-preview:-1\" \/>\n<link rel=\"canonical\" href=\"https:\/\/zeleni-prsten.hr\/portal\/zasticena-podrucja\/hrast-u-rakitovcu\/\" \/>\n<meta property=\"og:locale\" content=\"hr_HR\" \/>\n<meta property=\"og:type\" content=\"article\" \/>\n<meta property=\"og:title\" content=\"Hrast u Rakitovcu - JU Zeleni prsten Zagreba\u010dke \u017eupanije\" \/>\n<meta property=\"og:description\" content=\"[vc_row full_width=&#8221;stretch_row&#8221;][vc_column][\/vc_column][\/vc_row][vc_row full_width=&#8221;stretch_row&#8221;][vc_column][vc_column_text css=&#8221;.vc_custom_1646253889829{padding-top: 2rem !important;padding-bottom: 3rem !important;}&#8221;]U dvori\u0161tu Podru\u010dne \u0161kole Rakitovec nalazi se stablo hrasta lu\u017enjaka za\u0161ti\u0107eno 2001. godine. Starost stabla je oko 110 godina, visina oko 22 metara, promjer kro\u0161nje gotovo 20 metara, obujam oko 380 cm i [&hellip;]\" \/>\n<meta property=\"og:url\" content=\"https:\/\/zeleni-prsten.hr\/portal\/zasticena-podrucja\/hrast-u-rakitovcu\/\" \/>\n<meta property=\"og:site_name\" content=\"JU Zeleni prsten Zagreba\u010dke \u017eupanije\" \/>\n<meta property=\"article:modified_time\" content=\"2022-03-07T12:54:19+00:00\" \/>\n<meta property=\"og:image\" content=\"https:\/\/zeleni-prsten.hr\/portal\/wp-content\/uploads\/2021\/03\/Spomenik-prirode-Hrast-u-Rakitovcu.jpg\" \/>\n\t<meta property=\"og:image:width\" content=\"2500\" \/>\n\t<meta property=\"og:image:height\" content=\"1406\" \/>\n\t<meta property=\"og:image:type\" content=\"image\/jpeg\" \/>\n<meta name=\"twitter:card\" content=\"summary_large_image\" \/>\n<meta name=\"twitter:label1\" content=\"Procijenjeno vrijeme \u010ditanja\" \/>\n\t<meta name=\"twitter:data1\" content=\"3 minute\" \/>\n<script type=\"application\/ld+json\" class=\"yoast-schema-graph\">{\"@context\":\"https:\/\/schema.org\",\"@graph\":[{\"@type\":\"WebSite\",\"@id\":\"https:\/\/zeleni-prsten.hr\/portal\/#website\",\"url\":\"https:\/\/zeleni-prsten.hr\/portal\/\",\"name\":\"JU Zeleni prsten Zagreba\u010dke \u017eupanije\",\"description\":\"JU Zeleni prsten Zagreba\u010dke \u017eupanije\",\"potentialAction\":[{\"@type\":\"SearchAction\",\"target\":{\"@type\":\"EntryPoint\",\"urlTemplate\":\"https:\/\/zeleni-prsten.hr\/portal\/?s={search_term_string}\"},\"query-input\":\"required name=search_term_string\"}],\"inLanguage\":\"hr\"},{\"@type\":\"ImageObject\",\"@id\":\"https:\/\/zeleni-prsten.hr\/portal\/zasticena-podrucja\/hrast-u-rakitovcu\/#primaryimage\",\"inLanguage\":\"hr\",\"url\":\"https:\/\/zeleni-prsten.hr\/portal\/wp-content\/uploads\/2021\/03\/Spomenik-prirode-Hrast-u-Rakitovcu.jpg\",\"contentUrl\":\"https:\/\/zeleni-prsten.hr\/portal\/wp-content\/uploads\/2021\/03\/Spomenik-prirode-Hrast-u-Rakitovcu.jpg\",\"width\":2500,\"height\":1406},{\"@type\":\"WebPage\",\"@id\":\"https:\/\/zeleni-prsten.hr\/portal\/zasticena-podrucja\/hrast-u-rakitovcu\/#webpage\",\"url\":\"https:\/\/zeleni-prsten.hr\/portal\/zasticena-podrucja\/hrast-u-rakitovcu\/\",\"name\":\"Hrast u Rakitovcu - JU Zeleni prsten Zagreba\u010dke \u017eupanije\",\"isPartOf\":{\"@id\":\"https:\/\/zeleni-prsten.hr\/portal\/#website\"},\"primaryImageOfPage\":{\"@id\":\"https:\/\/zeleni-prsten.hr\/portal\/zasticena-podrucja\/hrast-u-rakitovcu\/#primaryimage\"},\"datePublished\":\"2021-11-14T14:42:38+00:00\",\"dateModified\":\"2022-03-07T12:54:19+00:00\",\"breadcrumb\":{\"@id\":\"https:\/\/zeleni-prsten.hr\/portal\/zasticena-podrucja\/hrast-u-rakitovcu\/#breadcrumb\"},\"inLanguage\":\"hr\",\"potentialAction\":[{\"@type\":\"ReadAction\",\"target\":[\"https:\/\/zeleni-prsten.hr\/portal\/zasticena-podrucja\/hrast-u-rakitovcu\/\"]}]},{\"@type\":\"BreadcrumbList\",\"@id\":\"https:\/\/zeleni-prsten.hr\/portal\/zasticena-podrucja\/hrast-u-rakitovcu\/#breadcrumb\",\"itemListElement\":[{\"@type\":\"ListItem\",\"position\":1,\"name\":\"Home\",\"item\":\"https:\/\/zeleni-prsten.hr\/portal\/\"},{\"@type\":\"ListItem\",\"position\":2,\"name\":\"Za\u0161ti\u0107ena podru\u010dja\",\"item\":\"https:\/\/zeleni-prsten.hr\/portal\/zasticena-podrucja\/\"},{\"@type\":\"ListItem\",\"position\":3,\"name\":\"Hrast u Rakitovcu\"}]}]}<\/script>\n<!-- \/ Yoast SEO plugin. -->","yoast_head_json":{"title":"Hrast u Rakitovcu - JU Zeleni prsten Zagreba\u010dke \u017eupanije","robots":{"index":"index","follow":"follow","max-snippet":"max-snippet:-1","max-image-preview":"max-image-preview:large","max-video-preview":"max-video-preview:-1"},"canonical":"https:\/\/zeleni-prsten.hr\/portal\/zasticena-podrucja\/hrast-u-rakitovcu\/","og_locale":"hr_HR","og_type":"article","og_title":"Hrast u Rakitovcu - JU Zeleni prsten Zagreba\u010dke \u017eupanije","og_description":"[vc_row full_width=&#8221;stretch_row&#8221;][vc_column][\/vc_column][\/vc_row][vc_row full_width=&#8221;stretch_row&#8221;][vc_column][vc_column_text css=&#8221;.vc_custom_1646253889829{padding-top: 2rem !important;padding-bottom: 3rem !important;}&#8221;]U dvori\u0161tu Podru\u010dne \u0161kole Rakitovec nalazi se stablo hrasta lu\u017enjaka za\u0161ti\u0107eno 2001. godine. Starost stabla je oko 110 godina, visina oko 22 metara, promjer kro\u0161nje gotovo 20 metara, obujam oko 380 cm i [&hellip;]","og_url":"https:\/\/zeleni-prsten.hr\/portal\/zasticena-podrucja\/hrast-u-rakitovcu\/","og_site_name":"JU Zeleni prsten Zagreba\u010dke \u017eupanije","article_modified_time":"2022-03-07T12:54:19+00:00","og_image":[{"width":2500,"height":1406,"url":"https:\/\/zeleni-prsten.hr\/portal\/wp-content\/uploads\/2021\/03\/Spomenik-prirode-Hrast-u-Rakitovcu.jpg","type":"image\/jpeg"}],"twitter_card":"summary_large_image","twitter_misc":{"Procijenjeno vrijeme \u010ditanja":"3 minute"},"schema":{"@context":"https:\/\/schema.org","@graph":[{"@type":"WebSite","@id":"https:\/\/zeleni-prsten.hr\/portal\/#website","url":"https:\/\/zeleni-prsten.hr\/portal\/","name":"JU Zeleni prsten Zagreba\u010dke \u017eupanije","description":"JU Zeleni prsten Zagreba\u010dke \u017eupanije","potentialAction":[{"@type":"SearchAction","target":{"@type":"EntryPoint","urlTemplate":"https:\/\/zeleni-prsten.hr\/portal\/?s={search_term_string}"},"query-input":"required name=search_term_string"}],"inLanguage":"hr"},{"@type":"ImageObject","@id":"https:\/\/zeleni-prsten.hr\/portal\/zasticena-podrucja\/hrast-u-rakitovcu\/#primaryimage","inLanguage":"hr","url":"https:\/\/zeleni-prsten.hr\/portal\/wp-content\/uploads\/2021\/03\/Spomenik-prirode-Hrast-u-Rakitovcu.jpg","contentUrl":"https:\/\/zeleni-prsten.hr\/portal\/wp-content\/uploads\/2021\/03\/Spomenik-prirode-Hrast-u-Rakitovcu.jpg","width":2500,"height":1406},{"@type":"WebPage","@id":"https:\/\/zeleni-prsten.hr\/portal\/zasticena-podrucja\/hrast-u-rakitovcu\/#webpage","url":"https:\/\/zeleni-prsten.hr\/portal\/zasticena-podrucja\/hrast-u-rakitovcu\/","name":"Hrast u Rakitovcu - JU Zeleni prsten Zagreba\u010dke \u017eupanije","isPartOf":{"@id":"https:\/\/zeleni-prsten.hr\/portal\/#website"},"primaryImageOfPage":{"@id":"https:\/\/zeleni-prsten.hr\/portal\/zasticena-podrucja\/hrast-u-rakitovcu\/#primaryimage"},"datePublished":"2021-11-14T14:42:38+00:00","dateModified":"2022-03-07T12:54:19+00:00","breadcrumb":{"@id":"https:\/\/zeleni-prsten.hr\/portal\/zasticena-podrucja\/hrast-u-rakitovcu\/#breadcrumb"},"inLanguage":"hr","potentialAction":[{"@type":"ReadAction","target":["https:\/\/zeleni-prsten.hr\/portal\/zasticena-podrucja\/hrast-u-rakitovcu\/"]}]},{"@type":"BreadcrumbList","@id":"https:\/\/zeleni-prsten.hr\/portal\/zasticena-podrucja\/hrast-u-rakitovcu\/#breadcrumb","itemListElement":[{"@type":"ListItem","position":1,"name":"Home","item":"https:\/\/zeleni-prsten.hr\/portal\/"},{"@type":"ListItem","position":2,"name":"Za\u0161ti\u0107ena podru\u010dja","item":"https:\/\/zeleni-prsten.hr\/portal\/zasticena-podrucja\/"},{"@type":"ListItem","position":3,"name":"Hrast u Rakitovcu"}]}]}},"_links":{"self":[{"href":"https:\/\/zeleni-prsten.hr\/portal\/wp-json\/wp\/v2\/pages\/4058"}],"collection":[{"href":"https:\/\/zeleni-prsten.hr\/portal\/wp-json\/wp\/v2\/pages"}],"about":[{"href":"https:\/\/zeleni-prsten.hr\/portal\/wp-json\/wp\/v2\/types\/page"}],"author":[{"embeddable":true,"href":"https:\/\/zeleni-prsten.hr\/portal\/wp-json\/wp\/v2\/users\/1"}],"replies":[{"embeddable":true,"href":"https:\/\/zeleni-prsten.hr\/portal\/wp-json\/wp\/v2\/comments?post=4058"}],"version-history":[{"count":7,"href":"https:\/\/zeleni-prsten.hr\/portal\/wp-json\/wp\/v2\/pages\/4058\/revisions"}],"predecessor-version":[{"id":12081,"href":"https:\/\/zeleni-prsten.hr\/portal\/wp-json\/wp\/v2\/pages\/4058\/revisions\/12081"}],"up":[{"embeddable":true,"href":"https:\/\/zeleni-prsten.hr\/portal\/wp-json\/wp\/v2\/pages\/2509"}],"wp:featuredmedia":[{"embeddable":true,"href":"https:\/\/zeleni-prsten.hr\/portal\/wp-json\/wp\/v2\/media\/3437"}],"wp:attachment":[{"href":"https:\/\/zeleni-prsten.hr\/portal\/wp-json\/wp\/v2\/media?parent=4058"}],"curies":[{"name":"wp","href":"https:\/\/api.w.org\/{rel}","templated":true}]}}