{"id":4082,"date":"2021-11-14T15:51:52","date_gmt":"2021-11-14T14:51:52","guid":{"rendered":"https:\/\/zeleni-prsten.hr\/portal\/?page_id=4082"},"modified":"2022-03-07T13:54:35","modified_gmt":"2022-03-07T12:54:35","slug":"zelinska-glava","status":"publish","type":"page","link":"https:\/\/zeleni-prsten.hr\/portal\/zasticena-podrucja\/zelinska-glava\/","title":{"rendered":"Zelinska glava"},"content":{"rendered":"<p>[vc_row full_width=&#8221;stretch_row&#8221;][vc_column]<div class=\"ult-spacer spacer-69e1e0aa14463\" data-id=\"69e1e0aa14463\" data-height=\"75\" data-height-mobile=\"30\" data-height-tab=\"50\" data-height-tab-portrait=\"50\" data-height-mobile-landscape=\"20\" style=\"clear:both;display:block;\"><\/div>[\/vc_column][\/vc_row][vc_row full_width=&#8221;stretch_row&#8221;][vc_column][vc_column_text css=&#8221;.vc_custom_1636901328509{padding-top: 2rem !important;padding-bottom: 3rem !important;}&#8221;]Podru\u010dje Zelinske glave za\u0161ti\u0107eno je 1992. godine kao zna\u010dajni krajobraz. Povr\u0161ina za\u0161ti\u0107enog podru\u010dja iznosi 1.003,94 ha, a obuhva\u0107a podru\u010dje Male i Velike Reke s dolinskim livadama uz Veliku Reku, stari Zelingrad s okolicom, napu\u0161teni kop kamenoloma u dolini Velike Reke, otvorene prostore vinograda i vo\u0107njaka iznad predjela Hrastovec, dolinske i brdske livade Klade\u0161\u010dice te \u0161umski kompleks doline potoka Bistrica. Zna\u010dajni krajobraz Zelinska glava pru\u017ea se sjeverozapadno od grada Sveti Ivan Zelina i predstavlja najisto\u010dnije ogranke masiva Medvednice. U krajoliku se izmjenjuju prostrane brdske livade sa \u0161umama. U ovom podru\u010dju Medvednice o\u010duvala se raznolikost i bujnost prizemnog raslinja u kojem se naro\u010dito isti\u010du proljetnice.[\/vc_column_text][\/vc_column][\/vc_row][vc_row full_width=&#8221;stretch_row&#8221; css=&#8221;.vc_custom_1636891230821{background-color: #ffffff !important;}&#8221;][vc_column][vc_custom_heading text=&#8221;Jeste li znali?&#8221;][vc_column_text]Unutar za\u0161ti\u0107enog prostora dominiraju zidine srednjovjekovnog Zelingrada izgra\u0111enog u godinama nakon provale Tatara. Zelingrad se prvi put spominje 1295. godine kada se u njemu nalazio ka\u0161telan s kraljevskom posadom.[\/vc_column_text]<div class=\"ult-spacer spacer-69e1e0aa1447c\" data-id=\"69e1e0aa1447c\" data-height=\"100\" data-height-mobile=\"25\" data-height-tab=\"70\" data-height-tab-portrait=\"50\" data-height-mobile-landscape=\"30\" style=\"clear:both;display:block;\"><\/div>[\/vc_column][\/vc_row][vc_row full_width=&#8221;stretch_row&#8221; bg_type=&#8221;bg_color&#8221; bg_color_value=&#8221;#ffffff&#8221;][vc_column][vc_masonry_media_grid item=&#8221;masonryMedia_BorderedScale&#8221; initial_loading_animation=&#8221;fadeIn&#8221; grid_id=&#8221;vc_gid:1646657634381-64bf18a4-e4fb-1&#8243; include=&#8221;4083,4084,4085,4086,4087,4088,4089,4090,4091&#8243;][\/vc_column][\/vc_row][vc_row][vc_column][vc_text_separator title=&#8221;Istra\u017ei i do\u017eivi!&#8221; color=&#8221;sandy_brown&#8221; style=&#8221;double&#8221; el_width=&#8221;80&#8243; css_animation=&#8221;fadeIn&#8221;]<div class=\"ult-spacer spacer-69e1e0aa14489\" data-id=\"69e1e0aa14489\" data-height=\"40\" data-height-mobile=\"20\" data-height-tab=\"30\" data-height-tab-portrait=\"30\" data-height-mobile-landscape=\"20\" style=\"clear:both;display:block;\"><\/div>[vc_masonry_grid post_type=&#8221;ids&#8221; style=&#8221;lazy&#8221; items_per_page=&#8221;3&#8243; item=&#8221;masonryGrid_FadeIn&#8221; initial_loading_animation=&#8221;fadeIn&#8221; grid_id=&#8221;vc_gid:1646657634383-d9e07039-7671-1&#8243; include=&#8221;3410&#8243;]<div class=\"ult-spacer spacer-69e1e0aa14493\" data-id=\"69e1e0aa14493\" data-height=\"100\" data-height-mobile=\"25\" data-height-tab=\"70\" data-height-tab-portrait=\"50\" data-height-mobile-landscape=\"30\" style=\"clear:both;display:block;\"><\/div>[\/vc_column][\/vc_row]<\/p>\n","protected":false},"excerpt":{"rendered":"<p>[vc_row full_width=&#8221;stretch_row&#8221;][vc_column][\/vc_column][\/vc_row][vc_row full_width=&#8221;stretch_row&#8221;][vc_column][vc_column_text css=&#8221;.vc_custom_1636901328509{padding-top: 2rem !important;padding-bottom: 3rem !important;}&#8221;]Podru\u010dje Zelinske glave za\u0161ti\u0107eno je 1992. godine kao zna\u010dajni krajobraz. Povr\u0161ina za\u0161ti\u0107enog podru\u010dja iznosi 1.003,94 ha, a obuhva\u0107a podru\u010dje Male i Velike Reke s dolinskim livadama uz Veliku Reku, stari Zelingrad s okolicom, [&hellip;]<\/p>\n","protected":false},"author":1,"featured_media":3439,"parent":2509,"menu_order":22,"comment_status":"closed","ping_status":"closed","template":"","meta":{"ngg_post_thumbnail":0},"yoast_head":"<!-- This site is optimized with the Yoast SEO plugin v18.4.1 - https:\/\/yoast.com\/wordpress\/plugins\/seo\/ -->\n<title>Zelinska glava - JU Zeleni prsten Zagreba\u010dke \u017eupanije<\/title>\n<meta name=\"robots\" content=\"index, follow, max-snippet:-1, max-image-preview:large, max-video-preview:-1\" \/>\n<link rel=\"canonical\" href=\"https:\/\/zeleni-prsten.hr\/portal\/zasticena-podrucja\/zelinska-glava\/\" \/>\n<meta property=\"og:locale\" content=\"hr_HR\" \/>\n<meta property=\"og:type\" content=\"article\" \/>\n<meta property=\"og:title\" content=\"Zelinska glava - JU Zeleni prsten Zagreba\u010dke \u017eupanije\" \/>\n<meta property=\"og:description\" content=\"[vc_row full_width=&#8221;stretch_row&#8221;][vc_column][\/vc_column][\/vc_row][vc_row full_width=&#8221;stretch_row&#8221;][vc_column][vc_column_text css=&#8221;.vc_custom_1636901328509{padding-top: 2rem !important;padding-bottom: 3rem !important;}&#8221;]Podru\u010dje Zelinske glave za\u0161ti\u0107eno je 1992. godine kao zna\u010dajni krajobraz. Povr\u0161ina za\u0161ti\u0107enog podru\u010dja iznosi 1.003,94 ha, a obuhva\u0107a podru\u010dje Male i Velike Reke s dolinskim livadama uz Veliku Reku, stari Zelingrad s okolicom, [&hellip;]\" \/>\n<meta property=\"og:url\" content=\"https:\/\/zeleni-prsten.hr\/portal\/zasticena-podrucja\/zelinska-glava\/\" \/>\n<meta property=\"og:site_name\" content=\"JU Zeleni prsten Zagreba\u010dke \u017eupanije\" \/>\n<meta property=\"article:modified_time\" content=\"2022-03-07T12:54:35+00:00\" \/>\n<meta property=\"og:image\" content=\"https:\/\/zeleni-prsten.hr\/portal\/wp-content\/uploads\/2021\/03\/Znacajni-krajobraz-Zelinska-glava-1024x768.jpg\" \/>\n\t<meta property=\"og:image:width\" content=\"1024\" \/>\n\t<meta property=\"og:image:height\" content=\"768\" \/>\n\t<meta property=\"og:image:type\" content=\"image\/jpeg\" \/>\n<meta name=\"twitter:card\" content=\"summary_large_image\" \/>\n<meta name=\"twitter:label1\" content=\"Procijenjeno vrijeme \u010ditanja\" \/>\n\t<meta name=\"twitter:data1\" content=\"2 minute\" \/>\n<script type=\"application\/ld+json\" class=\"yoast-schema-graph\">{\"@context\":\"https:\/\/schema.org\",\"@graph\":[{\"@type\":\"WebSite\",\"@id\":\"https:\/\/zeleni-prsten.hr\/portal\/#website\",\"url\":\"https:\/\/zeleni-prsten.hr\/portal\/\",\"name\":\"JU Zeleni prsten Zagreba\u010dke \u017eupanije\",\"description\":\"JU Zeleni prsten Zagreba\u010dke \u017eupanije\",\"potentialAction\":[{\"@type\":\"SearchAction\",\"target\":{\"@type\":\"EntryPoint\",\"urlTemplate\":\"https:\/\/zeleni-prsten.hr\/portal\/?s={search_term_string}\"},\"query-input\":\"required name=search_term_string\"}],\"inLanguage\":\"hr\"},{\"@type\":\"ImageObject\",\"@id\":\"https:\/\/zeleni-prsten.hr\/portal\/zasticena-podrucja\/zelinska-glava\/#primaryimage\",\"inLanguage\":\"hr\",\"url\":\"https:\/\/zeleni-prsten.hr\/portal\/wp-content\/uploads\/2021\/03\/Znacajni-krajobraz-Zelinska-glava.jpg\",\"contentUrl\":\"https:\/\/zeleni-prsten.hr\/portal\/wp-content\/uploads\/2021\/03\/Znacajni-krajobraz-Zelinska-glava.jpg\",\"width\":2048,\"height\":1536,\"caption\":\"OLYMPUS DIGITAL CAMERA\"},{\"@type\":\"WebPage\",\"@id\":\"https:\/\/zeleni-prsten.hr\/portal\/zasticena-podrucja\/zelinska-glava\/#webpage\",\"url\":\"https:\/\/zeleni-prsten.hr\/portal\/zasticena-podrucja\/zelinska-glava\/\",\"name\":\"Zelinska glava - JU Zeleni prsten Zagreba\u010dke \u017eupanije\",\"isPartOf\":{\"@id\":\"https:\/\/zeleni-prsten.hr\/portal\/#website\"},\"primaryImageOfPage\":{\"@id\":\"https:\/\/zeleni-prsten.hr\/portal\/zasticena-podrucja\/zelinska-glava\/#primaryimage\"},\"datePublished\":\"2021-11-14T14:51:52+00:00\",\"dateModified\":\"2022-03-07T12:54:35+00:00\",\"breadcrumb\":{\"@id\":\"https:\/\/zeleni-prsten.hr\/portal\/zasticena-podrucja\/zelinska-glava\/#breadcrumb\"},\"inLanguage\":\"hr\",\"potentialAction\":[{\"@type\":\"ReadAction\",\"target\":[\"https:\/\/zeleni-prsten.hr\/portal\/zasticena-podrucja\/zelinska-glava\/\"]}]},{\"@type\":\"BreadcrumbList\",\"@id\":\"https:\/\/zeleni-prsten.hr\/portal\/zasticena-podrucja\/zelinska-glava\/#breadcrumb\",\"itemListElement\":[{\"@type\":\"ListItem\",\"position\":1,\"name\":\"Home\",\"item\":\"https:\/\/zeleni-prsten.hr\/portal\/\"},{\"@type\":\"ListItem\",\"position\":2,\"name\":\"Za\u0161ti\u0107ena podru\u010dja\",\"item\":\"https:\/\/zeleni-prsten.hr\/portal\/zasticena-podrucja\/\"},{\"@type\":\"ListItem\",\"position\":3,\"name\":\"Zelinska glava\"}]}]}<\/script>\n<!-- \/ Yoast SEO plugin. -->","yoast_head_json":{"title":"Zelinska glava - JU Zeleni prsten Zagreba\u010dke \u017eupanije","robots":{"index":"index","follow":"follow","max-snippet":"max-snippet:-1","max-image-preview":"max-image-preview:large","max-video-preview":"max-video-preview:-1"},"canonical":"https:\/\/zeleni-prsten.hr\/portal\/zasticena-podrucja\/zelinska-glava\/","og_locale":"hr_HR","og_type":"article","og_title":"Zelinska glava - JU Zeleni prsten Zagreba\u010dke \u017eupanije","og_description":"[vc_row full_width=&#8221;stretch_row&#8221;][vc_column][\/vc_column][\/vc_row][vc_row full_width=&#8221;stretch_row&#8221;][vc_column][vc_column_text css=&#8221;.vc_custom_1636901328509{padding-top: 2rem !important;padding-bottom: 3rem !important;}&#8221;]Podru\u010dje Zelinske glave za\u0161ti\u0107eno je 1992. godine kao zna\u010dajni krajobraz. Povr\u0161ina za\u0161ti\u0107enog podru\u010dja iznosi 1.003,94 ha, a obuhva\u0107a podru\u010dje Male i Velike Reke s dolinskim livadama uz Veliku Reku, stari Zelingrad s okolicom, [&hellip;]","og_url":"https:\/\/zeleni-prsten.hr\/portal\/zasticena-podrucja\/zelinska-glava\/","og_site_name":"JU Zeleni prsten Zagreba\u010dke \u017eupanije","article_modified_time":"2022-03-07T12:54:35+00:00","og_image":[{"width":1024,"height":768,"url":"https:\/\/zeleni-prsten.hr\/portal\/wp-content\/uploads\/2021\/03\/Znacajni-krajobraz-Zelinska-glava-1024x768.jpg","type":"image\/jpeg"}],"twitter_card":"summary_large_image","twitter_misc":{"Procijenjeno vrijeme \u010ditanja":"2 minute"},"schema":{"@context":"https:\/\/schema.org","@graph":[{"@type":"WebSite","@id":"https:\/\/zeleni-prsten.hr\/portal\/#website","url":"https:\/\/zeleni-prsten.hr\/portal\/","name":"JU Zeleni prsten Zagreba\u010dke \u017eupanije","description":"JU Zeleni prsten Zagreba\u010dke \u017eupanije","potentialAction":[{"@type":"SearchAction","target":{"@type":"EntryPoint","urlTemplate":"https:\/\/zeleni-prsten.hr\/portal\/?s={search_term_string}"},"query-input":"required name=search_term_string"}],"inLanguage":"hr"},{"@type":"ImageObject","@id":"https:\/\/zeleni-prsten.hr\/portal\/zasticena-podrucja\/zelinska-glava\/#primaryimage","inLanguage":"hr","url":"https:\/\/zeleni-prsten.hr\/portal\/wp-content\/uploads\/2021\/03\/Znacajni-krajobraz-Zelinska-glava.jpg","contentUrl":"https:\/\/zeleni-prsten.hr\/portal\/wp-content\/uploads\/2021\/03\/Znacajni-krajobraz-Zelinska-glava.jpg","width":2048,"height":1536,"caption":"OLYMPUS DIGITAL CAMERA"},{"@type":"WebPage","@id":"https:\/\/zeleni-prsten.hr\/portal\/zasticena-podrucja\/zelinska-glava\/#webpage","url":"https:\/\/zeleni-prsten.hr\/portal\/zasticena-podrucja\/zelinska-glava\/","name":"Zelinska glava - JU Zeleni prsten Zagreba\u010dke \u017eupanije","isPartOf":{"@id":"https:\/\/zeleni-prsten.hr\/portal\/#website"},"primaryImageOfPage":{"@id":"https:\/\/zeleni-prsten.hr\/portal\/zasticena-podrucja\/zelinska-glava\/#primaryimage"},"datePublished":"2021-11-14T14:51:52+00:00","dateModified":"2022-03-07T12:54:35+00:00","breadcrumb":{"@id":"https:\/\/zeleni-prsten.hr\/portal\/zasticena-podrucja\/zelinska-glava\/#breadcrumb"},"inLanguage":"hr","potentialAction":[{"@type":"ReadAction","target":["https:\/\/zeleni-prsten.hr\/portal\/zasticena-podrucja\/zelinska-glava\/"]}]},{"@type":"BreadcrumbList","@id":"https:\/\/zeleni-prsten.hr\/portal\/zasticena-podrucja\/zelinska-glava\/#breadcrumb","itemListElement":[{"@type":"ListItem","position":1,"name":"Home","item":"https:\/\/zeleni-prsten.hr\/portal\/"},{"@type":"ListItem","position":2,"name":"Za\u0161ti\u0107ena podru\u010dja","item":"https:\/\/zeleni-prsten.hr\/portal\/zasticena-podrucja\/"},{"@type":"ListItem","position":3,"name":"Zelinska glava"}]}]}},"_links":{"self":[{"href":"https:\/\/zeleni-prsten.hr\/portal\/wp-json\/wp\/v2\/pages\/4082"}],"collection":[{"href":"https:\/\/zeleni-prsten.hr\/portal\/wp-json\/wp\/v2\/pages"}],"about":[{"href":"https:\/\/zeleni-prsten.hr\/portal\/wp-json\/wp\/v2\/types\/page"}],"author":[{"embeddable":true,"href":"https:\/\/zeleni-prsten.hr\/portal\/wp-json\/wp\/v2\/users\/1"}],"replies":[{"embeddable":true,"href":"https:\/\/zeleni-prsten.hr\/portal\/wp-json\/wp\/v2\/comments?post=4082"}],"version-history":[{"count":4,"href":"https:\/\/zeleni-prsten.hr\/portal\/wp-json\/wp\/v2\/pages\/4082\/revisions"}],"predecessor-version":[{"id":12083,"href":"https:\/\/zeleni-prsten.hr\/portal\/wp-json\/wp\/v2\/pages\/4082\/revisions\/12083"}],"up":[{"embeddable":true,"href":"https:\/\/zeleni-prsten.hr\/portal\/wp-json\/wp\/v2\/pages\/2509"}],"wp:featuredmedia":[{"embeddable":true,"href":"https:\/\/zeleni-prsten.hr\/portal\/wp-json\/wp\/v2\/media\/3439"}],"wp:attachment":[{"href":"https:\/\/zeleni-prsten.hr\/portal\/wp-json\/wp\/v2\/media?parent=4082"}],"curies":[{"name":"wp","href":"https:\/\/api.w.org\/{rel}","templated":true}]}}