{"id":4153,"date":"2022-01-31T16:37:57","date_gmt":"2022-01-31T15:37:57","guid":{"rendered":"https:\/\/zeleni-prsten.hr\/portal\/?page_id=4153"},"modified":"2024-08-12T08:24:51","modified_gmt":"2024-08-12T06:24:51","slug":"video","status":"publish","type":"page","link":"https:\/\/zeleni-prsten.hr\/portal\/video\/","title":{"rendered":"Video"},"content":{"rendered":"<p>[vc_row][vc_column]<div class=\"ult-spacer spacer-69f5b45fba647\" data-id=\"69f5b45fba647\" data-height=\"60\" data-height-mobile=\"20\" data-height-tab=\"40\" data-height-tab-portrait=\"30\" data-height-mobile-landscape=\"25\" style=\"clear:both;display:block;\"><\/div>[\/vc_column][\/vc_row][vc_row css=&#8221;.vc_custom_1643644643796{margin-right: 0px !important;margin-left: 0px !important;}&#8221;][vc_column][vc_text_separator title=&#8221;Tajanstveni svijet Zagreba\u010dke \u017eupanije&#8221; title_align=&#8221;separator_align_left&#8221; align=&#8221;align_left&#8221; color=&#8221;sandy_brown&#8221; style=&#8221;double&#8221; border_width=&#8221;2&#8243; css=&#8221;.vc_custom_1723443888395{margin-top: 8rem !important;margin-bottom: 6rem !important;}&#8221;][vc_video link=&#8221;https:\/\/www.youtube.com\/watch?v=Pjua0-UKMPc&amp;ab_channel=JavnaustanovaZagreba%C4%8Dke%C5%BEupanije&#8221; align=&#8221;center&#8221;][vc_text_separator title=&#8221;Tajanstveni \u017eivot roda&#8221; title_align=&#8221;separator_align_left&#8221; align=&#8221;align_left&#8221; color=&#8221;sandy_brown&#8221; style=&#8221;double&#8221; border_width=&#8221;2&#8243; css=&#8221;.vc_custom_1661331205928{margin-top: 8rem !important;margin-bottom: 6rem !important;}&#8221;][vc_video link=&#8221;https:\/\/www.youtube.com\/watch?v=EUxP0R46E1E&amp;ab_channel=JavnaustanovaZagreba%C4%8Dke%C5%BEupanije&#8221; align=&#8221;center&#8221;][vc_text_separator title=&#8221;\u010cudesna \u0161uma \u017dutica izme\u0111u dvije poplave &#8211; trailer&#8221; title_align=&#8221;separator_align_left&#8221; align=&#8221;align_left&#8221; color=&#8221;sandy_brown&#8221; style=&#8221;double&#8221; border_width=&#8221;2&#8243; css=&#8221;.vc_custom_1643645306963{margin-top: 8rem !important;margin-bottom: 6rem !important;}&#8221;][vc_video link=&#8221;https:\/\/www.youtube.com\/watch?v=REXhgdjf3dY&amp;ab_channel=JavnaustanovaZagreba%C4%8Dke%C5%BEupanije&#8221; align=&#8221;center&#8221;][vc_text_separator title=&#8221;Rijeka Sava u Zagreba\u010dkoj \u017eupaniji&#8221; title_align=&#8221;separator_align_left&#8221; align=&#8221;align_left&#8221; color=&#8221;sandy_brown&#8221; style=&#8221;double&#8221; border_width=&#8221;2&#8243; css=&#8221;.vc_custom_1643645318508{margin-top: 8rem !important;margin-bottom: 6rem !important;}&#8221;][vc_video link=&#8221;https:\/\/www.youtube.com\/watch?v=v0x0j6FWTN0&amp;ab_channel=JavnaustanovaZagreba%C4%8Dke%C5%BEupanije&#8221; align=&#8221;center&#8221;][vc_text_separator title=&#8221;Obnova rijeke Save od Bre\u017eica do Rugvice&#8221; title_align=&#8221;separator_align_left&#8221; align=&#8221;align_left&#8221; color=&#8221;sandy_brown&#8221; style=&#8221;double&#8221; border_width=&#8221;2&#8243; css=&#8221;.vc_custom_1643645329602{margin-top: 8rem !important;margin-bottom: 6rem !important;}&#8221;][vc_video link=&#8221;https:\/\/www.youtube.com\/watch?v=uuqc-aiaNUg&amp;ab_channel=SavaParksNetwork&#8221; align=&#8221;center&#8221;][vc_text_separator title=&#8221;Plavo zeleni svijet rijeke Save \u2013 trailer&#8221; title_align=&#8221;separator_align_left&#8221; align=&#8221;align_left&#8221; color=&#8221;sandy_brown&#8221; style=&#8221;double&#8221; border_width=&#8221;2&#8243; css=&#8221;.vc_custom_1643645433827{margin-top: 8rem !important;margin-bottom: 6rem !important;}&#8221;][vc_video link=&#8221;https:\/\/www.youtube.com\/watch?v=ZI5I-Aqhlog&amp;list=PLoElHWZWOap63FQ&#8211;44MHFkx951mlUD72&amp;index=25&amp;ab_channel=JavnaustanovaZagreba%C4%8Dke%C5%BEupanije&#8221; align=&#8221;center&#8221;][vc_text_separator title=&#8221;Plavo zeleni svijet rijeke Save&#8221; title_align=&#8221;separator_align_left&#8221; align=&#8221;align_left&#8221; color=&#8221;sandy_brown&#8221; style=&#8221;double&#8221; border_width=&#8221;2&#8243; css=&#8221;.vc_custom_1643645489124{margin-top: 8rem !important;margin-bottom: 6rem !important;}&#8221;][vc_video link=&#8221;https:\/\/www.youtube.com\/watch?v=I17oqnu4MpQ&amp;t=29s&amp;ab_channel=JavnaustanovaZagreba%C4%8Dke%C5%BEupanije&#8221; align=&#8221;center&#8221;][vc_text_separator title=&#8221;Kosci za kosce&#8221; title_align=&#8221;separator_align_left&#8221; align=&#8221;align_left&#8221; color=&#8221;sandy_brown&#8221; style=&#8221;double&#8221; border_width=&#8221;2&#8243; css=&#8221;.vc_custom_1643645482186{margin-top: 8rem !important;margin-bottom: 6rem !important;}&#8221;][vc_video link=&#8221;https:\/\/www.youtube.com\/watch?v=xjwF8V_PE5Q&amp;ab_channel=RadioBanovina&#8221; align=&#8221;center&#8221;][vc_text_separator title=&#8221;Istra\u017eivanje herpetofaune \u0161ume \u017dutice&#8221; title_align=&#8221;separator_align_left&#8221; align=&#8221;align_left&#8221; color=&#8221;sandy_brown&#8221; style=&#8221;double&#8221; border_width=&#8221;2&#8243; css=&#8221;.vc_custom_1643645472847{margin-top: 8rem !important;margin-bottom: 6rem !important;}&#8221;][vc_video link=&#8221;https:\/\/www.youtube.com\/watch?v=eYwT39NX7s0&amp;list=PLoElHWZWOap63FQ&#8211;44MHFkx951mlUD72&amp;index=10&amp;ab_channel=PortalVolimIvani%C4%87&#8243; align=&#8221;center&#8221;][vc_text_separator title=&#8221;Prstenovanje pti\u0107a bijele rode&#8221; title_align=&#8221;separator_align_left&#8221; align=&#8221;align_left&#8221; color=&#8221;sandy_brown&#8221; style=&#8221;double&#8221; border_width=&#8221;2&#8243; css=&#8221;.vc_custom_1643645460360{margin-top: 8rem !important;margin-bottom: 6rem !important;}&#8221;][vc_video link=&#8221;https:\/\/www.youtube.com\/watch?v=aL2df-FRuYc&amp;list=PLoElHWZWOap63FQ&#8211;44MHFkx951mlUD72&amp;index=6&amp;ab_channel=JavnaustanovaZagreba%C4%8Dke%C5%BEupanije&#8221; align=&#8221;center&#8221;]<div class=\"ult-spacer spacer-69f5b45fba660\" data-id=\"69f5b45fba660\" data-height=\"60\" data-height-mobile=\"20\" data-height-tab=\"40\" data-height-tab-portrait=\"30\" data-height-mobile-landscape=\"25\" style=\"clear:both;display:block;\"><\/div>[\/vc_column][\/vc_row]<\/p>\n","protected":false},"excerpt":{"rendered":"<p>[vc_row][vc_column][\/vc_column][\/vc_row][vc_row css=&#8221;.vc_custom_1643644643796{margin-right: 0px !important;margin-left: 0px !important;}&#8221;][vc_column][vc_text_separator title=&#8221;Tajanstveni svijet Zagreba\u010dke \u017eupanije&#8221; title_align=&#8221;separator_align_left&#8221; align=&#8221;align_left&#8221; color=&#8221;sandy_brown&#8221; style=&#8221;double&#8221; border_width=&#8221;2&#8243; css=&#8221;.vc_custom_1723443888395{margin-top: 8rem !important;margin-bottom: 6rem !important;}&#8221;][vc_video link=&#8221;https:\/\/www.youtube.com\/watch?v=Pjua0-UKMPc&amp;ab_channel=JavnaustanovaZagreba%C4%8Dke%C5%BEupanije&#8221; align=&#8221;center&#8221;][vc_text_separator title=&#8221;Tajanstveni \u017eivot roda&#8221; title_align=&#8221;separator_align_left&#8221; align=&#8221;align_left&#8221; color=&#8221;sandy_brown&#8221; style=&#8221;double&#8221; border_width=&#8221;2&#8243; css=&#8221;.vc_custom_1661331205928{margin-top: 8rem !important;margin-bottom: 6rem !important;}&#8221;][vc_video link=&#8221;https:\/\/www.youtube.com\/watch?v=EUxP0R46E1E&amp;ab_channel=JavnaustanovaZagreba%C4%8Dke%C5%BEupanije&#8221; align=&#8221;center&#8221;][vc_text_separator title=&#8221;\u010cudesna \u0161uma \u017dutica [&hellip;]<\/p>\n","protected":false},"author":1,"featured_media":11103,"parent":0,"menu_order":15,"comment_status":"closed","ping_status":"closed","template":"","meta":{"ngg_post_thumbnail":0},"yoast_head":"<!-- This site is optimized with the Yoast SEO plugin v18.4.1 - https:\/\/yoast.com\/wordpress\/plugins\/seo\/ -->\n<title>Video - JU Zeleni prsten Zagreba\u010dke \u017eupanije<\/title>\n<meta name=\"robots\" content=\"index, follow, max-snippet:-1, max-image-preview:large, max-video-preview:-1\" \/>\n<link rel=\"canonical\" href=\"https:\/\/zeleni-prsten.hr\/portal\/video\/\" \/>\n<meta property=\"og:locale\" content=\"hr_HR\" \/>\n<meta property=\"og:type\" content=\"article\" \/>\n<meta property=\"og:title\" content=\"Video - JU Zeleni prsten Zagreba\u010dke \u017eupanije\" \/>\n<meta property=\"og:description\" content=\"[vc_row][vc_column][\/vc_column][\/vc_row][vc_row css=&#8221;.vc_custom_1643644643796{margin-right: 0px !important;margin-left: 0px !important;}&#8221;][vc_column][vc_text_separator title=&#8221;Tajanstveni svijet Zagreba\u010dke \u017eupanije&#8221; title_align=&#8221;separator_align_left&#8221; align=&#8221;align_left&#8221; color=&#8221;sandy_brown&#8221; style=&#8221;double&#8221; border_width=&#8221;2&#8243; css=&#8221;.vc_custom_1723443888395{margin-top: 8rem !important;margin-bottom: 6rem !important;}&#8221;][vc_video link=&#8221;https:\/\/www.youtube.com\/watch?v=Pjua0-UKMPc&amp;ab_channel=JavnaustanovaZagreba%C4%8Dke%C5%BEupanije&#8221; align=&#8221;center&#8221;][vc_text_separator title=&#8221;Tajanstveni \u017eivot roda&#8221; title_align=&#8221;separator_align_left&#8221; align=&#8221;align_left&#8221; color=&#8221;sandy_brown&#8221; style=&#8221;double&#8221; border_width=&#8221;2&#8243; css=&#8221;.vc_custom_1661331205928{margin-top: 8rem !important;margin-bottom: 6rem !important;}&#8221;][vc_video link=&#8221;https:\/\/www.youtube.com\/watch?v=EUxP0R46E1E&amp;ab_channel=JavnaustanovaZagreba%C4%8Dke%C5%BEupanije&#8221; align=&#8221;center&#8221;][vc_text_separator title=&#8221;\u010cudesna \u0161uma \u017dutica [&hellip;]\" \/>\n<meta property=\"og:url\" content=\"https:\/\/zeleni-prsten.hr\/portal\/video\/\" \/>\n<meta property=\"og:site_name\" content=\"JU Zeleni prsten Zagreba\u010dke \u017eupanije\" \/>\n<meta property=\"article:modified_time\" content=\"2024-08-12T06:24:51+00:00\" \/>\n<meta property=\"og:image\" content=\"https:\/\/zeleni-prsten.hr\/portal\/wp-content\/uploads\/2022\/02\/online-live-video-marketing-concept.jpg\" \/>\n\t<meta property=\"og:image:width\" content=\"1920\" \/>\n\t<meta property=\"og:image:height\" content=\"1280\" \/>\n\t<meta property=\"og:image:type\" content=\"image\/jpeg\" \/>\n<meta name=\"twitter:card\" content=\"summary_large_image\" \/>\n<meta name=\"twitter:label1\" content=\"Procijenjeno vrijeme \u010ditanja\" \/>\n\t<meta name=\"twitter:data1\" content=\"2 minute\" \/>\n<script type=\"application\/ld+json\" class=\"yoast-schema-graph\">{\"@context\":\"https:\/\/schema.org\",\"@graph\":[{\"@type\":\"WebSite\",\"@id\":\"https:\/\/zeleni-prsten.hr\/portal\/#website\",\"url\":\"https:\/\/zeleni-prsten.hr\/portal\/\",\"name\":\"JU Zeleni prsten Zagreba\u010dke \u017eupanije\",\"description\":\"JU Zeleni prsten Zagreba\u010dke \u017eupanije\",\"potentialAction\":[{\"@type\":\"SearchAction\",\"target\":{\"@type\":\"EntryPoint\",\"urlTemplate\":\"https:\/\/zeleni-prsten.hr\/portal\/?s={search_term_string}\"},\"query-input\":\"required name=search_term_string\"}],\"inLanguage\":\"hr\"},{\"@type\":\"ImageObject\",\"@id\":\"https:\/\/zeleni-prsten.hr\/portal\/video\/#primaryimage\",\"inLanguage\":\"hr\",\"url\":\"https:\/\/zeleni-prsten.hr\/portal\/wp-content\/uploads\/2022\/02\/online-live-video-marketing-concept.jpg\",\"contentUrl\":\"https:\/\/zeleni-prsten.hr\/portal\/wp-content\/uploads\/2022\/02\/online-live-video-marketing-concept.jpg\",\"width\":1920,\"height\":1280},{\"@type\":\"WebPage\",\"@id\":\"https:\/\/zeleni-prsten.hr\/portal\/video\/#webpage\",\"url\":\"https:\/\/zeleni-prsten.hr\/portal\/video\/\",\"name\":\"Video - JU Zeleni prsten Zagreba\u010dke \u017eupanije\",\"isPartOf\":{\"@id\":\"https:\/\/zeleni-prsten.hr\/portal\/#website\"},\"primaryImageOfPage\":{\"@id\":\"https:\/\/zeleni-prsten.hr\/portal\/video\/#primaryimage\"},\"datePublished\":\"2022-01-31T15:37:57+00:00\",\"dateModified\":\"2024-08-12T06:24:51+00:00\",\"breadcrumb\":{\"@id\":\"https:\/\/zeleni-prsten.hr\/portal\/video\/#breadcrumb\"},\"inLanguage\":\"hr\",\"potentialAction\":[{\"@type\":\"ReadAction\",\"target\":[\"https:\/\/zeleni-prsten.hr\/portal\/video\/\"]}]},{\"@type\":\"BreadcrumbList\",\"@id\":\"https:\/\/zeleni-prsten.hr\/portal\/video\/#breadcrumb\",\"itemListElement\":[{\"@type\":\"ListItem\",\"position\":1,\"name\":\"Home\",\"item\":\"https:\/\/zeleni-prsten.hr\/portal\/\"},{\"@type\":\"ListItem\",\"position\":2,\"name\":\"Video\"}]}]}<\/script>\n<!-- \/ Yoast SEO plugin. -->","yoast_head_json":{"title":"Video - JU Zeleni prsten Zagreba\u010dke \u017eupanije","robots":{"index":"index","follow":"follow","max-snippet":"max-snippet:-1","max-image-preview":"max-image-preview:large","max-video-preview":"max-video-preview:-1"},"canonical":"https:\/\/zeleni-prsten.hr\/portal\/video\/","og_locale":"hr_HR","og_type":"article","og_title":"Video - JU Zeleni prsten Zagreba\u010dke \u017eupanije","og_description":"[vc_row][vc_column][\/vc_column][\/vc_row][vc_row css=&#8221;.vc_custom_1643644643796{margin-right: 0px !important;margin-left: 0px !important;}&#8221;][vc_column][vc_text_separator title=&#8221;Tajanstveni svijet Zagreba\u010dke \u017eupanije&#8221; title_align=&#8221;separator_align_left&#8221; align=&#8221;align_left&#8221; color=&#8221;sandy_brown&#8221; style=&#8221;double&#8221; border_width=&#8221;2&#8243; css=&#8221;.vc_custom_1723443888395{margin-top: 8rem !important;margin-bottom: 6rem !important;}&#8221;][vc_video link=&#8221;https:\/\/www.youtube.com\/watch?v=Pjua0-UKMPc&amp;ab_channel=JavnaustanovaZagreba%C4%8Dke%C5%BEupanije&#8221; align=&#8221;center&#8221;][vc_text_separator title=&#8221;Tajanstveni \u017eivot roda&#8221; title_align=&#8221;separator_align_left&#8221; align=&#8221;align_left&#8221; color=&#8221;sandy_brown&#8221; style=&#8221;double&#8221; border_width=&#8221;2&#8243; css=&#8221;.vc_custom_1661331205928{margin-top: 8rem !important;margin-bottom: 6rem !important;}&#8221;][vc_video link=&#8221;https:\/\/www.youtube.com\/watch?v=EUxP0R46E1E&amp;ab_channel=JavnaustanovaZagreba%C4%8Dke%C5%BEupanije&#8221; align=&#8221;center&#8221;][vc_text_separator title=&#8221;\u010cudesna \u0161uma \u017dutica [&hellip;]","og_url":"https:\/\/zeleni-prsten.hr\/portal\/video\/","og_site_name":"JU Zeleni prsten Zagreba\u010dke \u017eupanije","article_modified_time":"2024-08-12T06:24:51+00:00","og_image":[{"width":1920,"height":1280,"url":"https:\/\/zeleni-prsten.hr\/portal\/wp-content\/uploads\/2022\/02\/online-live-video-marketing-concept.jpg","type":"image\/jpeg"}],"twitter_card":"summary_large_image","twitter_misc":{"Procijenjeno vrijeme \u010ditanja":"2 minute"},"schema":{"@context":"https:\/\/schema.org","@graph":[{"@type":"WebSite","@id":"https:\/\/zeleni-prsten.hr\/portal\/#website","url":"https:\/\/zeleni-prsten.hr\/portal\/","name":"JU Zeleni prsten Zagreba\u010dke \u017eupanije","description":"JU Zeleni prsten Zagreba\u010dke \u017eupanije","potentialAction":[{"@type":"SearchAction","target":{"@type":"EntryPoint","urlTemplate":"https:\/\/zeleni-prsten.hr\/portal\/?s={search_term_string}"},"query-input":"required name=search_term_string"}],"inLanguage":"hr"},{"@type":"ImageObject","@id":"https:\/\/zeleni-prsten.hr\/portal\/video\/#primaryimage","inLanguage":"hr","url":"https:\/\/zeleni-prsten.hr\/portal\/wp-content\/uploads\/2022\/02\/online-live-video-marketing-concept.jpg","contentUrl":"https:\/\/zeleni-prsten.hr\/portal\/wp-content\/uploads\/2022\/02\/online-live-video-marketing-concept.jpg","width":1920,"height":1280},{"@type":"WebPage","@id":"https:\/\/zeleni-prsten.hr\/portal\/video\/#webpage","url":"https:\/\/zeleni-prsten.hr\/portal\/video\/","name":"Video - JU Zeleni prsten Zagreba\u010dke \u017eupanije","isPartOf":{"@id":"https:\/\/zeleni-prsten.hr\/portal\/#website"},"primaryImageOfPage":{"@id":"https:\/\/zeleni-prsten.hr\/portal\/video\/#primaryimage"},"datePublished":"2022-01-31T15:37:57+00:00","dateModified":"2024-08-12T06:24:51+00:00","breadcrumb":{"@id":"https:\/\/zeleni-prsten.hr\/portal\/video\/#breadcrumb"},"inLanguage":"hr","potentialAction":[{"@type":"ReadAction","target":["https:\/\/zeleni-prsten.hr\/portal\/video\/"]}]},{"@type":"BreadcrumbList","@id":"https:\/\/zeleni-prsten.hr\/portal\/video\/#breadcrumb","itemListElement":[{"@type":"ListItem","position":1,"name":"Home","item":"https:\/\/zeleni-prsten.hr\/portal\/"},{"@type":"ListItem","position":2,"name":"Video"}]}]}},"_links":{"self":[{"href":"https:\/\/zeleni-prsten.hr\/portal\/wp-json\/wp\/v2\/pages\/4153"}],"collection":[{"href":"https:\/\/zeleni-prsten.hr\/portal\/wp-json\/wp\/v2\/pages"}],"about":[{"href":"https:\/\/zeleni-prsten.hr\/portal\/wp-json\/wp\/v2\/types\/page"}],"author":[{"embeddable":true,"href":"https:\/\/zeleni-prsten.hr\/portal\/wp-json\/wp\/v2\/users\/1"}],"replies":[{"embeddable":true,"href":"https:\/\/zeleni-prsten.hr\/portal\/wp-json\/wp\/v2\/comments?post=4153"}],"version-history":[{"count":15,"href":"https:\/\/zeleni-prsten.hr\/portal\/wp-json\/wp\/v2\/pages\/4153\/revisions"}],"predecessor-version":[{"id":16911,"href":"https:\/\/zeleni-prsten.hr\/portal\/wp-json\/wp\/v2\/pages\/4153\/revisions\/16911"}],"wp:featuredmedia":[{"embeddable":true,"href":"https:\/\/zeleni-prsten.hr\/portal\/wp-json\/wp\/v2\/media\/11103"}],"wp:attachment":[{"href":"https:\/\/zeleni-prsten.hr\/portal\/wp-json\/wp\/v2\/media?parent=4153"}],"curies":[{"name":"wp","href":"https:\/\/api.w.org\/{rel}","templated":true}]}}