{"id":4167,"date":"2022-01-31T20:14:39","date_gmt":"2022-01-31T19:14:58","guid":{"rendered":"https:\/\/zeleni-prsten.hr\/portal\/?page_id=4167"},"modified":"2022-03-02T12:31:33","modified_gmt":"2022-03-02T11:31:33","slug":"natura-2000-podrucja","status":"publish","type":"page","link":"https:\/\/zeleni-prsten.hr\/portal\/natura-2000-podrucja\/","title":{"rendered":"Natura 2000 podru\u010dja"},"content":{"rendered":"<p>[vc_row css=&#8221;.vc_custom_1616027557234{background-color: #f5f5f5 !important;}&#8221;][vc_column]<div class=\"ult-spacer spacer-69e1dd6c2743e\" data-id=\"69e1dd6c2743e\" data-height=\"75\" data-height-mobile=\"75\" data-height-tab=\"75\" data-height-tab-portrait=\"\" data-height-mobile-landscape=\"\" style=\"clear:both;display:block;\"><\/div>[\/vc_column][\/vc_row][vc_row][vc_column css=&#8221;.vc_custom_1643657844421{background-color: #ffffff !important;}&#8221; el_class=&#8221;square-both&#8221;][vc_column_text]<\/p>\n<h1>\u0160to je Natura 2000?<\/h1>\n<p>Ekolo\u0161ka mre\u017ea Natura 2000 je najve\u0107i sustav za\u0161ti\u0107enih podru\u010dja na svijetu koji se prostire na gotovo 20% teritorija EU. Njezin cilj je o\u010duvati ili ponovno uspostaviti povoljno stanje vi\u0161e od tisu\u0107u ugro\u017eenih i rijetkih vrsta. Do danas je u nju uklju\u010deno oko 27 500 podru\u010dja od \u010dega njih 783 u Hrvatskoj. Podru\u010dja su progla\u0161ena temeljem znanstvenih podataka o rasprostranjenosti, brojnosti i zna\u010daju bioraznolikosti, a glavna svrha je o\u010duvanje prirodnih stani\u0161nih tipova i divljih vrsta od interesa za Europsku uniju kao i svih dobrobiti koje dobivamo od o\u010duvane prirode. Progla\u0161enje ekolo\u0161ke mre\u017ee bio je jedan od uvjeta za ulazak Republike Hrvatske u Europsku uniju zbog implementacije odredbi Direktive o pticama EU i Direktive o stani\u0161tima EU.<br \/>\nU Zagreba\u010dkoj \u017eupaniji imamo 24 podru\u010dja ekolo\u0161ke mre\u017ee Natura 2000, od \u010dega su 4 Podru\u010dja o\u010duvanja zna\u010dajna za ptice (POP) i 20 podru\u010dja o\u010duvanja zna\u010dajnih za vrste i stani\u0161ne tipove (POVS). Njihova ukupna povr\u0161ina je impresivnih 39 605 ha, tj. 12,94% povr\u0161ine Zagreba\u010dke \u017eupanije. Vrste i stani\u0161ni tipovi koji su odabrani kao cilj o\u010duvanja nisu jedine vrste kojima je potrebna za\u0161tita ve\u0107 su odabrani na na\u010din da na razini Europske unije njihovim o\u010duvanjem \u0161titimo najvrjednije ekosustave. U Natura 2000 podru\u010djima Zagreba\u010dke \u017eupanije tako je cilj o\u010duvati 48 vrsta ptica, 45 vrsta iz ostalih skupina \u017eivog svijeta te 14 stani\u0161nih tipova od zna\u010daja za Europsku uniju.[\/vc_column_text][\/vc_column][\/vc_row][vc_row css=&#8221;.vc_custom_1616027557234{background-color: #f5f5f5 !important;}&#8221;][vc_column]<div class=\"ult-spacer spacer-69e1dd6c274be\" data-id=\"69e1dd6c274be\" data-height=\"75\" data-height-mobile=\"75\" data-height-tab=\"75\" data-height-tab-portrait=\"\" data-height-mobile-landscape=\"\" style=\"clear:both;display:block;\"><\/div>[\/vc_column][\/vc_row][vc_row][vc_column width=&#8221;1\/2&#8243; css=&#8221;.vc_custom_1616028410803{background-color: #ffffff !important;}&#8221; el_class=&#8221;square-left&#8221;][vc_column_text]<\/p>\n<h1>Podru\u010dja o\u010duvanja zna\u010dajna za ptice (POP)<\/h1>\n<p>&#8230; su podru\u010dja zna\u010dajna za o\u010duvanje i ostvarivanje povoljnog stanja divljih vrsta ptica od interesa za Europsku uniju, kao i njihovih stani\u0161ta. Kao i podru\u010dja zna\u010dajna za o\u010duvanje migratornih vrsta ptica, a osobito mo\u010dvarna podru\u010dja od me\u0111unarodne va\u017enosti. Na podru\u010dju Zagreba\u010dke \u017eupanije to su Sava kod Hru\u0161\u010dice, Turopolje, Pokupski bazen i ribnjaci uz \u010cesmu.[\/vc_column_text][vc_btn title=&#8221;Vi\u0161e&#8230;&#8221; style=&#8221;flat&#8221; shape=&#8221;square&#8221; color=&#8221;white&#8221; size=&#8221;lg&#8221; align=&#8221;right&#8221; link=&#8221;url:https%3A%2F%2Fzeleni-prsten.hr%2Fportal%2Fpodrucja-ocuvanja-znacajna-za-ptice%2F|title:Podru%C4%8Dja%20o%C4%8Duvanja%20zna%C4%8Dajna%20za%20ptice||&#8221; el_class=&#8221;btn-outline&#8221;][\/vc_column][vc_column width=&#8221;1\/2&#8243; css=&#8221;.vc_custom_1616028400967{padding-top: 0px !important;padding-right: 0px !important;padding-bottom: 0px !important;padding-left: 0px !important;}&#8221;][vc_single_image image=&#8221;4169&#8243; img_size=&#8221;800&#215;800&#8243; alignment=&#8221;right&#8221; onclick=&#8221;custom_link&#8221; link=&#8221;https:\/\/zeleni-prsten.hr\/portal\/aktualni-projekti\/aktualni-projekt\/&#8221;][\/vc_column][\/vc_row][vc_row css=&#8221;.vc_custom_1616027557234{background-color: #f5f5f5 !important;}&#8221;][vc_column]<div class=\"ult-spacer spacer-69e1dd6c274ec\" data-id=\"69e1dd6c274ec\" data-height=\"75\" data-height-mobile=\"75\" data-height-tab=\"75\" data-height-tab-portrait=\"\" data-height-mobile-landscape=\"\" style=\"clear:both;display:block;\"><\/div>[\/vc_column][\/vc_row][vc_row][vc_column width=&#8221;1\/2&#8243; css=&#8221;.vc_custom_1616028400967{padding-top: 0px !important;padding-right: 0px !important;padding-bottom: 0px !important;padding-left: 0px !important;}&#8221;][vc_single_image image=&#8221;4170&#8243; img_size=&#8221;800&#215;800&#8243; alignment=&#8221;right&#8221; onclick=&#8221;custom_link&#8221; link=&#8221;https:\/\/zeleni-prsten.hr\/portal\/aktualni-projekti\/aktualni-projekt\/&#8221;][\/vc_column][vc_column width=&#8221;1\/2&#8243; css=&#8221;.vc_custom_1616028838001{background-color: #ffffff !important;}&#8221; el_class=&#8221;square-right&#8221;][vc_column_text]<\/p>\n<h1>Podru\u010dja o\u010duvanja zna\u010dajna za vrste i stani\u0161ne tipove (POVS)<\/h1>\n<p>&#8230; su podru\u010dja zna\u010dajna za o\u010duvanje i ostvarivanje povoljnog stanja drugih divljih vrsta i njihovih stani\u0161ta, kao i prirodnih stani\u0161nih tipova od interesa za Europsku uniju. Na podru\u010dju Zagreba\u010dke \u017eupanije to su Cret Dubravica, Vugrinova \u0161pilja, Gornji Hru\u0161evec-potok Kravar\u0161\u010dica, Klasni\u0107i, \u010cesma \u2013 \u0161ume, Ribnjaci Pisarovina, Sava nizvodno od Hru\u0161\u0107ice, Stupni\u010dki lug, Odra kod Jagodna, \u017dutica, Ribnjaci Crna Mlaka, Klin\u010da Sela, Sutla, Ribnjaci Si\u0161\u010dani i Blatnica, Odransko polje, Jastrebarski lugovi, Ribnjak Dubrava, Sava uzvodno od Zagreba, Kupa i Varo\u0161ki lug.[\/vc_column_text][vc_btn title=&#8221;Vi\u0161e&#8230;&#8221; style=&#8221;flat&#8221; shape=&#8221;square&#8221; color=&#8221;white&#8221; size=&#8221;lg&#8221; align=&#8221;right&#8221; link=&#8221;url:https%3A%2F%2Fzeleni-prsten.hr%2Fportal%2Fpodrucja-ocuvanja-znacajna-za-ptice%2F|title:Podru%C4%8Dja%20o%C4%8Duvanja%20zna%C4%8Dajna%20za%20ptice||&#8221; el_class=&#8221;btn-outline&#8221;][\/vc_column][\/vc_row][vc_row full_width=&#8221;stretch_row&#8221; disable_element=&#8221;yes&#8221;][vc_column css=&#8221;.vc_custom_1643658293362{padding-right: 0px !important;padding-left: 0px !important;}&#8221;][vc_text_separator title=&#8221;Karta Natura 2000 podru\u010dja&#8221; color=&#8221;sandy_brown&#8221; style=&#8221;double&#8221; el_width=&#8221;80&#8243; css_animation=&#8221;fadeIn&#8221;][vc_column_text]\n            \n            \n            \n            <a name='map3'><\/a>\n            \n            \n            \n            \n            <div class=\"wpgmza_map \"  id=\"wpgmza_map_3\" style=\"display:block; overflow:auto; width:100%; height:750px; float:left;\" data-settings='{\"id\":\"3\",\"map_title\":\"Natura 2000\",\"map_width\":\"100\",\"map_height\":\"750\",\"map_start_lat\":\"45.706089\",\"map_start_lng\":\"16.214589\",\"map_start_location\":\"45.706089,16.214589\",\"map_start_zoom\":\"10\",\"default_marker\":\"\",\"type\":\"1\",\"alignment\":\"4\",\"directions_enabled\":\"0\",\"styling_enabled\":\"0\",\"styling_json\":\"\",\"active\":\"0\",\"kml\":\"\",\"bicycle\":\"0\",\"traffic\":\"0\",\"dbox\":\"1\",\"dbox_width\":\"100\",\"listmarkers\":\"0\",\"listmarkers_advanced\":\"0\",\"filterbycat\":\"0\",\"ugm_enabled\":\"0\",\"ugm_category_enabled\":\"0\",\"fusion\":\"\",\"map_width_type\":\"\\\\%\",\"map_height_type\":\"px\",\"mass_marker_support\":\"0\",\"ugm_access\":\"0\",\"order_markers_by\":\"1\",\"order_markers_choice\":\"2\",\"show_user_location\":\"2\",\"default_to\":\"\",\"other_settings\":{\"store_locator_style\":\"legacy\",\"wpgmza_store_locator_radius_style\":\"legacy\",\"directions_box_style\":\"modern\",\"show_distance_from_location\":0,\"map_max_zoom\":\"3\",\"map_min_zoom\":\"21\",\"sl_stroke_color\":\"\",\"sl_stroke_opacity\":\"\",\"sl_fill_color\":\"\",\"sl_fill_opacity\":\"\",\"jump_to_nearest_marker_on_initialization\":0,\"automatically_pan_to_users_location\":0,\"override_users_location_zoom_level\":0,\"click_open_link\":2,\"hide_point_of_interest\":false,\"fit_maps_bounds_to_markers\":false,\"fit_maps_bounds_to_markers_after_filtering\":false,\"wpgmza_auto_night\":0,\"transport_layer\":0,\"polygon_labels\":false,\"enable_marker_ratings\":false,\"iw_primary_color\":\"2A3744\",\"iw_accent_color\":\"252F3A\",\"iw_text_color\":\"FFFFFF\",\"wpgmza_iw_type\":\"2\",\"list_markers_by\":\"0\",\"push_in_map\":\"\",\"push_in_map_placement\":\"9\",\"wpgmza_push_in_map_width\":\"\",\"wpgmza_push_in_map_height\":\"\",\"wpgmza_theme_data\":\"\",\"upload_default_ul_marker\":\"\",\"upload_default_sl_marker\":\"\",\"wpgmza_dbox_width_type\":\"%\",\"default_from\":\"\",\"directions_behaviour\":\"default\",\"force_google_directions_app\":false,\"directions_route_origin_icon\":\"https:\\\/\\\/zeleni-prsten.hr\\\/portal\\\/wp-content\\\/plugins\\\/wp-google-maps\\\/images\\\/spotlight-poi2.png\",\"retina\":false,\"directions_route_destination_icon\":\"https:\\\/\\\/zeleni-prsten.hr\\\/portal\\\/wp-content\\\/plugins\\\/wp-google-maps\\\/images\\\/spotlight-poi2.png\",\"directions_route_stroke_color\":\"#4f8df5\",\"directions_route_stroke_weight\":\"4\",\"directions_route_stroke_opacity\":\"0.8\",\"enable_advanced_custom_fields_integration\":false,\"enable_toolset_woocommerce_integration\":false,\"shortcodeAttributes\":{\"id\":\"3\"}}}' data-map-id='3' data-shortcode-attributes='{\"id\":\"3\"}'> <\/div>\n            \n               \n        [\/vc_column_text]<div class=\"ult-spacer spacer-69e1dd6c30357\" data-id=\"69e1dd6c30357\" data-height=\"120\" data-height-mobile=\"120\" data-height-tab=\"120\" data-height-tab-portrait=\"\" data-height-mobile-landscape=\"\" style=\"clear:both;display:block;\"><\/div>[\/vc_column][\/vc_row]<\/p>\n","protected":false},"excerpt":{"rendered":"<p>[vc_row css=&#8221;.vc_custom_1616027557234{background-color: #f5f5f5 !important;}&#8221;][vc_column][\/vc_column][\/vc_row][vc_row][vc_column css=&#8221;.vc_custom_1643657844421{background-color: #ffffff !important;}&#8221; el_class=&#8221;square-both&#8221;][vc_column_text] \u0160to je Natura 2000? Ekolo\u0161ka mre\u017ea Natura 2000 je najve\u0107i sustav za\u0161ti\u0107enih podru\u010dja na svijetu koji se prostire na gotovo 20% teritorija EU. Njezin cilj je o\u010duvati ili ponovno uspostaviti povoljno stanje [&hellip;]<\/p>\n","protected":false},"author":1,"featured_media":11330,"parent":0,"menu_order":4,"comment_status":"closed","ping_status":"closed","template":"","meta":{"ngg_post_thumbnail":0},"yoast_head":"<!-- This site is optimized with the Yoast SEO plugin v18.4.1 - https:\/\/yoast.com\/wordpress\/plugins\/seo\/ -->\n<title>Natura 2000 podru\u010dja - JU Zeleni prsten Zagreba\u010dke \u017eupanije<\/title>\n<meta name=\"robots\" content=\"index, follow, max-snippet:-1, max-image-preview:large, max-video-preview:-1\" \/>\n<link rel=\"canonical\" href=\"https:\/\/zeleni-prsten.hr\/portal\/natura-2000-podrucja\/\" \/>\n<meta property=\"og:locale\" content=\"hr_HR\" \/>\n<meta property=\"og:type\" content=\"article\" \/>\n<meta property=\"og:title\" content=\"Natura 2000 podru\u010dja - JU Zeleni prsten Zagreba\u010dke \u017eupanije\" \/>\n<meta property=\"og:description\" content=\"[vc_row css=&#8221;.vc_custom_1616027557234{background-color: #f5f5f5 !important;}&#8221;][vc_column][\/vc_column][\/vc_row][vc_row][vc_column css=&#8221;.vc_custom_1643657844421{background-color: #ffffff !important;}&#8221; el_class=&#8221;square-both&#8221;][vc_column_text] \u0160to je Natura 2000? Ekolo\u0161ka mre\u017ea Natura 2000 je najve\u0107i sustav za\u0161ti\u0107enih podru\u010dja na svijetu koji se prostire na gotovo 20% teritorija EU. Njezin cilj je o\u010duvati ili ponovno uspostaviti povoljno stanje [&hellip;]\" \/>\n<meta property=\"og:url\" content=\"https:\/\/zeleni-prsten.hr\/portal\/natura-2000-podrucja\/\" \/>\n<meta property=\"og:site_name\" content=\"JU Zeleni prsten Zagreba\u010dke \u017eupanije\" \/>\n<meta property=\"article:modified_time\" content=\"2022-03-02T11:31:33+00:00\" \/>\n<meta property=\"og:image\" content=\"https:\/\/zeleni-prsten.hr\/portal\/wp-content\/uploads\/2022\/02\/Preljevalice.jpg\" \/>\n\t<meta property=\"og:image:width\" content=\"1000\" \/>\n\t<meta property=\"og:image:height\" content=\"667\" \/>\n\t<meta property=\"og:image:type\" content=\"image\/jpeg\" \/>\n<meta name=\"twitter:card\" content=\"summary_large_image\" \/>\n<meta name=\"twitter:label1\" content=\"Procijenjeno vrijeme \u010ditanja\" \/>\n\t<meta name=\"twitter:data1\" content=\"4 minute\" \/>\n<script type=\"application\/ld+json\" class=\"yoast-schema-graph\">{\"@context\":\"https:\/\/schema.org\",\"@graph\":[{\"@type\":\"WebSite\",\"@id\":\"https:\/\/zeleni-prsten.hr\/portal\/#website\",\"url\":\"https:\/\/zeleni-prsten.hr\/portal\/\",\"name\":\"JU Zeleni prsten Zagreba\u010dke \u017eupanije\",\"description\":\"JU Zeleni prsten Zagreba\u010dke \u017eupanije\",\"potentialAction\":[{\"@type\":\"SearchAction\",\"target\":{\"@type\":\"EntryPoint\",\"urlTemplate\":\"https:\/\/zeleni-prsten.hr\/portal\/?s={search_term_string}\"},\"query-input\":\"required name=search_term_string\"}],\"inLanguage\":\"hr\"},{\"@type\":\"ImageObject\",\"@id\":\"https:\/\/zeleni-prsten.hr\/portal\/natura-2000-podrucja\/#primaryimage\",\"inLanguage\":\"hr\",\"url\":\"https:\/\/zeleni-prsten.hr\/portal\/wp-content\/uploads\/2022\/02\/Preljevalice.jpg\",\"contentUrl\":\"https:\/\/zeleni-prsten.hr\/portal\/wp-content\/uploads\/2022\/02\/Preljevalice.jpg\",\"width\":1000,\"height\":667},{\"@type\":\"WebPage\",\"@id\":\"https:\/\/zeleni-prsten.hr\/portal\/natura-2000-podrucja\/#webpage\",\"url\":\"https:\/\/zeleni-prsten.hr\/portal\/natura-2000-podrucja\/\",\"name\":\"Natura 2000 podru\u010dja - JU Zeleni prsten Zagreba\u010dke \u017eupanije\",\"isPartOf\":{\"@id\":\"https:\/\/zeleni-prsten.hr\/portal\/#website\"},\"primaryImageOfPage\":{\"@id\":\"https:\/\/zeleni-prsten.hr\/portal\/natura-2000-podrucja\/#primaryimage\"},\"datePublished\":\"2022-01-31T19:14:58+00:00\",\"dateModified\":\"2022-03-02T11:31:33+00:00\",\"breadcrumb\":{\"@id\":\"https:\/\/zeleni-prsten.hr\/portal\/natura-2000-podrucja\/#breadcrumb\"},\"inLanguage\":\"hr\",\"potentialAction\":[{\"@type\":\"ReadAction\",\"target\":[\"https:\/\/zeleni-prsten.hr\/portal\/natura-2000-podrucja\/\"]}]},{\"@type\":\"BreadcrumbList\",\"@id\":\"https:\/\/zeleni-prsten.hr\/portal\/natura-2000-podrucja\/#breadcrumb\",\"itemListElement\":[{\"@type\":\"ListItem\",\"position\":1,\"name\":\"Home\",\"item\":\"https:\/\/zeleni-prsten.hr\/portal\/\"},{\"@type\":\"ListItem\",\"position\":2,\"name\":\"Natura 2000 podru\u010dja\"}]}]}<\/script>\n<!-- \/ Yoast SEO plugin. -->","yoast_head_json":{"title":"Natura 2000 podru\u010dja - JU Zeleni prsten Zagreba\u010dke \u017eupanije","robots":{"index":"index","follow":"follow","max-snippet":"max-snippet:-1","max-image-preview":"max-image-preview:large","max-video-preview":"max-video-preview:-1"},"canonical":"https:\/\/zeleni-prsten.hr\/portal\/natura-2000-podrucja\/","og_locale":"hr_HR","og_type":"article","og_title":"Natura 2000 podru\u010dja - JU Zeleni prsten Zagreba\u010dke \u017eupanije","og_description":"[vc_row css=&#8221;.vc_custom_1616027557234{background-color: #f5f5f5 !important;}&#8221;][vc_column][\/vc_column][\/vc_row][vc_row][vc_column css=&#8221;.vc_custom_1643657844421{background-color: #ffffff !important;}&#8221; el_class=&#8221;square-both&#8221;][vc_column_text] \u0160to je Natura 2000? Ekolo\u0161ka mre\u017ea Natura 2000 je najve\u0107i sustav za\u0161ti\u0107enih podru\u010dja na svijetu koji se prostire na gotovo 20% teritorija EU. Njezin cilj je o\u010duvati ili ponovno uspostaviti povoljno stanje [&hellip;]","og_url":"https:\/\/zeleni-prsten.hr\/portal\/natura-2000-podrucja\/","og_site_name":"JU Zeleni prsten Zagreba\u010dke \u017eupanije","article_modified_time":"2022-03-02T11:31:33+00:00","og_image":[{"width":1000,"height":667,"url":"https:\/\/zeleni-prsten.hr\/portal\/wp-content\/uploads\/2022\/02\/Preljevalice.jpg","type":"image\/jpeg"}],"twitter_card":"summary_large_image","twitter_misc":{"Procijenjeno vrijeme \u010ditanja":"4 minute"},"schema":{"@context":"https:\/\/schema.org","@graph":[{"@type":"WebSite","@id":"https:\/\/zeleni-prsten.hr\/portal\/#website","url":"https:\/\/zeleni-prsten.hr\/portal\/","name":"JU Zeleni prsten Zagreba\u010dke \u017eupanije","description":"JU Zeleni prsten Zagreba\u010dke \u017eupanije","potentialAction":[{"@type":"SearchAction","target":{"@type":"EntryPoint","urlTemplate":"https:\/\/zeleni-prsten.hr\/portal\/?s={search_term_string}"},"query-input":"required name=search_term_string"}],"inLanguage":"hr"},{"@type":"ImageObject","@id":"https:\/\/zeleni-prsten.hr\/portal\/natura-2000-podrucja\/#primaryimage","inLanguage":"hr","url":"https:\/\/zeleni-prsten.hr\/portal\/wp-content\/uploads\/2022\/02\/Preljevalice.jpg","contentUrl":"https:\/\/zeleni-prsten.hr\/portal\/wp-content\/uploads\/2022\/02\/Preljevalice.jpg","width":1000,"height":667},{"@type":"WebPage","@id":"https:\/\/zeleni-prsten.hr\/portal\/natura-2000-podrucja\/#webpage","url":"https:\/\/zeleni-prsten.hr\/portal\/natura-2000-podrucja\/","name":"Natura 2000 podru\u010dja - JU Zeleni prsten Zagreba\u010dke \u017eupanije","isPartOf":{"@id":"https:\/\/zeleni-prsten.hr\/portal\/#website"},"primaryImageOfPage":{"@id":"https:\/\/zeleni-prsten.hr\/portal\/natura-2000-podrucja\/#primaryimage"},"datePublished":"2022-01-31T19:14:58+00:00","dateModified":"2022-03-02T11:31:33+00:00","breadcrumb":{"@id":"https:\/\/zeleni-prsten.hr\/portal\/natura-2000-podrucja\/#breadcrumb"},"inLanguage":"hr","potentialAction":[{"@type":"ReadAction","target":["https:\/\/zeleni-prsten.hr\/portal\/natura-2000-podrucja\/"]}]},{"@type":"BreadcrumbList","@id":"https:\/\/zeleni-prsten.hr\/portal\/natura-2000-podrucja\/#breadcrumb","itemListElement":[{"@type":"ListItem","position":1,"name":"Home","item":"https:\/\/zeleni-prsten.hr\/portal\/"},{"@type":"ListItem","position":2,"name":"Natura 2000 podru\u010dja"}]}]}},"_links":{"self":[{"href":"https:\/\/zeleni-prsten.hr\/portal\/wp-json\/wp\/v2\/pages\/4167"}],"collection":[{"href":"https:\/\/zeleni-prsten.hr\/portal\/wp-json\/wp\/v2\/pages"}],"about":[{"href":"https:\/\/zeleni-prsten.hr\/portal\/wp-json\/wp\/v2\/types\/page"}],"author":[{"embeddable":true,"href":"https:\/\/zeleni-prsten.hr\/portal\/wp-json\/wp\/v2\/users\/1"}],"replies":[{"embeddable":true,"href":"https:\/\/zeleni-prsten.hr\/portal\/wp-json\/wp\/v2\/comments?post=4167"}],"version-history":[{"count":16,"href":"https:\/\/zeleni-prsten.hr\/portal\/wp-json\/wp\/v2\/pages\/4167\/revisions"}],"predecessor-version":[{"id":11798,"href":"https:\/\/zeleni-prsten.hr\/portal\/wp-json\/wp\/v2\/pages\/4167\/revisions\/11798"}],"wp:featuredmedia":[{"embeddable":true,"href":"https:\/\/zeleni-prsten.hr\/portal\/wp-json\/wp\/v2\/media\/11330"}],"wp:attachment":[{"href":"https:\/\/zeleni-prsten.hr\/portal\/wp-json\/wp\/v2\/media?parent=4167"}],"curies":[{"name":"wp","href":"https:\/\/api.w.org\/{rel}","templated":true}]}}